{"id":920,"date":"2021-04-06T14:46:48","date_gmt":"2021-04-06T12:46:48","guid":{"rendered":"http:\/\/kmplg.sk\/?page_id=920"},"modified":"2023-01-30T09:24:34","modified_gmt":"2023-01-30T08:24:34","slug":"rndr-jana-fridrichova-phd-2","status":"publish","type":"page","link":"https:\/\/kmplg.sk\/?page_id=920&lang=en","title":{"rendered":"Assoc. Prof. Jana Fridrichov\u00e1, PhD."},"content":{"rendered":"\n<div class=\"wp-block-image is-style-default\"><figure class=\"alignleft size-medium\"><img loading=\"lazy\" width=\"275\" height=\"300\" src=\"http:\/\/d.r1.wbsprt.com\/kmplg.sk\/wp-content\/uploads\/2021\/04\/IMG_20150823_192647_edit-275x300.jpg\" alt=\"\" class=\"wp-image-868\"\/><\/figure><\/div>\n\n\n\n<div class=\"wp-block-group\"><div class=\"wp-block-group__inner-container\">\n<div class=\"wp-block-buttons\">\n<div class=\"wp-block-button is-style-fill\"><a class=\"wp-block-button__link has-vivid-red-color has-cyan-bluish-gray-background-color has-text-color has-background\" href=\"https:\/\/www.researchgate.net\/profile\/Jana-Fridrichova\" style=\"border-radius:20px\" target=\"_blank\" rel=\"noreferrer noopener\">ResearchGate<\/a><\/div>\n\n\n\n<div class=\"wp-block-button is-style-fill\"><a class=\"wp-block-button__link has-vivid-red-color has-cyan-bluish-gray-background-color has-text-color has-background\" href=\"https:\/\/www.scopus.com\/authid\/detail.uri?authorId=56401153300\" style=\"border-radius:20px\" target=\"_blank\" rel=\"noreferrer noopener\">Scopus<\/a><\/div>\n\n\n\n<div class=\"wp-block-button is-style-fill\"><a class=\"wp-block-button__link has-vivid-red-color has-cyan-bluish-gray-background-color has-text-color has-background\" href=\"https:\/\/orcid.org\/0000-0001-6869-3761\" style=\"border-radius:20px\" target=\"_blank\" rel=\"noreferrer noopener\">ORCID<\/a><\/div>\n<\/div>\n\n\n\n<div class=\"wp-block-columns\">\n<div class=\"wp-block-column\" style=\"flex-basis:100%\">\n<figure class=\"wp-block-table is-style-stripes\"><table class=\"has-background\" style=\"background-color:#fcf0ef\"><tbody><tr><td><strong><strong>Position<\/strong><\/strong><\/td><td>assistant professor<\/td><\/tr><tr><td><strong>Room<\/strong><\/td><td>G-348<\/td><\/tr><tr><td><strong>Phone&nbsp;<\/strong><\/td><td>+421 2 9014 9<strong>294<\/strong><\/td><\/tr><tr><td><strong>E-mail:<\/strong> <\/td><td>jana.fridrichova@uniba.sk<\/td><\/tr><tr><td><strong><strong>Publications<\/strong><\/strong><\/td><td><a href=\"http:\/\/alis.uniba.sk:9909\/search\/query?match_1=PHRASE&amp;field_1=a&amp;term_1=Fridrichov%C3%A1,+Jana+1980-+UKOPRGMP++&amp;sort=callNumber&amp;theme=EPC\" target=\"_blank\" rel=\"noreferrer noopener\">Link<\/a><\/td><\/tr><\/tbody><\/table><\/figure>\n<\/div>\n<\/div>\n<\/div><\/div>\n\n\n\n<h2>Scientific interests<\/h2>\n\n\n\n<ul id=\"block-81bf0303-5564-4fa7-ab38-429f73355899\"><li>Silicate mineralogy<\/li><li>Crystal chemistry<\/li><li>Gemology<\/li><li>Spectroscopic analytical methods<\/li><li>Experimental mineralogy and gemmology<\/li><\/ul>\n\n\n\n<h2>Teaching activities<\/h2>\n\n\n\n<p>My teaching activities are mainly focused on mineralogy, gemmology, crystallography, crystal chemistry&nbsp;and analytical methods in mineralogy and gemmology.<\/p>\n\n\n\n<p><strong><strong>Bachelor degree:<\/strong><\/strong><\/p>\n\n\n\n<ul><li>Mineralogy 1<\/li><li>Morphological and structural crystallography <\/li><li>Basic gemmology<\/li><\/ul>\n\n\n\n<p><strong><strong>Master degree<\/strong><\/strong><\/p>\n\n\n\n<ul><li>Crystal chemistry of silicates<\/li><li>Systematic gemmology<\/li><li>X-ray diffractometry<\/li><li>Crystal-chemical calculations<\/li><li>Laboratory methods in mineralogy a&nbsp;petrology<\/li><li>Crystal-chemical seminary<\/li><li>Mineralogy of dust particles in atmosphere<\/li><\/ul>\n\n\n\n<p><strong>PhD. degree<\/strong><\/p>\n\n\n\n<ul><li>Crystal chemistry of silicate minerals<\/li><li>Gemmology<\/li><li>Mineralogy of rocks<\/li><li>Laboratory methods of mineral research<\/li><li>Mineralogy of environment<\/li><\/ul>\n\n\n\n<hr class=\"wp-block-separator\"\/>\n\n\n\n<h2>The most significant publications<\/h2>\n\n\n\n<div class=\"wp-block-group\"><div class=\"wp-block-group__inner-container\">\n<ul><li>Ba\u010d\u00edk P., Miyawaki R., Atencio D., C\u00e1mara F., <strong>Fridrichov\u00e1 J.<\/strong>, 2017: <strong>Nomenclature of gadolinite supergroup<\/strong>. European Journal of Mineralogy, 29, 1067-1082<\/li><li><strong>Fridrichov\u00e1 J.<\/strong>, Ba\u010d\u00edk P., Ertl A., Wildner M., Miglierini M., 2018: <strong>Crystal chemistry and Jahn-Teller distortion of Mn3+-occupied octahedra in red beryl from Utah<\/strong>. Journal of Molecular Structure, 1152, 79-86<\/li><li><strong>Fridrichov\u00e1 J.<\/strong>, Ba\u010d\u00edk P., Ill\u00e1\u0161ov\u00e1 \u013d., Koz\u00e1kov\u00e1 P., \u0160koda R., Puli\u0161ov\u00e1 Z., Fiala A., 2016: <strong>Raman and optical spectroscopic investigation of gem-quality smoky quartz<\/strong>. Vibrational Spectroscopy, 85, 71-78<\/li><li><strong>Fridrichov\u00e1 J.<\/strong>, Ba\u010d\u00edk P., Bizovsk\u00e1 V., Libowitzky E., \u0160koda R., Uher P., Ozd\u00edn D., \u0160tevko M., 2016: <strong>Spectroscopic and bond-topological investigation of interstitial volatiles in beryl from Slovakia<\/strong>. Physics and Chemistry Minerals, 43, 419-437<\/li><li><strong>Fridrichov\u00e1 J.<\/strong>, Ba\u010d\u00edk P., Rusinov\u00e1 P., Antal P., \u0160koda R., Bizovsk\u00e1 V., Miglierini M., 2015: <strong>Optical and crystal-chemical changes in aquamarines and yellow beryls from Thanh Hoa province, Vietnam induced by heat treatment<\/strong>. Physics and Chemistry Minerals, 42, 287-302.<\/li><\/ul>\n<\/div><\/div>\n\n\n\n<h2>Current Projects<\/h2>\n\n\n\n<p><\/p>\n\n\n\n<p><strong>APVV-18-0065 &#8211; investigator <\/strong>(2018-2023, principal investigator P. Ba\u010d\u00edk) \u201eLight litophile elements (Li, Be, B) in selected minerals: from crystal structure to geological processes\u201d <span class=\"collapseomatic \" id=\"id69f3b1ee784a0\"  tabindex=\"0\" title=\"\"    ><\/span><div id=\"target-id69f3b1ee784a0\" class=\"collapseomatic_content \"> <em><span class=\"has-inline-color has-vivid-red-color\">The project includes mineralogical and crystal-chemical studies of minerals that contain light cations from the second period of the periodic system &#8211; lithium, beryllium and boron in their structure. Research is focused on two areas and two types of minerals will be examined. The first area of research will focus on crystal-chemical patterns down to the subatomic level using state-of-the-art analytical methods. The second area will be focused on the behaviour of these elements in the mineral and rock environment. Firstly, minerals containing Be, B and Li directly in their crystal-chemical formula (these elements are dominant at least at one structural site) will be studied. These include silicates (tourmaline supergroup, gadolinite supergroup, beryl and cordierite, Li mica, spodumen, bertrandite, phenakite), borates (whole class), phosphates (herderite) and oxides (chrysoberyl). However, we will focus also on the minerals in which Be, B and Li substitute for the other cations, but are not dominant. In this context, the distribution of studied elements in various minerals in variable rock environments will be studied.<\/span><\/em><span style=\"color:#55881b\" class=\"has-inline-color\"><em>.<\/em> <\/span><\/div>\n\n\n\n<p><strong>VEGA 1\/0137\/20 &#8211; <strong>investigator<\/strong><\/strong> (2020-2022, principal investigator P. Ba\u010d\u00edk) \u201eExperimental study of physico-chemical properties of selected minerals (oxides, phosphates and silicates).\u201d <span class=\"collapseomatic \" id=\"id69f3b1ee78558\"  tabindex=\"0\" title=\"\"    ><\/span><div id=\"target-id69f3b1ee78558\" class=\"collapseomatic_content \"> <em><em><span class=\"has-inline-color has-vivid-red-color\">The experimental mineralogical approach is suitable for detailed crystal-chemical study of properties and processes within the crystal structure and its stability, but also for the precious stones treatment within the gemmology. Some of these experiments are not sufficiently described and the colour changing mechanisms are similarly not clearly known as well as the processes leading to the mineral structure breakdown. The crystal-chemical properties of selected minerals (oxides, phosphates and silicates) will be studied by thermal, thermal-pressure and radiation experiments, especially the oxidation or reduction of cations, the formation or disappearance of colour centres and structural defects. The mineral decomposition processes and new phase formation will also be studied under experimental conditions<\/span><\/em><span style=\"color:#55881b\" class=\"has-inline-color\"><em>.<\/em><\/span><\/em> <\/div>\n\n\n\n<p><strong>VEGA-1\/0151\/19<\/strong> <strong>&#8211; <strong><strong>investigator<\/strong><\/strong><\/strong> (2019-2021,  principal investigator prof. M. Puti\u0161) \u201ePetrology and geochronology of crustal and mantle dyke systems in Cretaceous accretionary wedge of the Western Carpathians and eastern Austroalpine margin\u201d <span class=\"collapseomatic \" id=\"id69f3b1ee78594\"  tabindex=\"0\" title=\"\"    ><\/span><div id=\"target-id69f3b1ee78594\" class=\"collapseomatic_content \"> <em><em><span class=\"has-inline-color has-vivid-red-color\">Cretaceous accretionary wedges of the Western Carpathians and the Austro-Alpine unit of the eastern Alps contains dykes of the crustal and mantle rocks. These rocks are significant indicator of Permian-Triassic or Jurassic-Cretaceous extension and the opening of the Neotethys and Atlantic Tethys respectively. They are of the key importance for the reconstruction of palaeotectonic and geodynamic evolution of the Carpathians and Alps. The mineral rock composition (EPMA, LA-ICP-MS) and their whole-rock chemistry (ICP-MS) will be used for definition of their palaeotectonic origin. The isotopic study (Rb\/Sr, Lu\/Hf, Sm\/Nd. U\/Pb) of the rocks and minerals, and their isotopic dating (U-Pb SIMS, nano-SIMS, LA-MC-ICP-MS, K-Ar) will enhance creation of geodynamic evolution model of mentioned accretionary complexes. Their occasional economic potential can be estimated. We will utilize possibilities of our broad international co-operation particularly in isotope geochronology<\/span><\/em><span style=\"color:#55881b\" class=\"has-inline-color\"><em>.<\/em><\/span><\/em><\/div>\n","protected":false},"excerpt":{"rendered":"<p>Position assistant professor Room G-348 Phone&nbsp; +421 2 9014 9294 &hellip; <\/p>\n","protected":false},"author":1,"featured_media":0,"parent":0,"menu_order":0,"comment_status":"closed","ping_status":"closed","template":"","meta":{"_monsterinsights_skip_tracking":false,"_monsterinsights_sitenote_active":false,"_monsterinsights_sitenote_note":"","_monsterinsights_sitenote_category":0,"ngg_post_thumbnail":0},"folder":[46],"yoast_head":"<!-- This site is optimized with the Yoast SEO plugin v19.4 - https:\/\/yoast.com\/wordpress\/plugins\/seo\/ -->\n<title>Assoc. Prof. Jana Fridrichov\u00e1, PhD. - Katedra mineral\u00f3gie, petrol\u00f3gie a lo\u017eiskovej geol\u00f3gie<\/title>\n<meta name=\"robots\" content=\"index, follow, max-snippet:-1, max-image-preview:large, max-video-preview:-1\" \/>\n<link rel=\"canonical\" href=\"https:\/\/kmplg.sk\/?page_id=920&lang=en\" \/>\n<meta property=\"og:locale\" content=\"sk_SK\" \/>\n<meta property=\"og:type\" content=\"article\" \/>\n<meta property=\"og:title\" content=\"Assoc. Prof. Jana Fridrichov\u00e1, PhD. - Katedra mineral\u00f3gie, petrol\u00f3gie a lo\u017eiskovej geol\u00f3gie\" \/>\n<meta property=\"og:description\" content=\"Position assistant professor Room G-348 Phone&nbsp; +421 2 9014 9294 &hellip;\" \/>\n<meta property=\"og:url\" content=\"https:\/\/kmplg.sk\/?page_id=920&amp;lang=en\" \/>\n<meta property=\"og:site_name\" content=\"Katedra mineral\u00f3gie, petrol\u00f3gie a lo\u017eiskovej geol\u00f3gie\" \/>\n<meta property=\"article:publisher\" content=\"https:\/\/www.facebook.com\/kmplg\/\" \/>\n<meta property=\"article:modified_time\" content=\"2023-01-30T08:24:34+00:00\" \/>\n<meta property=\"og:image\" content=\"http:\/\/d.r1.wbsprt.com\/kmplg.sk\/wp-content\/uploads\/2021\/04\/IMG_20150823_192647_edit-275x300.jpg\" \/>\n<meta name=\"twitter:card\" content=\"summary_large_image\" \/>\n<meta name=\"twitter:label1\" content=\"Predpokladan\u00fd \u010das \u010d\u00edtania\" \/>\n\t<meta name=\"twitter:data1\" content=\"5 min\u00fat\" \/>\n<script type=\"application\/ld+json\" class=\"yoast-schema-graph\">{\"@context\":\"https:\/\/schema.org\",\"@graph\":[{\"@type\":\"WebSite\",\"@id\":\"https:\/\/kmplg.sk\/#website\",\"url\":\"https:\/\/kmplg.sk\/\",\"name\":\"Katedra mineral\u00f3gie, petrol\u00f3gie a lo\u017eiskovej geol\u00f3gie\",\"description\":\"Pr\u00edrodovedeck\u00e1 fakulta Univerzity Komensk\u00e9ho v Bratislave\",\"potentialAction\":[{\"@type\":\"SearchAction\",\"target\":{\"@type\":\"EntryPoint\",\"urlTemplate\":\"https:\/\/kmplg.sk\/?s={search_term_string}\"},\"query-input\":\"required name=search_term_string\"}],\"inLanguage\":\"sk-SK\"},{\"@type\":\"WebPage\",\"@id\":\"https:\/\/kmplg.sk\/?page_id=920&lang=en\",\"url\":\"https:\/\/kmplg.sk\/?page_id=920&lang=en\",\"name\":\"Assoc. Prof. Jana Fridrichov\u00e1, PhD. - Katedra mineral\u00f3gie, petrol\u00f3gie a lo\u017eiskovej geol\u00f3gie\",\"isPartOf\":{\"@id\":\"https:\/\/kmplg.sk\/#website\"},\"datePublished\":\"2021-04-06T12:46:48+00:00\",\"dateModified\":\"2023-01-30T08:24:34+00:00\",\"breadcrumb\":{\"@id\":\"https:\/\/kmplg.sk\/?page_id=920&lang=en#breadcrumb\"},\"inLanguage\":\"sk-SK\",\"potentialAction\":[{\"@type\":\"ReadAction\",\"target\":[\"https:\/\/kmplg.sk\/?page_id=920&lang=en\"]}]},{\"@type\":\"BreadcrumbList\",\"@id\":\"https:\/\/kmplg.sk\/?page_id=920&lang=en#breadcrumb\",\"itemListElement\":[{\"@type\":\"ListItem\",\"position\":1,\"name\":\"Home\",\"item\":\"https:\/\/kmplg.sk\/\"},{\"@type\":\"ListItem\",\"position\":2,\"name\":\"Assoc. Prof. Jana Fridrichov\u00e1, PhD.\"}]}]}<\/script>\n<!-- \/ Yoast SEO plugin. -->","yoast_head_json":{"title":"Assoc. Prof. Jana Fridrichov\u00e1, PhD. - Katedra mineral\u00f3gie, petrol\u00f3gie a lo\u017eiskovej geol\u00f3gie","robots":{"index":"index","follow":"follow","max-snippet":"max-snippet:-1","max-image-preview":"max-image-preview:large","max-video-preview":"max-video-preview:-1"},"canonical":"https:\/\/kmplg.sk\/?page_id=920&lang=en","og_locale":"sk_SK","og_type":"article","og_title":"Assoc. Prof. Jana Fridrichov\u00e1, PhD. - Katedra mineral\u00f3gie, petrol\u00f3gie a lo\u017eiskovej geol\u00f3gie","og_description":"Position assistant professor Room G-348 Phone&nbsp; +421 2 9014 9294 &hellip;","og_url":"https:\/\/kmplg.sk\/?page_id=920&lang=en","og_site_name":"Katedra mineral\u00f3gie, petrol\u00f3gie a lo\u017eiskovej geol\u00f3gie","article_publisher":"https:\/\/www.facebook.com\/kmplg\/","article_modified_time":"2023-01-30T08:24:34+00:00","og_image":[{"url":"http:\/\/d.r1.wbsprt.com\/kmplg.sk\/wp-content\/uploads\/2021\/04\/IMG_20150823_192647_edit-275x300.jpg"}],"twitter_card":"summary_large_image","twitter_misc":{"Predpokladan\u00fd \u010das \u010d\u00edtania":"5 min\u00fat"},"schema":{"@context":"https:\/\/schema.org","@graph":[{"@type":"WebSite","@id":"https:\/\/kmplg.sk\/#website","url":"https:\/\/kmplg.sk\/","name":"Katedra mineral\u00f3gie, petrol\u00f3gie a lo\u017eiskovej geol\u00f3gie","description":"Pr\u00edrodovedeck\u00e1 fakulta Univerzity Komensk\u00e9ho v Bratislave","potentialAction":[{"@type":"SearchAction","target":{"@type":"EntryPoint","urlTemplate":"https:\/\/kmplg.sk\/?s={search_term_string}"},"query-input":"required name=search_term_string"}],"inLanguage":"sk-SK"},{"@type":"WebPage","@id":"https:\/\/kmplg.sk\/?page_id=920&lang=en","url":"https:\/\/kmplg.sk\/?page_id=920&lang=en","name":"Assoc. Prof. Jana Fridrichov\u00e1, PhD. - Katedra mineral\u00f3gie, petrol\u00f3gie a lo\u017eiskovej geol\u00f3gie","isPartOf":{"@id":"https:\/\/kmplg.sk\/#website"},"datePublished":"2021-04-06T12:46:48+00:00","dateModified":"2023-01-30T08:24:34+00:00","breadcrumb":{"@id":"https:\/\/kmplg.sk\/?page_id=920&lang=en#breadcrumb"},"inLanguage":"sk-SK","potentialAction":[{"@type":"ReadAction","target":["https:\/\/kmplg.sk\/?page_id=920&lang=en"]}]},{"@type":"BreadcrumbList","@id":"https:\/\/kmplg.sk\/?page_id=920&lang=en#breadcrumb","itemListElement":[{"@type":"ListItem","position":1,"name":"Home","item":"https:\/\/kmplg.sk\/"},{"@type":"ListItem","position":2,"name":"Assoc. Prof. Jana Fridrichov\u00e1, PhD."}]}]}},"_links":{"self":[{"href":"https:\/\/kmplg.sk\/index.php?rest_route=\/wp\/v2\/pages\/920"}],"collection":[{"href":"https:\/\/kmplg.sk\/index.php?rest_route=\/wp\/v2\/pages"}],"about":[{"href":"https:\/\/kmplg.sk\/index.php?rest_route=\/wp\/v2\/types\/page"}],"author":[{"embeddable":true,"href":"https:\/\/kmplg.sk\/index.php?rest_route=\/wp\/v2\/users\/1"}],"replies":[{"embeddable":true,"href":"https:\/\/kmplg.sk\/index.php?rest_route=%2Fwp%2Fv2%2Fcomments&post=920"}],"version-history":[{"count":5,"href":"https:\/\/kmplg.sk\/index.php?rest_route=\/wp\/v2\/pages\/920\/revisions"}],"predecessor-version":[{"id":3053,"href":"https:\/\/kmplg.sk\/index.php?rest_route=\/wp\/v2\/pages\/920\/revisions\/3053"}],"wp:attachment":[{"href":"https:\/\/kmplg.sk\/index.php?rest_route=%2Fwp%2Fv2%2Fmedia&parent=920"}],"wp:term":[{"taxonomy":"folder","embeddable":true,"href":"https:\/\/kmplg.sk\/index.php?rest_route=%2Fwp%2Fv2%2Ffolder&post=920"}],"curies":[{"name":"wp","href":"https:\/\/api.w.org\/{rel}","templated":true}]}}