{"id":765,"date":"2021-03-31T14:14:35","date_gmt":"2021-03-31T12:14:35","guid":{"rendered":"http:\/\/kmplg.sk\/?page_id=765"},"modified":"2021-08-25T09:06:06","modified_gmt":"2021-08-25T07:06:06","slug":"rndr-ondrej-nemec-phd-2","status":"publish","type":"page","link":"https:\/\/kmplg.sk\/?page_id=765","title":{"rendered":"RNDr. Ondrej Nemec, PhD."},"content":{"rendered":"\n<div class=\"wp-block-image is-style-default\"><figure class=\"alignleft size-large is-resized\"><img loading=\"lazy\" src=\"http:\/\/kmplg.sk\/wp-content\/uploads\/2021\/07\/ON.jpg\" alt=\"\" class=\"wp-image-2351\" width=\"243\" height=\"306\" srcset=\"https:\/\/kmplg.sk\/wp-content\/uploads\/2021\/07\/ON.jpg 257w, https:\/\/kmplg.sk\/wp-content\/uploads\/2021\/07\/ON-238x300.jpg 238w, https:\/\/kmplg.sk\/wp-content\/uploads\/2021\/07\/ON-48x60.jpg 48w\" sizes=\"(max-width: 243px) 100vw, 243px\" \/><\/figure><\/div>\n\n\n\n<div class=\"wp-block-group\"><div class=\"wp-block-group__inner-container\">\n<div class=\"wp-block-columns\">\n<div class=\"wp-block-column\" style=\"flex-basis:100%\">\n<figure class=\"wp-block-table is-style-stripes\"><table class=\"has-subtle-pale-pink-background-color has-fixed-layout has-background\"><tbody><tr><td><strong>poz\u00edcia<\/strong>:<\/td><td>odborn\u00fd asistent<\/td><\/tr><tr><td><strong>miestnos\u0165<\/strong>:<\/td><td>G-328<\/td><\/tr><tr><td><strong>telef\u00f3n<\/strong>:<\/td><td>+421 2 9014 9<strong>297<\/strong><\/td><\/tr><tr><td><strong>e-mail:<\/strong><\/td><td>ondrej.nemec@uniba.sk<\/td><\/tr><tr><td><strong>publik\u00e1cie<\/strong><\/td><td><a href=\"http:\/\/alis.uniba.sk:9909\/search\/query?match_1=PHRASE&amp;field_1=authid&amp;term_1=949085&amp;theme=EPC\">zoznam publik\u00e1ci\u00ed<\/a><\/td><\/tr><\/tbody><\/table><figcaption><span class=\"has-inline-color has-vivid-red-color\">Oddelenie petrol\u00f3gie<\/span><\/figcaption><\/figure>\n<\/div>\n<\/div>\n\n\n\n<p><\/p>\n<\/div><\/div>\n\n\n\n<div class=\"wp-block-columns\">\n<div class=\"wp-block-column\" style=\"flex-basis:100%\">\n<div class=\"wp-block-buttons\">\n<div class=\"wp-block-button\"><a class=\"wp-block-button__link has-vivid-red-color has-very-light-gray-to-cyan-bluish-gray-gradient-background has-text-color has-background\" href=\"https:\/\/www.researchgate.net\/profile\/Ondrej-Nemec-2\" style=\"border-radius:20px\" target=\"_blank\" rel=\"noreferrer noopener\"><img loading=\"lazy\" width=\"20\" height=\"19\" class=\"wp-image-1394\" style=\"width: 20px;\" src=\"http:\/\/kmplg.sk\/wp-content\/uploads\/2021\/04\/linkedinvsresearchgate_v2-1.png\" alt=\"\"> <span class=\"has-inline-color has-vivid-red-color\">ResearchGate<\/span><\/a><\/div>\n\n\n\n<div class=\"wp-block-button\"><a class=\"wp-block-button__link has-vivid-red-color has-very-light-gray-to-cyan-bluish-gray-gradient-background has-text-color has-background\" href=\"https:\/\/orcid.org\/0000-0001-6565-6084\" target=\"_blank\" rel=\"noreferrer noopener\"><img loading=\"lazy\" width=\"20\" height=\"20\" class=\"wp-image-1391\" style=\"width: 20px;\" src=\"http:\/\/kmplg.sk\/wp-content\/uploads\/2021\/04\/1200px-ORCID_iD-1.png\" alt=\"\"><span class=\"has-inline-color has-vivid-red-color\">ORCID<\/span><\/a><\/div>\n\n\n\n<div class=\"wp-block-button\"><a class=\"wp-block-button__link has-very-light-gray-to-cyan-bluish-gray-gradient-background has-background\" href=\"https:\/\/publons.com\/researcher\/X-8924-2018\/\" target=\"_blank\" rel=\"noreferrer noopener\"><span class=\"has-inline-color has-white-color\"><img loading=\"lazy\" width=\"20\" height=\"20\" class=\"wp-image-1407\" style=\"width: 20px;\" src=\"http:\/\/kmplg.sk\/wp-content\/uploads\/2021\/04\/Unknown.png\" alt=\"\"> <\/span><span class=\"has-inline-color has-vivid-red-color\">Publons<\/span><\/a><\/div>\n\n\n\n<div class=\"wp-block-button\"><a class=\"wp-block-button__link has-very-light-gray-to-cyan-bluish-gray-gradient-background has-background\" href=\"https:\/\/www.scopus.com\/authid\/detail.uri?authorId=24178925500\" target=\"_blank\" rel=\"noreferrer noopener\"><span class=\"has-inline-color has-white-color\"><img loading=\"lazy\" width=\"20\" height=\"20\" class=\"wp-image-1401\" style=\"width: 20px;\" src=\"http:\/\/kmplg.sk\/wp-content\/uploads\/2021\/04\/68747470733a2f2f7777772e6665722e756e697a672e68722f5f7075622f7468656d65735f7374617469632f666572323031362f64656661756c742f696d672f73636f7075732d69636f6e2e706e67.png\" alt=\"\"> <\/span><span class=\"has-inline-color has-vivid-red-color\">Scopus<\/span><\/a><\/div>\n\n\n\n<div class=\"wp-block-button\"><a class=\"wp-block-button__link has-very-light-gray-to-cyan-bluish-gray-gradient-background has-background\" href=\"http:\/\/kmplg.sk\/?page_id=85\" target=\"_blank\" rel=\"noreferrer noopener\"><span class=\"has-inline-color has-vivid-red-color\">T\u00e9my z\u00e1vere\u010dn\u00fdch pr\u00e1c<\/span><\/a><\/div>\n<\/div>\n<\/div>\n<\/div>\n\n\n\n<h2>Vedeck\u00fd profil<\/h2>\n\n\n\n<ul><li>petrol\u00f3gia, geoch\u00e9mia, mineral\u00f3gia a&nbsp;izotopov\u00e9 syst\u00e9my metab\u00e1zick\u00fdch a&nbsp;metapelitick\u00fdch horn\u00edn<\/li><li>termodynamick\u00e9 modelovanie teplotno-tlakov\u00fdch (<em>P-T-X<\/em>) podmienok<\/li><li>vyu\u017e\u00edtie modern\u00fdch geotermobarometick\u00fdch met\u00f3dy a&nbsp;softv\u00e9rov\u00e9ho modelovania pomocou n\u00e1strojov ako TERMOCALC, Perple_X a&nbsp;MELTS<\/li><li>v\u00fdskum \u0165a\u017ek\u00fdch miner\u00e1lov v bazaltoch Juhoslovensk\u00e9ho alkalicko-bazaltov\u00e9ho vulkanick\u00e9ho po\u013ea<\/li><\/ul>\n\n\n\n<h2>Pedagogick\u00e1 \u010dinnos\u0165<\/h2>\n\n\n\n<p>Zameriava sa hlavne na v\u00fduku r\u00e1diog\u00e9nnych izotopov\u00fdch syst\u00e9mov, modern\u00fdch geotermobarometrick\u00fdch met\u00f3d a&nbsp;softv\u00e9rov\u00e9 modelovanie magmatick\u00fdch a metamorfn\u00fdch horninov\u00fdch syst\u00e9mov.&nbsp;<\/p>\n\n\n\n<p><strong>V\u00fduka v predmetoch na Bc. stupni<\/strong><\/p>\n\n\n\n<ul><li>Petrografia metamorfovan\u00fdch horn\u00edn<\/li><li>Petrografia magmatick\u00fdch horn\u00edn<\/li><li>Mikroskopia horninotvorn\u00fdch miner\u00e1lov<\/li><li>\u0164a\u017ek\u00e9 miner\u00e1ly<\/li><li>Odrazov\u00e1 mikroskopia<\/li><\/ul>\n\n\n\n<p><strong>V\u00fduka v predmetoch na Mgr. stupni<\/strong><\/p>\n\n\n\n<ul><li>Izotopov\u00e1 geol\u00f3gia<\/li><li>Petrol\u00f3gia metamorfovan\u00fdch horn\u00edn<\/li><li>Termodynamika a&nbsp;f\u00e1zov\u00e9 rovnov\u00e1hy<\/li><li>Genetick\u00e1 mineral\u00f3gia horninov\u00fdch syst\u00e9mov<\/li><\/ul>\n\n\n\n<p><strong>V\u00fduka v predmetoch na PhD. stupni<\/strong><\/p>\n\n\n\n<ul><li>Izotopov\u00e1 geol\u00f3gia a geochronol\u00f3gia<\/li><\/ul>\n\n\n\n<hr class=\"wp-block-separator\"\/>\n\n\n\n<h2>Vybran\u00e9 najv\u00fdznamnej\u0161ie publik\u00e1cie<\/h2>\n\n\n\n<div class=\"wp-block-group\"><div class=\"wp-block-group__inner-container\">\n<ul><li>Nemec, O.,Puti\u0161, M., Ba\u010d\u00edk, P., Ru\u017ei\u010dka, P., N\u00e9meth, Z., 2020:&nbsp;<strong>Metamorphic Conditions of Neotethyan Meliatic Accretionary Wedge Estimated by Thermodynamic Modelling and Geothermobarometry (Inner Western Carpathians)<\/strong>.&nbsp;<em>Minerals<\/em>, 10, 1-50, 1094.<\/li><li>Puti\u0161 M., Sot\u00e1k J., Li Q.-L., Ondrejka M., Li X.-H., Hu Z., Ling X., Nemec O., N\u00e9meth Z., Ru\u017ei\u010dka P. 2019:&nbsp;<strong>Origin and Age Determination of the Neotethys Meliata Basin Ophiolite Fragments in the Late Jurassic\u2013Early Cretaceous Accretionary Wedge M\u00e9lange (Inner Western Carpathians, Slovakia)<\/strong>.&nbsp;<em>Minerals<\/em>, 9, 652.<\/li><li>Paquette J-L., Huraiov\u00e1 M., Nemec O., Gannoun A., \u0160arinov\u00e1 K, Hurai V. 2019:&nbsp;<strong>Origin and provenance of 2 Ma\u20132 Ga zircons ejected by phreatomagmatic eruptions of Pliocene basalts in southern Slovakia<\/strong>.&nbsp;<em>International Journal of Earth Sciences<\/em>, 108 (8), 2607\u20132623.<\/li><li>Nemec O., Huraiov\u00e1 M. 2018:&nbsp;<strong>Provenance study of detrital garnets and rutiles from basaltic pyroclastic rocks of Southern Slovakia (Western Carpathians)<\/strong>,&nbsp;<em>Geologica Carpathica<\/em>, 69 (1), 17\u201329.<\/li><\/ul>\n<\/div><\/div>\n\n\n\n<h2>Aktu\u00e1lne rie\u0161en\u00e9 projekty<\/h2>\n\n\n\n<p><strong><strong>APVV-19-0065 \u2013 \u010dlen rie\u0161ite\u013esk\u00e9ho kolekt\u00edvu<\/strong><\/strong> (2020-2023, hlavn\u00fd rie\u0161ite\u013e M. Puti\u0161) \u201ePetrologicko-geochronologick\u00fd z\u00e1znam riftogen\u00e9zy a k\u00f4rovo- pl\u00e1\u0161\u0165ovej recykl\u00e1cie v orog\u00e9nnej prizme Z\u00e1padn\u00fdch Karp\u00e1t\u201d<span class=\"has-inline-color has-vivid-red-color\"> <span class=\"collapseomatic \" id=\"id69f1c164ad47a\"  tabindex=\"0\" title=\"Klikni pre podrobnosti o projekte\"    >Klikni pre podrobnosti o projekte<\/span><div id=\"target-id69f1c164ad47a\" class=\"collapseomatic_content \"><em>Predmetom v\u00fdskumu s\u00fa \u0161pecifick\u00e9 skupiny k\u00f4rov\u00fdch a pl\u00e1\u0161\u0165ov\u00fdch horn\u00edn a ich miner\u00e1lov ako indik\u00e1torov riftog\u00e9nnych z\u00f3n a to aj napriek tomu, \u017ee \u010dasto maj\u00fa znaky mlad\u0161ieho tektono-term\u00e1lneho prepracovania v d\u00f4sledku ich za\u010dlenenia do orogenetick\u00fdch z\u00f3n. Pou\u017e\u00edvame mineralogicko-petrologick\u00e9 (EPMA, micro-Raman, LA-ICP-MS, XRF, ICP-MS), izotopovo-geochemick\u00e9 (LA-MC-ICP-MS, TIMS) a geochronologick\u00e9 (U-Pb SIMS, LA-ICP-MS, Ar-Ar, K-Ar) met\u00f3dy na ur\u010denie chemizmu miner\u00e1lov a horn\u00edn, vr\u00e1tane vybran\u00fdch r\u00e1diog\u00e9nnych izotopov (U-Pb, Pb-Pb, Sm-Nd, Rb-Sr, Zr-Hf, Re-Os) na ur\u010denie ich veku a gen\u00e9zy.<\/em><\/span><\/p>\n\n\n\n<\/div>\n\n\n\n<p><strong><strong>VEGA 1\/0143\/18 \u2013 \u010dlen rie\u0161ite\u013esk\u00e9ho kolekt\u00edvu<\/strong><\/strong> (2018-2021, hlavn\u00fd rie\u0161ite\u013e M. Huraiov\u00e1) \u201eMineral\u00f3gia, petrogen\u00e9za a metalogenetick\u00fd potenci\u00e1l vn\u00fatro-plat\u0148ov\u00e9ho magmatizmu Z\u00e1padn\u00fdch Karp\u00e1t\u201d<span class=\"has-inline-color has-vivid-red-color\"> <span class=\"collapseomatic \" id=\"id69f1c164ad556\"  tabindex=\"0\" title=\"Klikni pre podrobnosti o projekte\"    >Klikni pre podrobnosti o projekte<\/span><div id=\"target-id69f1c164ad556\" class=\"collapseomatic_content \"><em><em>Alkalick\u00e9 bazalty na ju\u017enom Slovensku obsahuj\u00fa xenolity magmatick\u00fdch horn\u00edn, ktor\u00e9 sa nevyskytuj\u00fa inde v Z\u00e1padn\u00fdch Karpatoch. Pozorovan\u00e9 typy horn\u00edn zah\u0155\u0148aj\u00fa mafick\u00e9 gabroidn\u00e9 kumul\u00e1ty, syenity, granity, karbonatity, ako aj metasomatick\u00e9 produkty interakcie magmy s k\u00f4rou (skarny). Magmatick\u00e9 horniny vznikli pri frak\u010dnej kry\u0161taliz\u00e1cii bazaltovej magmy a parci\u00e1lnom taven\u00ed k\u00f4ry. Cie\u013eom projektu je mineralogick\u00e1, geochemick\u00e1, geochronologick\u00e1 a petrologick\u00e1 charakteristika magmatick\u00fdch horn\u00edn, zhodnotenie ich gen\u00e9zy, geotektonick\u00e9ho prostredia, zdroja a metalogenetick\u00e9ho potenci\u00e1lu s oh\u013eadom na mo\u017en\u00fd v\u00fdskyt kritick\u00fdch prvkov (Nb, Ta, U, Th, vz\u00e1cne zeminy). \u010eal\u0161\u00edm cie\u013eom projektu je rekon\u0161trukcia zlo\u017eenia predterci\u00e9rnej k\u00f4ry v oblasti ju\u017en\u00e9ho Slovenska<\/em><\/em>. <\/span><\/p>\n\n\n\n<\/div>\n\n\n\n<p><strong><strong>VEGA 1\/0151\/19<\/strong>&nbsp;<strong>\u2013 \u010dlen rie\u0161ite\u013esk\u00e9ho kolekt\u00edvu<\/strong><\/strong> (2019-2021,  hlavn\u00fd rie\u0161ite\u013e prof. M. Puti\u0161) \u201ePetrochnonol\u00f3gia pl\u00e1\u0161\u0165ov\u00fdch a k\u00f4rov\u00fdch dajkov\u00fdch syst\u00e9mov v kriedovej akre\u010dnej prizme Z\u00e1padn\u00fdch Karp\u00e1t a v\u00fdchodnom okraji austroalpinika\u201d <span class=\"has-inline-color has-vivid-red-color\"><span class=\"collapseomatic \" id=\"id69f1c164ad5a0\"  tabindex=\"0\" title=\"Klikni pre podrobnosti o projekte\"    >Klikni pre podrobnosti o projekte<\/span><div id=\"target-id69f1c164ad5a0\" class=\"collapseomatic_content \"><\/span><em><em><span class=\"has-inline-color has-black-color\">Kriedov\u00e1 akre\u010dn\u00e1 prizma orog\u00e9nu Vn\u00fatorn\u00fdch Z\u00e1padn\u00fdch Karp\u00e1t a austroalpinika \u00c1lp obsahuje dajky k\u00f4rov\u00fdch a pl\u00e1\u0161\u0165ov\u00fdch horn\u00edn. Ich magmatick\u00fd v\u00fdvoj je indik\u00e1torom permsko-triasovej, alebo jursko-kriedovej extenzie a otv\u00e1rania oce\u00e1nov neotet\u00fddy a atlantickej tet\u00fddy. Ich metamorf\u00f3za odr\u00e1\u017ea paleotektonick\u00e9 prostredie, ale aj geodynamick\u00fd v\u00fdvoj Karp\u00e1t a \u00c1lp po uzavret\u00ed t\u00fdchto oce\u00e1nov. Miner\u00e1lne zlo\u017eenie (EMPA, LA-ICP-MS) a celohorninov\u00fd chemizmus (ICP-MS) bud\u00fa vyu\u017eit\u00e9 na defin\u00edciu ich magmatick\u00e9ho p\u00f4vodu p\u00f4vodu. Izotopick\u00e9 zlo\u017eenie (Rb\/Sr, Lu\/Hf, Sm\/Nd, U\/Pb) poskytne inform\u00e1ciu o ich pl\u00e1\u0161\u0165ovom \u010di k\u00f4rovom zdroji. Izotopick\u00e9 datovanie (U-Pb SIMS, nano-SIMS, LA-MC-ICP-MS, K-Ar) umo\u017en\u00ed vytvorenie geodynamick\u00e9ho modelu v\u00fdvoja dajkov\u00fdch syst\u00e9mov v akre\u010dn\u00fdch komplexoch. P-T podmienky magmatickej a metamorfnej etapy bud\u00fa modelovan\u00e9 najnov\u0161\u00edmi termodynamick\u00fdmi softv\u00e9rmi (Melts, Perple_X, Thermocalc). Pos\u00fadi sa ich ekonomick\u00fd potenci\u00e1l. <\/span><\/em><\/em><\/p>\n\n\n\n<p><span class=\"has-inline-color has-vivid-red-color\"><\/div><\/span><\/p>\n","protected":false},"excerpt":{"rendered":"<p>poz\u00edcia: odborn\u00fd asistent miestnos\u0165: G-328 telef\u00f3n: +421 2 9014 9297 &hellip; <\/p>\n","protected":false},"author":2,"featured_media":0,"parent":30,"menu_order":0,"comment_status":"closed","ping_status":"closed","template":"","meta":{"_monsterinsights_skip_tracking":false,"_monsterinsights_sitenote_active":false,"_monsterinsights_sitenote_note":"","_monsterinsights_sitenote_category":0,"ngg_post_thumbnail":0},"folder":[45],"yoast_head":"<!-- This site is optimized with the Yoast SEO plugin v19.4 - https:\/\/yoast.com\/wordpress\/plugins\/seo\/ -->\n<title>RNDr. Ondrej Nemec, PhD. - Katedra mineral\u00f3gie, petrol\u00f3gie a lo\u017eiskovej geol\u00f3gie<\/title>\n<meta name=\"robots\" content=\"index, follow, max-snippet:-1, max-image-preview:large, max-video-preview:-1\" \/>\n<link rel=\"canonical\" href=\"https:\/\/kmplg.sk\/?page_id=765\" \/>\n<meta property=\"og:locale\" content=\"sk_SK\" \/>\n<meta property=\"og:type\" content=\"article\" \/>\n<meta property=\"og:title\" content=\"RNDr. Ondrej Nemec, PhD. - Katedra mineral\u00f3gie, petrol\u00f3gie a lo\u017eiskovej geol\u00f3gie\" \/>\n<meta property=\"og:description\" content=\"poz\u00edcia: odborn\u00fd asistent miestnos\u0165: G-328 telef\u00f3n: +421 2 9014 9297 &hellip;\" \/>\n<meta property=\"og:url\" content=\"https:\/\/kmplg.sk\/?page_id=765\" \/>\n<meta property=\"og:site_name\" content=\"Katedra mineral\u00f3gie, petrol\u00f3gie a lo\u017eiskovej geol\u00f3gie\" \/>\n<meta property=\"article:publisher\" content=\"https:\/\/www.facebook.com\/kmplg\/\" \/>\n<meta property=\"article:modified_time\" content=\"2021-08-25T07:06:06+00:00\" \/>\n<meta property=\"og:image\" content=\"http:\/\/kmplg.sk\/wp-content\/uploads\/2021\/07\/ON.jpg\" \/>\n<meta name=\"twitter:card\" content=\"summary_large_image\" \/>\n<meta name=\"twitter:label1\" content=\"Predpokladan\u00fd \u010das \u010d\u00edtania\" \/>\n\t<meta name=\"twitter:data1\" content=\"4 min\u00faty\" \/>\n<script type=\"application\/ld+json\" class=\"yoast-schema-graph\">{\"@context\":\"https:\/\/schema.org\",\"@graph\":[{\"@type\":\"WebSite\",\"@id\":\"https:\/\/kmplg.sk\/#website\",\"url\":\"https:\/\/kmplg.sk\/\",\"name\":\"Katedra mineral\u00f3gie, petrol\u00f3gie a lo\u017eiskovej geol\u00f3gie\",\"description\":\"Pr\u00edrodovedeck\u00e1 fakulta Univerzity Komensk\u00e9ho v Bratislave\",\"potentialAction\":[{\"@type\":\"SearchAction\",\"target\":{\"@type\":\"EntryPoint\",\"urlTemplate\":\"https:\/\/kmplg.sk\/?s={search_term_string}\"},\"query-input\":\"required name=search_term_string\"}],\"inLanguage\":\"sk-SK\"},{\"@type\":\"WebPage\",\"@id\":\"https:\/\/kmplg.sk\/?page_id=765\",\"url\":\"https:\/\/kmplg.sk\/?page_id=765\",\"name\":\"RNDr. Ondrej Nemec, PhD. - Katedra mineral\u00f3gie, petrol\u00f3gie a lo\u017eiskovej geol\u00f3gie\",\"isPartOf\":{\"@id\":\"https:\/\/kmplg.sk\/#website\"},\"datePublished\":\"2021-03-31T12:14:35+00:00\",\"dateModified\":\"2021-08-25T07:06:06+00:00\",\"breadcrumb\":{\"@id\":\"https:\/\/kmplg.sk\/?page_id=765#breadcrumb\"},\"inLanguage\":\"sk-SK\",\"potentialAction\":[{\"@type\":\"ReadAction\",\"target\":[\"https:\/\/kmplg.sk\/?page_id=765\"]}]},{\"@type\":\"BreadcrumbList\",\"@id\":\"https:\/\/kmplg.sk\/?page_id=765#breadcrumb\",\"itemListElement\":[{\"@type\":\"ListItem\",\"position\":1,\"name\":\"Home\",\"item\":\"https:\/\/kmplg.sk\/\"},{\"@type\":\"ListItem\",\"position\":2,\"name\":\"O n\u00e1s\",\"item\":\"https:\/\/kmplg.sk\/\"},{\"@type\":\"ListItem\",\"position\":3,\"name\":\"Zamestnanci\",\"item\":\"https:\/\/kmplg.sk\/?page_id=30\"},{\"@type\":\"ListItem\",\"position\":4,\"name\":\"RNDr. Ondrej Nemec, PhD.\"}]}]}<\/script>\n<!-- \/ Yoast SEO plugin. -->","yoast_head_json":{"title":"RNDr. Ondrej Nemec, PhD. - Katedra mineral\u00f3gie, petrol\u00f3gie a lo\u017eiskovej geol\u00f3gie","robots":{"index":"index","follow":"follow","max-snippet":"max-snippet:-1","max-image-preview":"max-image-preview:large","max-video-preview":"max-video-preview:-1"},"canonical":"https:\/\/kmplg.sk\/?page_id=765","og_locale":"sk_SK","og_type":"article","og_title":"RNDr. Ondrej Nemec, PhD. - Katedra mineral\u00f3gie, petrol\u00f3gie a lo\u017eiskovej geol\u00f3gie","og_description":"poz\u00edcia: odborn\u00fd asistent miestnos\u0165: G-328 telef\u00f3n: +421 2 9014 9297 &hellip;","og_url":"https:\/\/kmplg.sk\/?page_id=765","og_site_name":"Katedra mineral\u00f3gie, petrol\u00f3gie a lo\u017eiskovej geol\u00f3gie","article_publisher":"https:\/\/www.facebook.com\/kmplg\/","article_modified_time":"2021-08-25T07:06:06+00:00","og_image":[{"url":"http:\/\/kmplg.sk\/wp-content\/uploads\/2021\/07\/ON.jpg"}],"twitter_card":"summary_large_image","twitter_misc":{"Predpokladan\u00fd \u010das \u010d\u00edtania":"4 min\u00faty"},"schema":{"@context":"https:\/\/schema.org","@graph":[{"@type":"WebSite","@id":"https:\/\/kmplg.sk\/#website","url":"https:\/\/kmplg.sk\/","name":"Katedra mineral\u00f3gie, petrol\u00f3gie a lo\u017eiskovej geol\u00f3gie","description":"Pr\u00edrodovedeck\u00e1 fakulta Univerzity Komensk\u00e9ho v Bratislave","potentialAction":[{"@type":"SearchAction","target":{"@type":"EntryPoint","urlTemplate":"https:\/\/kmplg.sk\/?s={search_term_string}"},"query-input":"required name=search_term_string"}],"inLanguage":"sk-SK"},{"@type":"WebPage","@id":"https:\/\/kmplg.sk\/?page_id=765","url":"https:\/\/kmplg.sk\/?page_id=765","name":"RNDr. Ondrej Nemec, PhD. - Katedra mineral\u00f3gie, petrol\u00f3gie a lo\u017eiskovej geol\u00f3gie","isPartOf":{"@id":"https:\/\/kmplg.sk\/#website"},"datePublished":"2021-03-31T12:14:35+00:00","dateModified":"2021-08-25T07:06:06+00:00","breadcrumb":{"@id":"https:\/\/kmplg.sk\/?page_id=765#breadcrumb"},"inLanguage":"sk-SK","potentialAction":[{"@type":"ReadAction","target":["https:\/\/kmplg.sk\/?page_id=765"]}]},{"@type":"BreadcrumbList","@id":"https:\/\/kmplg.sk\/?page_id=765#breadcrumb","itemListElement":[{"@type":"ListItem","position":1,"name":"Home","item":"https:\/\/kmplg.sk\/"},{"@type":"ListItem","position":2,"name":"O n\u00e1s","item":"https:\/\/kmplg.sk\/"},{"@type":"ListItem","position":3,"name":"Zamestnanci","item":"https:\/\/kmplg.sk\/?page_id=30"},{"@type":"ListItem","position":4,"name":"RNDr. Ondrej Nemec, PhD."}]}]}},"_links":{"self":[{"href":"https:\/\/kmplg.sk\/index.php?rest_route=\/wp\/v2\/pages\/765"}],"collection":[{"href":"https:\/\/kmplg.sk\/index.php?rest_route=\/wp\/v2\/pages"}],"about":[{"href":"https:\/\/kmplg.sk\/index.php?rest_route=\/wp\/v2\/types\/page"}],"author":[{"embeddable":true,"href":"https:\/\/kmplg.sk\/index.php?rest_route=\/wp\/v2\/users\/2"}],"replies":[{"embeddable":true,"href":"https:\/\/kmplg.sk\/index.php?rest_route=%2Fwp%2Fv2%2Fcomments&post=765"}],"version-history":[{"count":6,"href":"https:\/\/kmplg.sk\/index.php?rest_route=\/wp\/v2\/pages\/765\/revisions"}],"predecessor-version":[{"id":2407,"href":"https:\/\/kmplg.sk\/index.php?rest_route=\/wp\/v2\/pages\/765\/revisions\/2407"}],"up":[{"embeddable":true,"href":"https:\/\/kmplg.sk\/index.php?rest_route=\/wp\/v2\/pages\/30"}],"wp:attachment":[{"href":"https:\/\/kmplg.sk\/index.php?rest_route=%2Fwp%2Fv2%2Fmedia&parent=765"}],"wp:term":[{"taxonomy":"folder","embeddable":true,"href":"https:\/\/kmplg.sk\/index.php?rest_route=%2Fwp%2Fv2%2Ffolder&post=765"}],"curies":[{"name":"wp","href":"https:\/\/api.w.org\/{rel}","templated":true}]}}