{"id":52,"date":"2021-03-04T12:22:15","date_gmt":"2021-03-04T11:22:15","guid":{"rendered":"http:\/\/d.r1.wbsprt.com\/kmplg.sk\/?page_id=52"},"modified":"2021-04-30T09:39:59","modified_gmt":"2021-04-30T07:39:59","slug":"bc-studium","status":"publish","type":"page","link":"https:\/\/kmplg.sk\/?page_id=52","title":{"rendered":"Bakal\u00e1rske \u0161t\u00fadium"},"content":{"rendered":"\n<h2><span class=\"has-inline-color has-vivid-red-color\">Akreditovan\u00fd Bc. program: Geol\u00f3gia<\/span><\/h2>\n\n\n\n<p class=\"has-medium-font-size\"><em>Garant:&nbsp;<strong>doc. RNDr. Roman Aubrecht, Dr.<\/strong><\/em><\/p>\n\n\n\n<p><em>Absolventi \u0161tudijn\u00e9ho programu geol\u00f3gia dok\u00e1\u017eu analyzova\u0165 z\u00e1kladn\u00e9 geologick\u00e9 probl\u00e9my a pod odborn\u00fdm veden\u00edm vykon\u00e1vaj\u00fa ter\u00e9nne mapovacie a laborat\u00f3rne pr\u00e1ce. Absolvent bakal\u00e1rskeho stup\u0148a vie pracova\u0165 na grafickom spracovan\u00ed geologick\u00fdch mapov\u00fdch podkladov, ovl\u00e1da po\u010d\u00edta\u010dov\u00e9 spracovanie geologick\u00fdch \u00fadajov, pracuje s geologick\u00fdmi datab\u00e1zami. Absolventi \u0161tudijn\u00e9ho programu geol\u00f3gia z\u00edskaj\u00fa z\u00e1kladn\u00e9 odborn\u00e9 vedomosti zo v\u0161eobecnej geol\u00f3gie, v\u0161eobecnej a systematickej mineral\u00f3gie, v\u0161eobecnej a systematickej paleontol\u00f3gie, historickej a stratigrafickej geol\u00f3gie, \u0161trukt\u00farnej geol\u00f3gie, petrografie magmatick\u00fdch, metamorfovan\u00fdch a sediment\u00e1rnych horn\u00edn, sedimentol\u00f3gie, z aplikovanej geofyziky, in\u017einierskej geol\u00f3gie, geoch\u00e9mie a lo\u017e\u00edsk nerastn\u00fdch surov\u00edn, hydrogeol\u00f3gie a environment\u00e1lnej geol\u00f3gie. Praktick\u00e9 overenie teoretick\u00fdch vedomosti z\u00edskaj\u00fa \u0161tudenti na kurze geologick\u00e9ho mapovania a v r\u00e1mci ter\u00e9nnych cvi\u010den\u00ed, diferencovan\u00fdch pod\u013ea odborn\u00e9ho zamerania na jednotliv\u00e9 ro\u010dn\u00edky. V \u0161tudijnom programe s\u00fa zahrnut\u00e9 z\u00e1kladn\u00e9 kurzy s\u00faboru analytick\u00fdch met\u00f3d pou\u017e\u00edvan\u00fdch pre anal\u00fdzu horn\u00edn, miner\u00e1lov, p\u00f4d a v\u00f4d, ako aj met\u00f3dy spracovania geologick\u00fdch \u00fadajov na PC.<\/em><\/p>\n\n\n\n<p><em>Cie\u013eom bakal\u00e1rskeho \u0161tudijn\u00e9ho programu Geol\u00f3gia je poskytn\u00fa\u0165 absolventom z\u00e1kladn\u00e9 vedomosti a&nbsp;zru\u010dnosti potrebn\u00e9 pre vykon\u00e1vanie z\u00e1kladn\u00fdch geologick\u00fdch pr\u00e1c praktick\u00e9ho a&nbsp;technick\u00e9ho zamerania, nevy\u017eaduj\u00face vy\u0161\u0161ie akademick\u00e9 odborn\u00e9 vedomosti a&nbsp;znalosti. V\u00fdber povinn\u00fdch a&nbsp;povinne volite\u013en\u00fdch predmetov \u0161tudijn\u00e9ho programu je prisp\u00f4soben\u00fd tomuto cie\u013eu. Absolventi \u0161tudijn\u00e9ho programu geol\u00f3gia z\u00edskaj\u00fa \u00fapln\u00e9 odborn\u00e9 vedomosti zo spolo\u010dn\u00fdch z\u00e1kladov geologick\u00fdch vied (napr. v\u0161eobecnej geol\u00f3gie, v\u0161eobecnej a systematickej mineral\u00f3gie, v\u0161eobecnej a systematickej paleontol\u00f3gie, historickej a stratigrafickej geol\u00f3gie, \u0161trukt\u00farnej geol\u00f3gie, petrografie magmatick\u00fdch, metamorfovan\u00fdch a sediment\u00e1rnych horn\u00edn, sedimentol\u00f3gie), ako aj \u010diasto\u010dn\u00e9 vedomosti z&nbsp;jednotliv\u00fdch \u0161pecializ\u00e1ci\u00ed a&nbsp;aplikovan\u00fdch geologick\u00fdch odborov, ako s\u00fa aplikovan\u00e1 geofyzika, in\u017einierska geol\u00f3gia, geoch\u00e9mia a lo\u017eisk\u00e1 nerastn\u00fdch surov\u00edn, hydrogeol\u00f3gia a environment\u00e1lna geol\u00f3gia. Predmety v&nbsp;bal\u00edkoch povinne volite\u013en\u00fdch predmetov im poskytn\u00fa roz\u0161\u00edren\u00e9 vedomosti v&nbsp;oblasti vybranej \u0161pecializ\u00e1cie. Spolo\u010dn\u00e9 z\u00e1klady v\u00fduky v&nbsp;r\u00e1mci povinn\u00fdch a&nbsp;spolo\u010dn\u00fdch povinne volite\u013en\u00fdch predmetov s\u00fa v\u0161ak z\u00e1rukou, \u017ee absolvent bakal\u00e1rskeho \u0161tudijn\u00e9ho odboru Geol\u00f3gia m\u00f4\u017ee pokra\u010dova\u0165 v&nbsp;magisterskom \u0161t\u00fadiu v&nbsp;ktoromko\u013evek programe magistersk\u00e9ho \u0161t\u00fadia v&nbsp;oblasti geol\u00f3gie, bez oh\u013eadu na zameranie bakal\u00e1rskej pr\u00e1ce po\u010das predo\u0161l\u00e9ho stup\u0148a \u0161t\u00fadia.<\/em><\/p>\n\n\n\n<p><em>Absolventi \u0161tudijn\u00e9ho programu geol\u00f3gia nach\u00e1dzaj\u00fa uplatnenie v&nbsp;\u0161t\u00e1tnych a s\u00fakromn\u00fdch organiz\u00e1ci\u00e1ch zameran\u00fdch na geologick\u00fd prieskum a v\u00fdskum ako aj vo firm\u00e1ch a in\u0161tit\u00faci\u00e1ch zameran\u00fdch na oblas\u0165 environment\u00e1lno-ekologick\u00fa, \u00fazemno \u2013 projek\u010dn\u00fa, reklamn\u00fa a poradensk\u00fa \u010dinnos\u0165.<\/em><\/p>\n\n\n\n<p>Ni\u017e\u0161ie si m\u00f4\u017ete stiahnu\u0165 <span class=\"has-inline-color has-vivid-red-color\">Informa\u010dn\u00e9 listy predmetov<\/span> a <span class=\"has-inline-color has-vivid-red-color\">odpor\u00fa\u010dan\u00fd \u0161tudijn\u00fd pl\u00e1n <\/span>programu.<\/p>\n\n\n\n<div class=\"wp-block-columns\">\n<div class=\"wp-block-column\" style=\"flex-basis:50%\">\n<div class=\"wp-block-file\"><a href=\"http:\/\/d.r1.wbsprt.com\/kmplg.sk\/wp-content\/uploads\/2021\/03\/IL-Bc-geologia.pdf\" target=\"_blank\" rel=\"noreferrer noopener\">Informa\u010dn\u00e9 listy predmetov<\/a><a href=\"http:\/\/d.r1.wbsprt.com\/kmplg.sk\/wp-content\/uploads\/2021\/03\/IL-Bc-geologia.pdf\" class=\"wp-block-file__button\" download>Stiahnu\u0165<\/a><\/div>\n<\/div>\n\n\n\n<div class=\"wp-block-column\" style=\"flex-basis:50%\">\n<div class=\"wp-block-columns\">\n<div class=\"wp-block-column\" style=\"flex-basis:100%\">\n<div class=\"wp-block-file\"><a href=\"http:\/\/d.r1.wbsprt.com\/kmplg.sk\/wp-content\/uploads\/2021\/03\/SP-Bc-geologia.pdf\">Odpor\u00fa\u010dan\u00fd \u0161tudijn\u00fd pl\u00e1n<\/a><a href=\"http:\/\/d.r1.wbsprt.com\/kmplg.sk\/wp-content\/uploads\/2021\/03\/SP-Bc-geologia.pdf\" class=\"wp-block-file__button\" download>Stiahnu\u0165<\/a><\/div>\n<\/div>\n<\/div>\n<\/div>\n<\/div>\n","protected":false},"excerpt":{"rendered":"<p>Akreditovan\u00fd Bc. program: Geol\u00f3gia Garant:&nbsp;doc. RNDr. Roman Aubrecht, Dr. Absolventi &hellip; <\/p>\n","protected":false},"author":2,"featured_media":0,"parent":36,"menu_order":0,"comment_status":"closed","ping_status":"closed","template":"","meta":{"_monsterinsights_skip_tracking":false,"_monsterinsights_sitenote_active":false,"_monsterinsights_sitenote_note":"","_monsterinsights_sitenote_category":0,"ngg_post_thumbnail":0},"folder":[49],"yoast_head":"<!-- This site is optimized with the Yoast SEO plugin v19.4 - https:\/\/yoast.com\/wordpress\/plugins\/seo\/ -->\n<title>Bakal\u00e1rske \u0161t\u00fadium - Katedra mineral\u00f3gie, petrol\u00f3gie a lo\u017eiskovej geol\u00f3gie<\/title>\n<meta name=\"robots\" content=\"index, follow, max-snippet:-1, max-image-preview:large, max-video-preview:-1\" \/>\n<link rel=\"canonical\" href=\"https:\/\/kmplg.sk\/?page_id=52\" \/>\n<meta property=\"og:locale\" content=\"sk_SK\" \/>\n<meta property=\"og:type\" content=\"article\" \/>\n<meta property=\"og:title\" content=\"Bakal\u00e1rske \u0161t\u00fadium - Katedra mineral\u00f3gie, petrol\u00f3gie a lo\u017eiskovej geol\u00f3gie\" \/>\n<meta property=\"og:description\" content=\"Akreditovan\u00fd Bc. program: Geol\u00f3gia Garant:&nbsp;doc. RNDr. Roman Aubrecht, Dr. Absolventi &hellip;\" \/>\n<meta property=\"og:url\" content=\"https:\/\/kmplg.sk\/?page_id=52\" \/>\n<meta property=\"og:site_name\" content=\"Katedra mineral\u00f3gie, petrol\u00f3gie a lo\u017eiskovej geol\u00f3gie\" \/>\n<meta property=\"article:publisher\" content=\"https:\/\/www.facebook.com\/kmplg\/\" \/>\n<meta property=\"article:modified_time\" content=\"2021-04-30T07:39:59+00:00\" \/>\n<meta name=\"twitter:card\" content=\"summary_large_image\" \/>\n<meta name=\"twitter:label1\" content=\"Predpokladan\u00fd \u010das \u010d\u00edtania\" \/>\n\t<meta name=\"twitter:data1\" content=\"2 min\u00faty\" \/>\n<script type=\"application\/ld+json\" class=\"yoast-schema-graph\">{\"@context\":\"https:\/\/schema.org\",\"@graph\":[{\"@type\":\"WebSite\",\"@id\":\"https:\/\/kmplg.sk\/#website\",\"url\":\"https:\/\/kmplg.sk\/\",\"name\":\"Katedra mineral\u00f3gie, petrol\u00f3gie a lo\u017eiskovej geol\u00f3gie\",\"description\":\"Pr\u00edrodovedeck\u00e1 fakulta Univerzity Komensk\u00e9ho v Bratislave\",\"potentialAction\":[{\"@type\":\"SearchAction\",\"target\":{\"@type\":\"EntryPoint\",\"urlTemplate\":\"https:\/\/kmplg.sk\/?s={search_term_string}\"},\"query-input\":\"required name=search_term_string\"}],\"inLanguage\":\"sk-SK\"},{\"@type\":\"WebPage\",\"@id\":\"https:\/\/kmplg.sk\/?page_id=52\",\"url\":\"https:\/\/kmplg.sk\/?page_id=52\",\"name\":\"Bakal\u00e1rske \u0161t\u00fadium - Katedra mineral\u00f3gie, petrol\u00f3gie a lo\u017eiskovej geol\u00f3gie\",\"isPartOf\":{\"@id\":\"https:\/\/kmplg.sk\/#website\"},\"datePublished\":\"2021-03-04T11:22:15+00:00\",\"dateModified\":\"2021-04-30T07:39:59+00:00\",\"breadcrumb\":{\"@id\":\"https:\/\/kmplg.sk\/?page_id=52#breadcrumb\"},\"inLanguage\":\"sk-SK\",\"potentialAction\":[{\"@type\":\"ReadAction\",\"target\":[\"https:\/\/kmplg.sk\/?page_id=52\"]}]},{\"@type\":\"BreadcrumbList\",\"@id\":\"https:\/\/kmplg.sk\/?page_id=52#breadcrumb\",\"itemListElement\":[{\"@type\":\"ListItem\",\"position\":1,\"name\":\"Home\",\"item\":\"https:\/\/kmplg.sk\/\"},{\"@type\":\"ListItem\",\"position\":2,\"name\":\"\u0160t\u00fadium\",\"item\":\"https:\/\/kmplg.sk\/?page_id=36\"},{\"@type\":\"ListItem\",\"position\":3,\"name\":\"Bakal\u00e1rske \u0161t\u00fadium\"}]}]}<\/script>\n<!-- \/ Yoast SEO plugin. -->","yoast_head_json":{"title":"Bakal\u00e1rske \u0161t\u00fadium - Katedra mineral\u00f3gie, petrol\u00f3gie a lo\u017eiskovej geol\u00f3gie","robots":{"index":"index","follow":"follow","max-snippet":"max-snippet:-1","max-image-preview":"max-image-preview:large","max-video-preview":"max-video-preview:-1"},"canonical":"https:\/\/kmplg.sk\/?page_id=52","og_locale":"sk_SK","og_type":"article","og_title":"Bakal\u00e1rske \u0161t\u00fadium - Katedra mineral\u00f3gie, petrol\u00f3gie a lo\u017eiskovej geol\u00f3gie","og_description":"Akreditovan\u00fd Bc. program: Geol\u00f3gia Garant:&nbsp;doc. RNDr. Roman Aubrecht, Dr. Absolventi &hellip;","og_url":"https:\/\/kmplg.sk\/?page_id=52","og_site_name":"Katedra mineral\u00f3gie, petrol\u00f3gie a lo\u017eiskovej geol\u00f3gie","article_publisher":"https:\/\/www.facebook.com\/kmplg\/","article_modified_time":"2021-04-30T07:39:59+00:00","twitter_card":"summary_large_image","twitter_misc":{"Predpokladan\u00fd \u010das \u010d\u00edtania":"2 min\u00faty"},"schema":{"@context":"https:\/\/schema.org","@graph":[{"@type":"WebSite","@id":"https:\/\/kmplg.sk\/#website","url":"https:\/\/kmplg.sk\/","name":"Katedra mineral\u00f3gie, petrol\u00f3gie a lo\u017eiskovej geol\u00f3gie","description":"Pr\u00edrodovedeck\u00e1 fakulta Univerzity Komensk\u00e9ho v Bratislave","potentialAction":[{"@type":"SearchAction","target":{"@type":"EntryPoint","urlTemplate":"https:\/\/kmplg.sk\/?s={search_term_string}"},"query-input":"required name=search_term_string"}],"inLanguage":"sk-SK"},{"@type":"WebPage","@id":"https:\/\/kmplg.sk\/?page_id=52","url":"https:\/\/kmplg.sk\/?page_id=52","name":"Bakal\u00e1rske \u0161t\u00fadium - Katedra mineral\u00f3gie, petrol\u00f3gie a lo\u017eiskovej geol\u00f3gie","isPartOf":{"@id":"https:\/\/kmplg.sk\/#website"},"datePublished":"2021-03-04T11:22:15+00:00","dateModified":"2021-04-30T07:39:59+00:00","breadcrumb":{"@id":"https:\/\/kmplg.sk\/?page_id=52#breadcrumb"},"inLanguage":"sk-SK","potentialAction":[{"@type":"ReadAction","target":["https:\/\/kmplg.sk\/?page_id=52"]}]},{"@type":"BreadcrumbList","@id":"https:\/\/kmplg.sk\/?page_id=52#breadcrumb","itemListElement":[{"@type":"ListItem","position":1,"name":"Home","item":"https:\/\/kmplg.sk\/"},{"@type":"ListItem","position":2,"name":"\u0160t\u00fadium","item":"https:\/\/kmplg.sk\/?page_id=36"},{"@type":"ListItem","position":3,"name":"Bakal\u00e1rske \u0161t\u00fadium"}]}]}},"_links":{"self":[{"href":"https:\/\/kmplg.sk\/index.php?rest_route=\/wp\/v2\/pages\/52"}],"collection":[{"href":"https:\/\/kmplg.sk\/index.php?rest_route=\/wp\/v2\/pages"}],"about":[{"href":"https:\/\/kmplg.sk\/index.php?rest_route=\/wp\/v2\/types\/page"}],"author":[{"embeddable":true,"href":"https:\/\/kmplg.sk\/index.php?rest_route=\/wp\/v2\/users\/2"}],"replies":[{"embeddable":true,"href":"https:\/\/kmplg.sk\/index.php?rest_route=%2Fwp%2Fv2%2Fcomments&post=52"}],"version-history":[{"count":6,"href":"https:\/\/kmplg.sk\/index.php?rest_route=\/wp\/v2\/pages\/52\/revisions"}],"predecessor-version":[{"id":2138,"href":"https:\/\/kmplg.sk\/index.php?rest_route=\/wp\/v2\/pages\/52\/revisions\/2138"}],"up":[{"embeddable":true,"href":"https:\/\/kmplg.sk\/index.php?rest_route=\/wp\/v2\/pages\/36"}],"wp:attachment":[{"href":"https:\/\/kmplg.sk\/index.php?rest_route=%2Fwp%2Fv2%2Fmedia&parent=52"}],"wp:term":[{"taxonomy":"folder","embeddable":true,"href":"https:\/\/kmplg.sk\/index.php?rest_route=%2Fwp%2Fv2%2Ffolder&post=52"}],"curies":[{"name":"wp","href":"https:\/\/api.w.org\/{rel}","templated":true}]}}