{"id":414,"date":"2021-03-11T07:51:17","date_gmt":"2021-03-11T06:51:17","guid":{"rendered":"http:\/\/d.r1.wbsprt.com\/kmplg.sk\/?page_id=414"},"modified":"2023-04-24T10:20:57","modified_gmt":"2023-04-24T08:20:57","slug":"muzeum","status":"publish","type":"page","link":"https:\/\/kmplg.sk\/?page_id=414","title":{"rendered":"Mineralogick\u00e9 m\u00fazeum Univerzity Komensk\u00e9ho v Bratislave (MMUK)"},"content":{"rendered":"\n<p class=\"has-medium-font-size\"><span class=\"has-inline-color has-vivid-red-color\"><strong>AKTUALITA! M\u00fazeum je z d\u00f4vodu rekon\u0161trukcie minim\u00e1lne do konca j\u00fana ZATVOREN\u00c9.&nbsp; D\u00e1tum otvorenia budeme postupne aktualizova\u0165, pod\u013ea postupu rekon\u0161truk\u010dn\u00fdch pr\u00e1c.<\/strong><\/span><\/p>\n\n\n\n<p>Mineralogick\u00e9 m\u00fazeum Univerzity Komensk\u00e9ho v&nbsp;Bratislave (\u010falej MMUK) bolo zalo\u017een\u00e9 v&nbsp;r. 2016 a&nbsp;bolo zaevidovan\u00e9 Muzeologick\u00fdm kabinetom Slovensk\u00e9ho n\u00e1rodn\u00e9ho m\u00fazea pod \u010d\u00edslom ZMP\/12\/2016 ako m\u00fazejn\u00e9 zariadenie. MMUK je prv\u00fdm&nbsp; a&nbsp;doteraz jedin\u00fdm m\u00fazejn\u00fdm zariaden\u00edm so zbierkami ne\u017eiv\u00fdch pr\u00edrodn\u00edn na \u0161kol\u00e1ch na Slovensku. M\u00fazeum m\u00e1 svoje v\u00fdstavn\u00e9 aj depozitn\u00e9 zbierky na ploche vy\u0161e 400 m<sup>2<\/sup> a&nbsp;vzorky s\u00fa evidovan\u00e9 \u010diasto\u010dne v&nbsp;pr\u00edrastkov\u00fdch knih\u00e1ch a&nbsp;elektronickej datab\u00e1ze. Vzorky vystavovan\u00e9 v&nbsp;jednotliv\u00fdch vitr\u00ednach (vy\u0161e 135) sl\u00fa\u017eia na eduka\u010dn\u00e9 aj expozi\u010dn\u00e9 \u00fa\u010dely a&nbsp;s\u00fa pr\u00edstupn\u00e9 aj pre verejnos\u0165. \u010cas\u0165 vzoriek do systematickej zbierky miner\u00e1lov Slovenska zapo\u017ei\u010dalo nieko\u013eko desiatok vedeck\u00fdch pracovn\u00edkov a&nbsp;zberate\u013eov z&nbsp;cel\u00e9ho Slovenska.<\/p>\n\n\n\n<p><\/p>\n\n\n\n<figure class=\"wp-block-gallery columns-3 is-cropped\"><ul class=\"blocks-gallery-grid\"><li class=\"blocks-gallery-item\"><figure><img loading=\"lazy\" width=\"1024\" height=\"816\" src=\"http:\/\/kmplg.sk\/wp-content\/uploads\/2021\/09\/Mineralogicky-system-Slov.2-1-1024x816.jpg\" alt=\"\" data-id=\"2482\" data-full-url=\"http:\/\/kmplg.sk\/wp-content\/uploads\/2021\/09\/Mineralogicky-system-Slov.2-1.jpg\" data-link=\"http:\/\/kmplg.sk\/?attachment_id=2482\" class=\"wp-image-2482\" srcset=\"https:\/\/kmplg.sk\/wp-content\/uploads\/2021\/09\/Mineralogicky-system-Slov.2-1-1024x816.jpg 1024w, https:\/\/kmplg.sk\/wp-content\/uploads\/2021\/09\/Mineralogicky-system-Slov.2-1-300x239.jpg 300w, https:\/\/kmplg.sk\/wp-content\/uploads\/2021\/09\/Mineralogicky-system-Slov.2-1-768x612.jpg 768w, https:\/\/kmplg.sk\/wp-content\/uploads\/2021\/09\/Mineralogicky-system-Slov.2-1-75x60.jpg 75w, https:\/\/kmplg.sk\/wp-content\/uploads\/2021\/09\/Mineralogicky-system-Slov.2-1.jpg 1204w\" sizes=\"(max-width: 1024px) 100vw, 1024px\" \/><\/figure><\/li><li class=\"blocks-gallery-item\"><figure><img loading=\"lazy\" width=\"1024\" height=\"768\" src=\"http:\/\/kmplg.sk\/wp-content\/uploads\/2021\/09\/Mineralogicky-system-Slov.3-1024x768.jpg\" alt=\"\" data-id=\"2480\" data-full-url=\"http:\/\/kmplg.sk\/wp-content\/uploads\/2021\/09\/Mineralogicky-system-Slov.3.jpg\" data-link=\"http:\/\/kmplg.sk\/?attachment_id=2480\" class=\"wp-image-2480\" srcset=\"https:\/\/kmplg.sk\/wp-content\/uploads\/2021\/09\/Mineralogicky-system-Slov.3-1024x768.jpg 1024w, https:\/\/kmplg.sk\/wp-content\/uploads\/2021\/09\/Mineralogicky-system-Slov.3-300x225.jpg 300w, https:\/\/kmplg.sk\/wp-content\/uploads\/2021\/09\/Mineralogicky-system-Slov.3-768x576.jpg 768w, https:\/\/kmplg.sk\/wp-content\/uploads\/2021\/09\/Mineralogicky-system-Slov.3-80x60.jpg 80w, https:\/\/kmplg.sk\/wp-content\/uploads\/2021\/09\/Mineralogicky-system-Slov.3.jpg 1280w\" sizes=\"(max-width: 1024px) 100vw, 1024px\" \/><\/figure><\/li><li class=\"blocks-gallery-item\"><figure><img loading=\"lazy\" width=\"1024\" height=\"768\" src=\"http:\/\/kmplg.sk\/wp-content\/uploads\/2021\/09\/muzeum-katedry3-1024x768.jpg\" alt=\"\" data-id=\"2481\" data-full-url=\"http:\/\/kmplg.sk\/wp-content\/uploads\/2021\/09\/muzeum-katedry3.jpg\" data-link=\"http:\/\/kmplg.sk\/?attachment_id=2481\" class=\"wp-image-2481\" srcset=\"https:\/\/kmplg.sk\/wp-content\/uploads\/2021\/09\/muzeum-katedry3-1024x768.jpg 1024w, https:\/\/kmplg.sk\/wp-content\/uploads\/2021\/09\/muzeum-katedry3-300x225.jpg 300w, https:\/\/kmplg.sk\/wp-content\/uploads\/2021\/09\/muzeum-katedry3-768x576.jpg 768w, https:\/\/kmplg.sk\/wp-content\/uploads\/2021\/09\/muzeum-katedry3-80x60.jpg 80w, https:\/\/kmplg.sk\/wp-content\/uploads\/2021\/09\/muzeum-katedry3.jpg 1280w\" sizes=\"(max-width: 1024px) 100vw, 1024px\" \/><\/figure><\/li><\/ul><\/figure>\n\n\n\n<p><\/p>\n\n\n\n<p class=\"has-medium-font-size\"><strong><span class=\"has-inline-color has-vivid-red-color\">OTV\u00c1RACIE HODINY<\/span><\/strong><\/p>\n\n\n\n<p>Pondelok &#8211; \u0160tvrtok 11:00-15.00<br>Piatok 11:00-14:00<br>alebo kedyko\u013evek inokedy pod dohode s kur\u00e1torom.<\/p>\n\n\n\n<p><\/p>\n\n\n\n<p><strong>Kontakt: <\/strong>Mgr. Daniel Ozd\u00edn, PhD., Tel.: 0905 554 776;&nbsp;<a href=\"mailto:daniel.ozdin@gmail.com\">daniel.ozdin@gmail.com<\/a><\/p>\n","protected":false},"excerpt":{"rendered":"<p>AKTUALITA! M\u00fazeum je z d\u00f4vodu rekon\u0161trukcie minim\u00e1lne do konca j\u00fana &hellip; <\/p>\n","protected":false},"author":2,"featured_media":0,"parent":0,"menu_order":0,"comment_status":"closed","ping_status":"closed","template":"","meta":{"_monsterinsights_skip_tracking":false,"_monsterinsights_sitenote_active":false,"_monsterinsights_sitenote_note":"","_monsterinsights_sitenote_category":0,"ngg_post_thumbnail":0},"folder":[55],"yoast_head":"<!-- This site is optimized with the Yoast SEO plugin v19.4 - https:\/\/yoast.com\/wordpress\/plugins\/seo\/ -->\n<title>Mineralogick\u00e9 m\u00fazeum Univerzity Komensk\u00e9ho v Bratislave (MMUK) - Katedra mineral\u00f3gie, petrol\u00f3gie a lo\u017eiskovej geol\u00f3gie<\/title>\n<meta name=\"robots\" content=\"index, follow, max-snippet:-1, max-image-preview:large, max-video-preview:-1\" \/>\n<link rel=\"canonical\" href=\"https:\/\/kmplg.sk\/?page_id=414\" \/>\n<meta property=\"og:locale\" content=\"sk_SK\" \/>\n<meta property=\"og:type\" content=\"article\" \/>\n<meta property=\"og:title\" content=\"Mineralogick\u00e9 m\u00fazeum Univerzity Komensk\u00e9ho v Bratislave (MMUK) - Katedra mineral\u00f3gie, petrol\u00f3gie a lo\u017eiskovej geol\u00f3gie\" \/>\n<meta property=\"og:description\" content=\"AKTUALITA! M\u00fazeum je z d\u00f4vodu rekon\u0161trukcie minim\u00e1lne do konca j\u00fana &hellip;\" \/>\n<meta property=\"og:url\" content=\"https:\/\/kmplg.sk\/?page_id=414\" \/>\n<meta property=\"og:site_name\" content=\"Katedra mineral\u00f3gie, petrol\u00f3gie a lo\u017eiskovej geol\u00f3gie\" \/>\n<meta property=\"article:publisher\" content=\"https:\/\/www.facebook.com\/kmplg\/\" \/>\n<meta property=\"article:modified_time\" content=\"2023-04-24T08:20:57+00:00\" \/>\n<meta property=\"og:image\" content=\"http:\/\/kmplg.sk\/wp-content\/uploads\/2021\/09\/Mineralogicky-system-Slov.2-1-1024x816.jpg\" \/>\n<meta name=\"twitter:card\" content=\"summary_large_image\" \/>\n<meta name=\"twitter:label1\" content=\"Predpokladan\u00fd \u010das \u010d\u00edtania\" \/>\n\t<meta name=\"twitter:data1\" content=\"2 min\u00faty\" \/>\n<script type=\"application\/ld+json\" class=\"yoast-schema-graph\">{\"@context\":\"https:\/\/schema.org\",\"@graph\":[{\"@type\":\"WebSite\",\"@id\":\"https:\/\/kmplg.sk\/#website\",\"url\":\"https:\/\/kmplg.sk\/\",\"name\":\"Katedra mineral\u00f3gie, petrol\u00f3gie a lo\u017eiskovej geol\u00f3gie\",\"description\":\"Pr\u00edrodovedeck\u00e1 fakulta Univerzity Komensk\u00e9ho v Bratislave\",\"potentialAction\":[{\"@type\":\"SearchAction\",\"target\":{\"@type\":\"EntryPoint\",\"urlTemplate\":\"https:\/\/kmplg.sk\/?s={search_term_string}\"},\"query-input\":\"required name=search_term_string\"}],\"inLanguage\":\"sk-SK\"},{\"@type\":\"WebPage\",\"@id\":\"https:\/\/kmplg.sk\/?page_id=414\",\"url\":\"https:\/\/kmplg.sk\/?page_id=414\",\"name\":\"Mineralogick\u00e9 m\u00fazeum Univerzity Komensk\u00e9ho v Bratislave (MMUK) - Katedra mineral\u00f3gie, petrol\u00f3gie a lo\u017eiskovej geol\u00f3gie\",\"isPartOf\":{\"@id\":\"https:\/\/kmplg.sk\/#website\"},\"datePublished\":\"2021-03-11T06:51:17+00:00\",\"dateModified\":\"2023-04-24T08:20:57+00:00\",\"breadcrumb\":{\"@id\":\"https:\/\/kmplg.sk\/?page_id=414#breadcrumb\"},\"inLanguage\":\"sk-SK\",\"potentialAction\":[{\"@type\":\"ReadAction\",\"target\":[\"https:\/\/kmplg.sk\/?page_id=414\"]}]},{\"@type\":\"BreadcrumbList\",\"@id\":\"https:\/\/kmplg.sk\/?page_id=414#breadcrumb\",\"itemListElement\":[{\"@type\":\"ListItem\",\"position\":1,\"name\":\"Home\",\"item\":\"https:\/\/kmplg.sk\/\"},{\"@type\":\"ListItem\",\"position\":2,\"name\":\"Mineralogick\u00e9 m\u00fazeum Univerzity Komensk\u00e9ho v Bratislave (MMUK)\"}]}]}<\/script>\n<!-- \/ Yoast SEO plugin. -->","yoast_head_json":{"title":"Mineralogick\u00e9 m\u00fazeum Univerzity Komensk\u00e9ho v Bratislave (MMUK) - Katedra mineral\u00f3gie, petrol\u00f3gie a lo\u017eiskovej geol\u00f3gie","robots":{"index":"index","follow":"follow","max-snippet":"max-snippet:-1","max-image-preview":"max-image-preview:large","max-video-preview":"max-video-preview:-1"},"canonical":"https:\/\/kmplg.sk\/?page_id=414","og_locale":"sk_SK","og_type":"article","og_title":"Mineralogick\u00e9 m\u00fazeum Univerzity Komensk\u00e9ho v Bratislave (MMUK) - Katedra mineral\u00f3gie, petrol\u00f3gie a lo\u017eiskovej geol\u00f3gie","og_description":"AKTUALITA! M\u00fazeum je z d\u00f4vodu rekon\u0161trukcie minim\u00e1lne do konca j\u00fana &hellip;","og_url":"https:\/\/kmplg.sk\/?page_id=414","og_site_name":"Katedra mineral\u00f3gie, petrol\u00f3gie a lo\u017eiskovej geol\u00f3gie","article_publisher":"https:\/\/www.facebook.com\/kmplg\/","article_modified_time":"2023-04-24T08:20:57+00:00","og_image":[{"url":"http:\/\/kmplg.sk\/wp-content\/uploads\/2021\/09\/Mineralogicky-system-Slov.2-1-1024x816.jpg"}],"twitter_card":"summary_large_image","twitter_misc":{"Predpokladan\u00fd \u010das \u010d\u00edtania":"2 min\u00faty"},"schema":{"@context":"https:\/\/schema.org","@graph":[{"@type":"WebSite","@id":"https:\/\/kmplg.sk\/#website","url":"https:\/\/kmplg.sk\/","name":"Katedra mineral\u00f3gie, petrol\u00f3gie a lo\u017eiskovej geol\u00f3gie","description":"Pr\u00edrodovedeck\u00e1 fakulta Univerzity Komensk\u00e9ho v Bratislave","potentialAction":[{"@type":"SearchAction","target":{"@type":"EntryPoint","urlTemplate":"https:\/\/kmplg.sk\/?s={search_term_string}"},"query-input":"required name=search_term_string"}],"inLanguage":"sk-SK"},{"@type":"WebPage","@id":"https:\/\/kmplg.sk\/?page_id=414","url":"https:\/\/kmplg.sk\/?page_id=414","name":"Mineralogick\u00e9 m\u00fazeum Univerzity Komensk\u00e9ho v Bratislave (MMUK) - Katedra mineral\u00f3gie, petrol\u00f3gie a lo\u017eiskovej geol\u00f3gie","isPartOf":{"@id":"https:\/\/kmplg.sk\/#website"},"datePublished":"2021-03-11T06:51:17+00:00","dateModified":"2023-04-24T08:20:57+00:00","breadcrumb":{"@id":"https:\/\/kmplg.sk\/?page_id=414#breadcrumb"},"inLanguage":"sk-SK","potentialAction":[{"@type":"ReadAction","target":["https:\/\/kmplg.sk\/?page_id=414"]}]},{"@type":"BreadcrumbList","@id":"https:\/\/kmplg.sk\/?page_id=414#breadcrumb","itemListElement":[{"@type":"ListItem","position":1,"name":"Home","item":"https:\/\/kmplg.sk\/"},{"@type":"ListItem","position":2,"name":"Mineralogick\u00e9 m\u00fazeum Univerzity Komensk\u00e9ho v Bratislave (MMUK)"}]}]}},"_links":{"self":[{"href":"https:\/\/kmplg.sk\/index.php?rest_route=\/wp\/v2\/pages\/414"}],"collection":[{"href":"https:\/\/kmplg.sk\/index.php?rest_route=\/wp\/v2\/pages"}],"about":[{"href":"https:\/\/kmplg.sk\/index.php?rest_route=\/wp\/v2\/types\/page"}],"author":[{"embeddable":true,"href":"https:\/\/kmplg.sk\/index.php?rest_route=\/wp\/v2\/users\/2"}],"replies":[{"embeddable":true,"href":"https:\/\/kmplg.sk\/index.php?rest_route=%2Fwp%2Fv2%2Fcomments&post=414"}],"version-history":[{"count":7,"href":"https:\/\/kmplg.sk\/index.php?rest_route=\/wp\/v2\/pages\/414\/revisions"}],"predecessor-version":[{"id":3071,"href":"https:\/\/kmplg.sk\/index.php?rest_route=\/wp\/v2\/pages\/414\/revisions\/3071"}],"wp:attachment":[{"href":"https:\/\/kmplg.sk\/index.php?rest_route=%2Fwp%2Fv2%2Fmedia&parent=414"}],"wp:term":[{"taxonomy":"folder","embeddable":true,"href":"https:\/\/kmplg.sk\/index.php?rest_route=%2Fwp%2Fv2%2Ffolder&post=414"}],"curies":[{"name":"wp","href":"https:\/\/api.w.org\/{rel}","templated":true}]}}