{"id":38,"date":"2021-03-04T12:13:27","date_gmt":"2021-03-04T11:13:27","guid":{"rendered":"http:\/\/d.r1.wbsprt.com\/kmplg.sk\/?page_id=38"},"modified":"2021-04-13T14:50:51","modified_gmt":"2021-04-13T12:50:51","slug":"vedecka-cinnost","status":"publish","type":"page","link":"https:\/\/kmplg.sk\/?page_id=38","title":{"rendered":"Vedeck\u00e1 \u010dinnos\u0165"},"content":{"rendered":"\n<h2><span class=\"has-inline-color has-vivid-red-color\">OKRUHY VEDECKEJ \u010cINNOSTI KATEDRY<\/span><\/h2>\n\n\n\n<ul><li>systematick\u00fd mineralogick\u00fd a metalogenetick\u00fd v\u00fdskum hydroterm\u00e1lnych mineraliz\u00e1ci\u00ed v&nbsp;Z\u00e1padn\u00fdch Karpatoch (zdroje flu\u00edd, miner\u00e1lne paragen\u00e9zy, rie\u0161enie mineralogicko-lo\u017eiskovej problematiky)<\/li><li>kry\u0161talochemick\u00fd a&nbsp;kry\u0161talografick\u00fd v\u00fdskum miner\u00e1lov<\/li><li>\u0161t\u00fadium fluidn\u00fdch inkl\u00fazi\u00ed v&nbsp;miner\u00e1loch<\/li><li>izotopov\u00fd v\u00fdskum miner\u00e1lov a&nbsp;horn\u00edn<\/li><li>region\u00e1lna mineralogick\u00e1 prospekcia (distrib\u00facia ekonomicky vyu\u017eite\u013en\u00fdch prvkov)<\/li><li>\u0161t\u00fadium typol\u00f3gie a morfol\u00f3gie miner\u00e1lov<\/li><li>\u0161t\u00fadium akcesorick\u00fdch miner\u00e1lov a&nbsp;prvkov skupiny vz\u00e1cnych zem\u00edn<\/li><li>elektr\u00f3novo-optick\u00e1 identifik\u00e1cia nov\u00fdch slovensk\u00fdch miner\u00e1lov<\/li><li>vyu\u017e\u00edvanie modern\u00fdch analytick\u00fdch met\u00f3d v\u00fdskumu miner\u00e1lov a horn\u00edn;<\/li><li>v\u00fdskum kontaminovan\u00e9ho odkaliskov\u00e9ho materi\u00e1lu po banskej \u010dinnosti (transport a v\u00e4zba toxick\u00fdch prvkov v&nbsp;\u017eivotnom prostred\u00ed, n\u00e1vrh geochemick\u00fdch bari\u00e9r zabra\u0148uj\u00facich \u0161\u00edreniu zne\u010distenia do okolit\u00e9ho prostredia)<\/li><li>petrologick\u00fd v\u00fdskum orientovan\u00fd na rie\u0161enie gen\u00e9zy horn\u00edn<\/li><li>termodynamick\u00e9 modelovanie v&nbsp;petrol\u00f3gii (geotermobarometria \u2013 stanovenie tlakovo-teplotn\u00fdch podmienok metamorf\u00f3zy, \u0161t\u00fadium f\u00e1zov\u00fdch vz\u0165ahov v&nbsp;metamorfovan\u00fdch a&nbsp;magmatick\u00fdch hornin\u00e1ch);<\/li><li>geodynamick\u00e9 modely v\u00fdvoja horninov\u00fdch komplexov Z\u00e1padn\u00fdch Karp\u00e1t<\/li><li>identifik\u00e1cia proveniencie a&nbsp;sedimenta\u010dn\u00fdch podmienok vzniku horn\u00edn vr\u00e1tane modelovania v\u00fdvoja baz\u00e9nov<\/li><li>ter\u00e9nne mapovanie a&nbsp;petrografick\u00fd opis litologick\u00fdch komplexov<\/li><li>rekon\u0161trukcia zdrojov\u00fdch oblast\u00ed horn\u00edn z&nbsp;h\u013eadiska ich geologickej poz\u00edcie a&nbsp; tektonick\u00e9ho prepracovania<\/li><li>v\u00fdskum ekonomickej vyu\u017eite\u013enosti horn\u00edn (priemysel a&nbsp;stavebn\u00edctvo)<\/li><li>\u0161t\u00fadium xenolitov a kumul\u00e1tov\u00fdch magmatick\u00fdch horn\u00edn<\/li><li>v\u00fdskum fluidn\u00fdch inkl\u00fazi\u00ed v&nbsp;hornin\u00e1ch a xenolitoch zemskej k\u00f4ry a&nbsp;pl\u00e1\u0161\u0165a<\/li><li>met\u00f3dy petrotektonick\u00e9ho v\u00fdskumu aplikovan\u00e9 pri rie\u0161en\u00ed tektonometamorfn\u00e9ho a geodynamick\u00e9ho v\u00fdvoja fundamentu Z\u00e1padn\u00fdch Karp\u00e1t a V\u00fdchodn\u00fdch \u00c1lp (modely prednostnej orient\u00e1cie mechanicky akt\u00edvnych miner\u00e1lov stri\u017en\u00fdch z\u00f3n)<\/li><li>petroarcheologick\u00fd v\u00fdskum kamenn\u00fdch a&nbsp;keramick\u00fdch artefaktov (identifik\u00e1cia proveniencie horninov\u00e9ho materi\u00e1lu);&nbsp;<\/li><li>petrografick\u00fd opis pr\u00edrodn\u00fdch kame\u0148ov a&nbsp;kameniva pod\u013ea po\u017eiadaviek eur\u00f3pskych noriem<\/li><\/ul>\n","protected":false},"excerpt":{"rendered":"<p>OKRUHY VEDECKEJ \u010cINNOSTI KATEDRY systematick\u00fd mineralogick\u00fd a metalogenetick\u00fd v\u00fdskum hydroterm\u00e1lnych &hellip; <\/p>\n","protected":false},"author":2,"featured_media":0,"parent":0,"menu_order":0,"comment_status":"closed","ping_status":"closed","template":"","meta":{"_monsterinsights_skip_tracking":false,"_monsterinsights_sitenote_active":false,"_monsterinsights_sitenote_note":"","_monsterinsights_sitenote_category":0,"ngg_post_thumbnail":0},"folder":[51],"yoast_head":"<!-- This site is optimized with the Yoast SEO plugin v19.4 - https:\/\/yoast.com\/wordpress\/plugins\/seo\/ -->\n<title>Vedeck\u00e1 \u010dinnos\u0165 - Katedra mineral\u00f3gie, petrol\u00f3gie a lo\u017eiskovej geol\u00f3gie<\/title>\n<meta name=\"robots\" content=\"index, follow, max-snippet:-1, max-image-preview:large, max-video-preview:-1\" \/>\n<link rel=\"canonical\" href=\"https:\/\/kmplg.sk\/?page_id=38\" \/>\n<meta property=\"og:locale\" content=\"sk_SK\" \/>\n<meta property=\"og:type\" content=\"article\" \/>\n<meta property=\"og:title\" content=\"Vedeck\u00e1 \u010dinnos\u0165 - Katedra mineral\u00f3gie, petrol\u00f3gie a lo\u017eiskovej geol\u00f3gie\" \/>\n<meta property=\"og:description\" content=\"OKRUHY VEDECKEJ \u010cINNOSTI KATEDRY systematick\u00fd mineralogick\u00fd a metalogenetick\u00fd v\u00fdskum hydroterm\u00e1lnych &hellip;\" \/>\n<meta property=\"og:url\" content=\"https:\/\/kmplg.sk\/?page_id=38\" \/>\n<meta property=\"og:site_name\" content=\"Katedra mineral\u00f3gie, petrol\u00f3gie a lo\u017eiskovej geol\u00f3gie\" \/>\n<meta property=\"article:publisher\" content=\"https:\/\/www.facebook.com\/kmplg\/\" \/>\n<meta property=\"article:modified_time\" content=\"2021-04-13T12:50:51+00:00\" \/>\n<meta name=\"twitter:card\" content=\"summary_large_image\" \/>\n<meta name=\"twitter:label1\" content=\"Predpokladan\u00fd \u010das \u010d\u00edtania\" \/>\n\t<meta name=\"twitter:data1\" content=\"1 min\u00fata\" \/>\n<script type=\"application\/ld+json\" class=\"yoast-schema-graph\">{\"@context\":\"https:\/\/schema.org\",\"@graph\":[{\"@type\":\"WebSite\",\"@id\":\"https:\/\/kmplg.sk\/#website\",\"url\":\"https:\/\/kmplg.sk\/\",\"name\":\"Katedra mineral\u00f3gie, petrol\u00f3gie a lo\u017eiskovej geol\u00f3gie\",\"description\":\"Pr\u00edrodovedeck\u00e1 fakulta Univerzity Komensk\u00e9ho v Bratislave\",\"potentialAction\":[{\"@type\":\"SearchAction\",\"target\":{\"@type\":\"EntryPoint\",\"urlTemplate\":\"https:\/\/kmplg.sk\/?s={search_term_string}\"},\"query-input\":\"required name=search_term_string\"}],\"inLanguage\":\"sk-SK\"},{\"@type\":\"WebPage\",\"@id\":\"https:\/\/kmplg.sk\/?page_id=38\",\"url\":\"https:\/\/kmplg.sk\/?page_id=38\",\"name\":\"Vedeck\u00e1 \u010dinnos\u0165 - Katedra mineral\u00f3gie, petrol\u00f3gie a lo\u017eiskovej geol\u00f3gie\",\"isPartOf\":{\"@id\":\"https:\/\/kmplg.sk\/#website\"},\"datePublished\":\"2021-03-04T11:13:27+00:00\",\"dateModified\":\"2021-04-13T12:50:51+00:00\",\"breadcrumb\":{\"@id\":\"https:\/\/kmplg.sk\/?page_id=38#breadcrumb\"},\"inLanguage\":\"sk-SK\",\"potentialAction\":[{\"@type\":\"ReadAction\",\"target\":[\"https:\/\/kmplg.sk\/?page_id=38\"]}]},{\"@type\":\"BreadcrumbList\",\"@id\":\"https:\/\/kmplg.sk\/?page_id=38#breadcrumb\",\"itemListElement\":[{\"@type\":\"ListItem\",\"position\":1,\"name\":\"Home\",\"item\":\"https:\/\/kmplg.sk\/\"},{\"@type\":\"ListItem\",\"position\":2,\"name\":\"Vedeck\u00e1 \u010dinnos\u0165\"}]}]}<\/script>\n<!-- \/ Yoast SEO plugin. -->","yoast_head_json":{"title":"Vedeck\u00e1 \u010dinnos\u0165 - Katedra mineral\u00f3gie, petrol\u00f3gie a lo\u017eiskovej geol\u00f3gie","robots":{"index":"index","follow":"follow","max-snippet":"max-snippet:-1","max-image-preview":"max-image-preview:large","max-video-preview":"max-video-preview:-1"},"canonical":"https:\/\/kmplg.sk\/?page_id=38","og_locale":"sk_SK","og_type":"article","og_title":"Vedeck\u00e1 \u010dinnos\u0165 - Katedra mineral\u00f3gie, petrol\u00f3gie a lo\u017eiskovej geol\u00f3gie","og_description":"OKRUHY VEDECKEJ \u010cINNOSTI KATEDRY systematick\u00fd mineralogick\u00fd a metalogenetick\u00fd v\u00fdskum hydroterm\u00e1lnych &hellip;","og_url":"https:\/\/kmplg.sk\/?page_id=38","og_site_name":"Katedra mineral\u00f3gie, petrol\u00f3gie a lo\u017eiskovej geol\u00f3gie","article_publisher":"https:\/\/www.facebook.com\/kmplg\/","article_modified_time":"2021-04-13T12:50:51+00:00","twitter_card":"summary_large_image","twitter_misc":{"Predpokladan\u00fd \u010das \u010d\u00edtania":"1 min\u00fata"},"schema":{"@context":"https:\/\/schema.org","@graph":[{"@type":"WebSite","@id":"https:\/\/kmplg.sk\/#website","url":"https:\/\/kmplg.sk\/","name":"Katedra mineral\u00f3gie, petrol\u00f3gie a lo\u017eiskovej geol\u00f3gie","description":"Pr\u00edrodovedeck\u00e1 fakulta Univerzity Komensk\u00e9ho v Bratislave","potentialAction":[{"@type":"SearchAction","target":{"@type":"EntryPoint","urlTemplate":"https:\/\/kmplg.sk\/?s={search_term_string}"},"query-input":"required name=search_term_string"}],"inLanguage":"sk-SK"},{"@type":"WebPage","@id":"https:\/\/kmplg.sk\/?page_id=38","url":"https:\/\/kmplg.sk\/?page_id=38","name":"Vedeck\u00e1 \u010dinnos\u0165 - Katedra mineral\u00f3gie, petrol\u00f3gie a lo\u017eiskovej geol\u00f3gie","isPartOf":{"@id":"https:\/\/kmplg.sk\/#website"},"datePublished":"2021-03-04T11:13:27+00:00","dateModified":"2021-04-13T12:50:51+00:00","breadcrumb":{"@id":"https:\/\/kmplg.sk\/?page_id=38#breadcrumb"},"inLanguage":"sk-SK","potentialAction":[{"@type":"ReadAction","target":["https:\/\/kmplg.sk\/?page_id=38"]}]},{"@type":"BreadcrumbList","@id":"https:\/\/kmplg.sk\/?page_id=38#breadcrumb","itemListElement":[{"@type":"ListItem","position":1,"name":"Home","item":"https:\/\/kmplg.sk\/"},{"@type":"ListItem","position":2,"name":"Vedeck\u00e1 \u010dinnos\u0165"}]}]}},"_links":{"self":[{"href":"https:\/\/kmplg.sk\/index.php?rest_route=\/wp\/v2\/pages\/38"}],"collection":[{"href":"https:\/\/kmplg.sk\/index.php?rest_route=\/wp\/v2\/pages"}],"about":[{"href":"https:\/\/kmplg.sk\/index.php?rest_route=\/wp\/v2\/types\/page"}],"author":[{"embeddable":true,"href":"https:\/\/kmplg.sk\/index.php?rest_route=\/wp\/v2\/users\/2"}],"replies":[{"embeddable":true,"href":"https:\/\/kmplg.sk\/index.php?rest_route=%2Fwp%2Fv2%2Fcomments&post=38"}],"version-history":[{"count":2,"href":"https:\/\/kmplg.sk\/index.php?rest_route=\/wp\/v2\/pages\/38\/revisions"}],"predecessor-version":[{"id":1152,"href":"https:\/\/kmplg.sk\/index.php?rest_route=\/wp\/v2\/pages\/38\/revisions\/1152"}],"wp:attachment":[{"href":"https:\/\/kmplg.sk\/index.php?rest_route=%2Fwp%2Fv2%2Fmedia&parent=38"}],"wp:term":[{"taxonomy":"folder","embeddable":true,"href":"https:\/\/kmplg.sk\/index.php?rest_route=%2Fwp%2Fv2%2Ffolder&post=38"}],"curies":[{"name":"wp","href":"https:\/\/api.w.org\/{rel}","templated":true}]}}