{"id":3370,"date":"2025-02-17T20:02:25","date_gmt":"2025-02-17T19:02:25","guid":{"rendered":"https:\/\/kmplg.sk\/?page_id=3370"},"modified":"2025-02-17T20:08:50","modified_gmt":"2025-02-17T19:08:50","slug":"theocrystmin-bovatom-software-2","status":"publish","type":"page","link":"https:\/\/kmplg.sk\/?page_id=3370&lang=en","title":{"rendered":"TheoCrystMin &#8211; BoVaToM software"},"content":{"rendered":"\n<p><a href=\"https:\/\/kmplg.sk\/?page_id=3286&amp;lang=en\">Basic information about the project<\/a><\/p>\n\n\n\n<p>Theoretical basis<\/p>\n\n\n\n<p><a href=\"https:\/\/kmplg.sk\/?page_id=3370&amp;lang=en\">BoVaToM software<\/a><\/p>\n\n\n\n<h2><strong>Bond Valence Topological Model<\/strong><\/h2>\n\n\n\n<p>Ba\u010d\u00edk P., 2025: The bond-topological field modeling I: The bond-topological map of dravite from Forshammar, Sweden. <em>American Mineralogist<\/em>, <em>in prep.<\/em> <\/p>\n\n\n\n<p><a href=\"http:\/\/kmplg.sk\/wp-content\/uploads\/2025\/01\/Bond-calculation-dravite-Forshammar.xlsx\" target=\"_blank\" rel=\"noreferrer noopener\">Calculation of BVTM for dravite from Forshammar<\/a> (Excel)<\/p>\n\n\n\n<p><\/p>\n\n\n\n<p><\/p>\n\n\n\n<h2>BoVaToM software<\/h2>\n\n\n\n<p>In preparation<\/p>\n\n\n\n<h2>Funded by the European Union from the Recovery and Resilience Plan of the Slovak Republic<\/h2>\n\n\n\n<figure class=\"wp-block-image size-large\"><img loading=\"lazy\" width=\"1024\" height=\"160\" src=\"https:\/\/kmplg.sk\/wp-content\/uploads\/2025\/01\/POO-plagat-projektu-VA-OK-PB-dolnybanner-1024x160.jpg\" alt=\"\" class=\"wp-image-3263\" srcset=\"https:\/\/kmplg.sk\/wp-content\/uploads\/2025\/01\/POO-plagat-projektu-VA-OK-PB-dolnybanner-1024x160.jpg 1024w, https:\/\/kmplg.sk\/wp-content\/uploads\/2025\/01\/POO-plagat-projektu-VA-OK-PB-dolnybanner-300x47.jpg 300w, https:\/\/kmplg.sk\/wp-content\/uploads\/2025\/01\/POO-plagat-projektu-VA-OK-PB-dolnybanner-768x120.jpg 768w, https:\/\/kmplg.sk\/wp-content\/uploads\/2025\/01\/POO-plagat-projektu-VA-OK-PB-dolnybanner-384x60.jpg 384w, https:\/\/kmplg.sk\/wp-content\/uploads\/2025\/01\/POO-plagat-projektu-VA-OK-PB-dolnybanner.jpg 1458w\" sizes=\"(max-width: 1024px) 100vw, 1024px\" \/><\/figure>\n","protected":false},"excerpt":{"rendered":"<p>Basic information about the project Theoretical basis BoVaToM software Bond &hellip; <\/p>\n","protected":false},"author":1,"featured_media":0,"parent":0,"menu_order":0,"comment_status":"closed","ping_status":"closed","template":"","meta":{"_monsterinsights_skip_tracking":false,"_monsterinsights_sitenote_active":false,"_monsterinsights_sitenote_note":"","_monsterinsights_sitenote_category":0,"ngg_post_thumbnail":0},"folder":[102],"yoast_head":"<!-- This site is optimized with the Yoast SEO plugin v19.4 - https:\/\/yoast.com\/wordpress\/plugins\/seo\/ -->\n<title>TheoCrystMin - BoVaToM software - Katedra mineral\u00f3gie, petrol\u00f3gie a lo\u017eiskovej geol\u00f3gie<\/title>\n<meta name=\"robots\" content=\"index, follow, max-snippet:-1, max-image-preview:large, max-video-preview:-1\" \/>\n<link rel=\"canonical\" href=\"https:\/\/kmplg.sk\/?page_id=3370&lang=en\" \/>\n<meta property=\"og:locale\" content=\"sk_SK\" \/>\n<meta property=\"og:type\" content=\"article\" \/>\n<meta property=\"og:title\" content=\"TheoCrystMin - BoVaToM software - Katedra mineral\u00f3gie, petrol\u00f3gie a lo\u017eiskovej geol\u00f3gie\" \/>\n<meta property=\"og:description\" content=\"Basic information about the project Theoretical basis BoVaToM software Bond &hellip;\" \/>\n<meta property=\"og:url\" content=\"https:\/\/kmplg.sk\/?page_id=3370&amp;lang=en\" \/>\n<meta property=\"og:site_name\" content=\"Katedra mineral\u00f3gie, petrol\u00f3gie a lo\u017eiskovej geol\u00f3gie\" \/>\n<meta property=\"article:publisher\" content=\"https:\/\/www.facebook.com\/kmplg\/\" \/>\n<meta property=\"article:modified_time\" content=\"2025-02-17T19:08:50+00:00\" \/>\n<meta property=\"og:image\" content=\"https:\/\/kmplg.sk\/wp-content\/uploads\/2025\/01\/POO-plagat-projektu-VA-OK-PB-dolnybanner-1024x160.jpg\" \/>\n<meta name=\"twitter:card\" content=\"summary_large_image\" \/>\n<meta name=\"twitter:label1\" content=\"Predpokladan\u00fd \u010das \u010d\u00edtania\" \/>\n\t<meta name=\"twitter:data1\" content=\"1 min\u00fata\" \/>\n<script type=\"application\/ld+json\" class=\"yoast-schema-graph\">{\"@context\":\"https:\/\/schema.org\",\"@graph\":[{\"@type\":\"WebSite\",\"@id\":\"https:\/\/kmplg.sk\/#website\",\"url\":\"https:\/\/kmplg.sk\/\",\"name\":\"Katedra mineral\u00f3gie, petrol\u00f3gie a lo\u017eiskovej geol\u00f3gie\",\"description\":\"Pr\u00edrodovedeck\u00e1 fakulta Univerzity Komensk\u00e9ho v Bratislave\",\"potentialAction\":[{\"@type\":\"SearchAction\",\"target\":{\"@type\":\"EntryPoint\",\"urlTemplate\":\"https:\/\/kmplg.sk\/?s={search_term_string}\"},\"query-input\":\"required name=search_term_string\"}],\"inLanguage\":\"sk-SK\"},{\"@type\":\"WebPage\",\"@id\":\"https:\/\/kmplg.sk\/?page_id=3370&lang=en\",\"url\":\"https:\/\/kmplg.sk\/?page_id=3370&lang=en\",\"name\":\"TheoCrystMin - BoVaToM software - Katedra mineral\u00f3gie, petrol\u00f3gie a lo\u017eiskovej geol\u00f3gie\",\"isPartOf\":{\"@id\":\"https:\/\/kmplg.sk\/#website\"},\"datePublished\":\"2025-02-17T19:02:25+00:00\",\"dateModified\":\"2025-02-17T19:08:50+00:00\",\"breadcrumb\":{\"@id\":\"https:\/\/kmplg.sk\/?page_id=3370&lang=en#breadcrumb\"},\"inLanguage\":\"sk-SK\",\"potentialAction\":[{\"@type\":\"ReadAction\",\"target\":[\"https:\/\/kmplg.sk\/?page_id=3370&lang=en\"]}]},{\"@type\":\"BreadcrumbList\",\"@id\":\"https:\/\/kmplg.sk\/?page_id=3370&lang=en#breadcrumb\",\"itemListElement\":[{\"@type\":\"ListItem\",\"position\":1,\"name\":\"Home\",\"item\":\"https:\/\/kmplg.sk\/\"},{\"@type\":\"ListItem\",\"position\":2,\"name\":\"TheoCrystMin &#8211; BoVaToM software\"}]}]}<\/script>\n<!-- \/ Yoast SEO plugin. -->","yoast_head_json":{"title":"TheoCrystMin - BoVaToM software - Katedra mineral\u00f3gie, petrol\u00f3gie a lo\u017eiskovej geol\u00f3gie","robots":{"index":"index","follow":"follow","max-snippet":"max-snippet:-1","max-image-preview":"max-image-preview:large","max-video-preview":"max-video-preview:-1"},"canonical":"https:\/\/kmplg.sk\/?page_id=3370&lang=en","og_locale":"sk_SK","og_type":"article","og_title":"TheoCrystMin - BoVaToM software - Katedra mineral\u00f3gie, petrol\u00f3gie a lo\u017eiskovej geol\u00f3gie","og_description":"Basic information about the project Theoretical basis BoVaToM software Bond &hellip;","og_url":"https:\/\/kmplg.sk\/?page_id=3370&lang=en","og_site_name":"Katedra mineral\u00f3gie, petrol\u00f3gie a lo\u017eiskovej geol\u00f3gie","article_publisher":"https:\/\/www.facebook.com\/kmplg\/","article_modified_time":"2025-02-17T19:08:50+00:00","og_image":[{"url":"https:\/\/kmplg.sk\/wp-content\/uploads\/2025\/01\/POO-plagat-projektu-VA-OK-PB-dolnybanner-1024x160.jpg"}],"twitter_card":"summary_large_image","twitter_misc":{"Predpokladan\u00fd \u010das \u010d\u00edtania":"1 min\u00fata"},"schema":{"@context":"https:\/\/schema.org","@graph":[{"@type":"WebSite","@id":"https:\/\/kmplg.sk\/#website","url":"https:\/\/kmplg.sk\/","name":"Katedra mineral\u00f3gie, petrol\u00f3gie a lo\u017eiskovej geol\u00f3gie","description":"Pr\u00edrodovedeck\u00e1 fakulta Univerzity Komensk\u00e9ho v Bratislave","potentialAction":[{"@type":"SearchAction","target":{"@type":"EntryPoint","urlTemplate":"https:\/\/kmplg.sk\/?s={search_term_string}"},"query-input":"required name=search_term_string"}],"inLanguage":"sk-SK"},{"@type":"WebPage","@id":"https:\/\/kmplg.sk\/?page_id=3370&lang=en","url":"https:\/\/kmplg.sk\/?page_id=3370&lang=en","name":"TheoCrystMin - BoVaToM software - Katedra mineral\u00f3gie, petrol\u00f3gie a lo\u017eiskovej geol\u00f3gie","isPartOf":{"@id":"https:\/\/kmplg.sk\/#website"},"datePublished":"2025-02-17T19:02:25+00:00","dateModified":"2025-02-17T19:08:50+00:00","breadcrumb":{"@id":"https:\/\/kmplg.sk\/?page_id=3370&lang=en#breadcrumb"},"inLanguage":"sk-SK","potentialAction":[{"@type":"ReadAction","target":["https:\/\/kmplg.sk\/?page_id=3370&lang=en"]}]},{"@type":"BreadcrumbList","@id":"https:\/\/kmplg.sk\/?page_id=3370&lang=en#breadcrumb","itemListElement":[{"@type":"ListItem","position":1,"name":"Home","item":"https:\/\/kmplg.sk\/"},{"@type":"ListItem","position":2,"name":"TheoCrystMin &#8211; BoVaToM software"}]}]}},"_links":{"self":[{"href":"https:\/\/kmplg.sk\/index.php?rest_route=\/wp\/v2\/pages\/3370"}],"collection":[{"href":"https:\/\/kmplg.sk\/index.php?rest_route=\/wp\/v2\/pages"}],"about":[{"href":"https:\/\/kmplg.sk\/index.php?rest_route=\/wp\/v2\/types\/page"}],"author":[{"embeddable":true,"href":"https:\/\/kmplg.sk\/index.php?rest_route=\/wp\/v2\/users\/1"}],"replies":[{"embeddable":true,"href":"https:\/\/kmplg.sk\/index.php?rest_route=%2Fwp%2Fv2%2Fcomments&post=3370"}],"version-history":[{"count":3,"href":"https:\/\/kmplg.sk\/index.php?rest_route=\/wp\/v2\/pages\/3370\/revisions"}],"predecessor-version":[{"id":3377,"href":"https:\/\/kmplg.sk\/index.php?rest_route=\/wp\/v2\/pages\/3370\/revisions\/3377"}],"wp:attachment":[{"href":"https:\/\/kmplg.sk\/index.php?rest_route=%2Fwp%2Fv2%2Fmedia&parent=3370"}],"wp:term":[{"taxonomy":"folder","embeddable":true,"href":"https:\/\/kmplg.sk\/index.php?rest_route=%2Fwp%2Fv2%2Ffolder&post=3370"}],"curies":[{"name":"wp","href":"https:\/\/api.w.org\/{rel}","templated":true}]}}