{"id":3345,"date":"2025-02-17T19:08:49","date_gmt":"2025-02-17T18:08:49","guid":{"rendered":"https:\/\/kmplg.sk\/?page_id=3345"},"modified":"2025-02-17T19:08:50","modified_gmt":"2025-02-17T18:08:50","slug":"msc-olena-rybnikova-phd-2","status":"publish","type":"page","link":"https:\/\/kmplg.sk\/?page_id=3345&lang=en","title":{"rendered":"MSc. Olena Rybnikova, PhD."},"content":{"rendered":"\n<div class=\"wp-block-image is-style-default\"><figure class=\"alignleft size-full\"><img loading=\"lazy\" width=\"218\" height=\"286\" src=\"http:\/\/kmplg.sk\/wp-content\/uploads\/2024\/07\/image.png\" alt=\"\" class=\"wp-image-3238\" srcset=\"https:\/\/kmplg.sk\/wp-content\/uploads\/2024\/07\/image.png 218w, https:\/\/kmplg.sk\/wp-content\/uploads\/2024\/07\/image-46x60.png 46w\" sizes=\"(max-width: 218px) 100vw, 218px\" \/><\/figure><\/div>\n\n\n\n<div class=\"wp-block-group\"><div class=\"wp-block-group__inner-container\">\n<div class=\"wp-block-buttons\">\n<div class=\"wp-block-button is-style-fill\"><a class=\"wp-block-button__link has-vivid-red-color has-very-light-gray-to-cyan-bluish-gray-gradient-background has-text-color has-background\" href=\"https:\/\/www.researchgate.net\/profile\/Olena-Rybnikova\" target=\"_blank\" rel=\"noreferrer noopener\"><img loading=\"lazy\" width=\"20\" height=\"19\" class=\"wp-image-1394\" style=\"width: 20px;\" src=\"http:\/\/kmplg.sk\/wp-content\/uploads\/2021\/04\/linkedinvsresearchgate_v2-1.png\" alt=\"\"> <span>ResearchGate<\/span><\/a><\/div>\n\n\n\n<div class=\"wp-block-button is-style-fill\"><a class=\"wp-block-button__link has-vivid-red-color has-very-light-gray-to-cyan-bluish-gray-gradient-background has-text-color has-background\" href=\"https:\/\/www.scopus.com\/authid\/detail.uri?authorId=57194451374\" target=\"_blank\" rel=\"noreferrer noopener\"><img loading=\"lazy\" width=\"20\" height=\"20\" class=\"wp-image-1401\" style=\"width: 20px;\" src=\"http:\/\/kmplg.sk\/wp-content\/uploads\/2021\/04\/68747470733a2f2f7777772e6665722e756e697a672e68722f5f7075622f7468656d65735f7374617469632f666572323031362f64656661756c742f696d672f73636f7075732d69636f6e2e706e67.png\" alt=\"\"> SCOPUS<\/a><\/div>\n\n\n\n<div class=\"wp-block-button is-style-fill\"><a class=\"wp-block-button__link has-vivid-red-color has-very-light-gray-to-cyan-bluish-gray-gradient-background has-text-color has-background\" href=\"https:\/\/orcid.org\/0009-0009-8613-8804\" target=\"_blank\" rel=\"noreferrer noopener\"><img loading=\"lazy\" width=\"20\" height=\"20\" class=\"wp-image-1391\" style=\"width: 20px;\" src=\"http:\/\/kmplg.sk\/wp-content\/uploads\/2021\/04\/1200px-ORCID_iD-1.png\" alt=\"\"> ORCID<\/a><\/div>\n<\/div>\n\n\n\n<div class=\"wp-block-columns\">\n<div class=\"wp-block-column\" style=\"flex-basis:100%\">\n<figure class=\"wp-block-table is-style-stripes\"><table class=\"has-background\" style=\"background-color:#fcf0ef\"><tbody><tr><td><\/td><td><strong><strong>Position<\/strong><\/strong><\/td><td>postdoctoral researcher<\/td><\/tr><tr><td><\/td><td><strong>Room<\/strong><\/td><td>G-349<\/td><\/tr><tr><td><\/td><td><strong>Phone&nbsp;<\/strong><\/td><td>+421 2 9014 9<strong>294<\/strong><\/td><\/tr><tr><td><\/td><td><strong>E-mail:<\/strong> <\/td><td>rybnikova1@uniba.sk<\/td><\/tr><tr><td><\/td><td><strong><strong>Publications<\/strong><\/strong><\/td><td><a href=\"http:\/\/alis.uniba.sk:9909\/search\/query?match_1=PHRASE&amp;field_1=a&amp;term_1=Fridrichov%C3%A1,+Jana+1980-+UKOPRGMP++&amp;sort=callNumber&amp;theme=EPC\" target=\"_blank\" rel=\"noreferrer noopener\">Link<\/a><\/td><\/tr><\/tbody><\/table><\/figure>\n<\/div>\n<\/div>\n\n\n\n<p><\/p>\n<\/div><\/div>\n\n\n\n<h2>Scientific interests<\/h2>\n\n\n\n<ul><li>Gemology<\/li><li>Experimental mineralogy and gemmology<\/li><li>Spectroscopic analytical methods<\/li><li>Silicate mineralogy<\/li><li>Crystal chemistry<\/li><\/ul>\n\n\n\n<h2>Teaching activities<\/h2>\n\n\n\n<p>My teaching activities are mainly focused on gemmology and analytical methods in mineralogy and gemmology.<\/p>\n\n\n\n<p><strong><strong>Master degree<\/strong><\/strong><\/p>\n\n\n\n<ul><li><span style=\"color: initial;\">Laboratory methods in mineralogy a&nbsp;petrology<\/span><\/li><\/ul>\n\n\n\n<hr class=\"wp-block-separator\"\/>\n\n\n\n<h2>The most significant publications<\/h2>\n\n\n\n<div class=\"wp-block-group\"><div class=\"wp-block-group__inner-container\">\n<p>Ba\u010d\u00edk P., Kardo\u0161ov\u00e1 P., Fridrichov\u00e1 J., <strong>Rybnikova O<\/strong>., \u0160koda R., 2024: <strong>Crystal-chemical effects of heat treatment on Cr- and V-bearing Ca-dominant green tourmalines (fluor-uvite, magnesiolucchesiite).<\/strong> <em>Periodico di Mineralogia<\/em>, 93, 147-164<\/p>\n\n\n\n<p><strong>Rybnikova O.<\/strong>, Ba\u010d\u00edk P., Uher P., Fridrichov\u00e1 J., Lalinsk\u00e1-Volekov\u00e1 B., Kubern\u00e1tov\u00e1 M., Hanus R., 2023:<strong> Characterization of chrysoberyl and its gemmological varieties by Raman spectroscopy.<\/strong> <em>Journal of Raman Spectroscopy,<\/em> 54(8), 857-870. <a href=\"https:\/\/doi.org\/10.1002\/jrs.6566\">https:\/\/doi.org\/10.1002\/jrs.6566<\/a><\/p>\n\n\n\n<p><strong>Rybnikova O.<\/strong>, Uher P., Nov\u00e1k M., Chl\u00e1dek \u0160., Ba\u010d\u00edk P., Kurylo S., Vaculovi\u010d T., 2023: <strong>Chrysoberyl and associated beryllium minerals resulting from metamorphic overprint of the Mar\u0161\u00edkov \u2013 Schinderh\u00fcbel III pegmatite, Czech Republic. <\/strong><em>Mineralogical Magazine<\/em>, 87(3), 369-381. <a href=\"https:\/\/doi.org\/10.1180\/mgm.2023.22\">https:\/\/doi.org\/10.1180\/mgm.2023.22<\/a><\/p>\n\n\n\n<p>Ba\u010d\u00edk P., Fridrichov\u00e1 J., <strong>Rybnikova O<\/strong>., \u0160tub\u0148a J., Ill\u00e1\u0161ov\u00e1 \u013d., \u0160koda R., Vaculovi\u010d T., Puli\u0161ov\u00e1 Z., Se\u010dk\u00e1r P., 2023: <strong>Crystal-Chemical and Spectroscopic Study of Gem Sphalerite from Bansk\u00e1 \u0160tiavnica, Slovakia.<\/strong> <em>Minerals<\/em>, 13(1), 1-13<\/p>\n\n\n\n<p>Uher P., Ozd\u00edn D., Ba\u010d\u00edk P., \u0160tevko M., Ondrejka M., <strong>Rybnikova O<\/strong>., Chl\u00e1dek \u0160., Fridrichov\u00e1 J., Pr\u0161ek J., Pu\u0161kelov\u00e1 \u013d., 2022:<strong> Phenakite and bertrandite: products of post-magmatic alteration of beryl in granitic pegmatites (Tatric Superunit, Western Carpathians, Slovakia). <\/strong><em>Mineralogical Magazine, <\/em>86(5). 715-729<\/p>\n<\/div><\/div>\n","protected":false},"excerpt":{"rendered":"<p>Position postdoctoral researcher Room G-349 Phone&nbsp; +421 2 9014 9294 &hellip; <\/p>\n","protected":false},"author":1,"featured_media":0,"parent":1966,"menu_order":0,"comment_status":"closed","ping_status":"closed","template":"","meta":{"_monsterinsights_skip_tracking":false,"_monsterinsights_sitenote_active":false,"_monsterinsights_sitenote_note":"","_monsterinsights_sitenote_category":0,"ngg_post_thumbnail":0},"folder":[46],"yoast_head":"<!-- This site is optimized with the Yoast SEO plugin v19.4 - https:\/\/yoast.com\/wordpress\/plugins\/seo\/ -->\n<title>MSc. Olena Rybnikova, PhD. - Katedra mineral\u00f3gie, petrol\u00f3gie a lo\u017eiskovej geol\u00f3gie<\/title>\n<meta name=\"robots\" content=\"index, follow, max-snippet:-1, max-image-preview:large, max-video-preview:-1\" \/>\n<link rel=\"canonical\" href=\"https:\/\/kmplg.sk\/?page_id=3345&lang=en\" \/>\n<meta property=\"og:locale\" content=\"sk_SK\" \/>\n<meta property=\"og:type\" content=\"article\" \/>\n<meta property=\"og:title\" content=\"MSc. Olena Rybnikova, PhD. - Katedra mineral\u00f3gie, petrol\u00f3gie a lo\u017eiskovej geol\u00f3gie\" \/>\n<meta property=\"og:description\" content=\"Position postdoctoral researcher Room G-349 Phone&nbsp; +421 2 9014 9294 &hellip;\" \/>\n<meta property=\"og:url\" content=\"https:\/\/kmplg.sk\/?page_id=3345&amp;lang=en\" \/>\n<meta property=\"og:site_name\" content=\"Katedra mineral\u00f3gie, petrol\u00f3gie a lo\u017eiskovej geol\u00f3gie\" \/>\n<meta property=\"article:publisher\" content=\"https:\/\/www.facebook.com\/kmplg\/\" \/>\n<meta property=\"article:modified_time\" content=\"2025-02-17T18:08:50+00:00\" \/>\n<meta property=\"og:image\" content=\"http:\/\/kmplg.sk\/wp-content\/uploads\/2024\/07\/image.png\" \/>\n<meta name=\"twitter:card\" content=\"summary_large_image\" \/>\n<meta name=\"twitter:label1\" content=\"Predpokladan\u00fd \u010das \u010d\u00edtania\" \/>\n\t<meta name=\"twitter:data1\" content=\"3 min\u00faty\" \/>\n<script type=\"application\/ld+json\" class=\"yoast-schema-graph\">{\"@context\":\"https:\/\/schema.org\",\"@graph\":[{\"@type\":\"WebSite\",\"@id\":\"https:\/\/kmplg.sk\/#website\",\"url\":\"https:\/\/kmplg.sk\/\",\"name\":\"Katedra mineral\u00f3gie, petrol\u00f3gie a lo\u017eiskovej geol\u00f3gie\",\"description\":\"Pr\u00edrodovedeck\u00e1 fakulta Univerzity Komensk\u00e9ho v Bratislave\",\"potentialAction\":[{\"@type\":\"SearchAction\",\"target\":{\"@type\":\"EntryPoint\",\"urlTemplate\":\"https:\/\/kmplg.sk\/?s={search_term_string}\"},\"query-input\":\"required name=search_term_string\"}],\"inLanguage\":\"sk-SK\"},{\"@type\":\"WebPage\",\"@id\":\"https:\/\/kmplg.sk\/?page_id=3345&lang=en\",\"url\":\"https:\/\/kmplg.sk\/?page_id=3345&lang=en\",\"name\":\"MSc. Olena Rybnikova, PhD. - Katedra mineral\u00f3gie, petrol\u00f3gie a lo\u017eiskovej geol\u00f3gie\",\"isPartOf\":{\"@id\":\"https:\/\/kmplg.sk\/#website\"},\"datePublished\":\"2025-02-17T18:08:49+00:00\",\"dateModified\":\"2025-02-17T18:08:50+00:00\",\"breadcrumb\":{\"@id\":\"https:\/\/kmplg.sk\/?page_id=3345&lang=en#breadcrumb\"},\"inLanguage\":\"sk-SK\",\"potentialAction\":[{\"@type\":\"ReadAction\",\"target\":[\"https:\/\/kmplg.sk\/?page_id=3345&lang=en\"]}]},{\"@type\":\"BreadcrumbList\",\"@id\":\"https:\/\/kmplg.sk\/?page_id=3345&lang=en#breadcrumb\",\"itemListElement\":[{\"@type\":\"ListItem\",\"position\":1,\"name\":\"Home\",\"item\":\"https:\/\/kmplg.sk\/\"},{\"@type\":\"ListItem\",\"position\":2,\"name\":\"About Us\",\"item\":\"https:\/\/kmplg.sk\/?lang=en\"},{\"@type\":\"ListItem\",\"position\":3,\"name\":\"Scientific and Academic Staff\",\"item\":\"https:\/\/kmplg.sk\/?page_id=1966&lang=en\"},{\"@type\":\"ListItem\",\"position\":4,\"name\":\"MSc. Olena Rybnikova, PhD.\"}]}]}<\/script>\n<!-- \/ Yoast SEO plugin. -->","yoast_head_json":{"title":"MSc. Olena Rybnikova, PhD. - Katedra mineral\u00f3gie, petrol\u00f3gie a lo\u017eiskovej geol\u00f3gie","robots":{"index":"index","follow":"follow","max-snippet":"max-snippet:-1","max-image-preview":"max-image-preview:large","max-video-preview":"max-video-preview:-1"},"canonical":"https:\/\/kmplg.sk\/?page_id=3345&lang=en","og_locale":"sk_SK","og_type":"article","og_title":"MSc. Olena Rybnikova, PhD. - Katedra mineral\u00f3gie, petrol\u00f3gie a lo\u017eiskovej geol\u00f3gie","og_description":"Position postdoctoral researcher Room G-349 Phone&nbsp; +421 2 9014 9294 &hellip;","og_url":"https:\/\/kmplg.sk\/?page_id=3345&lang=en","og_site_name":"Katedra mineral\u00f3gie, petrol\u00f3gie a lo\u017eiskovej geol\u00f3gie","article_publisher":"https:\/\/www.facebook.com\/kmplg\/","article_modified_time":"2025-02-17T18:08:50+00:00","og_image":[{"url":"http:\/\/kmplg.sk\/wp-content\/uploads\/2024\/07\/image.png"}],"twitter_card":"summary_large_image","twitter_misc":{"Predpokladan\u00fd \u010das \u010d\u00edtania":"3 min\u00faty"},"schema":{"@context":"https:\/\/schema.org","@graph":[{"@type":"WebSite","@id":"https:\/\/kmplg.sk\/#website","url":"https:\/\/kmplg.sk\/","name":"Katedra mineral\u00f3gie, petrol\u00f3gie a lo\u017eiskovej geol\u00f3gie","description":"Pr\u00edrodovedeck\u00e1 fakulta Univerzity Komensk\u00e9ho v Bratislave","potentialAction":[{"@type":"SearchAction","target":{"@type":"EntryPoint","urlTemplate":"https:\/\/kmplg.sk\/?s={search_term_string}"},"query-input":"required name=search_term_string"}],"inLanguage":"sk-SK"},{"@type":"WebPage","@id":"https:\/\/kmplg.sk\/?page_id=3345&lang=en","url":"https:\/\/kmplg.sk\/?page_id=3345&lang=en","name":"MSc. Olena Rybnikova, PhD. - Katedra mineral\u00f3gie, petrol\u00f3gie a lo\u017eiskovej geol\u00f3gie","isPartOf":{"@id":"https:\/\/kmplg.sk\/#website"},"datePublished":"2025-02-17T18:08:49+00:00","dateModified":"2025-02-17T18:08:50+00:00","breadcrumb":{"@id":"https:\/\/kmplg.sk\/?page_id=3345&lang=en#breadcrumb"},"inLanguage":"sk-SK","potentialAction":[{"@type":"ReadAction","target":["https:\/\/kmplg.sk\/?page_id=3345&lang=en"]}]},{"@type":"BreadcrumbList","@id":"https:\/\/kmplg.sk\/?page_id=3345&lang=en#breadcrumb","itemListElement":[{"@type":"ListItem","position":1,"name":"Home","item":"https:\/\/kmplg.sk\/"},{"@type":"ListItem","position":2,"name":"About Us","item":"https:\/\/kmplg.sk\/?lang=en"},{"@type":"ListItem","position":3,"name":"Scientific and Academic Staff","item":"https:\/\/kmplg.sk\/?page_id=1966&lang=en"},{"@type":"ListItem","position":4,"name":"MSc. Olena Rybnikova, PhD."}]}]}},"_links":{"self":[{"href":"https:\/\/kmplg.sk\/index.php?rest_route=\/wp\/v2\/pages\/3345"}],"collection":[{"href":"https:\/\/kmplg.sk\/index.php?rest_route=\/wp\/v2\/pages"}],"about":[{"href":"https:\/\/kmplg.sk\/index.php?rest_route=\/wp\/v2\/types\/page"}],"author":[{"embeddable":true,"href":"https:\/\/kmplg.sk\/index.php?rest_route=\/wp\/v2\/users\/1"}],"replies":[{"embeddable":true,"href":"https:\/\/kmplg.sk\/index.php?rest_route=%2Fwp%2Fv2%2Fcomments&post=3345"}],"version-history":[{"count":1,"href":"https:\/\/kmplg.sk\/index.php?rest_route=\/wp\/v2\/pages\/3345\/revisions"}],"predecessor-version":[{"id":3346,"href":"https:\/\/kmplg.sk\/index.php?rest_route=\/wp\/v2\/pages\/3345\/revisions\/3346"}],"up":[{"embeddable":true,"href":"https:\/\/kmplg.sk\/index.php?rest_route=\/wp\/v2\/pages\/1966"}],"wp:attachment":[{"href":"https:\/\/kmplg.sk\/index.php?rest_route=%2Fwp%2Fv2%2Fmedia&parent=3345"}],"wp:term":[{"taxonomy":"folder","embeddable":true,"href":"https:\/\/kmplg.sk\/index.php?rest_route=%2Fwp%2Fv2%2Ffolder&post=3345"}],"curies":[{"name":"wp","href":"https:\/\/api.w.org\/{rel}","templated":true}]}}