{"id":3275,"date":"2025-01-28T15:20:00","date_gmt":"2025-01-28T14:20:00","guid":{"rendered":"https:\/\/kmplg.sk\/?page_id=3275"},"modified":"2025-08-26T22:10:58","modified_gmt":"2025-08-26T20:10:58","slug":"theocrystmin-2","status":"publish","type":"page","link":"https:\/\/kmplg.sk\/?page_id=3275","title":{"rendered":"TheoCrystMin &#8211; Program BoVaToM"},"content":{"rendered":"\n<p><a href=\"https:\/\/kmplg.sk\/?page_id=3262\">Z\u00e1kladn\u00e9 inform\u00e1cie o projekte<\/a><\/p>\n\n\n\n<p> <a href=\"https:\/\/kmplg.sk\/?page_id=3464\">Teoretick\u00e9 z\u00e1klady<\/a> <\/p>\n\n\n\n<p><a href=\"https:\/\/kmplg.sk\/?page_id=3275\">Program BoVaToM<\/a><\/p>\n\n\n\n<p><\/p>\n\n\n\n<hr class=\"wp-block-separator\"\/>\n\n\n\n<h2><strong>Bond Valence Topological Model<\/strong><\/h2>\n\n\n\n<p>Ba\u010d\u00edk P., 2025: The bond-topological field modeling I: The bond-topological map of dravite from Forshammar, Sweden. <em>American Mineralogist<\/em>, <em>in prep.<\/em> <\/p>\n\n\n\n<p><a href=\"http:\/\/kmplg.sk\/wp-content\/uploads\/2025\/01\/Bond-calculation-dravite-Forshammar.xlsx\" target=\"_blank\" rel=\"noreferrer noopener\">V\u00fdpo\u010det BVTM dravitu z Forshammaru<\/a> (Excel)<\/p>\n\n\n\n<p><\/p>\n\n\n\n<p><\/p>\n\n\n\n<h2>Program BoVaToM<\/h2>\n\n\n\n<p><strong>BovaToM &#8211; V\u00fdpo\u010dtov\u00fd model &#8211; v\u00fdpo\u010det BVTM:<\/strong><\/p>\n\n\n\n<p>verzia 1.0<\/p>\n\n\n\n<p><a href=\"https:\/\/drive.google.com\/file\/d\/1PU4zc4rdRoAEOoCVosDFHLLivwzpFOH9\/view?usp=sharing\" target=\"_blank\" rel=\"noreferrer noopener\">verzia 1.1<\/a><\/p>\n\n\n\n<p><a href=\"https:\/\/drive.google.com\/file\/d\/1f7VcohZQ87eLNPxX60dYC2ni-Ki4uaU4\/view?usp=sharing\" target=\"_blank\" rel=\"noreferrer noopener\">verzia 1.2<\/a><\/p>\n\n\n\n<p><a href=\"https:\/\/drive.google.com\/file\/d\/16dwbjVJcYT_abawozd3an0KEseeAOj18\/view?usp=drive_link\" target=\"_blank\" rel=\"noreferrer noopener\"><strong>BoVaToM &#8211; Diamond Import<\/strong><\/a> &#8211; transfer \u0161trukt\u00farnych \u00fadajov z programu Diamond do BoVaToM (verzia 1.2)<\/p>\n\n\n\n<p><a href=\"https:\/\/drive.google.com\/file\/d\/1NVAJ6CvO3bOjxebAikfDJXqrIEeS7LDk\/view?usp=sharing\" target=\"_blank\" rel=\"noreferrer noopener\"><strong>BoVaTom &#8211; Distortion calculator<\/strong><\/a> &#8211; v\u00fdpo\u010det distorzie d\u013a\u017eky v\u00e4zieb poly\u00e9drov<\/p>\n\n\n\n<p>S\u00fabory s\u00fa plne funk\u010dn\u00e9 a\u017e po stiahnut\u00ed a obsahuj\u00fa makr\u00e1, preto po stiahnut\u00ed postupujte pod\u013ea nasleduj\u00faceho <a href=\"https:\/\/support.microsoft.com\/sk-sk\/topic\/potenci\u00e1lne-nebezpe\u010dn\u00e9-makro-sa-zablokovalo-0952faa0-37e7-4316-b61d-5b5ed6024216\" target=\"_blank\" rel=\"noreferrer noopener\">n\u00e1vodu<\/a>.<\/p>\n\n\n\n<p><a href=\"http:\/\/kmplg.sk\/wp-content\/uploads\/2025\/08\/BoVaToM-vypoctovy-model-manual.pdf\" target=\"_blank\" rel=\"noreferrer noopener\">Manu\u00e1l na pou\u017e\u00edvanie V\u00fdpo\u010dtov\u00e9ho modelu BoVaToM<\/a><\/p>\n\n\n\n<p><\/p>\n\n\n\n<h2>Financovan\u00e9 Eur\u00f3pskou \u00faniou z&nbsp;prostriedkov Pl\u00e1nu obnovy a odolnosti SR<\/h2>\n\n\n\n<figure class=\"wp-block-image size-large\"><img loading=\"lazy\" width=\"1024\" height=\"160\" src=\"https:\/\/kmplg.sk\/wp-content\/uploads\/2025\/01\/POO-plagat-projektu-VA-OK-PB-dolnybanner-1024x160.jpg\" alt=\"\" class=\"wp-image-3263\" srcset=\"https:\/\/kmplg.sk\/wp-content\/uploads\/2025\/01\/POO-plagat-projektu-VA-OK-PB-dolnybanner-1024x160.jpg 1024w, https:\/\/kmplg.sk\/wp-content\/uploads\/2025\/01\/POO-plagat-projektu-VA-OK-PB-dolnybanner-300x47.jpg 300w, https:\/\/kmplg.sk\/wp-content\/uploads\/2025\/01\/POO-plagat-projektu-VA-OK-PB-dolnybanner-768x120.jpg 768w, https:\/\/kmplg.sk\/wp-content\/uploads\/2025\/01\/POO-plagat-projektu-VA-OK-PB-dolnybanner-384x60.jpg 384w, https:\/\/kmplg.sk\/wp-content\/uploads\/2025\/01\/POO-plagat-projektu-VA-OK-PB-dolnybanner.jpg 1458w\" sizes=\"(max-width: 1024px) 100vw, 1024px\" \/><\/figure>\n","protected":false},"excerpt":{"rendered":"<p>Z\u00e1kladn\u00e9 inform\u00e1cie o projekte Teoretick\u00e9 z\u00e1klady Program BoVaToM Bond Valence &hellip; <\/p>\n","protected":false},"author":1,"featured_media":0,"parent":0,"menu_order":0,"comment_status":"closed","ping_status":"closed","template":"","meta":{"_monsterinsights_skip_tracking":false,"_monsterinsights_sitenote_active":false,"_monsterinsights_sitenote_note":"","_monsterinsights_sitenote_category":0,"ngg_post_thumbnail":0},"folder":[101],"yoast_head":"<!-- This site is optimized with the Yoast SEO plugin v19.4 - https:\/\/yoast.com\/wordpress\/plugins\/seo\/ -->\n<title>TheoCrystMin - Program BoVaToM - Katedra mineral\u00f3gie, petrol\u00f3gie a lo\u017eiskovej geol\u00f3gie<\/title>\n<meta name=\"robots\" content=\"index, follow, max-snippet:-1, max-image-preview:large, max-video-preview:-1\" \/>\n<link rel=\"canonical\" href=\"https:\/\/kmplg.sk\/?page_id=3275\" \/>\n<meta property=\"og:locale\" content=\"sk_SK\" \/>\n<meta property=\"og:type\" content=\"article\" \/>\n<meta property=\"og:title\" content=\"TheoCrystMin - Program BoVaToM - Katedra mineral\u00f3gie, petrol\u00f3gie a lo\u017eiskovej geol\u00f3gie\" \/>\n<meta property=\"og:description\" content=\"Z\u00e1kladn\u00e9 inform\u00e1cie o projekte Teoretick\u00e9 z\u00e1klady Program BoVaToM Bond Valence &hellip;\" \/>\n<meta property=\"og:url\" content=\"https:\/\/kmplg.sk\/?page_id=3275\" \/>\n<meta property=\"og:site_name\" content=\"Katedra mineral\u00f3gie, petrol\u00f3gie a lo\u017eiskovej geol\u00f3gie\" \/>\n<meta property=\"article:publisher\" content=\"https:\/\/www.facebook.com\/kmplg\/\" \/>\n<meta property=\"article:modified_time\" content=\"2025-08-26T20:10:58+00:00\" \/>\n<meta property=\"og:image\" content=\"https:\/\/kmplg.sk\/wp-content\/uploads\/2025\/01\/POO-plagat-projektu-VA-OK-PB-dolnybanner-1024x160.jpg\" \/>\n<meta name=\"twitter:card\" content=\"summary_large_image\" \/>\n<meta name=\"twitter:label1\" content=\"Predpokladan\u00fd \u010das \u010d\u00edtania\" \/>\n\t<meta name=\"twitter:data1\" content=\"1 min\u00fata\" \/>\n<script type=\"application\/ld+json\" class=\"yoast-schema-graph\">{\"@context\":\"https:\/\/schema.org\",\"@graph\":[{\"@type\":\"WebSite\",\"@id\":\"https:\/\/kmplg.sk\/#website\",\"url\":\"https:\/\/kmplg.sk\/\",\"name\":\"Katedra mineral\u00f3gie, petrol\u00f3gie a lo\u017eiskovej geol\u00f3gie\",\"description\":\"Pr\u00edrodovedeck\u00e1 fakulta Univerzity Komensk\u00e9ho v Bratislave\",\"potentialAction\":[{\"@type\":\"SearchAction\",\"target\":{\"@type\":\"EntryPoint\",\"urlTemplate\":\"https:\/\/kmplg.sk\/?s={search_term_string}\"},\"query-input\":\"required name=search_term_string\"}],\"inLanguage\":\"sk-SK\"},{\"@type\":\"WebPage\",\"@id\":\"https:\/\/kmplg.sk\/?page_id=3275\",\"url\":\"https:\/\/kmplg.sk\/?page_id=3275\",\"name\":\"TheoCrystMin - Program BoVaToM - Katedra mineral\u00f3gie, petrol\u00f3gie a lo\u017eiskovej geol\u00f3gie\",\"isPartOf\":{\"@id\":\"https:\/\/kmplg.sk\/#website\"},\"datePublished\":\"2025-01-28T14:20:00+00:00\",\"dateModified\":\"2025-08-26T20:10:58+00:00\",\"breadcrumb\":{\"@id\":\"https:\/\/kmplg.sk\/?page_id=3275#breadcrumb\"},\"inLanguage\":\"sk-SK\",\"potentialAction\":[{\"@type\":\"ReadAction\",\"target\":[\"https:\/\/kmplg.sk\/?page_id=3275\"]}]},{\"@type\":\"BreadcrumbList\",\"@id\":\"https:\/\/kmplg.sk\/?page_id=3275#breadcrumb\",\"itemListElement\":[{\"@type\":\"ListItem\",\"position\":1,\"name\":\"Home\",\"item\":\"https:\/\/kmplg.sk\/\"},{\"@type\":\"ListItem\",\"position\":2,\"name\":\"TheoCrystMin &#8211; Program BoVaToM\"}]}]}<\/script>\n<!-- \/ Yoast SEO plugin. -->","yoast_head_json":{"title":"TheoCrystMin - Program BoVaToM - Katedra mineral\u00f3gie, petrol\u00f3gie a lo\u017eiskovej geol\u00f3gie","robots":{"index":"index","follow":"follow","max-snippet":"max-snippet:-1","max-image-preview":"max-image-preview:large","max-video-preview":"max-video-preview:-1"},"canonical":"https:\/\/kmplg.sk\/?page_id=3275","og_locale":"sk_SK","og_type":"article","og_title":"TheoCrystMin - Program BoVaToM - Katedra mineral\u00f3gie, petrol\u00f3gie a lo\u017eiskovej geol\u00f3gie","og_description":"Z\u00e1kladn\u00e9 inform\u00e1cie o projekte Teoretick\u00e9 z\u00e1klady Program BoVaToM Bond Valence &hellip;","og_url":"https:\/\/kmplg.sk\/?page_id=3275","og_site_name":"Katedra mineral\u00f3gie, petrol\u00f3gie a lo\u017eiskovej geol\u00f3gie","article_publisher":"https:\/\/www.facebook.com\/kmplg\/","article_modified_time":"2025-08-26T20:10:58+00:00","og_image":[{"url":"https:\/\/kmplg.sk\/wp-content\/uploads\/2025\/01\/POO-plagat-projektu-VA-OK-PB-dolnybanner-1024x160.jpg"}],"twitter_card":"summary_large_image","twitter_misc":{"Predpokladan\u00fd \u010das \u010d\u00edtania":"1 min\u00fata"},"schema":{"@context":"https:\/\/schema.org","@graph":[{"@type":"WebSite","@id":"https:\/\/kmplg.sk\/#website","url":"https:\/\/kmplg.sk\/","name":"Katedra mineral\u00f3gie, petrol\u00f3gie a lo\u017eiskovej geol\u00f3gie","description":"Pr\u00edrodovedeck\u00e1 fakulta Univerzity Komensk\u00e9ho v Bratislave","potentialAction":[{"@type":"SearchAction","target":{"@type":"EntryPoint","urlTemplate":"https:\/\/kmplg.sk\/?s={search_term_string}"},"query-input":"required name=search_term_string"}],"inLanguage":"sk-SK"},{"@type":"WebPage","@id":"https:\/\/kmplg.sk\/?page_id=3275","url":"https:\/\/kmplg.sk\/?page_id=3275","name":"TheoCrystMin - Program BoVaToM - Katedra mineral\u00f3gie, petrol\u00f3gie a lo\u017eiskovej geol\u00f3gie","isPartOf":{"@id":"https:\/\/kmplg.sk\/#website"},"datePublished":"2025-01-28T14:20:00+00:00","dateModified":"2025-08-26T20:10:58+00:00","breadcrumb":{"@id":"https:\/\/kmplg.sk\/?page_id=3275#breadcrumb"},"inLanguage":"sk-SK","potentialAction":[{"@type":"ReadAction","target":["https:\/\/kmplg.sk\/?page_id=3275"]}]},{"@type":"BreadcrumbList","@id":"https:\/\/kmplg.sk\/?page_id=3275#breadcrumb","itemListElement":[{"@type":"ListItem","position":1,"name":"Home","item":"https:\/\/kmplg.sk\/"},{"@type":"ListItem","position":2,"name":"TheoCrystMin &#8211; Program BoVaToM"}]}]}},"_links":{"self":[{"href":"https:\/\/kmplg.sk\/index.php?rest_route=\/wp\/v2\/pages\/3275"}],"collection":[{"href":"https:\/\/kmplg.sk\/index.php?rest_route=\/wp\/v2\/pages"}],"about":[{"href":"https:\/\/kmplg.sk\/index.php?rest_route=\/wp\/v2\/types\/page"}],"author":[{"embeddable":true,"href":"https:\/\/kmplg.sk\/index.php?rest_route=\/wp\/v2\/users\/1"}],"replies":[{"embeddable":true,"href":"https:\/\/kmplg.sk\/index.php?rest_route=%2Fwp%2Fv2%2Fcomments&post=3275"}],"version-history":[{"count":6,"href":"https:\/\/kmplg.sk\/index.php?rest_route=\/wp\/v2\/pages\/3275\/revisions"}],"predecessor-version":[{"id":3505,"href":"https:\/\/kmplg.sk\/index.php?rest_route=\/wp\/v2\/pages\/3275\/revisions\/3505"}],"wp:attachment":[{"href":"https:\/\/kmplg.sk\/index.php?rest_route=%2Fwp%2Fv2%2Fmedia&parent=3275"}],"wp:term":[{"taxonomy":"folder","embeddable":true,"href":"https:\/\/kmplg.sk\/index.php?rest_route=%2Fwp%2Fv2%2Ffolder&post=3275"}],"curies":[{"name":"wp","href":"https:\/\/api.w.org\/{rel}","templated":true}]}}