{"id":3262,"date":"2025-01-15T14:41:39","date_gmt":"2025-01-15T13:41:39","guid":{"rendered":"https:\/\/kmplg.sk\/?page_id=3262"},"modified":"2025-07-21T14:55:02","modified_gmt":"2025-07-21T12:55:02","slug":"theocrystmin","status":"publish","type":"page","link":"https:\/\/kmplg.sk\/?page_id=3262","title":{"rendered":"TheoCrystMin"},"content":{"rendered":"\n<p><a href=\"https:\/\/kmplg.sk\/?page_id=3262\">Z\u00e1kladn\u00e9 inform\u00e1cie o projekte<\/a><\/p>\n\n\n\n<p> <a href=\"https:\/\/kmplg.sk\/?page_id=3464\">Teoretick\u00e9 z\u00e1klady<\/a> <\/p>\n\n\n\n<p><a href=\"https:\/\/kmplg.sk\/?page_id=3275&amp;preview_id=3275\">Program BoVaToM<\/a><\/p>\n\n\n\n<p><\/p>\n\n\n\n<hr class=\"wp-block-separator\"\/>\n\n\n\n<p>Projekt 09I03-03-V04-00060 Application of modern analytical and theoretical methods in the crystal-chemical study of minerals (Aplik\u00e1cia modern\u00fdch analytick\u00fdch a&nbsp;teroretick\u00fdch met\u00f3d v&nbsp;kry\u0161talochemickom \u0161t\u00fadiu miner\u00e1lov)<\/p>\n\n\n\n<figure class=\"wp-block-table\"><table><tbody><tr><td><strong>Identifik\u00e1cia v\u00fdskumn\u00edka<\/strong><\/td><td>Peter Ba\u010d\u00edk<\/td><\/tr><tr><td><strong>Typ podpory\/f\u00e1za kari\u00e9ry<\/strong><\/td><td>C) \u0160tipendium v\u00fdskumn\u00edka R4<\/td><\/tr><tr><td><strong>Vedn\u00e1 oblas\u0165<\/strong><\/td><td>Pr\u00edrodn\u00e9 a lek\u00e1rske vedy<\/td><\/tr><\/tbody><\/table><\/figure>\n\n\n\n<figure class=\"wp-block-table\"><table><tbody><tr><td><strong>N\u00e1zov programu:<\/strong><\/td><td>Pl\u00e1n obnovy a&nbsp;odolnosti SR<\/td><\/tr><tr><td><strong>Komponent:<\/strong><\/td><td>9. Efekt\u00edvnej\u0161ie riadenie a posilnenie financovania v\u00fdskumu, v\u00fdvoja a inov\u00e1ci\u00ed Pl\u00e1nu obnovy a odolnosti Slovenskej republiky<\/td><\/tr><tr><td><strong>Invest\u00edcia:<\/strong><\/td><td>3. Excelentn\u00e1 veda<\/td><\/tr><\/tbody><\/table><\/figure>\n\n\n\n<h2><strong>Anot\u00e1cia projektu<\/strong><\/h2>\n\n\n\n<p>Hlavn\u00fdm cie\u013eom projektu je vytvorenie robustn\u00e9ho teoretick\u00e9ho z\u00e1kladu pre popis \u0161trukt\u00farnych vlastnost\u00ed a kry\u0161talochemick\u00fdch vlastnost\u00ed a procesov v miner\u00e1loch. Miner\u00e1ly, na rozdiel od syntetick\u00fdch materi\u00e1lov, s\u00fa takmer v\u017edy tuh\u00e9 roztoky dvoch alebo viacer\u00fdch koncov\u00fdch zlo\u017een\u00ed. Teoretick\u00e9 mineralogick\u00e9 \u0161t\u00fadium je zalo\u017een\u00e9 na nieko\u013ek\u00fdch r\u00f4znych pr\u00edstupoch, ale v kry\u0161taloch\u00e9mii miner\u00e1lov je najn\u00e1dejnej\u0161ia kombin\u00e1cia \u0161trukt\u00farnej a v\u00e4zbovej topol\u00f3gie a te\u00f3rie mocenstva v\u00e4zieb. Tento pr\u00edstup umo\u017e\u0148uje predikciu a anal\u00fdzu v\u00e4zbov\u00fdch vlastnost\u00ed v r\u00f4znych \u0161trukt\u00farach miner\u00e1lov a ur\u010denie \u00fa\u010dinkov substit\u00faci\u00ed na lok\u00e1lnu \u0161trukt\u00faru aj dlh\u0161iu vzdialenos\u0165. Navy\u0161e v spojen\u00ed s in\u00fdmi pr\u00edstupmi, ako je te\u00f3ria ligandov\u00e9ho po\u013ea, by mohla zlep\u0161i\u0165 interpret\u00e1ciu a predikciu spektroskopick\u00fdch vlastnost\u00ed miner\u00e1lov. Preto sa na overenie teoretick\u00fdch predpoved\u00ed bude aplikova\u0165 \u0161irok\u00e9 spektrum analytick\u00fdch met\u00f3d. V\u00fdskum sa podrobne zameria na \u0161pecifick\u00e9 probl\u00e9my v r\u00f4znych oxidick\u00fdch miner\u00e1loch (silik\u00e1ty, oxidy, fosfore\u010dnany), ale aj na v\u00fdvoj funk\u010dnej te\u00f3rie a softv\u00e9ru vo v\u0161eobecnosti. V\u00fdsledky projektu by mali \u0161irok\u00e9 uplatnenie od z\u00e1kladnej mineral\u00f3gie a\u017e po aplik\u00e1cie ako gemol\u00f3gia, fyzika materi\u00e1lov a technol\u00f3gie zalo\u017een\u00e9 na vyu\u017eit\u00ed miner\u00e1lov.<\/p>\n\n\n\n<h2>V\u00fdskumn\u00fd t\u00edm<\/h2>\n\n\n\n<figure class=\"wp-block-table\"><table><tbody><tr><td><strong>Ved\u00faci t\u00edmu<\/strong><\/td><td><a href=\"https:\/\/kmplg.sk\/?page_id=714\">doc. RNDr. Peter Ba\u010d\u00edk, PhD.<\/a><\/td><\/tr><tr><td><strong>\u010clenky t\u00edmu<\/strong><\/td><td><a href=\"https:\/\/kmplg.sk\/?page_id=740\">doc. RNDr. Jana Fridrichov\u00e1, PhD.<\/a><br><a href=\"https:\/\/kmplg.sk\/?page_id=3332\">MSc. Olena Rybnikova, PhD.<\/a><br>Mgr. Petra Kardo\u0161ov\u00e1<\/td><\/tr><\/tbody><\/table><\/figure>\n\n\n\n<h2><strong>Publik\u00e1cie v r\u00e1mci projektu<\/strong><\/h2>\n\n\n\n<h3>Pripravovan\u00e9<\/h3>\n\n\n\n<p>Ba\u010d\u00edk P., 2025: The bond-topological field modeling I: The bond-topological map of dravite from Forshammar, Sweden. <em>American Mineralogist<\/em>, <em>in prep.<\/em><\/p>\n\n\n\n<p>Ertl A., Ba\u010d\u00edk P., 2025: How Li can be incorporated into the structure of Al-rich tourmaline. <em>Mineralogical Magazine<\/em>, <em>in prep<\/em>.<\/p>\n\n\n\n<p>Ba\u010d\u00edk P., 2025: The bond-topological field modeling II: The bond-topological fields and determination of structural effects on an example of the tetrahedral substitutions in tourmaline-supergroup minerals. <em>American Mineralogist<\/em>, <em>in prep.<\/em><\/p>\n\n\n\n<h2>Financovan\u00e9 Eur\u00f3pskou \u00faniou z&nbsp;prostriedkov Pl\u00e1nu obnovy a odolnosti SR<\/h2>\n\n\n\n<figure class=\"wp-block-image size-large\"><img loading=\"lazy\" width=\"1024\" height=\"160\" src=\"https:\/\/kmplg.sk\/wp-content\/uploads\/2025\/01\/POO-plagat-projektu-VA-OK-PB-dolnybanner-1024x160.jpg\" alt=\"\" class=\"wp-image-3263\" srcset=\"https:\/\/kmplg.sk\/wp-content\/uploads\/2025\/01\/POO-plagat-projektu-VA-OK-PB-dolnybanner-1024x160.jpg 1024w, https:\/\/kmplg.sk\/wp-content\/uploads\/2025\/01\/POO-plagat-projektu-VA-OK-PB-dolnybanner-300x47.jpg 300w, https:\/\/kmplg.sk\/wp-content\/uploads\/2025\/01\/POO-plagat-projektu-VA-OK-PB-dolnybanner-768x120.jpg 768w, https:\/\/kmplg.sk\/wp-content\/uploads\/2025\/01\/POO-plagat-projektu-VA-OK-PB-dolnybanner-384x60.jpg 384w, https:\/\/kmplg.sk\/wp-content\/uploads\/2025\/01\/POO-plagat-projektu-VA-OK-PB-dolnybanner.jpg 1458w\" sizes=\"(max-width: 1024px) 100vw, 1024px\" \/><\/figure>\n","protected":false},"excerpt":{"rendered":"<p>Z\u00e1kladn\u00e9 inform\u00e1cie o projekte Teoretick\u00e9 z\u00e1klady Program BoVaToM Projekt 09I03-03-V04-00060 &hellip; <\/p>\n","protected":false},"author":1,"featured_media":0,"parent":0,"menu_order":0,"comment_status":"closed","ping_status":"closed","template":"","meta":{"_monsterinsights_skip_tracking":false,"_monsterinsights_sitenote_active":false,"_monsterinsights_sitenote_note":"","_monsterinsights_sitenote_category":0,"ngg_post_thumbnail":0},"folder":[101],"yoast_head":"<!-- This site is optimized with the Yoast SEO plugin v19.4 - https:\/\/yoast.com\/wordpress\/plugins\/seo\/ -->\n<title>TheoCrystMin - Katedra mineral\u00f3gie, petrol\u00f3gie a lo\u017eiskovej geol\u00f3gie<\/title>\n<meta name=\"robots\" content=\"index, follow, max-snippet:-1, max-image-preview:large, max-video-preview:-1\" \/>\n<link rel=\"canonical\" href=\"https:\/\/kmplg.sk\/?page_id=3262\" \/>\n<meta property=\"og:locale\" content=\"sk_SK\" \/>\n<meta property=\"og:type\" content=\"article\" \/>\n<meta property=\"og:title\" content=\"TheoCrystMin - Katedra mineral\u00f3gie, petrol\u00f3gie a lo\u017eiskovej geol\u00f3gie\" \/>\n<meta property=\"og:description\" content=\"Z\u00e1kladn\u00e9 inform\u00e1cie o projekte Teoretick\u00e9 z\u00e1klady Program BoVaToM Projekt 09I03-03-V04-00060 &hellip;\" \/>\n<meta property=\"og:url\" content=\"https:\/\/kmplg.sk\/?page_id=3262\" \/>\n<meta property=\"og:site_name\" content=\"Katedra mineral\u00f3gie, petrol\u00f3gie a lo\u017eiskovej geol\u00f3gie\" \/>\n<meta property=\"article:publisher\" content=\"https:\/\/www.facebook.com\/kmplg\/\" \/>\n<meta property=\"article:modified_time\" content=\"2025-07-21T12:55:02+00:00\" \/>\n<meta property=\"og:image\" content=\"https:\/\/kmplg.sk\/wp-content\/uploads\/2025\/01\/POO-plagat-projektu-VA-OK-PB-dolnybanner-1024x160.jpg\" \/>\n<meta name=\"twitter:card\" content=\"summary_large_image\" \/>\n<meta name=\"twitter:label1\" content=\"Predpokladan\u00fd \u010das \u010d\u00edtania\" \/>\n\t<meta name=\"twitter:data1\" content=\"3 min\u00faty\" \/>\n<script type=\"application\/ld+json\" class=\"yoast-schema-graph\">{\"@context\":\"https:\/\/schema.org\",\"@graph\":[{\"@type\":\"WebSite\",\"@id\":\"https:\/\/kmplg.sk\/#website\",\"url\":\"https:\/\/kmplg.sk\/\",\"name\":\"Katedra mineral\u00f3gie, petrol\u00f3gie a lo\u017eiskovej geol\u00f3gie\",\"description\":\"Pr\u00edrodovedeck\u00e1 fakulta Univerzity Komensk\u00e9ho v Bratislave\",\"potentialAction\":[{\"@type\":\"SearchAction\",\"target\":{\"@type\":\"EntryPoint\",\"urlTemplate\":\"https:\/\/kmplg.sk\/?s={search_term_string}\"},\"query-input\":\"required name=search_term_string\"}],\"inLanguage\":\"sk-SK\"},{\"@type\":\"WebPage\",\"@id\":\"https:\/\/kmplg.sk\/?page_id=3262\",\"url\":\"https:\/\/kmplg.sk\/?page_id=3262\",\"name\":\"TheoCrystMin - Katedra mineral\u00f3gie, petrol\u00f3gie a lo\u017eiskovej geol\u00f3gie\",\"isPartOf\":{\"@id\":\"https:\/\/kmplg.sk\/#website\"},\"datePublished\":\"2025-01-15T13:41:39+00:00\",\"dateModified\":\"2025-07-21T12:55:02+00:00\",\"breadcrumb\":{\"@id\":\"https:\/\/kmplg.sk\/?page_id=3262#breadcrumb\"},\"inLanguage\":\"sk-SK\",\"potentialAction\":[{\"@type\":\"ReadAction\",\"target\":[\"https:\/\/kmplg.sk\/?page_id=3262\"]}]},{\"@type\":\"BreadcrumbList\",\"@id\":\"https:\/\/kmplg.sk\/?page_id=3262#breadcrumb\",\"itemListElement\":[{\"@type\":\"ListItem\",\"position\":1,\"name\":\"Home\",\"item\":\"https:\/\/kmplg.sk\/\"},{\"@type\":\"ListItem\",\"position\":2,\"name\":\"TheoCrystMin\"}]}]}<\/script>\n<!-- \/ Yoast SEO plugin. -->","yoast_head_json":{"title":"TheoCrystMin - Katedra mineral\u00f3gie, petrol\u00f3gie a lo\u017eiskovej geol\u00f3gie","robots":{"index":"index","follow":"follow","max-snippet":"max-snippet:-1","max-image-preview":"max-image-preview:large","max-video-preview":"max-video-preview:-1"},"canonical":"https:\/\/kmplg.sk\/?page_id=3262","og_locale":"sk_SK","og_type":"article","og_title":"TheoCrystMin - Katedra mineral\u00f3gie, petrol\u00f3gie a lo\u017eiskovej geol\u00f3gie","og_description":"Z\u00e1kladn\u00e9 inform\u00e1cie o projekte Teoretick\u00e9 z\u00e1klady Program BoVaToM Projekt 09I03-03-V04-00060 &hellip;","og_url":"https:\/\/kmplg.sk\/?page_id=3262","og_site_name":"Katedra mineral\u00f3gie, petrol\u00f3gie a lo\u017eiskovej geol\u00f3gie","article_publisher":"https:\/\/www.facebook.com\/kmplg\/","article_modified_time":"2025-07-21T12:55:02+00:00","og_image":[{"url":"https:\/\/kmplg.sk\/wp-content\/uploads\/2025\/01\/POO-plagat-projektu-VA-OK-PB-dolnybanner-1024x160.jpg"}],"twitter_card":"summary_large_image","twitter_misc":{"Predpokladan\u00fd \u010das \u010d\u00edtania":"3 min\u00faty"},"schema":{"@context":"https:\/\/schema.org","@graph":[{"@type":"WebSite","@id":"https:\/\/kmplg.sk\/#website","url":"https:\/\/kmplg.sk\/","name":"Katedra mineral\u00f3gie, petrol\u00f3gie a lo\u017eiskovej geol\u00f3gie","description":"Pr\u00edrodovedeck\u00e1 fakulta Univerzity Komensk\u00e9ho v Bratislave","potentialAction":[{"@type":"SearchAction","target":{"@type":"EntryPoint","urlTemplate":"https:\/\/kmplg.sk\/?s={search_term_string}"},"query-input":"required name=search_term_string"}],"inLanguage":"sk-SK"},{"@type":"WebPage","@id":"https:\/\/kmplg.sk\/?page_id=3262","url":"https:\/\/kmplg.sk\/?page_id=3262","name":"TheoCrystMin - Katedra mineral\u00f3gie, petrol\u00f3gie a lo\u017eiskovej geol\u00f3gie","isPartOf":{"@id":"https:\/\/kmplg.sk\/#website"},"datePublished":"2025-01-15T13:41:39+00:00","dateModified":"2025-07-21T12:55:02+00:00","breadcrumb":{"@id":"https:\/\/kmplg.sk\/?page_id=3262#breadcrumb"},"inLanguage":"sk-SK","potentialAction":[{"@type":"ReadAction","target":["https:\/\/kmplg.sk\/?page_id=3262"]}]},{"@type":"BreadcrumbList","@id":"https:\/\/kmplg.sk\/?page_id=3262#breadcrumb","itemListElement":[{"@type":"ListItem","position":1,"name":"Home","item":"https:\/\/kmplg.sk\/"},{"@type":"ListItem","position":2,"name":"TheoCrystMin"}]}]}},"_links":{"self":[{"href":"https:\/\/kmplg.sk\/index.php?rest_route=\/wp\/v2\/pages\/3262"}],"collection":[{"href":"https:\/\/kmplg.sk\/index.php?rest_route=\/wp\/v2\/pages"}],"about":[{"href":"https:\/\/kmplg.sk\/index.php?rest_route=\/wp\/v2\/types\/page"}],"author":[{"embeddable":true,"href":"https:\/\/kmplg.sk\/index.php?rest_route=\/wp\/v2\/users\/1"}],"replies":[{"embeddable":true,"href":"https:\/\/kmplg.sk\/index.php?rest_route=%2Fwp%2Fv2%2Fcomments&post=3262"}],"version-history":[{"count":6,"href":"https:\/\/kmplg.sk\/index.php?rest_route=\/wp\/v2\/pages\/3262\/revisions"}],"predecessor-version":[{"id":3468,"href":"https:\/\/kmplg.sk\/index.php?rest_route=\/wp\/v2\/pages\/3262\/revisions\/3468"}],"wp:attachment":[{"href":"https:\/\/kmplg.sk\/index.php?rest_route=%2Fwp%2Fv2%2Fmedia&parent=3262"}],"wp:term":[{"taxonomy":"folder","embeddable":true,"href":"https:\/\/kmplg.sk\/index.php?rest_route=%2Fwp%2Fv2%2Ffolder&post=3262"}],"curies":[{"name":"wp","href":"https:\/\/api.w.org\/{rel}","templated":true}]}}