{"id":3111,"date":"2023-12-14T16:52:25","date_gmt":"2023-12-14T15:52:25","guid":{"rendered":"https:\/\/kmplg.sk\/?page_id=3111"},"modified":"2023-12-14T16:56:20","modified_gmt":"2023-12-14T15:56:20","slug":"zakladne-udaje-o-programe-ceepus","status":"publish","type":"page","link":"https:\/\/kmplg.sk\/?page_id=3111","title":{"rendered":"Z\u00e1kladn\u00e9 \u00fadaje o programe CEEPUS"},"content":{"rendered":"\n<div class=\"wp-block-columns\">\n<div class=\"wp-block-column\" style=\"flex-basis:100%\">\n<figure class=\"wp-block-image size-full is-resized\"><img loading=\"lazy\" src=\"https:\/\/kmplg.sk\/wp-content\/uploads\/2023\/12\/ceepus-logo-web.jpg\" alt=\"\" class=\"wp-image-3112\" width=\"194\" height=\"185\" srcset=\"https:\/\/kmplg.sk\/wp-content\/uploads\/2023\/12\/ceepus-logo-web.jpg 600w, https:\/\/kmplg.sk\/wp-content\/uploads\/2023\/12\/ceepus-logo-web-300x286.jpg 300w, https:\/\/kmplg.sk\/wp-content\/uploads\/2023\/12\/ceepus-logo-web-63x60.jpg 63w\" sizes=\"(max-width: 194px) 100vw, 194px\" \/><\/figure>\n<\/div>\n<\/div>\n\n\n\n<p><\/p>\n\n\n\n<p><strong>(prevzat\u00e9 zo str\u00e1nky NCO pre Slovensko SAIA: https:\/\/ceepus.saia.sk\/sk\/main\/co-je-program-ceepus)<\/strong><\/p>\n\n\n\n<p>Stredoeur\u00f3psky v\u00fdmenn\u00fd program pre univerzitn\u00e9 \u0161t\u00fadi\u00e1 (CEEPUS) podporuje akademick\u00e9 mobility v strednej, v\u00fdchodnej a juhov\u00fdchodnej Eur\u00f3pe, prispieva k eur\u00f3pskej integr\u00e1cii a zd\u00f4raz\u0148uje region\u00e1lne \u0161pecifik\u00e1. Program umo\u017e\u0148uje rozv\u00edja\u0165 spolupr\u00e1cu slovensk\u00fdch a zahrani\u010dn\u00fdch vysok\u00fdch \u0161k\u00f4l pomocou vytv\u00e1rania akademick\u00fdch siet\u00ed, v r\u00e1mci ktor\u00fdch sa uskuto\u010d\u0148uje vedecko-v\u00fdskumn\u00e1 spolupr\u00e1ca a realizuj\u00fa sa mobility \u0161tudentov, doktorandov a vysoko\u0161kolsk\u00fdch u\u010dite\u013eov. Prioritou je rozvoj spolo\u010dn\u00fdch \u0161tudijn\u00fdch programov ved\u00facich k dvojit\u00fdm alebo spolo\u010dn\u00fdm diplomom a k spolo\u010dn\u00e9mu vedeniu diplomov\u00fdch a dizerta\u010dn\u00fdch pr\u00e1c. V r\u00e1mci programu CEEPUS je takisto mo\u017en\u00e9 realizova\u0165 exkurzie a letn\u00e9 \u0161koly, koordina\u010dn\u00e9 stretnutia a jazykov\u00e9 kurzy, ktor\u00e9 dop\u013a\u0148aj\u00fa odborn\u00fa a vedeck\u00fa spolupr\u00e1cu medzi partnersk\u00fdmi univerzitami.<\/p>\n\n\n\n<p>V s\u00fa\u010dasnosti sa programu akt\u00edvne z\u00fa\u010dast\u0148uj\u00fa Alb\u00e1nsko, Bosna a&nbsp; Hercegovina,&nbsp; Bulharsko, \u010cesk\u00e1 republika, \u010cierna Hora, Chorv\u00e1tsko, Ma\u010farsko, Moldavsko, Po\u013esko, Rak\u00fasko, Rumunsko, Severn\u00e9 Maced\u00f3nsko, Slovensk\u00e1 republika, Slovinsko a Srbsko a univerzity v Pri\u0161tine, Prizren, Peja a i.<\/p>\n\n\n\n<p><strong>Hist\u00f3ria vzniku programu<\/strong><\/p>\n\n\n\n<p>Stredoeur\u00f3psky v\u00fdmenn\u00fd program pre univerzitn\u00e9 \u0161t\u00fadi\u00e1 sa za\u010dal realizova\u0165 na z\u00e1klade Dohody o&nbsp;programe CEEPUS, ktor\u00e1 vst\u00fapila do platnosti 1. decembra 1994. Slovensko patr\u00ed k zakladaj\u00facim \u010dlenom programu.<\/p>\n\n\n\n<p><strong>Riadenie programu CEEPUS<\/strong><\/p>\n\n\n\n<p>Program CEEPUS sa vyzna\u010duje pomerne n\u00edzkou administrat\u00edvnou n\u00e1ro\u010dnos\u0165ou, m\u00e1 vytvoren\u00fd funk\u010dn\u00fd a efekt\u00edvny syst\u00e9m riadenia a pod\u00e1vania inform\u00e1ci\u00ed. Org\u00e1ny, ktor\u00e9 s\u00fa zodpovedn\u00e9 za koordin\u00e1ciu a riadenie, spolupracuj\u00fa prostredn\u00edctvom elektronick\u00fdch aj klasick\u00fdch m\u00e9di\u00ed. Pre \u0161\u00edrenie inform\u00e1ci\u00ed je vytvoren\u00e1 webstr\u00e1nka veden\u00e1 rak\u00faskou stranou:&nbsp;<a href=\"http:\/\/www.ceepus.info\/\" target=\"_blank\" rel=\"noreferrer noopener\">www.ceepus.info<\/a>. Ka\u017ed\u00e1 n\u00e1rodn\u00e1 kancel\u00e1ria m\u00f4\u017ee \u0161\u00edri\u0165 v\u0161eobecn\u00e9 inform\u00e1cie pre z\u00e1ujemcov prostredn\u00edctvom svojich webstr\u00e1nok. N\u00e1rodn\u00e1 kancel\u00e1ria CEEPUS &#8211; Slovensko informuje z\u00e1ujemcov o program CEEPUS na webstr\u00e1nke&nbsp;<a href=\"http:\/\/www.ceepus.saia.sk\/\" target=\"_blank\" rel=\"noreferrer noopener\">www.ceepus.saia.sk<\/a>.<\/p>\n\n\n\n<p><strong>N\u00e1rodn\u00e1 kancel\u00e1ria programu CEEPUS<\/strong>&nbsp;(National CEEPUS Office &#8211; NCO) je zalo\u017een\u00e1 v ka\u017edej \u010dlenskej krajine. Ka\u017ed\u00e1 krajina rozhoduje o rozpo\u010dte, ktor\u00fd pride\u013euje na fungovanie kancel\u00e1rie, ako aj na financovanie mobil\u00edt. \u00dalohou kancel\u00e1rie je:<\/p>\n\n\n\n<ul><li>propagova\u0165 program vo svojej krajine v \u00fazkej spolupr\u00e1ci s centr\u00e1lnou kancel\u00e1riou a ostatn\u00fdmi n\u00e1rodn\u00fdmi kancel\u00e1riami \u010dlensk\u00fdch kraj\u00edn,<\/li><li>prij\u00edma\u0165 prihl\u00e1\u0161ky,<\/li><li>pripravova\u0165 stretnutia n\u00e1rodnej komisie,<\/li><li>pripravova\u0165 v\u00fdberov\u00e9 konanie pre prihl\u00e1\u0161ky do siet\u00ed na n\u00e1rodnej \u00farovni,<\/li><li>ude\u013eova\u0165 \u0161tipendi\u00e1,<\/li><li>zabezpe\u010dova\u0165 prijatie zahrani\u010dn\u00fdch \u0161tipendistov v koordin\u00e1ci\u00ed s prij\u00edmaj\u00facimi univerzitami,<\/li><li>zabezpe\u010dova\u0165 platby \u0161tipendi\u00ed prich\u00e1dzaj\u00facim zahrani\u010dn\u00fdm \u0161tipendistom,\u00b7<\/li><li>zabezpe\u010dova\u0165 refund\u00e1ciu cestovn\u00e9ho pre odch\u00e1dzaj\u00facich slovensk\u00fdch \u0161tipendistov,<\/li><li>prij\u00edma\u0165 spr\u00e1vy z mobil\u00edt \u2013 \u0161tipendijn\u00fdch pobytov slovensk\u00fdch \u0161tipendistov,\u00b7<\/li><li>pripravova\u0165 n\u00e1rodn\u00e9 spr\u00e1vy,<\/li><li>zabezpe\u010dova\u0165 hodnotenie programu na n\u00e1rodnej \u00farovni.<\/li><\/ul>\n\n\n\n<p>Na Slovensku je N\u00e1rodn\u00e1 kancel\u00e1ria programu CEEPUS v&nbsp;<a href=\"http:\/\/www.saia.sk\/\">SAIA, n. o.<\/a><\/p>\n\n\n\n<p><strong>CEEPUS na Pr\u00edrodovedeckej fakulte UK<\/strong><\/p>\n\n\n\n<p>Sie\u0165 CEEPUS m\u00e1 na PRIF-UK v\u00a0sekcii vied o\u00a0Zemi jednu sie\u0165: M-RS-0038-18-2223-M <strong>\u201eEarth Science Studies in Central and South-Eastern Europe\u201c<\/strong>, ktor\u00e1 je ur\u010den\u00e1 ako \u0161tudentom tak pedag\u00f3gom zaoberaj\u00facim sa z\u00e1kladnou a aplikovanou geol\u00f3giou.<\/p>\n\n\n\n<p>Sp\u00f4sob pou\u017eitia siet\u00ed je nasleduj\u00faci:<\/p>\n\n\n\n<p><strong>\u0160tudenti bakal\u00e1rskych \u0161tudijn\u00fdch<\/strong> programov vyu\u017e\u00edvaj\u00fa sie\u0165 obvykle v rozsahu jedn\u00e9ho semestra. Po\u010das semestra sa norm\u00e1lne z\u00fa\u010dast\u0148uj\u00fa v\u00fdu\u010dby na hos\u0165uj\u00facej univerzite, ktor\u00e9 ukon\u010dia sk\u00fa\u0161kou. Do istej miery je potom mo\u017en\u00e9 absolvovan\u00e9 predmety uzna\u0165 na dom\u00e1cej univerzite. To v\u0161ak mus\u00ed by\u0165 dopredu napl\u00e1novan\u00e9 a&nbsp;prekonzultovan\u00e9 s&nbsp;koordin\u00e1torom a&nbsp;pedag\u00f3gmi ako na strane dom\u00e1cej tak na strane hos\u0165uj\u00facej univerzity.<\/p>\n\n\n\n<p><strong>\u0160tudenti<\/strong> <strong>magistersk\u00e9ho<\/strong> a <strong>doktorandsk\u00e9ho<\/strong> <strong>\u0161t\u00fadia<\/strong> m\u00f4\u017eu vyu\u017ei\u0165 sie\u0165 aj na krat\u0161ie \u0161tudijn\u00e9 pobyty (naj\u010dastej\u0161ie mesa\u010dn\u00e9, vo v\u00fdnimo\u010dn\u00fdch pr\u00edpadoch aj dvojmesa\u010dn\u00e9) za \u00fa\u010delom konzult\u00e1cie svojej diplomovej\/dizerta\u010dnej pr\u00e1ce\/v\u00fdskumu. Ak sa chce \u0161tudent magistersk\u00e9ho alebo doktorandsk\u00e9ho \u0161t\u00fadia z\u00fa\u010dastni\u0165 (a absolvova\u0165) ur\u010dit\u00e9ho predmetu na hos\u0165uj\u00facej univerzite, mus\u00ed to n\u00e1le\u017eite prekonzultova\u0165 pred podan\u00edm \u017eiadosti s&nbsp;koordin\u00e1tormi siete (koordin\u00e1tormi na vysielacej a prij\u00edmacej univerzite).<\/p>\n\n\n\n<p><strong>U\u010ditelia<\/strong>, ktor\u00ed vyu\u017e\u00edvaj\u00fa sie\u0165 CEEPUS, s\u00fa povinn\u00ed pripravi\u0165 si a vies\u0165 predn\u00e1\u0161ky na hos\u0165uj\u00facej univerzite vo svojom profesijnom zameran\u00ed v&nbsp;rozsahu minim\u00e1lne 6 hod\u00edn t\u00fd\u017edenne. Pripraven\u00fd v\u00fdu\u010dbov\u00fd kurz by mal pedag\u00f3g pred prihl\u00e1sen\u00edm sa na mobilitu prekonzultova\u0165 s&nbsp;koordin\u00e1torom na hos\u0165uj\u00facej univerzite.<\/p>\n\n\n\n<p>Vyu\u017eitie siete CEEPUS je vhodn\u00e9 aj pri pr\u00edprave diplomov\u00fdch a doktorandsk\u00fdch pr\u00e1c, na ktor\u00fdch \u0161tudent pracuje s pedag\u00f3gmi z dvoch alebo viacer\u00fdch univerz\u00edt v r\u00e1mci siete.<\/p>\n\n\n\n<p>Sie\u0165 CEEPUS nepokr\u00fdva n\u00e1klady na pr\u00e1cu v laborat\u00f3riu.<\/p>\n\n\n\n<p>Sie\u0165 CEEPUS nepokr\u00fdva cestovn\u00e9 n\u00e1klady (prepravn\u00e9 l\u00edstky). Tie v\u0161ak m\u00f4\u017eu by\u0165 po splnen\u00ed podmienok refundovan\u00e9 prostredn\u00edctvom NCO SAIA (viac inform\u00e1ci\u00ed na <a href=\"https:\/\/ceepus.saia.sk\/sk\/main\/cestovny-prispevok-podmienky\">https:\/\/ceepus.saia.sk\/sk\/main\/cestovny-prispevok-podmienky<\/a>)<\/p>\n\n\n\n<p>Registr\u00e1cia pre pou\u017e\u00edvanie siete CEEPUS sa vykon\u00e1va v\u00fdlu\u010dne prostredn\u00edctvom webovej str\u00e1nky siete: www.ceepus.info po dohode s miestnym koordin\u00e1torom.<\/p>\n\n\n\n<p><strong>\u017diados\u0165 o&nbsp;\u0161tudijn\u00fd pobyt CEEPUS a jeho realiz\u00e1cia m\u00e1 nieko\u013eko krokov:<\/strong><\/p>\n\n\n\n<p>1. Miestny koordin\u00e1tor zverej\u0148uje na webovej str\u00e1nke \u00fastavu pon\u00fakan\u00e9 in\u0161tit\u00facie z&nbsp;in\u00fdch kraj\u00edn (kde by kandid\u00e1t chcel svoj pobyt realizova\u0165); Z\u00e1ujemcovia kontaktuj\u00fa miestneho koordin\u00e1tora, ktor\u00fd s kandid\u00e1tmi uskuto\u010dn\u00ed pohovor (\u0161tudenti), v&nbsp;ktorom sa hodnot\u00ed kvalita kandid\u00e1ta, d\u00f4vod pre\u010do chce vyu\u017ei\u0165 sie\u0165 at\u010f.;<\/p>\n\n\n\n<p>2. miestny koordin\u00e1tor za\u0161le predlo\u017een\u00e9 n\u00e1vrhy hlavn\u00e9mu koordin\u00e1torovi siete, ktor\u00fd schv\u00e1li \u017eiados\u0165 o prihl\u00e1\u0161ku;<\/p>\n\n\n\n<p>3. po schv\u00e1len\u00ed pobytu hlavn\u00fdm koordin\u00e1torom &#8211; miestny koordin\u00e1tor \u00faspe\u0161n\u00fdch \u017eiadate\u013eov kontaktuje a presmeruje ich na hlavn\u00fa str\u00e1nku siete CEEPUS (<a href=\"http:\/\/www.ceepus.info\">www.ceepus.info<\/a>) kde si vytvoria \u00fa\u010det a&nbsp;vyplnia form\u00e1lnu \u017eiados\u0165 o&nbsp;pobyt na schv\u00e1lenie;<\/p>\n\n\n\n<p>4. miestny koordin\u00e1tor automaticky dostane e-mail o&nbsp;tom, \u017ee sa kandid\u00e1t prihl\u00e1sil na pobyt. T\u00fato \u017eiados\u0165 bu\u010f prijme alebo zamietne v z\u00e1vislosti od predo\u0161l\u00fdch podmienok;<\/p>\n\n\n\n<p>5. n\u00e1rodn\u00fd koordin\u00e1tor prijme alebo zamietne \u017eiados\u0165, ktor\u00fa potom automaticky odo\u0161le miestnemu (univerzitn\u00e9mu) a&nbsp;n\u00e1rodn\u00e9mu koordin\u00e1torovi \u0161t\u00e1tu, kde si \u017eiadate\u013e pod\u00e1va \u017eiados\u0165;<\/p>\n\n\n\n<p>6. ke\u010f koordin\u00e1tori (n\u00e1rodn\u00fd a&nbsp;miestny koordin\u00e1tor) hostite\u013eskej univerzity potvrdia prijatie prihl\u00e1\u0161ky, kandid\u00e1t dostane e-mail s pokynmi na prihl\u00e1senie sa do svojho \u00fa\u010dtu CEEPUS, kde si potvrd\u00ed prijatie svojho \u0161tipendia.<\/p>\n\n\n\n<p>D\u00d4LE\u017dIT\u00c9: Ak kandid\u00e1t dostane \u0161tipendium, ktor\u00e9 po\u017eaduje, \u0161tipendijn\u00e9ho pobytu sa MUS\u00cd z\u00fa\u010dastni\u0165. Ak\u00fdko\u013evek nerealizovan\u00fd \u0161tipendijn\u00fd pobyt, zni\u017euje po\u010det prijat\u00fdch \u0161tipendi\u00ed na nasleduj\u00faci akademick\u00fd rok, \u010do v\u00fdrazne po\u0161kodzuje cel\u00fa sie\u0165.<\/p>\n\n\n\n<p>Pre \u010fal\u0161ie inform\u00e1cie kontaktujte miestneho koordin\u00e1tora RNDr. Ondreja Nemca, PhD. (ondrej.nemec@uniba.sk)<\/p>\n\n\n\n<p><strong>Univerzity a&nbsp;koordin\u00e1tori siete participuj\u00faci na programe CEEPUS v&nbsp;r\u00e1mci siete M-RS-0038-18-2223-M \u201eEarth Science Studies in Central and South-Eastern Europe\u201c<\/strong><\/p>\n\n\n\n<figure class=\"wp-block-table\"><table><tbody><tr><td><strong>UNIVERSITY OF BELGRADE<\/strong> Faculty of Mining and Geology Devision of Geology Dr. Kristina \u0160ari\u0107<\/td><td><strong>E\u00d6TV\u00d6S LOR\u00c1ND UNIVERSITY<\/strong> Institute of Geology Dr. Miklos Kazmer<\/td><\/tr><tr><td><strong>POLYTECHNIC UNIVERSITY OF TIRANA<\/strong> Faculty of Geology and Mining Dr. Ana Fociro<\/td><td><strong>JAGIELLONIAN UNIVERSITY IN CRACOW<\/strong> Institute of Geological Sciences Dr. Elzbieta Machaniec<\/td><\/tr><tr><td><strong>UNIVERSITY OF VIENNA<\/strong> Faculty of Earth Sciences, Geography and Astronomy Dr. Michael Wagreich<\/td><td><strong>UNIVERSITY OF SILESIA IN KATOWICE<\/strong> Faculty of Earth Sciences Dr. Jolanta Burda<\/td><\/tr><tr><td><strong>UNIVERSITY OF INNSBRUCK<\/strong> Inst. f\u00fcr Mineralogie &amp; Petrographie Universit\u00e4t Innsbruck Dr. Yuri Dublyansky<\/td><td><strong>UNIVERSITY OF WROCLAW<\/strong> Institute of Geological Sciences Dr. Adriana Trojanowska Olichwer<\/td><\/tr><tr><td><strong>UNIVERSITY OF LEOBEN &#8211; MONTANUNIVERSIT\u00c4T<\/strong> Department of Applied Geosciences and Geophysics Dr. Hans-J\u00fcrgen Gawlick<\/td><td><strong>\u201cBABES BOLYAI\u201d UNIVERSITY OF CLUJNAPOCA<\/strong> Department of Mineralogy Dr. Agnes Gal<\/td><\/tr><tr><td><strong>UNIVERSITY OF SALZBURG<\/strong> Department of Environment and Biodiversity Dr. Christoph von Hagke<\/td><td><strong>\u201cALEXANDRU IOAN CUZA\u201d UNIVERSITY OF IASI<\/strong> Department of Geology and Geochemistry Dr. Paul Tibuleac<\/td><\/tr><tr><td><strong>UNIVERISTY OF TUZLA<\/strong> Faculty of Mining, Geology and Civil Engineering Dr. Elvir Babaji\u0107<\/td><td><strong>UNIVERSITY OF LJUBLJANA<\/strong> Faculty of Natural Sciences and Engineering, Department of Geology Dr. Luka Gale<\/td><\/tr><tr><td><strong>MASARYK UNIVERSITY IN BRNO<\/strong> Department of Geological Sciences Dr. Eva Gerl\u0161ov\u00e1<\/td><td><strong>COMENIUS UNIVERSITY IN BRATISLAVA<\/strong> Department of Mineralogy and Petrology Dr. Ondrej Nemec<\/td><\/tr><tr><td><strong>UNIVERSITY OF ZAGREB (ZAG 1)<\/strong> Faculty of Science Dr. Katarina Gobo<\/td><td><strong>TECHNICAL UNIVERSITY IN KO\u0160ICE<\/strong> FBERG Faculty, Department Geosciences Dr. Igor Duri\u0161ka<\/td><\/tr><tr><td><strong>UNIVERSITY OF ZAGREB (ZAG 2)<\/strong> Faculty of Mining, Geology and Petroleum Engineering Dr. Sibila Borojevi\u0107 \u0160o\u0161tari\u0107<\/td><td>&nbsp;<\/td><\/tr><\/tbody><\/table><\/figure>\n\n\n\n<p><strong>Profesn\u00e9 zameranie jednotliv\u00fdch in\u0161tit\u00facii v&nbsp;r\u00e1mci siete <\/strong><strong>M-RS-0038-18-2223-M \u201eEarth Science Studies in Central and South-Eastern Europe\u201c<\/strong><\/p>\n\n\n\n<p><strong>Belgrade<\/strong>: Applied mineralogy and petrology, Mineral deposits, Geochemistry, Stratigraphy, Hydrogeology, Geophysics, Archaeometry;<\/p>\n\n\n\n<p><strong>Tirana<\/strong>: Stratigraphy, Geophysics, Environmental geology, Mineral deposits;<\/p>\n\n\n\n<p><strong>Vienna<\/strong>: Sedimentology, Stratigraphy, Environmental and applied geosciences, Structural geology, Experimental petrology, Mineralogy, Geochronology, Geophysics, Anthropocene and Sustainable geology;<\/p>\n\n\n\n<p><strong>Innsbruck<\/strong>: Regional geology, Sedimentology, Quaternary geology, Palaeoenviromental research, Modern field work techniques and mapping, Geophysics;<\/p>\n\n\n\n<p><strong>Salzburg<\/strong>: Hydrogeology, Quaternary geology, Structural geology, Geochronology, Archaeometry;<\/p>\n\n\n\n<p><strong>Leoben<\/strong>: Mineral deposits, Petroleum geology, Engineering geology, Geophysics;<\/p>\n\n\n\n<p><strong>Tuzla<\/strong>, <strong>Faculty of Mining, Geology and Civil Engineering<\/strong>: Regional geology, Mineralogy and petrology, Hydrogeology, Engineering geology<\/p>\n\n\n\n<p><strong>Brno<\/strong>: Stratigraphy, Sedimentology, Environmental geology;<\/p>\n\n\n\n<p><strong>Zagreb<\/strong> 1, Faculty of Sciences: Sedimentology, Geochemistry, Marine studies, Mineral deposits;<\/p>\n\n\n\n<p><strong>Zagreb<\/strong> 2, Faculty of Mining, Geology and Petroleum Engineering: Mineral deposits; Petroleum geology; Environmental geology; Hydrogeology; Geological engineering; Geophysics<\/p>\n\n\n\n<p><strong>Budapest<\/strong>: Sedimentology, Geophysics, Structural geology, Hydrogeology, Archaeometry;<\/p>\n\n\n\n<p><strong>Sosnowiec<\/strong>: Quaternary geology, Stratigraphy, Environmental geology, Geophysics, Hydrogeology;<\/p>\n\n\n\n<p><strong>Cracow<\/strong>: Sedimentology, Micropaleontology, Mineral deposits, Geodynamics, Applied mineralogy;<\/p>\n\n\n\n<p><strong>Wroclaw<\/strong>: Stratigraphy, Structural geology, Geochemistry, Archaeometry, Hydrogeology, Environmental geology;<\/p>\n\n\n\n<p><strong>Cluj<\/strong>: Ophiolites, Stratigraphy, Micropalaeontology, Archaeometry;<\/p>\n\n\n\n<p><strong>Iasi<\/strong>: Stratigraphy, Geochemistry, Planetary geology, Environmental geology;<\/p>\n\n\n\n<p><strong>Ljubljana<\/strong>: Sedimentology, Structural geology, Stratigraphy, Hydrogeology, Archaeometry;<\/p>\n\n\n\n<p><strong>Bratislava<\/strong>: Sedimentology, Structural geology, Stratigraphy, Hydrogeology, Engineering geology, Geophysics;<\/p>\n\n\n\n<p><strong>Ko\u0161ice<\/strong>: Sedimentology, Structural geology, Mineral deposits, Hydrogeology, Geophysics<\/p>\n","protected":false},"excerpt":{"rendered":"<p>(prevzat\u00e9 zo str\u00e1nky NCO pre Slovensko SAIA: https:\/\/ceepus.saia.sk\/sk\/main\/co-je-program-ceepus) Stredoeur\u00f3psky v\u00fdmenn\u00fd &hellip; <\/p>\n","protected":false},"author":2,"featured_media":0,"parent":0,"menu_order":0,"comment_status":"closed","ping_status":"closed","template":"","meta":{"_monsterinsights_skip_tracking":false,"_monsterinsights_sitenote_active":false,"_monsterinsights_sitenote_note":"","_monsterinsights_sitenote_category":0,"ngg_post_thumbnail":0},"folder":[],"yoast_head":"<!-- This site is optimized with the Yoast SEO plugin v19.4 - https:\/\/yoast.com\/wordpress\/plugins\/seo\/ -->\n<title>Z\u00e1kladn\u00e9 \u00fadaje o programe CEEPUS - Katedra mineral\u00f3gie, petrol\u00f3gie a lo\u017eiskovej geol\u00f3gie<\/title>\n<meta name=\"robots\" content=\"index, follow, max-snippet:-1, max-image-preview:large, max-video-preview:-1\" \/>\n<link rel=\"canonical\" href=\"https:\/\/kmplg.sk\/?page_id=3111\" \/>\n<meta property=\"og:locale\" content=\"sk_SK\" \/>\n<meta property=\"og:type\" content=\"article\" \/>\n<meta property=\"og:title\" content=\"Z\u00e1kladn\u00e9 \u00fadaje o programe CEEPUS - Katedra mineral\u00f3gie, petrol\u00f3gie a lo\u017eiskovej geol\u00f3gie\" \/>\n<meta property=\"og:description\" content=\"(prevzat\u00e9 zo str\u00e1nky NCO pre Slovensko SAIA: https:\/\/ceepus.saia.sk\/sk\/main\/co-je-program-ceepus) Stredoeur\u00f3psky v\u00fdmenn\u00fd &hellip;\" \/>\n<meta property=\"og:url\" content=\"https:\/\/kmplg.sk\/?page_id=3111\" \/>\n<meta property=\"og:site_name\" content=\"Katedra mineral\u00f3gie, petrol\u00f3gie a lo\u017eiskovej geol\u00f3gie\" \/>\n<meta property=\"article:publisher\" content=\"https:\/\/www.facebook.com\/kmplg\/\" \/>\n<meta property=\"article:modified_time\" content=\"2023-12-14T15:56:20+00:00\" \/>\n<meta property=\"og:image\" content=\"https:\/\/kmplg.sk\/wp-content\/uploads\/2023\/12\/ceepus-logo-web.jpg\" \/>\n<meta name=\"twitter:card\" content=\"summary_large_image\" \/>\n<meta name=\"twitter:label1\" content=\"Predpokladan\u00fd \u010das \u010d\u00edtania\" \/>\n\t<meta name=\"twitter:data1\" content=\"8 min\u00fat\" \/>\n<script type=\"application\/ld+json\" class=\"yoast-schema-graph\">{\"@context\":\"https:\/\/schema.org\",\"@graph\":[{\"@type\":\"WebSite\",\"@id\":\"https:\/\/kmplg.sk\/#website\",\"url\":\"https:\/\/kmplg.sk\/\",\"name\":\"Katedra mineral\u00f3gie, petrol\u00f3gie a lo\u017eiskovej geol\u00f3gie\",\"description\":\"Pr\u00edrodovedeck\u00e1 fakulta Univerzity Komensk\u00e9ho v Bratislave\",\"potentialAction\":[{\"@type\":\"SearchAction\",\"target\":{\"@type\":\"EntryPoint\",\"urlTemplate\":\"https:\/\/kmplg.sk\/?s={search_term_string}\"},\"query-input\":\"required name=search_term_string\"}],\"inLanguage\":\"sk-SK\"},{\"@type\":\"WebPage\",\"@id\":\"https:\/\/kmplg.sk\/?page_id=3111\",\"url\":\"https:\/\/kmplg.sk\/?page_id=3111\",\"name\":\"Z\u00e1kladn\u00e9 \u00fadaje o programe CEEPUS - Katedra mineral\u00f3gie, petrol\u00f3gie a lo\u017eiskovej geol\u00f3gie\",\"isPartOf\":{\"@id\":\"https:\/\/kmplg.sk\/#website\"},\"datePublished\":\"2023-12-14T15:52:25+00:00\",\"dateModified\":\"2023-12-14T15:56:20+00:00\",\"breadcrumb\":{\"@id\":\"https:\/\/kmplg.sk\/?page_id=3111#breadcrumb\"},\"inLanguage\":\"sk-SK\",\"potentialAction\":[{\"@type\":\"ReadAction\",\"target\":[\"https:\/\/kmplg.sk\/?page_id=3111\"]}]},{\"@type\":\"BreadcrumbList\",\"@id\":\"https:\/\/kmplg.sk\/?page_id=3111#breadcrumb\",\"itemListElement\":[{\"@type\":\"ListItem\",\"position\":1,\"name\":\"Home\",\"item\":\"https:\/\/kmplg.sk\/\"},{\"@type\":\"ListItem\",\"position\":2,\"name\":\"Z\u00e1kladn\u00e9 \u00fadaje o programe CEEPUS\"}]}]}<\/script>\n<!-- \/ Yoast SEO plugin. -->","yoast_head_json":{"title":"Z\u00e1kladn\u00e9 \u00fadaje o programe CEEPUS - Katedra mineral\u00f3gie, petrol\u00f3gie a lo\u017eiskovej geol\u00f3gie","robots":{"index":"index","follow":"follow","max-snippet":"max-snippet:-1","max-image-preview":"max-image-preview:large","max-video-preview":"max-video-preview:-1"},"canonical":"https:\/\/kmplg.sk\/?page_id=3111","og_locale":"sk_SK","og_type":"article","og_title":"Z\u00e1kladn\u00e9 \u00fadaje o programe CEEPUS - Katedra mineral\u00f3gie, petrol\u00f3gie a lo\u017eiskovej geol\u00f3gie","og_description":"(prevzat\u00e9 zo str\u00e1nky NCO pre Slovensko SAIA: https:\/\/ceepus.saia.sk\/sk\/main\/co-je-program-ceepus) Stredoeur\u00f3psky v\u00fdmenn\u00fd &hellip;","og_url":"https:\/\/kmplg.sk\/?page_id=3111","og_site_name":"Katedra mineral\u00f3gie, petrol\u00f3gie a lo\u017eiskovej geol\u00f3gie","article_publisher":"https:\/\/www.facebook.com\/kmplg\/","article_modified_time":"2023-12-14T15:56:20+00:00","og_image":[{"url":"https:\/\/kmplg.sk\/wp-content\/uploads\/2023\/12\/ceepus-logo-web.jpg"}],"twitter_card":"summary_large_image","twitter_misc":{"Predpokladan\u00fd \u010das \u010d\u00edtania":"8 min\u00fat"},"schema":{"@context":"https:\/\/schema.org","@graph":[{"@type":"WebSite","@id":"https:\/\/kmplg.sk\/#website","url":"https:\/\/kmplg.sk\/","name":"Katedra mineral\u00f3gie, petrol\u00f3gie a lo\u017eiskovej geol\u00f3gie","description":"Pr\u00edrodovedeck\u00e1 fakulta Univerzity Komensk\u00e9ho v Bratislave","potentialAction":[{"@type":"SearchAction","target":{"@type":"EntryPoint","urlTemplate":"https:\/\/kmplg.sk\/?s={search_term_string}"},"query-input":"required name=search_term_string"}],"inLanguage":"sk-SK"},{"@type":"WebPage","@id":"https:\/\/kmplg.sk\/?page_id=3111","url":"https:\/\/kmplg.sk\/?page_id=3111","name":"Z\u00e1kladn\u00e9 \u00fadaje o programe CEEPUS - Katedra mineral\u00f3gie, petrol\u00f3gie a lo\u017eiskovej geol\u00f3gie","isPartOf":{"@id":"https:\/\/kmplg.sk\/#website"},"datePublished":"2023-12-14T15:52:25+00:00","dateModified":"2023-12-14T15:56:20+00:00","breadcrumb":{"@id":"https:\/\/kmplg.sk\/?page_id=3111#breadcrumb"},"inLanguage":"sk-SK","potentialAction":[{"@type":"ReadAction","target":["https:\/\/kmplg.sk\/?page_id=3111"]}]},{"@type":"BreadcrumbList","@id":"https:\/\/kmplg.sk\/?page_id=3111#breadcrumb","itemListElement":[{"@type":"ListItem","position":1,"name":"Home","item":"https:\/\/kmplg.sk\/"},{"@type":"ListItem","position":2,"name":"Z\u00e1kladn\u00e9 \u00fadaje o programe CEEPUS"}]}]}},"_links":{"self":[{"href":"https:\/\/kmplg.sk\/index.php?rest_route=\/wp\/v2\/pages\/3111"}],"collection":[{"href":"https:\/\/kmplg.sk\/index.php?rest_route=\/wp\/v2\/pages"}],"about":[{"href":"https:\/\/kmplg.sk\/index.php?rest_route=\/wp\/v2\/types\/page"}],"author":[{"embeddable":true,"href":"https:\/\/kmplg.sk\/index.php?rest_route=\/wp\/v2\/users\/2"}],"replies":[{"embeddable":true,"href":"https:\/\/kmplg.sk\/index.php?rest_route=%2Fwp%2Fv2%2Fcomments&post=3111"}],"version-history":[{"count":3,"href":"https:\/\/kmplg.sk\/index.php?rest_route=\/wp\/v2\/pages\/3111\/revisions"}],"predecessor-version":[{"id":3117,"href":"https:\/\/kmplg.sk\/index.php?rest_route=\/wp\/v2\/pages\/3111\/revisions\/3117"}],"wp:attachment":[{"href":"https:\/\/kmplg.sk\/index.php?rest_route=%2Fwp%2Fv2%2Fmedia&parent=3111"}],"wp:term":[{"taxonomy":"folder","embeddable":true,"href":"https:\/\/kmplg.sk\/index.php?rest_route=%2Fwp%2Fv2%2Ffolder&post=3111"}],"curies":[{"name":"wp","href":"https:\/\/api.w.org\/{rel}","templated":true}]}}