{"id":2893,"date":"2022-02-04T09:53:52","date_gmt":"2022-02-04T08:53:52","guid":{"rendered":"https:\/\/kmplg.sk\/?page_id=2893"},"modified":"2022-02-04T10:04:32","modified_gmt":"2022-02-04T09:04:32","slug":"doctoral-study-programme","status":"publish","type":"page","link":"https:\/\/kmplg.sk\/?page_id=2893&lang=en","title":{"rendered":"Doctoral study"},"content":{"rendered":"\n<h2><strong><span class=\"has-inline-color has-vivid-red-color\">Doctoral study programme: Mineralogy and petrology<\/span><\/strong><\/h2>\n\n\n\n<p class=\"has-medium-font-size\"><em><em>Degree, \u00a0form of study:\u00a0<strong>3.rd degree, internal\/external form<\/strong><\/em><br><em><em>Awarded academic degree:<strong> doctor \u2013 PhD.<\/strong><\/em><\/em><br><em>Garant<\/em>: <strong><strong><em>prof. RNDr. Monika Huraiov\u00e1, PhD.<\/em><\/strong><\/strong><\/em><\/p>\n\n\n\n<p><em>Doctoral study programme <strong>Mineralogy and Petrology<\/strong> is a new study programme which combines two existing and successful doctoral degree study programmes with long tradition \u2013 Mineralogy and Petrology. The reason for the combination of the two programmes is the considerable content affinity of the two existing programmes of the third level of education, since petrology is based on the study of minerals, of which each rock is composed. As part of the submitted, combined mineralogy and petrology programme, there remains space for the future graduate to focus himself\/herself in the dissertation to a more mineralogically or petrologically oriented topic. Graduate of the doctoral study programme Mineralogy and Petrology can <strong>analyze and classify rocks<\/strong>, <strong>determine their mineral and chemical composition<\/strong> on the basis of <strong>field and laboratory results<\/strong> and <strong>interpret the conditions<\/strong> of their formation in the lithosphere, which includes the crust and the upper, rigid part of the mantle. The graduate can apply the <strong>latest mineralogical-petrological and geochemical methods of research<\/strong>, creatively applying the results of <strong>experimental and thermodynamic modelling<\/strong> to the genetic interpretation of rocks in various geotectonic environments and geodynamic settings. The basis of this study programme is profiled by compulsory and compulsory elective courses: <strong>Magmatic Petrology, Metamorphic Petrology, Sedimentary Petrology, Mineralogy of rocks, Geochemistry of rocks, Crystal chemistry of silicate and non-silicate minerals and Professional English<\/strong>. For the interpretation of the genesis of rocks, a detailed analysis of their mineral composition is necessary. Therefore, a graduate of doctoral studies Mineralogy and Petrology can <strong>identify minerals, determine their chemical composition, set their compositions in classification schemes, characterize isomorphic minerals, or reveal the substitution mechanisms of elements<\/strong>. Based on the detailed mineralogical characteristics, he\/she can <strong>infer the genesis of rocks and minerals<\/strong>. Other elective courses serve to acquire this knowledge: <strong>Genetic mineralogy and petrology and Isotope geology and geochemistry<\/strong>. The graduate is able to design basic research projects aimed to identification of chemical composition, structure, age and origin of minerals and rocks of terrestrial and extra-terrestrial origin. <strong>An integral part of a graduate&#8217;s profile is his\/her ability to put the results of basic research into practice, including environmental quality sustainability<\/strong>, technological processes in the production of geomaterials and reconstruction of building objects. The graduate has experience in <strong>metamorphic and metasomatic transformations of rocks as important indicators of accumulations of natural resources<\/strong>. He\/she can make a significant contribution to the search for and verification of mineral resources. He\/she is <strong>able to solve complex tasks of minerogenesis and petrogenesis<\/strong> in both <strong>basic <\/strong>and <strong>applied research<\/strong>. The graduate is able to carry out research with a high degree of creativity and autonomy, formulate and validate hypotheses based on an analysis of the data obtained. <strong>The graduate is led to manage working teams, lead projects independently and take responsibility for complex solutions also in interdisciplinary fields <\/strong>(geochemistry, economic geology, petrophysics, geotechnics, etc.) in the state institutions and private enterprises.<\/em><\/p>\n\n\n\n<p><em><strong>Graduate of the doctoral study programme Mineralogy and Petrology can be employed in basic and applied research institutions, in estate as well as private sector, organisations focused on geological exploration and research, as well as companies and institutions dealing with the construction, technical, environmental activities and territorial design<\/strong>. Skills in mineralogy and petrology will also allow graduates to work in state and private organisations dealing with the exploration, exploitation and processing of mineral resources. Graduates can also find their fulfilment in the following sectors:<\/em><\/p>\n\n\n\n<ul><li><em>state and private geological and technical research organisations concerned with testing the quality of raw materials and technical geomaterials<\/em><ul><li><em>higher education institutions and universities, Slovak Academy of Sciences and other research organisations<\/em><\/li><\/ul><ul><li><em>geological and geotechnical enterprises at national and transnational levels dealing with the search and exploration of natural raw materials<\/em><\/li><\/ul><ul><li><em>mining companies<\/em><\/li><\/ul><ul><li><em>private business activities in national and transnational geological and related technical organisations (geotechnology, water management)<\/em><\/li><\/ul><ul><li><em>environmental organisations and firms<\/em><\/li><\/ul><ul><li><em>institutions and private firms active in identifying, processing and determining the quality and authenticity of gemstones and semi-precious stones<\/em><\/li><\/ul><ul><li><em>nature conservation organisations<\/em><\/li><\/ul><ul><li><em>ministries and regional and local governmental organisations<\/em><\/li><\/ul><ul><li><em>natural museums<\/em><\/li><\/ul><ul><li><em>geotourism, geoparks<\/em><\/li><\/ul><ul><li><em>organizations aimed at protecting and preserving historical objects, monuments and artworks<\/em><\/li><\/ul><\/li><\/ul>\n\n\n\n<p>Download the <span class=\"has-inline-color has-vivid-red-color\"><strong>List of Course Information Sheets<\/strong><\/span> and <strong><span class=\"has-inline-color has-vivid-red-color\">Study programme<\/span><\/strong>.<\/p>\n\n\n\n<div class=\"wp-block-columns\">\n<div class=\"wp-block-column\">\n<div class=\"wp-block-file\"><a href=\"https:\/\/kmplg.sk\/wp-content\/uploads\/2022\/02\/UK_PriF_Course_Information_Sheets_PhD_MP.pdf\">List of Course Information Sheets<\/a><a href=\"https:\/\/kmplg.sk\/wp-content\/uploads\/2022\/02\/UK_PriF_Course_Information_Sheets_PhD_MP.pdf\" class=\"wp-block-file__button\" download>Download<\/a><\/div>\n<\/div>\n\n\n\n<div class=\"wp-block-column\">\n<div class=\"wp-block-file\"><a href=\"https:\/\/kmplg.sk\/wp-content\/uploads\/2022\/02\/phd-Study-Programme-EN.pdf\">Study Programme<\/a><a href=\"https:\/\/kmplg.sk\/wp-content\/uploads\/2022\/02\/phd-Study-Programme-EN.pdf\" class=\"wp-block-file__button\" download>Download<\/a><\/div>\n<\/div>\n<\/div>\n","protected":false},"excerpt":{"rendered":"<p>Doctoral study programme: Mineralogy and petrology Degree, \u00a0form of study:\u00a03.rd &hellip; <\/p>\n","protected":false},"author":2,"featured_media":0,"parent":0,"menu_order":0,"comment_status":"closed","ping_status":"closed","template":"","meta":{"_monsterinsights_skip_tracking":false,"_monsterinsights_sitenote_active":false,"_monsterinsights_sitenote_note":"","_monsterinsights_sitenote_category":0,"ngg_post_thumbnail":0},"folder":[],"yoast_head":"<!-- This site is optimized with the Yoast SEO plugin v19.4 - https:\/\/yoast.com\/wordpress\/plugins\/seo\/ -->\n<title>Doctoral study - Katedra mineral\u00f3gie, petrol\u00f3gie a lo\u017eiskovej geol\u00f3gie<\/title>\n<meta name=\"robots\" content=\"index, follow, max-snippet:-1, max-image-preview:large, max-video-preview:-1\" \/>\n<link rel=\"canonical\" href=\"https:\/\/kmplg.sk\/?page_id=2893&lang=en\" \/>\n<meta property=\"og:locale\" content=\"sk_SK\" \/>\n<meta property=\"og:type\" content=\"article\" \/>\n<meta property=\"og:title\" content=\"Doctoral study - Katedra mineral\u00f3gie, petrol\u00f3gie a lo\u017eiskovej geol\u00f3gie\" \/>\n<meta property=\"og:description\" content=\"Doctoral study programme: Mineralogy and petrology Degree, \u00a0form of study:\u00a03.rd &hellip;\" \/>\n<meta property=\"og:url\" content=\"https:\/\/kmplg.sk\/?page_id=2893&amp;lang=en\" \/>\n<meta property=\"og:site_name\" content=\"Katedra mineral\u00f3gie, petrol\u00f3gie a lo\u017eiskovej geol\u00f3gie\" \/>\n<meta property=\"article:publisher\" content=\"https:\/\/www.facebook.com\/kmplg\/\" \/>\n<meta property=\"article:modified_time\" content=\"2022-02-04T09:04:32+00:00\" \/>\n<meta name=\"twitter:card\" content=\"summary_large_image\" \/>\n<meta name=\"twitter:label1\" content=\"Predpokladan\u00fd \u010das \u010d\u00edtania\" \/>\n\t<meta name=\"twitter:data1\" content=\"4 min\u00faty\" \/>\n<script type=\"application\/ld+json\" class=\"yoast-schema-graph\">{\"@context\":\"https:\/\/schema.org\",\"@graph\":[{\"@type\":\"WebSite\",\"@id\":\"https:\/\/kmplg.sk\/#website\",\"url\":\"https:\/\/kmplg.sk\/\",\"name\":\"Katedra mineral\u00f3gie, petrol\u00f3gie a lo\u017eiskovej geol\u00f3gie\",\"description\":\"Pr\u00edrodovedeck\u00e1 fakulta Univerzity Komensk\u00e9ho v Bratislave\",\"potentialAction\":[{\"@type\":\"SearchAction\",\"target\":{\"@type\":\"EntryPoint\",\"urlTemplate\":\"https:\/\/kmplg.sk\/?s={search_term_string}\"},\"query-input\":\"required name=search_term_string\"}],\"inLanguage\":\"sk-SK\"},{\"@type\":\"WebPage\",\"@id\":\"https:\/\/kmplg.sk\/?page_id=2893&lang=en\",\"url\":\"https:\/\/kmplg.sk\/?page_id=2893&lang=en\",\"name\":\"Doctoral study - Katedra mineral\u00f3gie, petrol\u00f3gie a lo\u017eiskovej geol\u00f3gie\",\"isPartOf\":{\"@id\":\"https:\/\/kmplg.sk\/#website\"},\"datePublished\":\"2022-02-04T08:53:52+00:00\",\"dateModified\":\"2022-02-04T09:04:32+00:00\",\"breadcrumb\":{\"@id\":\"https:\/\/kmplg.sk\/?page_id=2893&lang=en#breadcrumb\"},\"inLanguage\":\"sk-SK\",\"potentialAction\":[{\"@type\":\"ReadAction\",\"target\":[\"https:\/\/kmplg.sk\/?page_id=2893&lang=en\"]}]},{\"@type\":\"BreadcrumbList\",\"@id\":\"https:\/\/kmplg.sk\/?page_id=2893&lang=en#breadcrumb\",\"itemListElement\":[{\"@type\":\"ListItem\",\"position\":1,\"name\":\"Home\",\"item\":\"https:\/\/kmplg.sk\/\"},{\"@type\":\"ListItem\",\"position\":2,\"name\":\"Doctoral study\"}]}]}<\/script>\n<!-- \/ Yoast SEO plugin. -->","yoast_head_json":{"title":"Doctoral study - Katedra mineral\u00f3gie, petrol\u00f3gie a lo\u017eiskovej geol\u00f3gie","robots":{"index":"index","follow":"follow","max-snippet":"max-snippet:-1","max-image-preview":"max-image-preview:large","max-video-preview":"max-video-preview:-1"},"canonical":"https:\/\/kmplg.sk\/?page_id=2893&lang=en","og_locale":"sk_SK","og_type":"article","og_title":"Doctoral study - Katedra mineral\u00f3gie, petrol\u00f3gie a lo\u017eiskovej geol\u00f3gie","og_description":"Doctoral study programme: Mineralogy and petrology Degree, \u00a0form of study:\u00a03.rd &hellip;","og_url":"https:\/\/kmplg.sk\/?page_id=2893&lang=en","og_site_name":"Katedra mineral\u00f3gie, petrol\u00f3gie a lo\u017eiskovej geol\u00f3gie","article_publisher":"https:\/\/www.facebook.com\/kmplg\/","article_modified_time":"2022-02-04T09:04:32+00:00","twitter_card":"summary_large_image","twitter_misc":{"Predpokladan\u00fd \u010das \u010d\u00edtania":"4 min\u00faty"},"schema":{"@context":"https:\/\/schema.org","@graph":[{"@type":"WebSite","@id":"https:\/\/kmplg.sk\/#website","url":"https:\/\/kmplg.sk\/","name":"Katedra mineral\u00f3gie, petrol\u00f3gie a lo\u017eiskovej geol\u00f3gie","description":"Pr\u00edrodovedeck\u00e1 fakulta Univerzity Komensk\u00e9ho v Bratislave","potentialAction":[{"@type":"SearchAction","target":{"@type":"EntryPoint","urlTemplate":"https:\/\/kmplg.sk\/?s={search_term_string}"},"query-input":"required name=search_term_string"}],"inLanguage":"sk-SK"},{"@type":"WebPage","@id":"https:\/\/kmplg.sk\/?page_id=2893&lang=en","url":"https:\/\/kmplg.sk\/?page_id=2893&lang=en","name":"Doctoral study - Katedra mineral\u00f3gie, petrol\u00f3gie a lo\u017eiskovej geol\u00f3gie","isPartOf":{"@id":"https:\/\/kmplg.sk\/#website"},"datePublished":"2022-02-04T08:53:52+00:00","dateModified":"2022-02-04T09:04:32+00:00","breadcrumb":{"@id":"https:\/\/kmplg.sk\/?page_id=2893&lang=en#breadcrumb"},"inLanguage":"sk-SK","potentialAction":[{"@type":"ReadAction","target":["https:\/\/kmplg.sk\/?page_id=2893&lang=en"]}]},{"@type":"BreadcrumbList","@id":"https:\/\/kmplg.sk\/?page_id=2893&lang=en#breadcrumb","itemListElement":[{"@type":"ListItem","position":1,"name":"Home","item":"https:\/\/kmplg.sk\/"},{"@type":"ListItem","position":2,"name":"Doctoral study"}]}]}},"_links":{"self":[{"href":"https:\/\/kmplg.sk\/index.php?rest_route=\/wp\/v2\/pages\/2893"}],"collection":[{"href":"https:\/\/kmplg.sk\/index.php?rest_route=\/wp\/v2\/pages"}],"about":[{"href":"https:\/\/kmplg.sk\/index.php?rest_route=\/wp\/v2\/types\/page"}],"author":[{"embeddable":true,"href":"https:\/\/kmplg.sk\/index.php?rest_route=\/wp\/v2\/users\/2"}],"replies":[{"embeddable":true,"href":"https:\/\/kmplg.sk\/index.php?rest_route=%2Fwp%2Fv2%2Fcomments&post=2893"}],"version-history":[{"count":4,"href":"https:\/\/kmplg.sk\/index.php?rest_route=\/wp\/v2\/pages\/2893\/revisions"}],"predecessor-version":[{"id":2899,"href":"https:\/\/kmplg.sk\/index.php?rest_route=\/wp\/v2\/pages\/2893\/revisions\/2899"}],"wp:attachment":[{"href":"https:\/\/kmplg.sk\/index.php?rest_route=%2Fwp%2Fv2%2Fmedia&parent=2893"}],"wp:term":[{"taxonomy":"folder","embeddable":true,"href":"https:\/\/kmplg.sk\/index.php?rest_route=%2Fwp%2Fv2%2Ffolder&post=2893"}],"curies":[{"name":"wp","href":"https:\/\/api.w.org\/{rel}","templated":true}]}}