{"id":2710,"date":"2022-01-14T12:01:14","date_gmt":"2022-01-14T11:01:14","guid":{"rendered":"https:\/\/kmplg.sk\/?page_id=2710"},"modified":"2022-01-17T11:35:50","modified_gmt":"2022-01-17T10:35:50","slug":"prof-rndr-marian-putis-phd","status":"publish","type":"page","link":"https:\/\/kmplg.sk\/?page_id=2710&lang=en","title":{"rendered":"Prof. RNDr. Mari\u00e1n Puti\u0161, DrSc."},"content":{"rendered":"\n<div class=\"wp-block-image is-style-default\"><figure class=\"alignleft size-full\"><img loading=\"lazy\" width=\"217\" height=\"230\" src=\"https:\/\/kmplg.sk\/wp-content\/uploads\/2022\/01\/Obrazok1.jpg\" alt=\"\" class=\"wp-image-2699\" srcset=\"https:\/\/kmplg.sk\/wp-content\/uploads\/2022\/01\/Obrazok1.jpg 217w, https:\/\/kmplg.sk\/wp-content\/uploads\/2022\/01\/Obrazok1-57x60.jpg 57w\" sizes=\"(max-width: 217px) 100vw, 217px\" \/><\/figure><\/div>\n\n\n\n<div class=\"wp-block-group\"><div class=\"wp-block-group__inner-container\">\n<div class=\"wp-block-columns\">\n<div class=\"wp-block-column\" style=\"flex-basis:100%\">\n<figure class=\"wp-block-table is-style-stripes\"><table class=\"has-background has-fixed-layout\" style=\"background-color:#fcf0ef\"><tbody><tr><td><strong>Position<\/strong>:<\/td><td>professor<\/td><\/tr><tr><td><strong>Room<\/strong>:<\/td><td>G-326<\/td><\/tr><tr><td><strong>Phone<\/strong>:<\/td><td>+421 2 9014 9<strong>609<\/strong><\/td><\/tr><tr><td><strong>e-mail:<\/strong><\/td><td>marian.putis@uniba.sk<\/td><\/tr><tr><td><strong>Publications<\/strong><\/td><td><a href=\"http:\/\/alis.uniba.sk:9909\/search\/query?match_1=PHRASE&amp;field_1=authid&amp;term_1=1197252&amp;theme=EPC\">list of publications<\/a><\/td><\/tr><\/tbody><\/table><figcaption><span class=\"has-inline-color has-vivid-red-color\">Section of Petrology<\/span><\/figcaption><\/figure>\n<\/div>\n<\/div>\n\n\n\n<p><\/p>\n<\/div><\/div>\n\n\n\n<div class=\"wp-block-columns\">\n<div class=\"wp-block-column\" style=\"flex-basis:100%\">\n<div class=\"wp-block-buttons\">\n<div class=\"wp-block-button\"><a class=\"wp-block-button__link has-vivid-red-color has-very-light-gray-to-cyan-bluish-gray-gradient-background has-text-color has-background\" href=\"https:\/\/www.researchgate.net\/profile\/Marian-Putis-2\" style=\"border-radius:20px\" target=\"_blank\" rel=\"noreferrer noopener\"><img loading=\"lazy\" width=\"20\" height=\"19\" class=\"wp-image-1394\" style=\"width: 20px;\" src=\"http:\/\/kmplg.sk\/wp-content\/uploads\/2021\/04\/linkedinvsresearchgate_v2-1.png\" alt=\"\"> <span class=\"has-inline-color has-vivid-red-color\">ResearchGate<\/span><span class=\"has-inline-color has-white-color\"><\/span><\/a><\/div>\n\n\n\n<div class=\"wp-block-button\"><a class=\"wp-block-button__link has-very-light-gray-to-cyan-bluish-gray-gradient-background has-background\" href=\"https:\/\/www.scopus.com\/authid\/detail.uri?authorId=6602571383\" target=\"_blank\" rel=\"noreferrer noopener\"><span class=\"has-inline-color has-white-color\"><img loading=\"lazy\" width=\"20\" height=\"20\" class=\"wp-image-1401\" style=\"width: 20px;\" src=\"http:\/\/kmplg.sk\/wp-content\/uploads\/2021\/04\/68747470733a2f2f7777772e6665722e756e697a672e68722f5f7075622f7468656d65735f7374617469632f666572323031362f64656661756c742f696d672f73636f7075732d69636f6e2e706e67.png\" alt=\"\"> <\/span><span class=\"has-inline-color has-vivid-red-color\">Scopus<\/span><\/a><\/div>\n\n\n\n<div class=\"wp-block-button\"><a class=\"wp-block-button__link has-very-light-gray-to-cyan-bluish-gray-gradient-background has-background\" href=\"http:\/\/kmplg.sk\/?page_id=85\" target=\"_blank\" rel=\"noreferrer noopener\"><span class=\"has-inline-color has-vivid-red-color\">Topics of Thesis<\/span><\/a><\/div>\n<\/div>\n<\/div>\n<\/div>\n\n\n\n<h2>Scientific profile<\/h2>\n\n\n\n<ul><li>Petrology, mineralogy and geochemistry of metamorphic and igneous rocks of the crust and mantle, petrotectonics, geodynamics and paleotectonics, isotope geochronology (user of U \/ Pb methods SIMS \/ SHRIMP, LA-ICP-MS, 40Ar-39Ar, FT, U-Th \/ He) v Western Carpathians, Eastern Alps, partly Egypt and Turkey and Bosnia and Herzegovina.<\/li><\/ul>\n\n\n\n<h2>Pedagogical activities<\/h2>\n\n\n\n<p><strong>Bachelor\u2019s degree:<\/strong><\/p>\n\n\n\n<ul><li>Petrography of metamorphic rocks<\/li><li>Endogenous geological processes<\/li><li>Rock microscopy<\/li><\/ul>\n\n\n\n<p><strong><strong><strong>Master\u2019s degree<\/strong><\/strong><\/strong><\/p>\n\n\n\n<ul><li>Petrology of metamorphic rocks<\/li><li>Thermodynamics and phase equilibria<\/li><li>Petrotectonics<\/li><li>Genetic mineralogy of rock systems<\/li><li>Geodynamic development of Paleozoic complexes of the Western Carpathians<\/li><li>Diploma seminar<\/li><li>Microscopic petrology<\/li><\/ul>\n\n\n\n<p><strong><strong><strong>Doctoral degree<\/strong><\/strong><\/strong><\/p>\n\n\n\n<ul><li>Doctoral seminar<\/li><li>Metamorphic petrology<\/li><li>Structural petrology<\/li><\/ul>\n\n\n\n<hr class=\"wp-block-separator\"\/>\n\n\n\n<h2>The most significant publications<\/h2>\n\n\n\n<div class=\"wp-block-group\"><div class=\"wp-block-group__inner-container\">\n<ul><li>Abdelfadil K.M., Gharib M.E., Uher P., Puti\u0161 M., 2022: <strong>Petrogenesis of post-orogenic Pan-African rare-element granitic pegmatites in the western Arabian-Nubian Shield, Aswan area, southern Egypt<\/strong>. <em>Journal of Asian Earth Sciences<\/em>, 224, 105003.<\/li><li>Puti\u0161 M., Nemec O., Dani\u0161\u00edk M., Jourdan F., Sot\u00e1k J., Tomek \u010c., Ru\u017ei\u010dka P., Moln\u00e1rov\u00e1 A., 2021: <strong>Formation of a Composite Albian\u2013Eocene Orogenic Wedge in the Inner Western Carpathians: P\u2013T Estimates and 40Ar\/39Ar Geochronology from Structural Units<\/strong>. <em>Minerals<\/em>, 11, 988.<\/li><li>Ondrejka M., Uher P., Puti\u0161 M., Koh\u00fat M., Broska I., Larionov A., Bojar A.-V., Sobock\u00fd T., 2021: <strong>Permian A-type granites of the Western Carpathians and Transdanubian regions: products of the Pangea supercontinent breakup<\/strong>. <em>International Journal of Earth Sciences<\/em>, 110, 21\u201333.<\/li><li>Nemec O., Puti\u0161 M., Ba\u010d\u00edk P., Ru\u017ei\u010dka P., N\u00e9meth Z., 2020: <strong>Metamorphic Conditions of Neotethyan Meliatic Accretionary Wedge Estimated by Thermodynamic Modelling and Geothermobarometry (Inner Western Carpathians)<\/strong>. <em>Minerals<\/em>, 10, 1094.<\/li><li>Puti\u0161 M., Sot\u00e1k J., Li Q.-L., Ondrejka M., Li X.-H., Hu Z., Ling X., Nemec O., N\u00e9meth Z., Ru\u017ei\u010dka P. 2019: <strong>Origin and Age Determination of the Neotethys Meliata Basin Ophiolite Fragments in the Late Jurassic\u2013Early Cretaceous Accretionary Wedge M\u00e9lange (Inner Western Carpathians, Slovakia)<\/strong>. <em>Minerals<\/em>, 9, 652.<\/li><li>Puti\u0161 M., Li X.-H., Yang Y.-H., Li Q.-L., Nemec O., Ling X., Koller F., Balen D., 2018: <strong>Permian pyroxenite dykes in harzburgite with signatures of the mantle, subduction channel and accretionary wedge evolution (Austroalpine Unit, Eastern Alps)<\/strong>. <em>Lithos<\/em>, 314\u2013315, 165<a>\u2013<\/a>186.<\/li><li>Puti\u0161 M., Yang Y.-H., Vaculovi\u010d T., Koppa M., Li X.-H., Uher P., 2016: <strong>Perovskite, reaction product of a harzburgite with Jurassic-Cretaceous accretionary wedge fluids (Western Carpathians, Slovakia): evidence from the whole-rock and mineral trace element data<\/strong>. <em>Geologica Carpathica<\/em>, 67, 133\u2013146.<\/li><li>Ondrejka M., Puti\u0161 M., Uher P., Schmiedt I., Pukan\u010d\u00edk L., Kone\u010dn\u00fd P., 2016: <strong>Fluid-driven destabilization of REE-bearing accessory minerals in the granitic orthogneisses of North Veporic basement (Western Carpathians, Slovakia)<\/strong>. <em>Mineralogy and Petrology<\/em>, 110, 561\u2013580.<\/li><li>Puti\u0161 M., Dani\u0161\u00edk M., Ru\u017ei\u010dka P., Schmiedt I., 2014: <strong>Constraining exhumation pathway in an accretionary wedge by (U-Th)\/He thermochronology\u2013Case study on Meliatic nappes in the Western Carpathians<\/strong>. <em>Journal of Geodynamics<\/em>, 81, 80\u201390.<\/li><li>Li X.-H., Puti\u0161 M.*, Yang Y.-H., Koppa M., Dyda M., 2014: <strong>Accretionary wedge harzburgite serpentinization and rodingitization constrained by perovskite U\/Pb SIMS age, trace elements and Sm\/Nd isotopes: Case study from the Western Carpathians, Slovakia<\/strong>. <em>Lithos<\/em>, 205, 1\u201314.<\/li><\/ul>\n<\/div><\/div>\n\n\n\n<h2>Funded Scientific Projects (-2015-2021-):<\/h2>\n\n\n\n<p><em>2012-2015 <strong>Bilateral Japan &#8211; Slovak Project \u201cThe role of meta-ultramafics on the mechanism of crust-mantle interaction in subduction zones\u201d<\/strong> between the Kyoto University, Geological Institute of Slovak Academy of Sciences and Comenius University in Bratislava, funded by the JSPS Agency in Japan (coordinators: Prof. Dr. T. Hirajima; Dr. P. Siman, G\u00daSAV and Prof. Dr. M. Puti\u0161, UK Bratislava).<\/em><\/p>\n\n\n\n<p><em>2015-2018: Project VEGA-1\/0079\/15 <strong>\u201cMetaperidotites, serpentinites and rodingites from accretionary complexes of the Inner Western Carpathians and eastern Austroalpine margin: petrology and genetic aspects\u201d<\/strong> (principal investigator M. Puti\u0161).<\/em><\/p>\n\n\n\n<p><em>2016-2019: Project APVV-15-0050 <strong>\u201cFluid-rock interaction in orogenic crust-mantle wedges of the Western Carpathians, eastern Alps and northern Turkey; correlation and thermodynamic modelling P-T-X parameters\u201d<\/strong> (principal investigator M. Puti\u0161).<\/em><\/p>\n\n\n\n<p><em>2017-2020: Project 2016YFE0203000<strong> \u201cCooperative research of microbeam analytical techniques of rock and minerals\u201d <\/strong>funded by Strategic international cooperation for technology Innovation of National Key Research and Development Plan. The China Ministry of Science and Technology Project between the Institute of Geology and Geophysics of the Chinese Academy of Sciences in Beijing and Comenius University in Bratislava, Slovakia. Principal investigator: Prof. Dr. Qiu-Li Li; Principal investigator of Slovak cooperating team: Prof. Dr. Mari\u00e1n Puti\u0161.<\/em><\/p>\n\n\n\n<p><em>2015-2021: Project <strong>\u201cExcellent scientific teams of Slovak Republik (MPT-Mineralogical-Petrological team of Comenius University in Bratislava)\u201d <\/strong>funded by the Ministry of Education, Science, Research and Sport of the Slovak Republic (team leader M. Puti\u0161).<\/em><\/p>\n\n\n\n<p><em>2019-2021: Project VEGA-1\/0151\/19 <strong>\u201cPetrology and geochronology of the crustal and mantle dyke systems in Cretaceous accretionary wedge of the Inner Western Carpathians and eastern Austro-Alpine margin\u201d<\/strong> (principal investigator M. Puti\u0161).<\/em><\/p>\n\n\n\n<p><em>2020-2023: Project APVV-19-0065 <strong>\u201cPetrological-geochronological record of riftogenesis and crust-mantle recycling in the Western Carpathians orogenic wedge\u201c<\/strong> (principal investigator M. Puti\u0161).<\/em><\/p>\n\n\n\n<p><em>2021-2023: EU SASPRO 2 Project <strong>\u201cThe heterogeneous multidimensional relational model for mineralogical data analysis\u201c <\/strong>Dr. Liubomyr Gavryliv (from National University of Kyiv, Ukraine) and Prof.Dr. M. Puti\u0161 (supervisor) at the Comenius University in Bratislava, Slovakia.<\/em><\/p>\n\n\n\n<h2>Professional experience<\/h2>\n\n\n\n<p><strong>Slovak Academy of Sciences in Bratislava<\/strong>, Department of Tectonics<\/p>\n\n\n\n<p><strong>(1976 \u2013 1984)<\/strong><\/p>\n\n\n\n<p>Position: scientific researcher<\/p>\n\n\n\n<p>Description: structural-geological mapping, structural and petrotectonic analysis, petrography and petrotectonics mostly in crystalline basement complexes and their cover rocks, with emphasis to shear zones<\/p>\n\n\n\n<p><strong>Comenius University in Bratislava, Faculty of Natural Sciences<\/strong>, Department of Petrography (1984-1988), Dpt. Mineralogy and Petrology (1988-2020), and Dpt. Mineralogy, Petrology and Economic Geology (from 2021)<\/p>\n\n\n\n<p><strong>(from 1984)<\/strong><\/p>\n\n\n\n<p>Position: Assist.Prof. (1984-1995), Assoc.Prof. (1995-2004), ordinary Prof. (from 2004)<\/p>\n\n\n\n<p>Description: teaching and scientific research in petrology and petrotectonics of metamorphic &nbsp;and magmatic rocks<\/p>\n\n\n\n<p>Head of the Department of Mineralogy and Petrology (2008-2020)<\/p>\n\n\n\n<p><strong>Geological Survey of Austria in Vienna<\/strong><\/p>\n\n\n\n<p><strong>(1990 \u2013 1998)<\/strong><\/p>\n\n\n\n<p>Position: contracted mapping geologist<\/p>\n\n\n\n<p>Description: field geological mapping on sheets: Mattersburg (Rosalien Mts.), Spittal a.d. Drau (High Taurs) and Karinthia (Kreuzeck Mts.). Head of working group in the Kreuzeck Massif and co-editor of published Geological Map 1:50 000 sheet 182 Spittal a.d. Drau in Austria (2006).<\/p>\n\n\n\n<p><strong>Technical University of Denmark<\/strong>, Department of Environmental Engineering, Copenhagen-Lyngby<\/p>\n\n\n\n<p>(<strong>1999 \u2013 2000<\/strong>)<\/p>\n\n\n\n<p>Position: visiting (guest) professor<\/p>\n\n\n\n<p>Description: Teaching Mineralogy, Petrology, Structural geology and Tectonics<\/p>\n\n\n\n<p><strong>University of \u00c5rhus, \u00c5rhus, Denmark<\/strong>, Department of Geosciences<\/p>\n\n\n\n<p><strong>(1999 \u2013 2008)<\/strong><\/p>\n\n\n\n<p>Position: guest researcher with monthly visits for petrotectonics<\/p>\n\n\n\n<p>Description: EBSD crystallographic preferred orientation (CPO) patterns of quartz, calcite and dolomite aggregates from mylonitic rocks of the Eastern Alps and Western Carpathians<\/p>\n\n\n\n<p><strong>Karl-Franzens University in Graz, Austria<\/strong>, Department of Earth Sciences, Geodynamic and Geochemistry Group<\/p>\n\n\n\n<p><strong>(1996 \u2013 2008)<\/strong><\/p>\n\n\n\n<p>Position: guest researcher with monthly visits for petrotectonics<\/p>\n\n\n\n<p>Description: X-ray reflection texture goniometry for CPO models of quartz and calcite aggregates from the shear zone mylonites of the Eastern Alps and Western Carpathians<\/p>\n\n\n\n<p><strong>Eberhard-Karl University in T\u00fcbingen, Germany<\/strong>, Department of Geology<\/p>\n\n\n\n<p><strong>(2004 \u2013 2006)<\/strong><\/p>\n\n\n\n<p>Position: guest researcher with monthly visits for petrotectonics<\/p>\n\n\n\n<p>Description: DAAD project on Petrotectonic evolution of the Kreuzeck Massif in Austria (half-automatic U-stage evaluation of CPO models of Qtz and Cal aggregates from mylonitic rocks)<\/p>\n\n\n\n<p><strong>Chinese Academy of Sciences<\/strong>, Institute of Geology and Geophysics, Beijing, State Key Laboratory of Lithospheric Evolution, SIMS, Nano-SIMS and LA-MC-ICP-MS Geochronological Laboratory<\/p>\n\n\n\n<p><strong>(2007, 2009, 2012)<\/strong><\/p>\n\n\n\n<p>Position: guest researcher with monthly visits for geochronology by SIMS, nano-SIMS and LA-MC-ICP-MS<\/p>\n\n\n\n<p>Description: Zircon and rutil geochronology from the Western Carpathians and Eastern Alps<\/p>\n\n\n\n<p><em>CEEPUS I-III Project (1996-2020), coordinator in mid-European CEEPUS network (M. Puti\u0161)<\/em><\/p>\n\n\n\n<h2>Supervising of doctorands and post-doctorands (2011-2021-):<\/h2>\n\n\n\n<p>Mgr. Mat\u00fa\u0161 Koppa (phd study program Petrology, 2011-2014), defended in 2014<\/p>\n\n\n\n<p>MSc. Samila Hrvanovi\u0107 (phd study program Petrology, 2011-2015), defended in 2015<\/p>\n\n\n\n<p>Dr. Khaled M. Abdelfadil (Univ. Sohag, Egypt), National Fellowship of SR, December 2017 \u2013 August 2018<\/p>\n\n\n\n<p>Dr. Liubomyr Gavryliv (National University of Kyiv, Ukraine), National Fellowship of SR, February \u2013 September 2020<\/p>\n\n\n\n<p>MSc. Samir Ustali\u0107 (phd study program Petrology, 2021\u20132025)<\/p>\n\n\n\n<h2>\u017divotopis<\/h2>\n\n\n\n<figure class=\"wp-block-image size-large\"><img loading=\"lazy\" width=\"765\" height=\"1024\" src=\"https:\/\/kmplg.sk\/wp-content\/uploads\/2022\/01\/Obrazok2-765x1024.png\" alt=\"\" class=\"wp-image-2706\" srcset=\"https:\/\/kmplg.sk\/wp-content\/uploads\/2022\/01\/Obrazok2-765x1024.png 765w, https:\/\/kmplg.sk\/wp-content\/uploads\/2022\/01\/Obrazok2-224x300.png 224w, https:\/\/kmplg.sk\/wp-content\/uploads\/2022\/01\/Obrazok2-768x1028.png 768w, https:\/\/kmplg.sk\/wp-content\/uploads\/2022\/01\/Obrazok2-1147x1536.png 1147w, https:\/\/kmplg.sk\/wp-content\/uploads\/2022\/01\/Obrazok2-1530x2048.png 1530w, https:\/\/kmplg.sk\/wp-content\/uploads\/2022\/01\/Obrazok2-45x60.png 45w\" sizes=\"(max-width: 765px) 100vw, 765px\" \/><\/figure>\n","protected":false},"excerpt":{"rendered":"<p>Position: professor Room: G-326 Phone: +421 2 9014 9609 e-mail: &hellip; <\/p>\n","protected":false},"author":2,"featured_media":0,"parent":1966,"menu_order":0,"comment_status":"closed","ping_status":"closed","template":"","meta":{"_monsterinsights_skip_tracking":false,"_monsterinsights_sitenote_active":false,"_monsterinsights_sitenote_note":"","_monsterinsights_sitenote_category":0,"ngg_post_thumbnail":0},"folder":[45],"yoast_head":"<!-- This site is optimized with the Yoast SEO plugin v19.4 - https:\/\/yoast.com\/wordpress\/plugins\/seo\/ -->\n<title>Prof. RNDr. Mari\u00e1n Puti\u0161, DrSc. - Katedra mineral\u00f3gie, petrol\u00f3gie a lo\u017eiskovej geol\u00f3gie<\/title>\n<meta name=\"robots\" content=\"index, follow, max-snippet:-1, max-image-preview:large, max-video-preview:-1\" \/>\n<link rel=\"canonical\" href=\"https:\/\/kmplg.sk\/?page_id=2710&lang=en\" \/>\n<meta property=\"og:locale\" content=\"sk_SK\" \/>\n<meta property=\"og:type\" content=\"article\" \/>\n<meta property=\"og:title\" content=\"Prof. RNDr. Mari\u00e1n Puti\u0161, DrSc. - Katedra mineral\u00f3gie, petrol\u00f3gie a lo\u017eiskovej geol\u00f3gie\" \/>\n<meta property=\"og:description\" content=\"Position: professor Room: G-326 Phone: +421 2 9014 9609 e-mail: &hellip;\" \/>\n<meta property=\"og:url\" content=\"https:\/\/kmplg.sk\/?page_id=2710&amp;lang=en\" \/>\n<meta property=\"og:site_name\" content=\"Katedra mineral\u00f3gie, petrol\u00f3gie a lo\u017eiskovej geol\u00f3gie\" \/>\n<meta property=\"article:publisher\" content=\"https:\/\/www.facebook.com\/kmplg\/\" \/>\n<meta property=\"article:modified_time\" content=\"2022-01-17T10:35:50+00:00\" \/>\n<meta property=\"og:image\" content=\"https:\/\/kmplg.sk\/wp-content\/uploads\/2022\/01\/Obrazok1.jpg\" \/>\n<meta name=\"twitter:card\" content=\"summary_large_image\" \/>\n<meta name=\"twitter:label1\" content=\"Predpokladan\u00fd \u010das \u010d\u00edtania\" \/>\n\t<meta name=\"twitter:data1\" content=\"8 min\u00fat\" \/>\n<script type=\"application\/ld+json\" class=\"yoast-schema-graph\">{\"@context\":\"https:\/\/schema.org\",\"@graph\":[{\"@type\":\"WebSite\",\"@id\":\"https:\/\/kmplg.sk\/#website\",\"url\":\"https:\/\/kmplg.sk\/\",\"name\":\"Katedra mineral\u00f3gie, petrol\u00f3gie a lo\u017eiskovej geol\u00f3gie\",\"description\":\"Pr\u00edrodovedeck\u00e1 fakulta Univerzity Komensk\u00e9ho v Bratislave\",\"potentialAction\":[{\"@type\":\"SearchAction\",\"target\":{\"@type\":\"EntryPoint\",\"urlTemplate\":\"https:\/\/kmplg.sk\/?s={search_term_string}\"},\"query-input\":\"required name=search_term_string\"}],\"inLanguage\":\"sk-SK\"},{\"@type\":\"WebPage\",\"@id\":\"https:\/\/kmplg.sk\/?page_id=2710&lang=en\",\"url\":\"https:\/\/kmplg.sk\/?page_id=2710&lang=en\",\"name\":\"Prof. RNDr. Mari\u00e1n Puti\u0161, DrSc. - Katedra mineral\u00f3gie, petrol\u00f3gie a lo\u017eiskovej geol\u00f3gie\",\"isPartOf\":{\"@id\":\"https:\/\/kmplg.sk\/#website\"},\"datePublished\":\"2022-01-14T11:01:14+00:00\",\"dateModified\":\"2022-01-17T10:35:50+00:00\",\"breadcrumb\":{\"@id\":\"https:\/\/kmplg.sk\/?page_id=2710&lang=en#breadcrumb\"},\"inLanguage\":\"sk-SK\",\"potentialAction\":[{\"@type\":\"ReadAction\",\"target\":[\"https:\/\/kmplg.sk\/?page_id=2710&lang=en\"]}]},{\"@type\":\"BreadcrumbList\",\"@id\":\"https:\/\/kmplg.sk\/?page_id=2710&lang=en#breadcrumb\",\"itemListElement\":[{\"@type\":\"ListItem\",\"position\":1,\"name\":\"Home\",\"item\":\"https:\/\/kmplg.sk\/\"},{\"@type\":\"ListItem\",\"position\":2,\"name\":\"About Us\",\"item\":\"https:\/\/kmplg.sk\/?lang=en\"},{\"@type\":\"ListItem\",\"position\":3,\"name\":\"Scientific and Academic Staff\",\"item\":\"https:\/\/kmplg.sk\/?page_id=1966&lang=en\"},{\"@type\":\"ListItem\",\"position\":4,\"name\":\"Prof. RNDr. Mari\u00e1n Puti\u0161, DrSc.\"}]}]}<\/script>\n<!-- \/ Yoast SEO plugin. -->","yoast_head_json":{"title":"Prof. RNDr. Mari\u00e1n Puti\u0161, DrSc. - Katedra mineral\u00f3gie, petrol\u00f3gie a lo\u017eiskovej geol\u00f3gie","robots":{"index":"index","follow":"follow","max-snippet":"max-snippet:-1","max-image-preview":"max-image-preview:large","max-video-preview":"max-video-preview:-1"},"canonical":"https:\/\/kmplg.sk\/?page_id=2710&lang=en","og_locale":"sk_SK","og_type":"article","og_title":"Prof. RNDr. Mari\u00e1n Puti\u0161, DrSc. - Katedra mineral\u00f3gie, petrol\u00f3gie a lo\u017eiskovej geol\u00f3gie","og_description":"Position: professor Room: G-326 Phone: +421 2 9014 9609 e-mail: &hellip;","og_url":"https:\/\/kmplg.sk\/?page_id=2710&lang=en","og_site_name":"Katedra mineral\u00f3gie, petrol\u00f3gie a lo\u017eiskovej geol\u00f3gie","article_publisher":"https:\/\/www.facebook.com\/kmplg\/","article_modified_time":"2022-01-17T10:35:50+00:00","og_image":[{"url":"https:\/\/kmplg.sk\/wp-content\/uploads\/2022\/01\/Obrazok1.jpg"}],"twitter_card":"summary_large_image","twitter_misc":{"Predpokladan\u00fd \u010das \u010d\u00edtania":"8 min\u00fat"},"schema":{"@context":"https:\/\/schema.org","@graph":[{"@type":"WebSite","@id":"https:\/\/kmplg.sk\/#website","url":"https:\/\/kmplg.sk\/","name":"Katedra mineral\u00f3gie, petrol\u00f3gie a lo\u017eiskovej geol\u00f3gie","description":"Pr\u00edrodovedeck\u00e1 fakulta Univerzity Komensk\u00e9ho v Bratislave","potentialAction":[{"@type":"SearchAction","target":{"@type":"EntryPoint","urlTemplate":"https:\/\/kmplg.sk\/?s={search_term_string}"},"query-input":"required name=search_term_string"}],"inLanguage":"sk-SK"},{"@type":"WebPage","@id":"https:\/\/kmplg.sk\/?page_id=2710&lang=en","url":"https:\/\/kmplg.sk\/?page_id=2710&lang=en","name":"Prof. RNDr. Mari\u00e1n Puti\u0161, DrSc. - Katedra mineral\u00f3gie, petrol\u00f3gie a lo\u017eiskovej geol\u00f3gie","isPartOf":{"@id":"https:\/\/kmplg.sk\/#website"},"datePublished":"2022-01-14T11:01:14+00:00","dateModified":"2022-01-17T10:35:50+00:00","breadcrumb":{"@id":"https:\/\/kmplg.sk\/?page_id=2710&lang=en#breadcrumb"},"inLanguage":"sk-SK","potentialAction":[{"@type":"ReadAction","target":["https:\/\/kmplg.sk\/?page_id=2710&lang=en"]}]},{"@type":"BreadcrumbList","@id":"https:\/\/kmplg.sk\/?page_id=2710&lang=en#breadcrumb","itemListElement":[{"@type":"ListItem","position":1,"name":"Home","item":"https:\/\/kmplg.sk\/"},{"@type":"ListItem","position":2,"name":"About Us","item":"https:\/\/kmplg.sk\/?lang=en"},{"@type":"ListItem","position":3,"name":"Scientific and Academic Staff","item":"https:\/\/kmplg.sk\/?page_id=1966&lang=en"},{"@type":"ListItem","position":4,"name":"Prof. RNDr. Mari\u00e1n Puti\u0161, DrSc."}]}]}},"_links":{"self":[{"href":"https:\/\/kmplg.sk\/index.php?rest_route=\/wp\/v2\/pages\/2710"}],"collection":[{"href":"https:\/\/kmplg.sk\/index.php?rest_route=\/wp\/v2\/pages"}],"about":[{"href":"https:\/\/kmplg.sk\/index.php?rest_route=\/wp\/v2\/types\/page"}],"author":[{"embeddable":true,"href":"https:\/\/kmplg.sk\/index.php?rest_route=\/wp\/v2\/users\/2"}],"replies":[{"embeddable":true,"href":"https:\/\/kmplg.sk\/index.php?rest_route=%2Fwp%2Fv2%2Fcomments&post=2710"}],"version-history":[{"count":6,"href":"https:\/\/kmplg.sk\/index.php?rest_route=\/wp\/v2\/pages\/2710\/revisions"}],"predecessor-version":[{"id":2764,"href":"https:\/\/kmplg.sk\/index.php?rest_route=\/wp\/v2\/pages\/2710\/revisions\/2764"}],"up":[{"embeddable":true,"href":"https:\/\/kmplg.sk\/index.php?rest_route=\/wp\/v2\/pages\/1966"}],"wp:attachment":[{"href":"https:\/\/kmplg.sk\/index.php?rest_route=%2Fwp%2Fv2%2Fmedia&parent=2710"}],"wp:term":[{"taxonomy":"folder","embeddable":true,"href":"https:\/\/kmplg.sk\/index.php?rest_route=%2Fwp%2Fv2%2Ffolder&post=2710"}],"curies":[{"name":"wp","href":"https:\/\/api.w.org\/{rel}","templated":true}]}}