{"id":2675,"date":"2022-01-13T16:03:51","date_gmt":"2022-01-13T15:03:51","guid":{"rendered":"https:\/\/kmplg.sk\/?page_id=2675"},"modified":"2022-01-13T16:13:48","modified_gmt":"2022-01-13T15:13:48","slug":"assoc-professor-peter-sottnik-phd","status":"publish","type":"page","link":"https:\/\/kmplg.sk\/?page_id=2675&lang=en","title":{"rendered":"Assoc. Professor Peter \u0160ottn\u00edk, PhD."},"content":{"rendered":"\n<div class=\"wp-block-image is-style-default\"><figure class=\"alignleft size-full\"><img loading=\"lazy\" width=\"253\" height=\"299\" src=\"https:\/\/kmplg.sk\/wp-content\/uploads\/2022\/01\/Screenshot_1.jpg\" alt=\"\" class=\"wp-image-2676\" srcset=\"https:\/\/kmplg.sk\/wp-content\/uploads\/2022\/01\/Screenshot_1.jpg 253w, https:\/\/kmplg.sk\/wp-content\/uploads\/2022\/01\/Screenshot_1-51x60.jpg 51w\" sizes=\"(max-width: 253px) 100vw, 253px\" \/><\/figure><\/div>\n\n\n\n<div class=\"wp-block-group\"><div class=\"wp-block-group__inner-container\">\n<div class=\"wp-block-columns\">\n<div class=\"wp-block-column\" style=\"flex-basis:100%\">\n<figure class=\"wp-block-table is-style-stripes\"><table class=\"has-background has-fixed-layout\" style=\"background-color:#fcf0ef\"><tbody><tr><td><strong><strong>Position<\/strong><\/strong>:<\/td><td>Associate professor <\/td><\/tr><tr><td><strong><strong>Room<\/strong><\/strong>:<\/td><td>G-426A<\/td><\/tr><tr><td><strong><strong>Phone<\/strong><\/strong>:<\/td><td>+421 2 9014 9<strong>277<\/strong><\/td><\/tr><tr><td><strong>e-mail:<\/strong><\/td><td>peter.sottnik@uniba.sk<\/td><\/tr><tr><td><strong><strong>Publications<\/strong><\/strong><\/td><td><a href=\"https:\/\/alis.uniba.sk:8444\/search\/query?term_1=%C5%A0ottn%C3%ADk+Peter&amp;theme=EPC\">list of publications<\/a><\/td><\/tr><\/tbody><\/table><figcaption><span class=\"has-inline-color has-vivid-red-color\">Section of Economic Geology<\/span><\/figcaption><\/figure>\n<\/div>\n<\/div>\n<\/div><\/div>\n\n\n\n<div class=\"wp-block-columns\">\n<div class=\"wp-block-column\" style=\"flex-basis:100%\">\n<div class=\"wp-block-buttons\">\n<div class=\"wp-block-button\"><a class=\"wp-block-button__link has-vivid-red-color has-very-light-gray-to-cyan-bluish-gray-gradient-background has-text-color has-background\" href=\"https:\/\/orcid.org\/0000-0002-9273-9085\" style=\"border-radius:20px\" target=\"_blank\" rel=\"noreferrer noopener\"><img loading=\"lazy\" width=\"20\" height=\"20\" class=\"wp-image-1391\" style=\"width: 20px;\" src=\"http:\/\/kmplg.sk\/wp-content\/uploads\/2021\/04\/1200px-ORCID_iD-1.png\" alt=\"\"><span class=\"has-inline-color has-vivid-red-color\">ORCID<\/span><span class=\"has-inline-color has-white-color\"><\/span><\/a><\/div>\n\n\n\n<div class=\"wp-block-button\"><a class=\"wp-block-button__link has-very-light-gray-to-cyan-bluish-gray-gradient-background has-background\" href=\"https:\/\/www.scopus.com\/authid\/detail.uri?authorId=14421668000\" target=\"_blank\" rel=\"noreferrer noopener\"><span class=\"has-inline-color has-white-color\"><img loading=\"lazy\" width=\"20\" height=\"20\" class=\"wp-image-1401\" style=\"width: 20px;\" src=\"http:\/\/kmplg.sk\/wp-content\/uploads\/2021\/04\/68747470733a2f2f7777772e6665722e756e697a672e68722f5f7075622f7468656d65735f7374617469632f666572323031362f64656661756c742f696d672f73636f7075732d69636f6e2e706e67.png\" alt=\"\"> <\/span><span class=\"has-inline-color has-vivid-red-color\">Scopus<\/span><\/a><\/div>\n\n\n\n<div class=\"wp-block-button\"><a class=\"wp-block-button__link has-very-light-gray-to-cyan-bluish-gray-gradient-background has-background\" href=\"http:\/\/kmplg.sk\/?page_id=85\" target=\"_blank\" rel=\"noreferrer noopener\"><span class=\"has-inline-color has-vivid-red-color\">Topics of thesis<\/span><\/a><\/div>\n<\/div>\n<\/div>\n<\/div>\n\n\n\n<h2>Scientific interests<\/h2>\n\n\n\n<ul><li>Impact of mining activities on the environment, geological survey and risk analysis of environmental burdens, remediation technologies, treatment of mining and technological waters, exploration and extraction of minerals, environmental minerals and their use, mineralogical and geochemical characteristics of mining waste.S<\/li><\/ul>\n\n\n\n<h2>Pedagogical activities<\/h2>\n\n\n\n<p>My teaching activities are mainly focused on geology of ore deposits, the impact of mining on the environment and the issue of environmental burdens.<\/p>\n\n\n\n<p><strong><strong>Bachelor degree:<\/strong><\/strong><\/p>\n\n\n\n<ul><li>PriF.KLG \/ N-bGXX-001\/15 &#8211; Basics of Geological Survey and Mining<\/li><li>PriF.KLG \/ N-bGCH-004\/15 &#8211; Mineral resources<\/li><li>PriF.KLG \/ N-bGZL-003-3 \/ 3634\/00 &#8211; Ore deposits<\/li><\/ul>\n\n\n\n<p><strong><strong>Master&#8217;s degree<\/strong><\/strong><\/p>\n\n\n\n<ul><li>PriF.KLG \/ N-mGZL-020\/15 &#8211; Ore raw materials of Slovakia<\/li><li>PriF.KLG \/ N-mGZL-005\/15 &#8211; Environmental legislation and technologies as a tool for sustainable development<\/li><li>PriF.KLG \/ N-mGZL-100\/15 &#8211; Impact of mining and processing of minerals on the environment<\/li><li>PriF.KLG \/ N-mGZL-002\/15 &#8211; Exploration, exploration and calculation of mineral deposits<\/li><li>PriF.KLG \/ N-mGZL-112\/15 &#8211; Application of deposit and environmental deposit geology in regional development<\/li><li>PriF.KGCh \/ N-mEEG-135\/15 &#8211; Risk analysis of polluted areas and environmental burdens<\/li><li>PriF.KMP \/ N-mGMP-004\/15 Environmental Mineralogy<\/li><li>PriF.KLG \/ N-mGLG-103\/15 &#8211; Deposit Geology Seminar<\/li><li>PriF.KLG \/ N-mGZL-003\/15 &#8211; Course of mining geological mapping and survey of deposit and environmental methods<\/li><li>PriF.KGCh \/ N-mEEG-136\/15 &#8211; Field course of survey and remediation methods of environmental loads<\/li><\/ul>\n\n\n\n<p><strong>Doctoral degree<\/strong><\/p>\n\n\n\n<ul><li>PriF.KLG \/ N-DGLG-003\/15 &#8211; Mineralogical, Geochemical and Other Research Methods in Deposit Geology<\/li><\/ul>\n\n\n\n<hr class=\"wp-block-separator\"\/>\n\n\n\n<h2>The most significant publications<\/h2>\n\n\n\n<div class=\"wp-block-group\"><div class=\"wp-block-group__inner-container\">\n<p>\u0160ottn\u00edk, Peter &#8211; Jurkovi\u010d, \u013dubom\u00edr  &#8211; Hiller, Edgar &#8211; Kord\u00edk, Jozef &#8211; Slaninka, Igor: Environment\u00e1lne z\u00e1\u0165a\u017ee. &#8211; 1. vyd. &#8211; Bansk\u00e1 Bystrica : Slovensk\u00e1 agent\u00fara \u017eivotn\u00e9ho prostredia, 2015. &#8211; 301 s. [23 AH]\n\n\n\n<p>Frankovsk\u00e1, Jana &#8211; Kord\u00edk, Jozef &#8211; Slaninka, Igor &#8211; Jurkovi\u010d, \u013dubom\u00edr &#8211; Greif, Vladim\u00edr &#8211; \u0160ottn\u00edk, Peter &#8211; Dananaj, Ivan  &#8211; Mikita, Slavom\u00edr &#8211; Dercov\u00e1, Katar\u00edna &#8211; J\u00e1nov\u00e1, Vlasta: Atlas sana\u010dn\u00fdch met\u00f3d environment\u00e1lnych z\u00e1\u0165a\u017e\u00ed. &#8211; 1. vyd. &#8211; Bratislava : \u0160t\u00e1tny geologick\u00fd \u00fastav D. \u0160t\u00fara, 2010. &#8211; 360 s. [45 AH]\n\n\n\n<p>Hiller, Edgar &#8211; Lalinsk\u00e1-Volekov\u00e1, Bronislava &#8211; Chovan, Martin &#8211; Jurkovi\u010d, \u013dubom\u00edr &#8211; Klimko, Tom\u00e1\u0161 &#8211; Jankul\u00e1r, Michal &#8211; Hovori\u010d, R\u00f3bert &#8211; \u0160ottn\u00edk, Peter &#8211; F\u013eakov\u00e1, Ren\u00e1ta &#8211; \u017deni\u0161ov\u00e1, Zlatica &#8211; Ondrejkov\u00e1, Ivana: Arsenic and antimony contamination of waters, stream sediments and soils in the vicinity of abandoned antimony mines inthe Western Carpathians, Slovakia, Applied Geochemistry. &#8211; Vol. 27, No. 3 (2012), s. 598-614<\/p>\n\n\n\n<p>Hiller, Edgar &#8211; Petr\u00e1k, Mari\u00e1n &#8211; T\u00f3th, Roman &#8211; Lalinsk\u00e1-Volekov\u00e1, Bronislava &#8211; Jurkovi\u010d, \u013dubom\u00edr &#8211; Ku\u010derov\u00e1, Gabriela &#8211; Radkov\u00e1, Ane\u017eka &#8211; \u0160ottn\u00edk, Peter &#8211; Voz\u00e1r, Jaroslav: Geochemical and mineralogical characterization of a neutral, low-sulfide\/high-carbonate tailings impoundment, Marku\u0161ovce, eastern Slovakia, Environmental Science and Pollution Research. &#8211; Vol. 20, No. 11 (2013), s. 7627-7642<\/p>\n\n\n\n<p>Hiller, Edgar &#8211; T\u00f3th, Roman &#8211; Ku\u010derov\u00e1, Gabriela &#8211; Jurkovi\u010d, \u013dubom\u00edr &#8211; \u0160ottn\u00edk, Peter &#8211; Lalinsk\u00e1-Volekov\u00e1, Bronislava  &#8211; Voz\u00e1r, Jaroslav: Geochemistry of Mine Tailings from Processing of Siderite-Cu Ores and Mobility of Selected Metals and Metalloids Evaluated by a Pot Leaching Experiment at the Slovinky Impoundment, Eastern Slovakia, Mine Water and the Environment. &#8211; Vol. 35, No. 4 (2016), s. 447-461<\/p>\n\n\n\n<p>Sekula, Peter &#8211; Hiller, Edgar &#8211; \u0160ottn\u00edk, Peter &#8211; Jurkovi\u010d, \u013dubom\u00edr &#8211; Klimko, Tom\u00e1\u0161 &#8211; Voz\u00e1r, Jaroslav: Removal of antimony and arsenic from circum-neutral mine drainage in Poproc, Slovakia: a field treatment system using low-cost iron-based material. Environmental Earth Sciences. &#8211; Ro\u010d. 77, \u010d. 13 (2018), s. [1-14], Art. No. 518<\/p>\n\n\n\n<p>\u0160ottn\u00edk, Peter &#8211; Lalinsk\u00e1-Volekov\u00e1, Bronislava &#8211; Br\u010dekov\u00e1, Jana &#8211; Kod\u011bra, Peter &#8211; Jurkovi\u010d, \u013dubom\u00edr: Characterization and environmental risk assessment of potential miningwaste from Detva &#8211; Biely vrch deposit<\/p>\n<\/div><\/div>\n\n\n\n<h2>Current Projects<\/h2>\n\n\n\n<p><strong><strong><strong><strong><strong>APVV-17-0317 Antimony &#8211; a critical element and a dangerous contaminant affecting biodiversity in sites with extractive waste. (co-researcher, project leader. Prof. RNDr. E. Hiller, PhD.)<\/strong><\/strong><\/strong><\/strong><\/strong><span class=\"has-inline-color has-vivid-red-color\"><span class=\"collapseomatic \" id=\"id69f1c19d55e1f\"  tabindex=\"0\" title=\"Click to Expand\"    >Click to Expand<\/span><div id=\"target-id69f1c19d55e1f\" class=\"collapseomatic_content \"><em><em><em>In 2010, the first analysis of critical raw materials was published. In this list, 14 critical raw materials were identified, including antimony. Critical raw materials are of high economic importance to the European Union, combined with the high risks associated with their supply. There is currently no primary source of antimony production in the EU. Overall, the EU is a net importer of antimony ore and concentrates. However, antimony also represents a significant toxic contaminant occurring in Slovakia in all components of the environment. There were several important deposits of antimony ores in Slovakia. They occurred mainly in 3 metal-genetic areas: nuclear mountains (Little Carpathians, Low Tatras), Spi\u0161 &#8211; Gemer Ore Mountains, Central and East Slovak neovolcanics. The main goal of the presented project is to evaluate the potential of mining waste in abandoned deposits in Slovakia in terms of possible extraction of antimony as a critical raw material for the European Union. However, another important goal of the project is to define the environmental and health risks associated with the use of mining waste as raw materials for obtaining Sb and to propose measures that should prevent negative impacts on the environment in the case of the use of mining waste. An important goal of the project is also a microbiological study of mining waste repositories and evaluation of the potential of microbiological methods (biomining) in the extraction of Sb. One of the aims of the project is to determine the impact of contamination on biodiversity in areas of abandoned Sb deposits. As part of the molecular genetic study, information will be obtained on the DNA of higher organisms as well as microorganisms (NGS method). The content of PTSD will be determined in each non-biological, biological and reference sample examined. The project defines the transfer of PTSD from a contaminated environment to selected groups of organisms (fungi, arthropods, fish) as potential sources of human intoxication.<\/em><\/em><\/em><\/span><\/p>\n\n\n\n<\/div>\n\n\n\n<h2>Completed projects (selection):<\/h2>\n\n\n\n<p><strong><strong><strong>APVV-0344-11 Pilot implementation of mining water remediation at a selected abandoned Sb deposit (responsible researcher)<\/strong><\/strong><\/strong><\/p>\n\n\n\n<p><strong>APVV-VMSP-P-0115-09 Methodical procedure for a comprehensive audit of sludge containing waste after mining, APVV (responsible researcher for PRIF UK &#8211; RNDr. \u013d. Jurkovi\u010d, PhD.)<\/strong><\/p>\n\n\n\n<p><strong>APVV-VVCE-0033-07 Research and Education Center of Excellence for Solid State Research with a Focus on Nanomaterials, Environmental Mineralogy and Materials Technology (co-investigator, project leader. Prof. RNDr. M. Chovan, CSc.)<\/strong><\/p>\n\n\n\n<p><strong>APVV-0268-06 Evaluation of the impact of mining activities on the surroundings of abandoned Sb deposits of Slovakia with proposals for remediation, (co-researcher, project leader. Prof. RNDr. M. Chovan, CSc.)<\/strong><strong><\/strong><\/p>\n\n\n\n<p><strong>Project PA n \u00b0 42 A JRC Project in Association with Central and Eastern European Countries of the Pre-Accession \u201eInventory, Regulations and Environmental Risks of Toxic Mining Wastes in Pre-Accession Countries\u201c (2002-2003) (supervisor: Giovani Bidoglio, JRC Ispra)<\/strong><strong><\/strong><\/p>\n\n\n\n<p><strong>Joint SR-US project: &#8222;Passive treatment of the acid mine drainage at Smolnik Mine, Slovakia&#8220; (1999-2000), funded by EcoLinks and Knight Pi\u00e9sold Denver (supervisor: prof.\u0160ucha)<\/strong><strong><\/strong><\/p>\n\n\n\n<p><strong>Slovak coordinator of the Slovak-German-Vietnamese project: &#8222;Environmental impact of industrial waste in Nam Dinh county, Vietnam&#8220; (2000-2003) (leader: Dr. Jorn Kasbohm, University of Greifswald)<\/strong><strong><\/strong><\/p>\n\n\n\n<p><strong>SPD Obj. 3 2005 \/ 1-052: Improving the quality of training in the field of environmental risk of extractive industry waste (project manager)<\/strong><strong><\/strong><\/p>\n\n\n\n<p><strong>PS 2009\/15 Preparation and conducting of Study tour on learning from the Slovak experience in environmental management and remediation of priority mine sites (project leader.)<\/strong><strong><\/strong><\/p>\n\n\n\n<p><strong>2013\/18 \/ RFP &#8211; Protected areas in EU accession context &#8211; Slovak experience (co-researcher)<\/strong><\/p>\n\n\n\n<h2>Personal competence<\/h2>\n\n\n\n<ul><li><strong>Holder of a certificate of professional competence in environmental geological survey and geological research<\/strong><\/li><li><strong>Certificate of successful completion of the course Pollution Analysis of the Polluted Area (2012, 2015, 2019)<\/strong><\/li><li><strong>Member of the Commission for the Approval of Mineral Resources (KKZ) of the Ministry of the Environment of the Slovak Republic.<\/strong><\/li><li><strong>Expert evaluator at the Ministry of the Environment for the evaluation of applications for NP within the OP Environment<\/strong><\/li><li><strong>Member of the working group of the Ministry of the Environment of the Slovak Republic of the draft Act 514 of 4 November 2008 on the management of waste from the mining industry and on the amendment of certain acts (2006-2008)<\/strong><\/li><li><strong>Member of the Slovak Association of Geochemists (SAGCH)<\/strong><\/li><li><strong>Member of the editorial board of AGEOS and GeoScience Engineering<\/strong><\/li><\/ul>\n\n\n\n<h2>Member of the conference organizing committee:<\/h2>\n\n\n\n<ul><li><strong>Remediation technology (main organizer Vodn\u00ed zdroje Ekomonitor spol. S r. O., P\u00ed\u0161\u0165ovy 820, 537 01 Chrudim)<\/strong><\/li><li><strong>Innovative effort technologies in research and practice (main organizer Vodn\u00ed zdroje Ekomonitor spol. S r. O., P\u00ed\u0161\u0165ovy 820, 537 01 Chrudim)<\/strong><\/li><li><strong>Mining and its impacts on the environment (main organizer of Vodn\u00ed zdroje Ekomonitor spol. S.r.O.)<\/strong><\/li><li><strong>Geochemistry (main organizer Slovak Association of Geochemists)<\/strong><\/li><li><strong>Cambel Days (main organizer of the Slovak Association of Geochemists)<\/strong><\/li><\/ul>\n","protected":false},"excerpt":{"rendered":"<p>Position: Associate professor Room: G-426A Phone: +421 2 9014 9277 &hellip; <\/p>\n","protected":false},"author":2,"featured_media":0,"parent":1966,"menu_order":0,"comment_status":"closed","ping_status":"closed","template":"","meta":{"_monsterinsights_skip_tracking":false,"_monsterinsights_sitenote_active":false,"_monsterinsights_sitenote_note":"","_monsterinsights_sitenote_category":0,"ngg_post_thumbnail":0},"folder":[46],"yoast_head":"<!-- This site is optimized with the Yoast SEO plugin v19.4 - https:\/\/yoast.com\/wordpress\/plugins\/seo\/ -->\n<title>Assoc. Professor Peter \u0160ottn\u00edk, PhD. - Katedra mineral\u00f3gie, petrol\u00f3gie a lo\u017eiskovej geol\u00f3gie<\/title>\n<meta name=\"robots\" content=\"index, follow, max-snippet:-1, max-image-preview:large, max-video-preview:-1\" \/>\n<link rel=\"canonical\" href=\"https:\/\/kmplg.sk\/?page_id=2675&lang=en\" \/>\n<meta property=\"og:locale\" content=\"sk_SK\" \/>\n<meta property=\"og:type\" content=\"article\" \/>\n<meta property=\"og:title\" content=\"Assoc. Professor Peter \u0160ottn\u00edk, PhD. - Katedra mineral\u00f3gie, petrol\u00f3gie a lo\u017eiskovej geol\u00f3gie\" \/>\n<meta property=\"og:description\" content=\"Position: Associate professor Room: G-426A Phone: +421 2 9014 9277 &hellip;\" \/>\n<meta property=\"og:url\" content=\"https:\/\/kmplg.sk\/?page_id=2675&amp;lang=en\" \/>\n<meta property=\"og:site_name\" content=\"Katedra mineral\u00f3gie, petrol\u00f3gie a lo\u017eiskovej geol\u00f3gie\" \/>\n<meta property=\"article:publisher\" content=\"https:\/\/www.facebook.com\/kmplg\/\" \/>\n<meta property=\"article:modified_time\" content=\"2022-01-13T15:13:48+00:00\" \/>\n<meta property=\"og:image\" content=\"https:\/\/kmplg.sk\/wp-content\/uploads\/2022\/01\/Screenshot_1.jpg\" \/>\n<meta name=\"twitter:card\" content=\"summary_large_image\" \/>\n<meta name=\"twitter:label1\" content=\"Predpokladan\u00fd \u010das \u010d\u00edtania\" \/>\n\t<meta name=\"twitter:data1\" content=\"8 min\u00fat\" \/>\n<script type=\"application\/ld+json\" class=\"yoast-schema-graph\">{\"@context\":\"https:\/\/schema.org\",\"@graph\":[{\"@type\":\"WebSite\",\"@id\":\"https:\/\/kmplg.sk\/#website\",\"url\":\"https:\/\/kmplg.sk\/\",\"name\":\"Katedra mineral\u00f3gie, petrol\u00f3gie a lo\u017eiskovej geol\u00f3gie\",\"description\":\"Pr\u00edrodovedeck\u00e1 fakulta Univerzity Komensk\u00e9ho v Bratislave\",\"potentialAction\":[{\"@type\":\"SearchAction\",\"target\":{\"@type\":\"EntryPoint\",\"urlTemplate\":\"https:\/\/kmplg.sk\/?s={search_term_string}\"},\"query-input\":\"required name=search_term_string\"}],\"inLanguage\":\"sk-SK\"},{\"@type\":\"WebPage\",\"@id\":\"https:\/\/kmplg.sk\/?page_id=2675&lang=en\",\"url\":\"https:\/\/kmplg.sk\/?page_id=2675&lang=en\",\"name\":\"Assoc. Professor Peter \u0160ottn\u00edk, PhD. - Katedra mineral\u00f3gie, petrol\u00f3gie a lo\u017eiskovej geol\u00f3gie\",\"isPartOf\":{\"@id\":\"https:\/\/kmplg.sk\/#website\"},\"datePublished\":\"2022-01-13T15:03:51+00:00\",\"dateModified\":\"2022-01-13T15:13:48+00:00\",\"breadcrumb\":{\"@id\":\"https:\/\/kmplg.sk\/?page_id=2675&lang=en#breadcrumb\"},\"inLanguage\":\"sk-SK\",\"potentialAction\":[{\"@type\":\"ReadAction\",\"target\":[\"https:\/\/kmplg.sk\/?page_id=2675&lang=en\"]}]},{\"@type\":\"BreadcrumbList\",\"@id\":\"https:\/\/kmplg.sk\/?page_id=2675&lang=en#breadcrumb\",\"itemListElement\":[{\"@type\":\"ListItem\",\"position\":1,\"name\":\"Home\",\"item\":\"https:\/\/kmplg.sk\/\"},{\"@type\":\"ListItem\",\"position\":2,\"name\":\"About Us\",\"item\":\"https:\/\/kmplg.sk\/?lang=en\"},{\"@type\":\"ListItem\",\"position\":3,\"name\":\"Scientific and Academic Staff\",\"item\":\"https:\/\/kmplg.sk\/?page_id=1966&lang=en\"},{\"@type\":\"ListItem\",\"position\":4,\"name\":\"Assoc. Professor Peter \u0160ottn\u00edk, PhD.\"}]}]}<\/script>\n<!-- \/ Yoast SEO plugin. -->","yoast_head_json":{"title":"Assoc. Professor Peter \u0160ottn\u00edk, PhD. - Katedra mineral\u00f3gie, petrol\u00f3gie a lo\u017eiskovej geol\u00f3gie","robots":{"index":"index","follow":"follow","max-snippet":"max-snippet:-1","max-image-preview":"max-image-preview:large","max-video-preview":"max-video-preview:-1"},"canonical":"https:\/\/kmplg.sk\/?page_id=2675&lang=en","og_locale":"sk_SK","og_type":"article","og_title":"Assoc. Professor Peter \u0160ottn\u00edk, PhD. - Katedra mineral\u00f3gie, petrol\u00f3gie a lo\u017eiskovej geol\u00f3gie","og_description":"Position: Associate professor Room: G-426A Phone: +421 2 9014 9277 &hellip;","og_url":"https:\/\/kmplg.sk\/?page_id=2675&lang=en","og_site_name":"Katedra mineral\u00f3gie, petrol\u00f3gie a lo\u017eiskovej geol\u00f3gie","article_publisher":"https:\/\/www.facebook.com\/kmplg\/","article_modified_time":"2022-01-13T15:13:48+00:00","og_image":[{"url":"https:\/\/kmplg.sk\/wp-content\/uploads\/2022\/01\/Screenshot_1.jpg"}],"twitter_card":"summary_large_image","twitter_misc":{"Predpokladan\u00fd \u010das \u010d\u00edtania":"8 min\u00fat"},"schema":{"@context":"https:\/\/schema.org","@graph":[{"@type":"WebSite","@id":"https:\/\/kmplg.sk\/#website","url":"https:\/\/kmplg.sk\/","name":"Katedra mineral\u00f3gie, petrol\u00f3gie a lo\u017eiskovej geol\u00f3gie","description":"Pr\u00edrodovedeck\u00e1 fakulta Univerzity Komensk\u00e9ho v Bratislave","potentialAction":[{"@type":"SearchAction","target":{"@type":"EntryPoint","urlTemplate":"https:\/\/kmplg.sk\/?s={search_term_string}"},"query-input":"required name=search_term_string"}],"inLanguage":"sk-SK"},{"@type":"WebPage","@id":"https:\/\/kmplg.sk\/?page_id=2675&lang=en","url":"https:\/\/kmplg.sk\/?page_id=2675&lang=en","name":"Assoc. Professor Peter \u0160ottn\u00edk, PhD. - Katedra mineral\u00f3gie, petrol\u00f3gie a lo\u017eiskovej geol\u00f3gie","isPartOf":{"@id":"https:\/\/kmplg.sk\/#website"},"datePublished":"2022-01-13T15:03:51+00:00","dateModified":"2022-01-13T15:13:48+00:00","breadcrumb":{"@id":"https:\/\/kmplg.sk\/?page_id=2675&lang=en#breadcrumb"},"inLanguage":"sk-SK","potentialAction":[{"@type":"ReadAction","target":["https:\/\/kmplg.sk\/?page_id=2675&lang=en"]}]},{"@type":"BreadcrumbList","@id":"https:\/\/kmplg.sk\/?page_id=2675&lang=en#breadcrumb","itemListElement":[{"@type":"ListItem","position":1,"name":"Home","item":"https:\/\/kmplg.sk\/"},{"@type":"ListItem","position":2,"name":"About Us","item":"https:\/\/kmplg.sk\/?lang=en"},{"@type":"ListItem","position":3,"name":"Scientific and Academic Staff","item":"https:\/\/kmplg.sk\/?page_id=1966&lang=en"},{"@type":"ListItem","position":4,"name":"Assoc. Professor Peter \u0160ottn\u00edk, PhD."}]}]}},"_links":{"self":[{"href":"https:\/\/kmplg.sk\/index.php?rest_route=\/wp\/v2\/pages\/2675"}],"collection":[{"href":"https:\/\/kmplg.sk\/index.php?rest_route=\/wp\/v2\/pages"}],"about":[{"href":"https:\/\/kmplg.sk\/index.php?rest_route=\/wp\/v2\/types\/page"}],"author":[{"embeddable":true,"href":"https:\/\/kmplg.sk\/index.php?rest_route=\/wp\/v2\/users\/2"}],"replies":[{"embeddable":true,"href":"https:\/\/kmplg.sk\/index.php?rest_route=%2Fwp%2Fv2%2Fcomments&post=2675"}],"version-history":[{"count":5,"href":"https:\/\/kmplg.sk\/index.php?rest_route=\/wp\/v2\/pages\/2675\/revisions"}],"predecessor-version":[{"id":2686,"href":"https:\/\/kmplg.sk\/index.php?rest_route=\/wp\/v2\/pages\/2675\/revisions\/2686"}],"up":[{"embeddable":true,"href":"https:\/\/kmplg.sk\/index.php?rest_route=\/wp\/v2\/pages\/1966"}],"wp:attachment":[{"href":"https:\/\/kmplg.sk\/index.php?rest_route=%2Fwp%2Fv2%2Fmedia&parent=2675"}],"wp:term":[{"taxonomy":"folder","embeddable":true,"href":"https:\/\/kmplg.sk\/index.php?rest_route=%2Fwp%2Fv2%2Ffolder&post=2675"}],"curies":[{"name":"wp","href":"https:\/\/api.w.org\/{rel}","templated":true}]}}