{"id":2655,"date":"2022-01-13T15:27:10","date_gmt":"2022-01-13T14:27:10","guid":{"rendered":"https:\/\/kmplg.sk\/?page_id=2655"},"modified":"2022-01-13T15:52:43","modified_gmt":"2022-01-13T14:52:43","slug":"msc-marek-osacky-phd","status":"publish","type":"page","link":"https:\/\/kmplg.sk\/?page_id=2655&lang=en","title":{"rendered":"MSc. Marek Osack\u00fd, PhD."},"content":{"rendered":"\n<div class=\"wp-block-image is-style-default\"><figure class=\"alignleft size-full is-resized\"><img loading=\"lazy\" src=\"http:\/\/kmplg.sk\/wp-content\/uploads\/2021\/12\/foto-Osacky.jpg\" alt=\"\" class=\"wp-image-2579\" width=\"216\" height=\"265\"\/><\/figure><\/div>\n\n\n\n<div class=\"wp-block-group\"><div class=\"wp-block-group__inner-container\">\n<div class=\"wp-block-columns\">\n<div class=\"wp-block-column\" style=\"flex-basis:100%\">\n<figure class=\"wp-block-table is-style-stripes\"><table class=\"has-background has-fixed-layout\" style=\"background-color:#fcf0ef\"><tbody><tr><td><strong>Position<\/strong>: <\/td><td>scientific staff<\/td><\/tr><tr><td><strong>Room<\/strong>: <\/td><td>G-419<\/td><\/tr><tr><td><strong>Phone<\/strong>: <\/td><td>+421 2 9014 9<strong>274<\/strong><\/td><\/tr><tr><td><strong>e-mail:<\/strong><\/td><td>marek.osacky@uniba.sk<\/td><\/tr><tr><td><strong><strong>Publications<\/strong> <\/strong><\/td><td><a href=\"http:\/\/alis.uniba.sk:9909\/search\/query?match_1=PHRASE&amp;field_1=authid&amp;term_1=841586&amp;theme=EPC\">list of publications<\/a><\/td><\/tr><\/tbody><\/table><figcaption><span class=\"has-inline-color has-vivid-red-color\">Oddelenie lo\u017eiskovej geol\u00f3gie<\/span><\/figcaption><\/figure>\n<\/div>\n<\/div>\n\n\n\n<p><\/p>\n<\/div><\/div>\n\n\n\n<div class=\"wp-block-columns\">\n<div class=\"wp-block-column\" style=\"flex-basis:100%\">\n<div class=\"wp-block-buttons\">\n<div class=\"wp-block-button\"><a class=\"wp-block-button__link has-vivid-red-color has-very-light-gray-to-cyan-bluish-gray-gradient-background has-text-color has-background\" href=\"https:\/\/www.researchgate.net\/profile\/Marek-Osacky\" style=\"border-radius:20px\" target=\"_blank\" rel=\"noreferrer noopener\"><img loading=\"lazy\" width=\"20\" height=\"19\" class=\"wp-image-1394\" style=\"width: 20px;\" src=\"http:\/\/kmplg.sk\/wp-content\/uploads\/2021\/04\/linkedinvsresearchgate_v2-1.png\" alt=\"\"> <span class=\"has-inline-color has-vivid-red-color\">ResearchGate<\/span><\/a><\/div>\n\n\n\n<div class=\"wp-block-button\"><a class=\"wp-block-button__link has-vivid-red-color has-very-light-gray-to-cyan-bluish-gray-gradient-background has-text-color has-background\" href=\"https:\/\/orcid.org\/0000-0002-8284-3989\" target=\"_blank\" rel=\"noreferrer noopener\"><img loading=\"lazy\" width=\"20\" height=\"20\" class=\"wp-image-1391\" style=\"width: 20px;\" src=\"http:\/\/kmplg.sk\/wp-content\/uploads\/2021\/04\/1200px-ORCID_iD-1.png\" alt=\"\"><span class=\"has-inline-color has-vivid-red-color\">ORCID<\/span><span class=\"has-inline-color has-white-color\"><\/span><\/a><\/div>\n\n\n\n<div class=\"wp-block-button\"><a class=\"wp-block-button__link has-very-light-gray-to-cyan-bluish-gray-gradient-background has-background\" href=\"https:\/\/www.scopus.com\/authid\/detail.uri?authorId=57200939361\" target=\"_blank\" rel=\"noreferrer noopener\"><span class=\"has-inline-color has-white-color\"><img loading=\"lazy\" width=\"20\" height=\"20\" class=\"wp-image-1401\" style=\"width: 20px;\" src=\"http:\/\/kmplg.sk\/wp-content\/uploads\/2021\/04\/68747470733a2f2f7777772e6665722e756e697a672e68722f5f7075622f7468656d65735f7374617469632f666572323031362f64656661756c742f696d672f73636f7075732d69636f6e2e706e67.png\" alt=\"\"> <\/span><span class=\"has-inline-color has-vivid-red-color\">Scopus<\/span><\/a><\/div>\n\n\n\n<div class=\"wp-block-button\"><a class=\"wp-block-button__link has-very-light-gray-to-cyan-bluish-gray-gradient-background has-background\" href=\"http:\/\/kmplg.sk\/?page_id=85\" target=\"_blank\" rel=\"noreferrer noopener\"><span class=\"has-inline-color has-vivid-red-color\">Topics of Theses<\/span><\/a><\/div>\n<\/div>\n<\/div>\n<\/div>\n\n\n\n<h2> Scientific interests<\/h2>\n\n\n\n<ul><li>Characterization of deposits of non-metallic minerals (mineralogy, chemistry and surface properties)<\/li><li>Mineral research methods (XRD, QXRD, FTIR, ICP, XRF, SEM-EDX, HRTEM, BET, TG \/ DTG \/ DTA, M\u00f6ssbauer, CEC, and others)<\/li><li>Research of clays, clay minerals and zeolites<\/li><li>Clays in oil sands and their influence on bitumen extraction<\/li><li>Synthesis of zeolites from mining wastes and their environmental applications<\/li><\/ul>\n\n\n\n<h2>Pedagogical activities<\/h2>\n\n\n\n<p>My teaching activities are mainly focused in the field of non-metallic minerals.<\/p>\n\n\n\n<p><strong><strong><strong>Bachelor\u2019s degree:<\/strong><\/strong> <\/strong><\/p>\n\n\n\n<ul><li>Deposits of fossil fuels and energy raw materials<\/li><li>Mineralogy and crystal chemistry of natural nanomaterials<\/li><\/ul>\n\n\n\n<p><strong><strong><strong>Master\u2019s degree<\/strong><\/strong><\/strong><\/p>\n\n\n\n<ul><li>Special methods of non-ore deposits research<\/li><li>Renewable and non-renewable energy sources for sustainable development<\/li><\/ul>\n\n\n\n<p><strong><strong><strong>Doctoral degree<\/strong><\/strong><\/strong><\/p>\n\n\n\n<ul><li>Modelling of conditions and processes in mineral deposits and environmental applications<\/li><li>Advanced research methods in Economic geology<\/li><li>Mineralogical, geochemical and other research methods in Economic geology<\/li><\/ul>\n\n\n\n<h2> The most significant publications  <\/h2>\n\n\n\n<div class=\"wp-block-group\"><div class=\"wp-block-group__inner-container\">\n<ul><li>Azzi, A. A., Osack\u00fd, M., Uhl\u00edk, P., \u010caplovi\u010dov\u00e1, M., Zanardo, A., Madejov\u00e1, J. (2016): <strong>Characterization of clays from the Corumbatai formation used as raw material for ceramic industry in the Santa Gertrudes district, Sao Paulo, Brazil<\/strong>. <em>Applied Clay Science<\/em>, 132-133, 232-242.<\/li><li>Osack\u00fd, M., Geramian, M., Ivey, D. G., Liu, Q., Etsell, T. H. (2015): <strong>Influence of nonswelling clay minerals (illite, kaolinite, and chlorite) on nonaqueous solvent extraction of bitumen<\/strong>. <em>Energy &amp; Fuels<\/em>, 29, 7, 4150-4159.<\/li><li>Osack\u00fd, M., Geramian, M., Ivey, Douglas G., Liu, Q., Etsell, Thomas H. (2013): <strong>Mineralogical and chemical composition of petrologic end members of Alberta oil sands<\/strong>. <em>Fuel<\/em>, 113, 148-157.<\/li><li>Osack\u00fd, M., \u0160ucha, V., Miglierini, M., Madejov\u00e1, J. (2012): <strong>Reaction of bentonites with pyrite concentrate after wetting and drying cycles at 80 degrees C: relevance to radioactive waste (Radwaste) storage.<\/strong> <em>Clay Minerals<\/em>, 47, 4, 465-479.<\/li><li>Osack\u00fd, M., \u0160ucha, V., Cz\u00edmerov\u00e1, A., Madejov\u00e1, J. (2010): <strong>Reaction of smectites with iron in a nitrogen atmosphere at 75 degrees C<\/strong>. <em>Applied Clay Science<\/em>, 50, 2, 237-244.<\/li><\/ul>\n<\/div><\/div>\n\n\n\n<h2>Current Projects <\/h2>\n\n\n\n<p><strong><strong><strong>VEGA 1\/0196\/19 \u2013 <\/strong><\/strong><\/strong>hlavn\u00fd rie\u0161ite\u013e (2019-2022)\u201eVplyv miner\u00e1lneho zlo\u017eenia, chemizmu a povrchov\u00fdch vlastnost\u00ed technologick\u00fdch typov perlitu na kvalitu expandovan\u00fdch perlitov a redukcia akumul\u00e1cie jemnozrnn\u00e9ho perlitov\u00e9ho materi\u00e1lu (ved\u013eaj\u0161ieho produktu po spracovan\u00ed perlitu) jeho transform\u00e1ciou na zeolity a potencion\u00e1lne environment\u00e1lne vyu\u017eitie syntetizovan\u00fdch zeolitov\u201c.<span class=\"has-inline-color has-vivid-red-color\"> <span class=\"collapseomatic \" id=\"id69f1c1a29913b\"  tabindex=\"0\" title=\"Klikni pre podrobnosti o projekte\"    >Klikni pre podrobnosti o projekte<\/span><div id=\"target-id69f1c1a29913b\" class=\"collapseomatic_content \"><em><em>Projekt sa zaober\u00e1 najm\u00e4 \u0161t\u00fadiom r\u00f4znych technologick\u00fdch typov perlitu a jemnozrnn\u00e9ho perlitov\u00e9ho materi\u00e1lu, ktor\u00fd vznik\u00e1 ako ved\u013eaj\u0161\u00ed produkt pri spracovan\u00ed perlitu (v s\u00fa\u010dasnosti s minim\u00e1lnym vyu\u017eit\u00edm). Cie\u013eom je pochopi\u0165 vplyv mineral\u00f3gie, chemizmu a povrchov\u00fdch vlastnost\u00ed technologick\u00fdch typov perlitu na kvalitu fin\u00e1lnych komer\u010dn\u00fdch produktov \u2013 expandovan\u00fdch perlitov a&nbsp;minimalizova\u0165 akumul\u00e1ciu jemnozrnn\u00e9ho perlitov\u00e9ho materi\u00e1lu jeho transform\u00e1ciou na zeolity a&nbsp;zhodnoti\u0165 potencion\u00e1lne environment\u00e1lne vyu\u017eitie syntetizovan\u00fdch zeolitov. V\u00fdstupy projektu s\u00fa vyu\u017eite\u013en\u00e9 v praxi, kde m\u00f4\u017eu prispie\u0165 k lep\u0161ej pred\u00faprave perlitov\u00fdch technologick\u00fdch typov a optimaliz\u00e1cii expanda\u010dn\u00e9ho procesu tak, \u017ee v\u00fdsledkom bude kvalitnej\u0161\u00ed produkt (expandovan\u00fd perlit) pri ni\u017e\u0161\u00edch vstupn\u00fdch n\u00e1kadoch, v porovnan\u00ed so s\u00fa\u010dasnou technol\u00f3giou. Transform\u00e1cia perlitov\u00e9ho materi\u00e1lu na zeolity prispeje k zn\u00ed\u017eeniu akumul\u00e1cie jemn\u00e9ho perlitov\u00e9ho materi\u00e1lu a&nbsp;environment\u00e1lne vyu\u017eitie zeolitov prispeje k zlep\u0161eniu \u017eivotn\u00e9ho prostredia.<\/em><\/em><\/span><\/p>\n\n\n\n<\/div>\n\n\n\n<p><strong><strong><strong> <strong><strong><strong>APVV-20-0175<\/strong>&nbsp;\u2013&nbsp;<\/strong><\/strong>member of the research team&nbsp;(2021 \u2013 2025, <\/strong><\/strong><\/strong>principal investigator P. Uhl\u00edk)  APVV-20-0175 \u2013 principal investigator of the project (2021-2025) \u201eBentonite: Slovak strategic raw material \u2013 Innovative assessment of bentonite quality and origin for its efficient use \u201d&nbsp;<span class=\"has-inline-color has-vivid-red-color\"> <span class=\"collapseomatic \" id=\"id69f1c1a299251\"  tabindex=\"0\" title=\"Click for project annotation\"    >Click for project annotation<\/span><div id=\"target-id69f1c1a299251\" class=\"collapseomatic_content \"> <em><em><em><em>Bentonite is an important industrial raw material. Due to the high amount of clay minerals from the smectite group, bentonite has unique properties, e.g. high swelling capacity, plasticity, high specific surface area, cation exchange capacity and low hydraulic conductivity. Due to these properties bentonites have broad range of possible applications. As a consequence, worldwide bentonite production is constantly increasing. Slovak Republic (SR) is one of the world\u2019s leading bentonite producers and bentonites belong to the strategic raw materials in SR. In the last 10-15 years, several new bentonite deposits have been opened in SR, most of which have never been studied in detail. This may mean that the potential of Slovak bentonites is not fully utilized. One of the objectives of the project is therefore the comprehensive characterization of bentonites from new deposits. The mineral and chemical composition of bentonites, their physico-chemical, mechanical and rheological properties will be determined. The obtained results will help to better understand the geology and genesis of bentonite deposits which may lead to the discovery of other economic accumulations of bentonites. The main contribution of the project lies in the rational and efficient use of domestic raw materials which will lead to the long-term sustainability of bentonite exploitation in SR. The idea itself is not new, but the way on how we want to implement the proposed changes is highly innovative. The main application outputs of the project such as: passports for the optimal utilization of different qualitative types of bentonites, 3D model of bentonite quality and geological model of selected bentonite deposit, will contribute to achieve this ambitious goal. The multidisciplinary team of experts on domestic and world bentonites in cooperation with major bentonite producer in SR, REGOS, s.r.o. is guarantee of successful solution of the proposed project. The partners of the project are the Earth Science Institute of the Slovak Academy of Sciences (SAS), the Institute of Inorganic Chemistry SAS and the Faculty of Civil Engineering, Slovak University of Technology in Bratislava.<\/em><\/em><\/em><\/em><\/span> <\/p>\n\n\n\n<\/div>\n\n\n\n<p><\/p>\n","protected":false},"excerpt":{"rendered":"<p>Position: scientific staff Room: G-419 Phone: +421 2 9014 9274 &hellip; <\/p>\n","protected":false},"author":2,"featured_media":0,"parent":1966,"menu_order":0,"comment_status":"closed","ping_status":"closed","template":"","meta":{"_monsterinsights_skip_tracking":false,"_monsterinsights_sitenote_active":false,"_monsterinsights_sitenote_note":"","_monsterinsights_sitenote_category":0,"ngg_post_thumbnail":0},"folder":[],"yoast_head":"<!-- This site is optimized with the Yoast SEO plugin v19.4 - https:\/\/yoast.com\/wordpress\/plugins\/seo\/ -->\n<title>MSc. Marek Osack\u00fd, PhD. - Katedra mineral\u00f3gie, petrol\u00f3gie a lo\u017eiskovej geol\u00f3gie<\/title>\n<meta name=\"robots\" content=\"index, follow, max-snippet:-1, max-image-preview:large, max-video-preview:-1\" \/>\n<link rel=\"canonical\" href=\"https:\/\/kmplg.sk\/?page_id=2655&lang=en\" \/>\n<meta property=\"og:locale\" content=\"sk_SK\" \/>\n<meta property=\"og:type\" content=\"article\" \/>\n<meta property=\"og:title\" content=\"MSc. Marek Osack\u00fd, PhD. - Katedra mineral\u00f3gie, petrol\u00f3gie a lo\u017eiskovej geol\u00f3gie\" \/>\n<meta property=\"og:description\" content=\"Position: scientific staff Room: G-419 Phone: +421 2 9014 9274 &hellip;\" \/>\n<meta property=\"og:url\" content=\"https:\/\/kmplg.sk\/?page_id=2655&amp;lang=en\" \/>\n<meta property=\"og:site_name\" content=\"Katedra mineral\u00f3gie, petrol\u00f3gie a lo\u017eiskovej geol\u00f3gie\" \/>\n<meta property=\"article:publisher\" content=\"https:\/\/www.facebook.com\/kmplg\/\" \/>\n<meta property=\"article:modified_time\" content=\"2022-01-13T14:52:43+00:00\" \/>\n<meta property=\"og:image\" content=\"http:\/\/kmplg.sk\/wp-content\/uploads\/2021\/12\/foto-Osacky.jpg\" \/>\n<meta name=\"twitter:card\" content=\"summary_large_image\" \/>\n<meta name=\"twitter:label1\" content=\"Predpokladan\u00fd \u010das \u010d\u00edtania\" \/>\n\t<meta name=\"twitter:data1\" content=\"6 min\u00fat\" \/>\n<script type=\"application\/ld+json\" class=\"yoast-schema-graph\">{\"@context\":\"https:\/\/schema.org\",\"@graph\":[{\"@type\":\"WebSite\",\"@id\":\"https:\/\/kmplg.sk\/#website\",\"url\":\"https:\/\/kmplg.sk\/\",\"name\":\"Katedra mineral\u00f3gie, petrol\u00f3gie a lo\u017eiskovej geol\u00f3gie\",\"description\":\"Pr\u00edrodovedeck\u00e1 fakulta Univerzity Komensk\u00e9ho v Bratislave\",\"potentialAction\":[{\"@type\":\"SearchAction\",\"target\":{\"@type\":\"EntryPoint\",\"urlTemplate\":\"https:\/\/kmplg.sk\/?s={search_term_string}\"},\"query-input\":\"required name=search_term_string\"}],\"inLanguage\":\"sk-SK\"},{\"@type\":\"WebPage\",\"@id\":\"https:\/\/kmplg.sk\/?page_id=2655&lang=en\",\"url\":\"https:\/\/kmplg.sk\/?page_id=2655&lang=en\",\"name\":\"MSc. Marek Osack\u00fd, PhD. - Katedra mineral\u00f3gie, petrol\u00f3gie a lo\u017eiskovej geol\u00f3gie\",\"isPartOf\":{\"@id\":\"https:\/\/kmplg.sk\/#website\"},\"datePublished\":\"2022-01-13T14:27:10+00:00\",\"dateModified\":\"2022-01-13T14:52:43+00:00\",\"breadcrumb\":{\"@id\":\"https:\/\/kmplg.sk\/?page_id=2655&lang=en#breadcrumb\"},\"inLanguage\":\"sk-SK\",\"potentialAction\":[{\"@type\":\"ReadAction\",\"target\":[\"https:\/\/kmplg.sk\/?page_id=2655&lang=en\"]}]},{\"@type\":\"BreadcrumbList\",\"@id\":\"https:\/\/kmplg.sk\/?page_id=2655&lang=en#breadcrumb\",\"itemListElement\":[{\"@type\":\"ListItem\",\"position\":1,\"name\":\"Home\",\"item\":\"https:\/\/kmplg.sk\/\"},{\"@type\":\"ListItem\",\"position\":2,\"name\":\"About Us\",\"item\":\"https:\/\/kmplg.sk\/?lang=en\"},{\"@type\":\"ListItem\",\"position\":3,\"name\":\"Scientific and Academic Staff\",\"item\":\"https:\/\/kmplg.sk\/?page_id=1966&lang=en\"},{\"@type\":\"ListItem\",\"position\":4,\"name\":\"MSc. Marek Osack\u00fd, PhD.\"}]}]}<\/script>\n<!-- \/ Yoast SEO plugin. -->","yoast_head_json":{"title":"MSc. Marek Osack\u00fd, PhD. - Katedra mineral\u00f3gie, petrol\u00f3gie a lo\u017eiskovej geol\u00f3gie","robots":{"index":"index","follow":"follow","max-snippet":"max-snippet:-1","max-image-preview":"max-image-preview:large","max-video-preview":"max-video-preview:-1"},"canonical":"https:\/\/kmplg.sk\/?page_id=2655&lang=en","og_locale":"sk_SK","og_type":"article","og_title":"MSc. Marek Osack\u00fd, PhD. - Katedra mineral\u00f3gie, petrol\u00f3gie a lo\u017eiskovej geol\u00f3gie","og_description":"Position: scientific staff Room: G-419 Phone: +421 2 9014 9274 &hellip;","og_url":"https:\/\/kmplg.sk\/?page_id=2655&lang=en","og_site_name":"Katedra mineral\u00f3gie, petrol\u00f3gie a lo\u017eiskovej geol\u00f3gie","article_publisher":"https:\/\/www.facebook.com\/kmplg\/","article_modified_time":"2022-01-13T14:52:43+00:00","og_image":[{"url":"http:\/\/kmplg.sk\/wp-content\/uploads\/2021\/12\/foto-Osacky.jpg"}],"twitter_card":"summary_large_image","twitter_misc":{"Predpokladan\u00fd \u010das \u010d\u00edtania":"6 min\u00fat"},"schema":{"@context":"https:\/\/schema.org","@graph":[{"@type":"WebSite","@id":"https:\/\/kmplg.sk\/#website","url":"https:\/\/kmplg.sk\/","name":"Katedra mineral\u00f3gie, petrol\u00f3gie a lo\u017eiskovej geol\u00f3gie","description":"Pr\u00edrodovedeck\u00e1 fakulta Univerzity Komensk\u00e9ho v Bratislave","potentialAction":[{"@type":"SearchAction","target":{"@type":"EntryPoint","urlTemplate":"https:\/\/kmplg.sk\/?s={search_term_string}"},"query-input":"required name=search_term_string"}],"inLanguage":"sk-SK"},{"@type":"WebPage","@id":"https:\/\/kmplg.sk\/?page_id=2655&lang=en","url":"https:\/\/kmplg.sk\/?page_id=2655&lang=en","name":"MSc. Marek Osack\u00fd, PhD. - Katedra mineral\u00f3gie, petrol\u00f3gie a lo\u017eiskovej geol\u00f3gie","isPartOf":{"@id":"https:\/\/kmplg.sk\/#website"},"datePublished":"2022-01-13T14:27:10+00:00","dateModified":"2022-01-13T14:52:43+00:00","breadcrumb":{"@id":"https:\/\/kmplg.sk\/?page_id=2655&lang=en#breadcrumb"},"inLanguage":"sk-SK","potentialAction":[{"@type":"ReadAction","target":["https:\/\/kmplg.sk\/?page_id=2655&lang=en"]}]},{"@type":"BreadcrumbList","@id":"https:\/\/kmplg.sk\/?page_id=2655&lang=en#breadcrumb","itemListElement":[{"@type":"ListItem","position":1,"name":"Home","item":"https:\/\/kmplg.sk\/"},{"@type":"ListItem","position":2,"name":"About Us","item":"https:\/\/kmplg.sk\/?lang=en"},{"@type":"ListItem","position":3,"name":"Scientific and Academic Staff","item":"https:\/\/kmplg.sk\/?page_id=1966&lang=en"},{"@type":"ListItem","position":4,"name":"MSc. Marek Osack\u00fd, PhD."}]}]}},"_links":{"self":[{"href":"https:\/\/kmplg.sk\/index.php?rest_route=\/wp\/v2\/pages\/2655"}],"collection":[{"href":"https:\/\/kmplg.sk\/index.php?rest_route=\/wp\/v2\/pages"}],"about":[{"href":"https:\/\/kmplg.sk\/index.php?rest_route=\/wp\/v2\/types\/page"}],"author":[{"embeddable":true,"href":"https:\/\/kmplg.sk\/index.php?rest_route=\/wp\/v2\/users\/2"}],"replies":[{"embeddable":true,"href":"https:\/\/kmplg.sk\/index.php?rest_route=%2Fwp%2Fv2%2Fcomments&post=2655"}],"version-history":[{"count":5,"href":"https:\/\/kmplg.sk\/index.php?rest_route=\/wp\/v2\/pages\/2655\/revisions"}],"predecessor-version":[{"id":2674,"href":"https:\/\/kmplg.sk\/index.php?rest_route=\/wp\/v2\/pages\/2655\/revisions\/2674"}],"up":[{"embeddable":true,"href":"https:\/\/kmplg.sk\/index.php?rest_route=\/wp\/v2\/pages\/1966"}],"wp:attachment":[{"href":"https:\/\/kmplg.sk\/index.php?rest_route=%2Fwp%2Fv2%2Fmedia&parent=2655"}],"wp:term":[{"taxonomy":"folder","embeddable":true,"href":"https:\/\/kmplg.sk\/index.php?rest_route=%2Fwp%2Fv2%2Ffolder&post=2655"}],"curies":[{"name":"wp","href":"https:\/\/api.w.org\/{rel}","templated":true}]}}