{"id":2606,"date":"2021-12-14T09:57:02","date_gmt":"2021-12-14T08:57:02","guid":{"rendered":"http:\/\/kmplg.sk\/?page_id=2606"},"modified":"2022-09-09T10:10:34","modified_gmt":"2022-09-09T08:10:34","slug":"prof-rndr-marian-putis-phd","status":"publish","type":"page","link":"https:\/\/kmplg.sk\/?page_id=2606","title":{"rendered":"Prof. RNDr. Mari\u00e1n Puti\u0161, DrSc."},"content":{"rendered":"\n<div class=\"wp-block-image is-style-default\"><figure class=\"alignleft size-full\"><img loading=\"lazy\" width=\"217\" height=\"230\" src=\"https:\/\/kmplg.sk\/wp-content\/uploads\/2022\/01\/Obrazok1.jpg\" alt=\"\" class=\"wp-image-2699\" srcset=\"https:\/\/kmplg.sk\/wp-content\/uploads\/2022\/01\/Obrazok1.jpg 217w, https:\/\/kmplg.sk\/wp-content\/uploads\/2022\/01\/Obrazok1-57x60.jpg 57w\" sizes=\"(max-width: 217px) 100vw, 217px\" \/><\/figure><\/div>\n\n\n\n<div class=\"wp-block-group\"><div class=\"wp-block-group__inner-container\">\n<div class=\"wp-block-columns\">\n<div class=\"wp-block-column\" style=\"flex-basis:100%\">\n<figure class=\"wp-block-table is-style-stripes\"><table class=\"has-background has-fixed-layout\" style=\"background-color:#fcf0ef\"><tbody><tr><td><strong>poz\u00edcia<\/strong>:<\/td><td>profesor<\/td><\/tr><tr><td><strong>miestnos\u0165<\/strong>:<\/td><td>G-326<\/td><\/tr><tr><td><strong>telef\u00f3n<\/strong>:<\/td><td>+421 2 9014 9<strong>609<\/strong><\/td><\/tr><tr><td><strong>e-mail:<\/strong><\/td><td>marian.putis@uniba.sk<\/td><\/tr><tr><td><strong>publik\u00e1cie<\/strong><\/td><td><a href=\"http:\/\/alis.uniba.sk:9909\/search\/query?match_1=PHRASE&amp;field_1=authid&amp;term_1=1197252&amp;theme=EPC\">zoznam publik\u00e1ci\u00ed<\/a><\/td><\/tr><\/tbody><\/table><figcaption><span class=\"has-inline-color has-vivid-red-color\">Oddelenie petrol\u00f3gie<\/span><\/figcaption><\/figure>\n<\/div>\n<\/div>\n\n\n\n<p><\/p>\n<\/div><\/div>\n\n\n\n<div class=\"wp-block-columns\">\n<div class=\"wp-block-column\" style=\"flex-basis:100%\">\n<div class=\"wp-block-buttons\">\n<div class=\"wp-block-button\"><a class=\"wp-block-button__link has-vivid-red-color has-very-light-gray-to-cyan-bluish-gray-gradient-background has-text-color has-background\" href=\"https:\/\/www.researchgate.net\/profile\/Marian-Putis-2\" style=\"border-radius:20px\" target=\"_blank\" rel=\"noreferrer noopener\"><img loading=\"lazy\" width=\"20\" height=\"19\" class=\"wp-image-1394\" style=\"width: 20px;\" src=\"http:\/\/kmplg.sk\/wp-content\/uploads\/2021\/04\/linkedinvsresearchgate_v2-1.png\" alt=\"\"> <span class=\"has-inline-color has-vivid-red-color\">ResearchGate<\/span><span class=\"has-inline-color has-white-color\"><\/span><\/a><\/div>\n\n\n\n<div class=\"wp-block-button\"><a class=\"wp-block-button__link has-very-light-gray-to-cyan-bluish-gray-gradient-background has-background\" href=\"https:\/\/www.scopus.com\/authid\/detail.uri?authorId=6602571383\" target=\"_blank\" rel=\"noreferrer noopener\"><span class=\"has-inline-color has-white-color\"><img loading=\"lazy\" width=\"20\" height=\"20\" class=\"wp-image-1401\" style=\"width: 20px;\" src=\"http:\/\/kmplg.sk\/wp-content\/uploads\/2021\/04\/68747470733a2f2f7777772e6665722e756e697a672e68722f5f7075622f7468656d65735f7374617469632f666572323031362f64656661756c742f696d672f73636f7075732d69636f6e2e706e67.png\" alt=\"\"> <\/span><span class=\"has-inline-color has-vivid-red-color\">Scopus<\/span><\/a><\/div>\n\n\n\n<div class=\"wp-block-button\"><a class=\"wp-block-button__link has-very-light-gray-to-cyan-bluish-gray-gradient-background has-background\" href=\"http:\/\/kmplg.sk\/?page_id=85\" target=\"_blank\" rel=\"noreferrer noopener\"><span class=\"has-inline-color has-vivid-red-color\">T\u00e9my z\u00e1vere\u010dn\u00fdch pr\u00e1c<\/span><\/a><\/div>\n<\/div>\n<\/div>\n<\/div>\n\n\n\n<h2>Vedeck\u00fd profil<\/h2>\n\n\n\n<ul><li>Petrol\u00f3gia, mineral\u00f3gia a&nbsp;geoch\u00e9mia metamorfovan\u00fdch a&nbsp;magmatick\u00fdch horn\u00edn k\u00f4ry a pl\u00e1\u0161\u0165a, petrotektonika, geodynamika a paleotektonika, izotopov\u00e1 geochronol\u00f3gia (u\u017e\u00edvate\u013e met\u00f3d U\/Pb SIMS\/SHRIMP, LA-ICP-MS, 40Ar-39Ar, FT, U-Th\/He) v&nbsp;oblasti Z\u00e1padn\u00fdch Karp\u00e1t, V\u00fdchodn\u00fdch \u00c1lp, s\u010dasti Egypta a Turecka a&nbsp;Bosny a Hercegoviny.<\/li><\/ul>\n\n\n\n<h2>Pedagogick\u00e1 \u010dinnos\u0165<\/h2>\n\n\n\n<p><strong>V\u00fduka v predmetoch na Bc. stupni<\/strong><\/p>\n\n\n\n<ul><li>Petrografia metamorfovan\u00fdch horn\u00edn<\/li><li>Endog\u00e9nne geologick\u00e9 procesy<\/li><li>Mikroskopia horn\u00edn<\/li><\/ul>\n\n\n\n<p><strong>V\u00fduka v predmetoch na Mgr. stupni<\/strong><\/p>\n\n\n\n<ul><li>Petrol\u00f3gia metamorfovan\u00fdch horn\u00edn<\/li><li>Termodynamika a f\u00e1zov\u00e9 rovnov\u00e1hy<\/li><li>Petrotektonika<\/li><li>Genetick\u00e1 mineral\u00f3gia horninov\u00fdch syst\u00e9mov<\/li><li>Geodynamick\u00fd v\u00fdvoj paleozoick\u00fdch komplexov Z\u00e1padn\u00fdch Karp\u00e1t<\/li><li>Diplomov\u00fd semin\u00e1r<\/li><li>Mikroskopick\u00e1 petrol\u00f3gia<\/li><\/ul>\n\n\n\n<p><strong>V\u00fduka v predmetoch na PhD. stupni<\/strong><\/p>\n\n\n\n<ul><li>Doktorandsk\u00fd semin\u00e1r<\/li><li>Metamorfn\u00e1 petrol\u00f3gia<\/li><li>\u0160trukt\u00farna petrol\u00f3gia<\/li><\/ul>\n\n\n\n<hr class=\"wp-block-separator\"\/>\n\n\n\n<h2>Vybran\u00e9 najv\u00fdznamnej\u0161ie publik\u00e1cie<\/h2>\n\n\n\n<div class=\"wp-block-group\"><div class=\"wp-block-group__inner-container\">\n<ul><li>Abdelfadil K.M., Gharib M.E., Uher P., Puti\u0161 M., 2022: <strong>Petrogenesis of post-orogenic Pan-African rare-element granitic pegmatites in the western Arabian-Nubian Shield, Aswan area, southern Egypt<\/strong>. <em>Journal of Asian Earth Sciences<\/em>, 224, 105003.<\/li><li>Puti\u0161 M., Nemec O., Dani\u0161\u00edk M., Jourdan F., Sot\u00e1k J., Tomek \u010c., Ru\u017ei\u010dka P., Moln\u00e1rov\u00e1 A., 2021: <strong>Formation of a Composite Albian\u2013Eocene Orogenic Wedge in the Inner Western Carpathians: P\u2013T Estimates and 40Ar\/39Ar Geochronology from Structural Units<\/strong>. <em>Minerals<\/em>, 11, 988.<\/li><li>Ondrejka M., Uher P., Puti\u0161 M., Koh\u00fat M., Broska I., Larionov A., Bojar A.-V., Sobock\u00fd T., 2021: <strong>Permian A-type granites of the Western Carpathians and Transdanubian regions: products of the Pangea supercontinent breakup<\/strong>. <em>International Journal of Earth Sciences<\/em>, 110, 21\u201333.<\/li><li>Nemec O., Puti\u0161 M., Ba\u010d\u00edk P., Ru\u017ei\u010dka P., N\u00e9meth Z., 2020: <strong>Metamorphic Conditions of Neotethyan Meliatic Accretionary Wedge Estimated by Thermodynamic Modelling and Geothermobarometry (Inner Western Carpathians)<\/strong>. <em>Minerals<\/em>, 10, 1094.<\/li><li>Puti\u0161 M., Sot\u00e1k J., Li Q.-L., Ondrejka M., Li X.-H., Hu Z., Ling X., Nemec O., N\u00e9meth Z., Ru\u017ei\u010dka P. 2019: <strong>Origin and Age Determination of the Neotethys Meliata Basin Ophiolite Fragments in the Late Jurassic\u2013Early Cretaceous Accretionary Wedge M\u00e9lange (Inner Western Carpathians, Slovakia)<\/strong>. <em>Minerals<\/em>, 9, 652.<\/li><li>Puti\u0161 M., Li X.-H., Yang Y.-H., Li Q.-L., Nemec O., Ling X., Koller F., Balen D., 2018: <strong>Permian pyroxenite dykes in harzburgite with signatures of the mantle, subduction channel and accretionary wedge evolution (Austroalpine Unit, Eastern Alps)<\/strong>. <em>Lithos<\/em>, 314\u2013315, 165<a>\u2013<\/a>186.<\/li><li>Puti\u0161 M., Yang Y.-H., Vaculovi\u010d T., Koppa M., Li X.-H., Uher P., 2016: <strong>Perovskite, reaction product of a harzburgite with Jurassic-Cretaceous accretionary wedge fluids (Western Carpathians, Slovakia): evidence from the whole-rock and mineral trace element data<\/strong>. <em>Geologica Carpathica<\/em>, 67, 133\u2013146.<\/li><li>Ondrejka M., Puti\u0161 M., Uher P., Schmiedt I., Pukan\u010d\u00edk L., Kone\u010dn\u00fd P., 2016: <strong>Fluid-driven destabilization of REE-bearing accessory minerals in the granitic orthogneisses of North Veporic basement (Western Carpathians, Slovakia)<\/strong>. <em>Mineralogy and Petrology<\/em>, 110, 561\u2013580.<\/li><li>Puti\u0161 M., Dani\u0161\u00edk M., Ru\u017ei\u010dka P., Schmiedt I., 2014: <strong>Constraining exhumation pathway in an accretionary wedge by (U-Th)\/He thermochronology\u2013Case study on Meliatic nappes in the Western Carpathians<\/strong>. <em>Journal of Geodynamics<\/em>, 81, 80\u201390.<\/li><li>Li X.-H., Puti\u0161 M.*, Yang Y.-H., Koppa M., Dyda M., 2014: <strong>Accretionary wedge harzburgite serpentinization and rodingitization constrained by perovskite U\/Pb SIMS age, trace elements and Sm\/Nd isotopes: Case study from the Western Carpathians, Slovakia<\/strong>. <em>Lithos<\/em>, 205, 1\u201314.<\/li><\/ul>\n<\/div><\/div>\n\n\n\n<h2>Aktu\u00e1lne rie\u0161en\u00e9 projekty<\/h2>\n\n\n\n<p><strong><strong>APVV-19-0065 \u2013 hlavn\u00fd rie\u0161ite\u013e <\/strong><\/strong>(2020-2023) \u201ePetrologicko-geochronologick\u00fd z\u00e1znam riftogen\u00e9zy a k\u00f4rovo- pl\u00e1\u0161\u0165ovej recykl\u00e1cie v orog\u00e9nnej prizme Z\u00e1padn\u00fdch Karp\u00e1t\u201d<span class=\"has-inline-color has-vivid-red-color\"> <span class=\"collapseomatic \" id=\"id69f1bd3d72c09\"  tabindex=\"0\" title=\"Klikni pre podrobnosti o projekte\"    >Klikni pre podrobnosti o projekte<\/span><div id=\"target-id69f1bd3d72c09\" class=\"collapseomatic_content \"><em>Predmetom v\u00fdskumu s\u00fa \u0161pecifick\u00e9 skupiny k\u00f4rov\u00fdch a pl\u00e1\u0161\u0165ov\u00fdch horn\u00edn a ich miner\u00e1lov ako indik\u00e1torov riftog\u00e9nnych z\u00f3n a to aj napriek tomu, \u017ee \u010dasto maj\u00fa znaky mlad\u0161ieho tektono-term\u00e1lneho prepracovania v d\u00f4sledku ich za\u010dlenenia do orogenetick\u00fdch z\u00f3n. Pou\u017e\u00edvame mineralogicko-petrologick\u00e9 (EPMA, micro-Raman, LA-ICP-MS, XRF, ICP-MS), izotopovo-geochemick\u00e9 (LA-MC-ICP-MS, TIMS) a geochronologick\u00e9 (U-Pb SIMS, LA-ICP-MS, Ar-Ar, K-Ar) met\u00f3dy na ur\u010denie chemizmu miner\u00e1lov a horn\u00edn, vr\u00e1tane vybran\u00fdch r\u00e1diog\u00e9nnych izotopov (U-Pb, Pb-Pb, Sm-Nd, Rb-Sr, Zr-Hf, Re-Os) na ur\u010denie ich veku a gen\u00e9zy.<\/em><\/span><\/p>\n\n\n\n<p><span class=\"has-inline-color has-vivid-red-color\"><\/div><\/span><\/p>\n\n\n\n<h2>Financovan\u00e9 projekty (-2015-2021-):<\/h2>\n\n\n\n<p><strong><strong>VEGA 1\/0151\/19<\/strong>\u00a0<strong>\u2013 hlavn\u00fd rie\u0161ite\u013e<\/strong><\/strong> (2019-2021) \u201ePetrochnonol\u00f3gia pl\u00e1\u0161\u0165ov\u00fdch a k\u00f4rov\u00fdch dajkov\u00fdch syst\u00e9mov v kriedovej akre\u010dnej prizme Z\u00e1padn\u00fdch Karp\u00e1t a v\u00fdchodnom okraji austroalpinika\u201d <span class=\"collapseomatic \" id=\"id69f1bd3d72cf5\"  tabindex=\"0\" title=\"Klikni pre podrobnosti o projekte\"    >Klikni pre podrobnosti o projekte<\/span><div id=\"target-id69f1bd3d72cf5\" class=\"collapseomatic_content \"><em><em>Kriedov\u00e1 akre\u010dn\u00e1 prizma orog\u00e9nu Vn\u00fatorn\u00fdch Z\u00e1padn\u00fdch Karp\u00e1t a austroalpinika \u00c1lp obsahuje dajky k\u00f4rov\u00fdch a pl\u00e1\u0161\u0165ov\u00fdch horn\u00edn. Ich magmatick\u00fd v\u00fdvoj je indik\u00e1torom permsko-triasovej, alebo jursko-kriedovej extenzie a otv\u00e1rania oce\u00e1nov neotet\u00fddy a atlantickej tet\u00fddy. Ich metamorf\u00f3za odr\u00e1\u017ea paleotektonick\u00e9 prostredie, ale aj geodynamick\u00fd v\u00fdvoj Karp\u00e1t a \u00c1lp po uzavret\u00ed t\u00fdchto oce\u00e1nov. Miner\u00e1lne zlo\u017eenie (EMPA, LA-ICP-MS) a celohorninov\u00fd chemizmus (ICP-MS) bud\u00fa vyu\u017eit\u00e9 na defin\u00edciu ich magmatick\u00e9ho p\u00f4vodu p\u00f4vodu. Izotopick\u00e9 zlo\u017eenie (Rb\/Sr, Lu\/Hf, Sm\/Nd, U\/Pb) poskytne inform\u00e1ciu o ich pl\u00e1\u0161\u0165ovom \u010di k\u00f4rovom zdroji. Izotopick\u00e9 datovanie (U-Pb SIMS, nano-SIMS, LA-MC-ICP-MS, K-Ar) umo\u017en\u00ed vytvorenie geodynamick\u00e9ho modelu v\u00fdvoja dajkov\u00fdch syst\u00e9mov v akre\u010dn\u00fdch komplexoch. P-T podmienky magmatickej a metamorfnej etapy bud\u00fa modelovan\u00e9 najnov\u0161\u00edmi termodynamick\u00fdmi softv\u00e9rmi (Melts, Perple_X, Thermocalc). Pos\u00fadi sa ich ekonomick\u00fd potenci\u00e1l.<\/em><\/em><\/p>\n\n\n\n<p> <span class=\"has-inline-color has-vivid-red-color\"><\/div><\/span> <\/p>\n\n\n\n<p><em>2012-2015 <strong>Bilateral Japan &#8211; Slovak Project \u201cThe role of meta-ultramafics on the mechanism of crust-mantle interaction in subduction zones\u201d<\/strong> between the Kyoto University, Geological Institute of Slovak Academy of Sciences and Comenius University in Bratislava, funded by the JSPS Agency in Japan (coordinators: Prof. Dr. T. Hirajima; Dr. P. Siman, G\u00daSAV and Prof. Dr. M. Puti\u0161, UK Bratislava).<\/em><\/p>\n\n\n\n<p><em>2015-2018: Project VEGA-1\/0079\/15 <strong>\u201cMetaperidotites, serpentinites and rodingites from accretionary complexes of the Inner Western Carpathians and eastern Austroalpine margin: petrology and genetic aspects\u201d<\/strong> (principal investigator M. Puti\u0161).<\/em><\/p>\n\n\n\n<p><em>2016-2019: Project APVV-15-0050 <strong>\u201cFluid-rock interaction in orogenic crust-mantle wedges of the Western Carpathians, eastern Alps and northern Turkey; correlation and thermodynamic modelling P-T-X parameters\u201d<\/strong> (principal investigator M. Puti\u0161).<\/em><\/p>\n\n\n\n<p><em>2017-2020: Project 2016YFE0203000<strong> \u201cCooperative research of microbeam analytical techniques of rock and minerals\u201d <\/strong>funded by Strategic international cooperation for technology Innovation of National Key Research and Development Plan. The China Ministry of Science and Technology Project between the Institute of Geology and Geophysics of the Chinese Academy of Sciences in Beijing and Comenius University in Bratislava, Slovakia. Principal investigator: Prof. Dr. Qiu-Li Li; Principal investigator of Slovak cooperating team: Prof. Dr. Mari\u00e1n Puti\u0161.<\/em><\/p>\n\n\n\n<p><em>2015-2022: Project <strong>\u201cExcellent scientific teams of Slovak Republik (MPT-Mineralogical-Petrological team of Comenius University in Bratislava)\u201d <\/strong>funded by the Ministry of Education, Science, Research and Sport of the Slovak Republic (team leader M. Puti\u0161).<\/em><\/p>\n\n\n\n<p><em>2019-2021: Project VEGA-1\/0151\/19 <strong>\u201cPetrology and geochronology of the crustal and mantle dyke systems in Cretaceous accretionary wedge of the Inner Western Carpathians and eastern Austro-Alpine margin\u201d<\/strong> (principal investigator M. Puti\u0161).<\/em><\/p>\n\n\n\n<p><em>2020-2023: Project APVV-19-0065 <strong>\u201cPetrological-geochronological record of riftogenesis and crust-mantle recycling in the Western Carpathians orogenic wedge\u201c<\/strong> (principal investigator M. Puti\u0161).<\/em><\/p>\n\n\n\n<p><em>2021-2023: EU SASPRO 2 Project <strong>\u201cThe heterogeneous multidimensional relational model for mineralogical data analysis\u201c <\/strong>Dr. Liubomyr Gavryliv (from National University of Kyiv, Ukraine) and Prof.Dr. M. Puti\u0161 (supervisor) at the Comenius University in Bratislava, Slovakia.<\/em><\/p>\n\n\n\n<h2>Ocenenia<\/h2>\n\n\n\n<p><strong>Bronzov\u00e1 medaila Univerzity Komensk\u00e9ho \u2013 za pedagogick\u00fa a vedeck\u00fa \u010dinnos\u0165, udelil rektor UK v\u00a0Bratislave v\u00a0r. 2013.<\/strong><\/p>\n\n\n\n<p><strong>Medaila J\u00e1na Sl\u00e1vika<\/strong> \u2013 za mimoriadny pr\u00ednos k poznaniu geol\u00f3gie Z\u00e1padn\u00fdch Karp\u00e1t a dlhoro\u010dn\u00fd pr\u00ednos pre \u010dinnos\u0165 Slovenskej geologickej spolo\u010dnosti, <strong>udelila SGS v roku 2013<\/strong>.<\/p>\n\n\n\n<p><strong>Strieborn\u00e1 medaila Univerzity Komensk\u00e9ho \u2013 za Mineralogicko-petrologick\u00fd \u0161pi\u010dkov\u00fd t\u00edm, udelil rektor UK v\u00a0Bratislave v\u00a0r. 2016.<\/strong><\/p>\n\n\n\n<p><strong>Srieborn\u00e1 medaila \u0160t\u00e1tneho geologick\u00e9ho \u00fastavu Dion\u00fdza \u0160t\u00fara<\/strong> &#8211; za v\u00fdznamn\u00fd pr\u00ednos k vedeck\u00e9mu poznaniu geologickej stavby Z\u00e1padn\u00fdch Karp\u00e1t, <strong>udelil \u0160G\u00daD\u0160 v r 2019<\/strong>.<\/p>\n\n\n\n<p><strong>Cena J\u00e1na Pettka<\/strong> \u2013 za vedeck\u00fd pr\u00ednos, publika\u010dno-cita\u010dn\u00fd impakt a\u00a0\u0161\u00edrenie dobr\u00e9ho mena slovenskej geol\u00f3gie v\u00a0zahrani\u010d\u00ed, <strong>udelil N\u00e1rodn\u00fd geologick\u00fd komit\u00e9t Slovenskej Republiky v\u00a0r. 2020<\/strong>.<\/p>\n\n\n\n<h2>\u010clenstv\u00e1<\/h2>\n\n\n\n<p>\u010dlen SGS, \u010dlen SMS, \u010dlen VR PriFUK, \u010dlen St\u00e1lej komisie pre obhajoby doktorsk\u00fdch dizerta\u010dn\u00fdch pr\u00e1c (DrSc.) pre vedy o Zemi a environment\u00e1lne vedy (2002-2021), \u010dlen RR \u010dasopisu Mineralia Slovaca<\/p>\n\n\n\n<h2>\u017divotopis<\/h2>\n\n\n\n<figure class=\"wp-block-image size-large\"><img loading=\"lazy\" width=\"765\" height=\"1024\" src=\"https:\/\/kmplg.sk\/wp-content\/uploads\/2022\/01\/Obrazok2-765x1024.png\" alt=\"\" class=\"wp-image-2706\" srcset=\"https:\/\/kmplg.sk\/wp-content\/uploads\/2022\/01\/Obrazok2-765x1024.png 765w, https:\/\/kmplg.sk\/wp-content\/uploads\/2022\/01\/Obrazok2-224x300.png 224w, https:\/\/kmplg.sk\/wp-content\/uploads\/2022\/01\/Obrazok2-768x1028.png 768w, https:\/\/kmplg.sk\/wp-content\/uploads\/2022\/01\/Obrazok2-1147x1536.png 1147w, https:\/\/kmplg.sk\/wp-content\/uploads\/2022\/01\/Obrazok2-1530x2048.png 1530w, https:\/\/kmplg.sk\/wp-content\/uploads\/2022\/01\/Obrazok2-45x60.png 45w\" sizes=\"(max-width: 765px) 100vw, 765px\" \/><\/figure>\n","protected":false},"excerpt":{"rendered":"<p>poz\u00edcia: profesor miestnos\u0165: G-326 telef\u00f3n: +421 2 9014 9609 e-mail: &hellip; <\/p>\n","protected":false},"author":2,"featured_media":0,"parent":30,"menu_order":0,"comment_status":"closed","ping_status":"closed","template":"","meta":{"_monsterinsights_skip_tracking":false,"_monsterinsights_sitenote_active":false,"_monsterinsights_sitenote_note":"","_monsterinsights_sitenote_category":0,"ngg_post_thumbnail":0},"folder":[45],"yoast_head":"<!-- This site is optimized with the Yoast SEO plugin v19.4 - https:\/\/yoast.com\/wordpress\/plugins\/seo\/ -->\n<title>Prof. RNDr. Mari\u00e1n Puti\u0161, DrSc. - Katedra mineral\u00f3gie, petrol\u00f3gie a lo\u017eiskovej geol\u00f3gie<\/title>\n<meta name=\"robots\" content=\"index, follow, max-snippet:-1, max-image-preview:large, max-video-preview:-1\" \/>\n<link rel=\"canonical\" href=\"https:\/\/kmplg.sk\/?page_id=2606\" \/>\n<meta property=\"og:locale\" content=\"sk_SK\" \/>\n<meta property=\"og:type\" content=\"article\" \/>\n<meta property=\"og:title\" content=\"Prof. RNDr. Mari\u00e1n Puti\u0161, DrSc. - Katedra mineral\u00f3gie, petrol\u00f3gie a lo\u017eiskovej geol\u00f3gie\" \/>\n<meta property=\"og:description\" content=\"poz\u00edcia: profesor miestnos\u0165: G-326 telef\u00f3n: +421 2 9014 9609 e-mail: &hellip;\" \/>\n<meta property=\"og:url\" content=\"https:\/\/kmplg.sk\/?page_id=2606\" \/>\n<meta property=\"og:site_name\" content=\"Katedra mineral\u00f3gie, petrol\u00f3gie a lo\u017eiskovej geol\u00f3gie\" \/>\n<meta property=\"article:publisher\" content=\"https:\/\/www.facebook.com\/kmplg\/\" \/>\n<meta property=\"article:modified_time\" content=\"2022-09-09T08:10:34+00:00\" \/>\n<meta property=\"og:image\" content=\"https:\/\/kmplg.sk\/wp-content\/uploads\/2022\/01\/Obrazok1.jpg\" \/>\n<meta name=\"twitter:card\" content=\"summary_large_image\" \/>\n<meta name=\"twitter:label1\" content=\"Predpokladan\u00fd \u010das \u010d\u00edtania\" \/>\n\t<meta name=\"twitter:data1\" content=\"8 min\u00fat\" \/>\n<script type=\"application\/ld+json\" class=\"yoast-schema-graph\">{\"@context\":\"https:\/\/schema.org\",\"@graph\":[{\"@type\":\"WebSite\",\"@id\":\"https:\/\/kmplg.sk\/#website\",\"url\":\"https:\/\/kmplg.sk\/\",\"name\":\"Katedra mineral\u00f3gie, petrol\u00f3gie a lo\u017eiskovej geol\u00f3gie\",\"description\":\"Pr\u00edrodovedeck\u00e1 fakulta Univerzity Komensk\u00e9ho v Bratislave\",\"potentialAction\":[{\"@type\":\"SearchAction\",\"target\":{\"@type\":\"EntryPoint\",\"urlTemplate\":\"https:\/\/kmplg.sk\/?s={search_term_string}\"},\"query-input\":\"required name=search_term_string\"}],\"inLanguage\":\"sk-SK\"},{\"@type\":\"WebPage\",\"@id\":\"https:\/\/kmplg.sk\/?page_id=2606\",\"url\":\"https:\/\/kmplg.sk\/?page_id=2606\",\"name\":\"Prof. RNDr. Mari\u00e1n Puti\u0161, DrSc. - Katedra mineral\u00f3gie, petrol\u00f3gie a lo\u017eiskovej geol\u00f3gie\",\"isPartOf\":{\"@id\":\"https:\/\/kmplg.sk\/#website\"},\"datePublished\":\"2021-12-14T08:57:02+00:00\",\"dateModified\":\"2022-09-09T08:10:34+00:00\",\"breadcrumb\":{\"@id\":\"https:\/\/kmplg.sk\/?page_id=2606#breadcrumb\"},\"inLanguage\":\"sk-SK\",\"potentialAction\":[{\"@type\":\"ReadAction\",\"target\":[\"https:\/\/kmplg.sk\/?page_id=2606\"]}]},{\"@type\":\"BreadcrumbList\",\"@id\":\"https:\/\/kmplg.sk\/?page_id=2606#breadcrumb\",\"itemListElement\":[{\"@type\":\"ListItem\",\"position\":1,\"name\":\"Home\",\"item\":\"https:\/\/kmplg.sk\/\"},{\"@type\":\"ListItem\",\"position\":2,\"name\":\"O n\u00e1s\",\"item\":\"https:\/\/kmplg.sk\/\"},{\"@type\":\"ListItem\",\"position\":3,\"name\":\"Zamestnanci\",\"item\":\"https:\/\/kmplg.sk\/?page_id=30\"},{\"@type\":\"ListItem\",\"position\":4,\"name\":\"Prof. RNDr. Mari\u00e1n Puti\u0161, DrSc.\"}]}]}<\/script>\n<!-- \/ Yoast SEO plugin. -->","yoast_head_json":{"title":"Prof. RNDr. Mari\u00e1n Puti\u0161, DrSc. - Katedra mineral\u00f3gie, petrol\u00f3gie a lo\u017eiskovej geol\u00f3gie","robots":{"index":"index","follow":"follow","max-snippet":"max-snippet:-1","max-image-preview":"max-image-preview:large","max-video-preview":"max-video-preview:-1"},"canonical":"https:\/\/kmplg.sk\/?page_id=2606","og_locale":"sk_SK","og_type":"article","og_title":"Prof. RNDr. Mari\u00e1n Puti\u0161, DrSc. - Katedra mineral\u00f3gie, petrol\u00f3gie a lo\u017eiskovej geol\u00f3gie","og_description":"poz\u00edcia: profesor miestnos\u0165: G-326 telef\u00f3n: +421 2 9014 9609 e-mail: &hellip;","og_url":"https:\/\/kmplg.sk\/?page_id=2606","og_site_name":"Katedra mineral\u00f3gie, petrol\u00f3gie a lo\u017eiskovej geol\u00f3gie","article_publisher":"https:\/\/www.facebook.com\/kmplg\/","article_modified_time":"2022-09-09T08:10:34+00:00","og_image":[{"url":"https:\/\/kmplg.sk\/wp-content\/uploads\/2022\/01\/Obrazok1.jpg"}],"twitter_card":"summary_large_image","twitter_misc":{"Predpokladan\u00fd \u010das \u010d\u00edtania":"8 min\u00fat"},"schema":{"@context":"https:\/\/schema.org","@graph":[{"@type":"WebSite","@id":"https:\/\/kmplg.sk\/#website","url":"https:\/\/kmplg.sk\/","name":"Katedra mineral\u00f3gie, petrol\u00f3gie a lo\u017eiskovej geol\u00f3gie","description":"Pr\u00edrodovedeck\u00e1 fakulta Univerzity Komensk\u00e9ho v Bratislave","potentialAction":[{"@type":"SearchAction","target":{"@type":"EntryPoint","urlTemplate":"https:\/\/kmplg.sk\/?s={search_term_string}"},"query-input":"required name=search_term_string"}],"inLanguage":"sk-SK"},{"@type":"WebPage","@id":"https:\/\/kmplg.sk\/?page_id=2606","url":"https:\/\/kmplg.sk\/?page_id=2606","name":"Prof. RNDr. Mari\u00e1n Puti\u0161, DrSc. - Katedra mineral\u00f3gie, petrol\u00f3gie a lo\u017eiskovej geol\u00f3gie","isPartOf":{"@id":"https:\/\/kmplg.sk\/#website"},"datePublished":"2021-12-14T08:57:02+00:00","dateModified":"2022-09-09T08:10:34+00:00","breadcrumb":{"@id":"https:\/\/kmplg.sk\/?page_id=2606#breadcrumb"},"inLanguage":"sk-SK","potentialAction":[{"@type":"ReadAction","target":["https:\/\/kmplg.sk\/?page_id=2606"]}]},{"@type":"BreadcrumbList","@id":"https:\/\/kmplg.sk\/?page_id=2606#breadcrumb","itemListElement":[{"@type":"ListItem","position":1,"name":"Home","item":"https:\/\/kmplg.sk\/"},{"@type":"ListItem","position":2,"name":"O n\u00e1s","item":"https:\/\/kmplg.sk\/"},{"@type":"ListItem","position":3,"name":"Zamestnanci","item":"https:\/\/kmplg.sk\/?page_id=30"},{"@type":"ListItem","position":4,"name":"Prof. RNDr. Mari\u00e1n Puti\u0161, DrSc."}]}]}},"_links":{"self":[{"href":"https:\/\/kmplg.sk\/index.php?rest_route=\/wp\/v2\/pages\/2606"}],"collection":[{"href":"https:\/\/kmplg.sk\/index.php?rest_route=\/wp\/v2\/pages"}],"about":[{"href":"https:\/\/kmplg.sk\/index.php?rest_route=\/wp\/v2\/types\/page"}],"author":[{"embeddable":true,"href":"https:\/\/kmplg.sk\/index.php?rest_route=\/wp\/v2\/users\/2"}],"replies":[{"embeddable":true,"href":"https:\/\/kmplg.sk\/index.php?rest_route=%2Fwp%2Fv2%2Fcomments&post=2606"}],"version-history":[{"count":5,"href":"https:\/\/kmplg.sk\/index.php?rest_route=\/wp\/v2\/pages\/2606\/revisions"}],"predecessor-version":[{"id":2995,"href":"https:\/\/kmplg.sk\/index.php?rest_route=\/wp\/v2\/pages\/2606\/revisions\/2995"}],"up":[{"embeddable":true,"href":"https:\/\/kmplg.sk\/index.php?rest_route=\/wp\/v2\/pages\/30"}],"wp:attachment":[{"href":"https:\/\/kmplg.sk\/index.php?rest_route=%2Fwp%2Fv2%2Fmedia&parent=2606"}],"wp:term":[{"taxonomy":"folder","embeddable":true,"href":"https:\/\/kmplg.sk\/index.php?rest_route=%2Fwp%2Fv2%2Ffolder&post=2606"}],"curies":[{"name":"wp","href":"https:\/\/api.w.org\/{rel}","templated":true}]}}