{"id":2588,"date":"2021-12-13T13:39:55","date_gmt":"2021-12-13T12:39:55","guid":{"rendered":"http:\/\/kmplg.sk\/?page_id=2588"},"modified":"2025-01-07T08:57:14","modified_gmt":"2025-01-07T07:57:14","slug":"prof-rndr-pavel-uher-csc","status":"publish","type":"page","link":"https:\/\/kmplg.sk\/?page_id=2588","title":{"rendered":"Prof. RNDr. Pavel Uher, CSc."},"content":{"rendered":"\n<div class=\"wp-block-image is-style-default\"><figure class=\"alignleft size-full is-resized\"><img loading=\"lazy\" src=\"http:\/\/kmplg.sk\/wp-content\/uploads\/2021\/12\/Pavel-Uher.jpg\" alt=\"\" class=\"wp-image-2589\" width=\"221\" height=\"295\" srcset=\"https:\/\/kmplg.sk\/wp-content\/uploads\/2021\/12\/Pavel-Uher.jpg 300w, https:\/\/kmplg.sk\/wp-content\/uploads\/2021\/12\/Pavel-Uher-225x300.jpg 225w, https:\/\/kmplg.sk\/wp-content\/uploads\/2021\/12\/Pavel-Uher-45x60.jpg 45w\" sizes=\"(max-width: 221px) 100vw, 221px\" \/><\/figure><\/div>\n\n\n\n<div class=\"wp-block-group\"><div class=\"wp-block-group__inner-container\">\n<div class=\"wp-block-columns\">\n<div class=\"wp-block-column\" style=\"flex-basis:100%\">\n<figure class=\"wp-block-table is-style-stripes\"><table class=\"has-background has-fixed-layout\" style=\"background-color:#fcf0ef\"><tbody><tr><td><strong>position<\/strong>:<\/td><td>professor<\/td><\/tr><tr><td><strong>room<\/strong>:<\/td><td>G-318<\/td><\/tr><tr><td><strong>phone<\/strong>:<\/td><td>+421 2 9014 9<strong>295<\/strong><\/td><\/tr><tr><td><strong>e-mail:<\/strong><\/td><td>pavel.uher@uniba.sk<\/td><\/tr><tr><td><strong>publications<\/strong><\/td><td><a href=\"http:\/\/alis.uniba.sk:9909\/search\/query?match_1=PHRASE&amp;field_1=authid&amp;term_1=949085&amp;theme=EPC\">zoznam publik\u00e1ci\u00ed<\/a><\/td><\/tr><\/tbody><\/table><figcaption><span class=\"has-inline-color has-vivid-red-color\">Mineralogy and petrology<\/span><\/figcaption><\/figure>\n<\/div>\n<\/div>\n\n\n\n<p><\/p>\n<\/div><\/div>\n\n\n\n<div class=\"wp-block-columns\">\n<div class=\"wp-block-column\" style=\"flex-basis:100%\">\n<div class=\"wp-block-buttons\">\n<div class=\"wp-block-button\"><a class=\"wp-block-button__link has-vivid-red-color has-very-light-gray-to-cyan-bluish-gray-gradient-background has-text-color has-background\" href=\"https:\/\/www.researchgate.net\/profile\/Pavel-Uher-2\" style=\"border-radius:20px\" target=\"_blank\" rel=\"noreferrer noopener\"><img loading=\"lazy\" width=\"20\" height=\"19\" class=\"wp-image-1394\" style=\"width: 20px;\" src=\"http:\/\/kmplg.sk\/wp-content\/uploads\/2021\/04\/linkedinvsresearchgate_v2-1.png\" alt=\"\"> <span class=\"has-inline-color has-vivid-red-color\">ResearchGate<\/span><span class=\"has-inline-color has-white-color\"><\/span><\/a><\/div>\n\n\n\n<div class=\"wp-block-button\"><a class=\"wp-block-button__link has-very-light-gray-to-cyan-bluish-gray-gradient-background has-background\" href=\"https:\/\/www.scopus.com\/authid\/detail.uri?authorId=7003350181\" target=\"_blank\" rel=\"noreferrer noopener\"><span class=\"has-inline-color has-white-color\"><img loading=\"lazy\" width=\"20\" height=\"20\" class=\"wp-image-1401\" style=\"width: 20px;\" src=\"http:\/\/kmplg.sk\/wp-content\/uploads\/2021\/04\/68747470733a2f2f7777772e6665722e756e697a672e68722f5f7075622f7468656d65735f7374617469632f666572323031362f64656661756c742f696d672f73636f7075732d69636f6e2e706e67.png\" alt=\"\"> <\/span><span class=\"has-inline-color has-vivid-red-color\">Scopus<\/span><\/a><\/div>\n\n\n\n<div class=\"wp-block-button\"><a class=\"wp-block-button__link has-very-light-gray-to-cyan-bluish-gray-gradient-background has-background\" href=\"http:\/\/kmplg.sk\/?page_id=85\" target=\"_blank\" rel=\"noreferrer noopener\"><span class=\"has-inline-color has-vivid-red-color\">Topics of Thesis<\/span><\/a><\/div>\n<\/div>\n<\/div>\n<\/div>\n\n\n\n<h2>Scientific interests<\/h2>\n\n\n\n<ul><li>Accessory minerals<\/li><li>Minerals of rare litophile elements (REE, Nb-Ta, Zr-Hf, Be etc.)<\/li><li>Minerals of magmatic and&nbsp;metamorphic rocks<\/li><li>Chemical composition of minerals<\/li><li>Granitic pegmatites<\/li><li>Dating of accessory minerals<\/li><\/ul>\n\n\n\n<h2>Teaching activities<\/h2>\n\n\n\n<p>My teaching activities are mainly focused on systematic and&nbsp;genetic mineralogy, accessory (heavy) minerals, as well as extraterrestrial materials and&nbsp;relationships between geology and&nbsp;wine science (enology)&nbsp;<\/p>\n\n\n\n<p><strong><strong>Bachelor degree:<\/strong><\/strong><\/p>\n\n\n\n<ul><li>Mineralogy (2)<\/li><li>Heavy minerals<\/li><\/ul>\n\n\n\n<p><strong><strong>Master\u2019s degree<\/strong><\/strong><\/p>\n\n\n\n<ul><li>Genetic mineralogy of natural resources<\/li><li>Cosmogenic geology<\/li><li>Geology and&nbsp;enology<\/li><li>Field excursion: Mineralogy, petrology, economic and&nbsp;enviromental geology<\/li><\/ul>\n\n\n\n<p><strong><strong>Doctoral degree<\/strong><\/strong><\/p>\n\n\n\n<ul><li>Mineralogy of rocks<\/li><li>Genetic mineralogy<\/li><li>Crystal chemistry of silicate minerals<\/li><\/ul>\n\n\n\n<hr class=\"wp-block-separator\"\/>\n\n\n\n<h2>The most significant publications<\/h2>\n\n\n\n<div class=\"wp-block-group\"><div class=\"wp-block-group__inner-container\">\n<ul><li>Ondrejka M., Uher P., Puti\u0161 M., Koh\u00fat M., Broska I., Larionov A., Bojar A.-V., Sobock\u00fd T. 2021:&nbsp;<strong>Permian A\u2011type granites of the Western Carpathians and Transdanubian regions: products of the Pangea supercontinent breakup<\/strong>. <em>International Journal of Earth Sciences<\/em>, 110, 2133-2155.<\/li><li>Uher P., Broska I., Krzeminska E., Ondrejka M., Miku\u0161 T., Vaculovi\u010d T., 2019: <strong>Titanite composition and SHRIMP U-Pb dating as indicators of post-magmatic tectono-thermal activity: Variscan I-type tonalities to granodiorites, the Western Carpathians.<\/strong> Geologica <em>Carpathica<\/em>, 70, 449-470.<\/li><li>Ba\u010d\u00edk P., Uher P., Koz\u00e1kov\u00e1 P., \u0160tevko M., Ozd\u00edn D., Vaculovi\u010d T., 2018: <strong>Vanadian and chromian garnet- and epidote-supergroup minerals in metamorphosed Paleozoic black shales from \u010cierna Lehota, Str\u00e1\u017eovsk\u00e9 vrchy Mountains, Slovakia: crystal chemistry and evolution.<\/strong> <em>Mineralogical Magazine<\/em>, 82, 889-911.<\/li><li>Breiter K., Korbelov\u00e1 Z., Chl\u00e1dek \u0160., Uher P., Kn\u00e9sl I., Rambousek P., Honig S., \u0160e\u0161ulka V., 2017: <strong>Diversity of Ti-Sn-W-Nb-Ta minerals in the classic granite-related magmatic-hydrothermal C\u00ednovec\/Zinnwald Sn-W-Li deposit (Czech Republic). <\/strong><em>European Journal of Mineralogy<\/em>, 29, 727-738.<\/li><li>Aubrecht R., S\u00fdkora M., Uher P., Li X. H., Yang Y. H., Puti\u0161 M., Pla\u0161ienka D., 2017: <strong>Provenance of the Lunz Formation (Carnian) in the Western Carpathians, Slovakia: Heavy mineral study and in situ LA-ICP-MS detrital zircon dating.<\/strong> <em>Palaeogeography, Palaeoclimatology, Palaeoecology<\/em>, 471, 233-253.<\/li><li>Uher P.,&nbsp; Ondrejka M., Ba\u010d\u00edk P., Broska I., Kone\u010dn\u00fd P., 2015:&nbsp;<strong>Britholite, monazite, REE carbonates, and calcite: Products of hydrothermal alteration of allanite and apatite in A-type granite from Stupn\u00e9, Western Carpathians, Slovakia.&nbsp;<\/strong><em>Lithos<\/em>, 236, 212-225.<\/li><li>Henry D.J., Nov\u00e1k M., Hawthorne F. C., Ertl A., Dutrow B. L., Uher P., Pezzotta F., 2011: <strong>Nomenclature of the tourmaline supergroup minerals<\/strong>. <em>American Mineralogist<\/em>, 96, 895-913.<\/li><li>Uher P., Ondrejka M., Kone\u010dn\u00fd P., 2009:&nbsp;<strong>Magmatic and post-magmatic Y-REE-Th phosphate, silicate and Nb-Ta-Y-REE oxide minerals in A-type metagranite: an example from the Tur\u010dok massif, the Western Carpathians, Slovakia.<\/strong>&nbsp;Mineralogical Magazine, 73, 1009-1025.<\/li><li>Breiter K., \u0160koda R., Uher P. 2007: <strong>Nb-Ta-Ti-W-Sn-oxide minerals asd indicators of a peraluminous P- and F-rich granitic system evolution: Podles\u00ed, Czech Republic.<\/strong> <em>Mineralogy and Petrology<\/em>, 91, 225-248.<\/li><li>Broska I., Williams C. T., Uher P., Kone\u010dn\u00fd P., Leichmann J., 2004: <strong>The geochemistry of phosphorus in different granite suites of the Western Carpathians, Slovakia: the role of apatite and P-bearing feldspar.<\/strong> <em>Chemical Geology<\/em>, 205, 1-15.<\/li><li>Broska I., Uher P. 2001: <strong>Whole-rock chemistry and genetic typology of the West-Carpathian Variscan granites.<\/strong> <em>Geologica Carpathica<\/em>, 52, 79-90.<\/li><li>Uher P., Broska I. 1996: <strong>Post-orogenic Permian granitic rocks in the Western Carpathian-Pannonian area: Geochemistry, mineralogy and evolution.<\/strong> <em>Geologica Carpathica<\/em>, 47, 311-321.<\/li><\/ul>\n<\/div><\/div>\n\n\n\n<h2>Current Projects<\/h2>\n\n\n\n<p><strong><strong>APVV-19-0065 \u2013 \u010dlen rie\u0161ite\u013esk\u00e9ho kolekt\u00edvu<\/strong><\/strong> (2020-2023, hlavn\u00fd rie\u0161ite\u013e M. Puti\u0161) \u201ePetrologicko-geochronologick\u00fd z\u00e1znam riftogen\u00e9zy a k\u00f4rovo- pl\u00e1\u0161\u0165ovej recykl\u00e1cie v orog\u00e9nnej prizme Z\u00e1padn\u00fdch Karp\u00e1t\u201d<span class=\"has-inline-color has-vivid-red-color\"> <span class=\"collapseomatic \" id=\"id69f1c1bc61a4a\"  tabindex=\"0\" title=\"Click to expand\"    >Click to expand<\/span><div id=\"target-id69f1c1bc61a4a\" class=\"collapseomatic_content \"><em><em>Specific groups of rocks and their minerals are searched as indicators of the riftogenic zones, despite they often have signatures of superimposed tectono-thermal overprinting from their incorporation into the orogenic zones.<\/em><\/em><\/span><\/p>\n\n\n\n<\/div>\n\n\n\n<p><strong><strong><strong>APVV-18-0065 \u2013 <\/strong><\/strong><\/strong>\u010dlen rie\u0161ite\u013esk\u00e9ho kolekt\u00edvu&nbsp;(2018-2023, hlavn\u00fd rie\u0161ite\u013e P. Ba\u010d\u00edk) \u201e\u013dahk\u00e9 litofiln\u00e9 prvky (Li, Be, B) vo vybran\u00fdch miner\u00e1loch: od kry\u0161t\u00e1lovej \u0161trukt\u00fary ku geologick\u00fdm procesom\u201c<span class=\"has-inline-color has-vivid-red-color\"> <span class=\"collapseomatic \" id=\"id69f1c1bc61b2f\"  tabindex=\"0\" title=\"Click to expand\"    >Click to expand<\/span><div id=\"target-id69f1c1bc61b2f\" class=\"collapseomatic_content \"><em><em><em><em>The project includes mineralogical and crystal-chemical studies of minerals that contain light cations from the second period of the periodic system \u2013 lithium, beryllium and boron in their structure. Research is focused on two areas and two types of minerals will be examined. The first area of research will focus on crystal-chemical patterns down to the subatomic level using state-of-the-art analytical methods. The second area will be focused on the behaviour of these elements in the mineral and rock environment. Firstly, minerals containing Be, B and Li directly in their crystal-chemical formula (these elements are dominant at least at one structural site) will be studied. These include silicates (tourmaline supergroup, gadolinite supergroup, beryl and cordierite, Li mica, spodumen, bertrandite, phenakite), borates (whole class), phosphates (herderite) and oxides (chrysoberyl). However, we will focus also on the minerals in which Be, B and Li substitute for the other cations, but are not dominant. In this context, the distribution of studied elements in various minerals in variable rock environments will be studied.<\/em><\/em><\/em><\/em><\/span><\/p>\n\n\n\n<\/div>\n\n\n\n<p><strong><strong><strong><strong>VEGA 1\/0137\/20 \u2013&nbsp;<\/strong><\/strong><\/strong><\/strong>member of the research team&nbsp;(2020-2022) \u201cExperimental study of physico-chemical properties of selected minerals (oxides, phosphates and silicates).\u201d <span class=\"has-inline-color has-vivid-red-color\"><span class=\"collapseomatic \" id=\"id69f1c1bc61b79\"  tabindex=\"0\" title=\"Click to expand\"    >Click to expand<\/span><div id=\"target-id69f1c1bc61b79\" class=\"collapseomatic_content \"> <\/span><em><em><span class=\"has-inline-color has-black-color\"><em><em>The experimental mineralogical approach is suitable for detailed crystal-chemical study of properties and processes within the crystal structure and its stability, but also for the precious stones treatment within the gemmology. Some of these experiments are not sufficiently described and the colour changing mechanisms are similarly not clearly known as well as the processes leading to the mineral structure breakdown. The crystal-chemical properties of selected minerals (oxides, phosphates and silicates) will be studied by thermal, thermal-pressure and radiation experiments, especially the oxidation or reduction of cations, the formation or disappearance of colour centres and structural defects. The mineral decomposition processes and new phase formation will also be studied under experimental conditions.<\/em><\/em><\/span><\/em><\/em><\/p>\n\n\n\n<p><span class=\"has-inline-color has-vivid-red-color\"><\/div><\/span><\/p>\n\n\n\n<p><strong><strong><strong><strong><strong>VEGA 1\/0467\/20 \u2013 member of the research team<\/strong>&nbsp;(2020-2022) \u201cRemobilisation and fractionation of rare lithophile elements under hydrothermal and supergene conditions\u201c<\/strong><\/strong><\/strong><\/strong> <span class=\"has-inline-color has-vivid-red-color\"><span class=\"collapseomatic \" id=\"id69f1c1bc61bb8\"  tabindex=\"0\" title=\"Click to expand\"    >Click to expand<\/span><div id=\"target-id69f1c1bc61bb8\" class=\"collapseomatic_content \"><\/span><\/p>\n\n\n\n<p><span class=\"has-inline-color has-vivid-red-color\"><\/div><\/span><\/p>\n\n\n\n<h2>Memberships and Awards<\/h2>\n\n\n\n<ul><li><em>Chairman of the Mineralogical Society of Slovakia (2012-2016), vice-chairman of the Mineralogical Society of Slovakia (from 2017)<\/em><em><\/em><\/li><li><em>D. Andrusov medal, awarded by the Faculty of Science, Comenius University at Bratislava, for scientific activities (2013)<\/em><em><\/em><\/li><li><em>National representative of the Comission on New Minerals, Nomenclature and Classification of International Mineralogical Association (CNMMN IMA; 1998-2010)<\/em><em><\/em><\/li><li><em>Post-doctorial Fellowhisp: University of Manitoba, Winnipeg, Canada (1994-1996)<\/em><em><\/em><\/li><\/ul>\n","protected":false},"excerpt":{"rendered":"<p>position: professor room: G-318 phone: +421 2 9014 9295 e-mail: &hellip; <\/p>\n","protected":false},"author":2,"featured_media":0,"parent":30,"menu_order":0,"comment_status":"closed","ping_status":"closed","template":"","meta":{"_monsterinsights_skip_tracking":false,"_monsterinsights_sitenote_active":false,"_monsterinsights_sitenote_note":"","_monsterinsights_sitenote_category":0,"ngg_post_thumbnail":0},"folder":[45],"yoast_head":"<!-- This site is optimized with the Yoast SEO plugin v19.4 - https:\/\/yoast.com\/wordpress\/plugins\/seo\/ -->\n<title>Prof. RNDr. Pavel Uher, CSc. - Katedra mineral\u00f3gie, petrol\u00f3gie a lo\u017eiskovej geol\u00f3gie<\/title>\n<meta name=\"robots\" content=\"index, follow, max-snippet:-1, max-image-preview:large, max-video-preview:-1\" \/>\n<link rel=\"canonical\" href=\"https:\/\/kmplg.sk\/?page_id=2588\" \/>\n<meta property=\"og:locale\" content=\"sk_SK\" \/>\n<meta property=\"og:type\" content=\"article\" \/>\n<meta property=\"og:title\" content=\"Prof. RNDr. Pavel Uher, CSc. - Katedra mineral\u00f3gie, petrol\u00f3gie a lo\u017eiskovej geol\u00f3gie\" \/>\n<meta property=\"og:description\" content=\"position: professor room: G-318 phone: +421 2 9014 9295 e-mail: &hellip;\" \/>\n<meta property=\"og:url\" content=\"https:\/\/kmplg.sk\/?page_id=2588\" \/>\n<meta property=\"og:site_name\" content=\"Katedra mineral\u00f3gie, petrol\u00f3gie a lo\u017eiskovej geol\u00f3gie\" \/>\n<meta property=\"article:publisher\" content=\"https:\/\/www.facebook.com\/kmplg\/\" \/>\n<meta property=\"article:modified_time\" content=\"2025-01-07T07:57:14+00:00\" \/>\n<meta property=\"og:image\" content=\"http:\/\/kmplg.sk\/wp-content\/uploads\/2021\/12\/Pavel-Uher.jpg\" \/>\n<meta name=\"twitter:card\" content=\"summary_large_image\" \/>\n<meta name=\"twitter:label1\" content=\"Predpokladan\u00fd \u010das \u010d\u00edtania\" \/>\n\t<meta name=\"twitter:data1\" content=\"7 min\u00fat\" \/>\n<script type=\"application\/ld+json\" class=\"yoast-schema-graph\">{\"@context\":\"https:\/\/schema.org\",\"@graph\":[{\"@type\":\"WebSite\",\"@id\":\"https:\/\/kmplg.sk\/#website\",\"url\":\"https:\/\/kmplg.sk\/\",\"name\":\"Katedra mineral\u00f3gie, petrol\u00f3gie a lo\u017eiskovej geol\u00f3gie\",\"description\":\"Pr\u00edrodovedeck\u00e1 fakulta Univerzity Komensk\u00e9ho v Bratislave\",\"potentialAction\":[{\"@type\":\"SearchAction\",\"target\":{\"@type\":\"EntryPoint\",\"urlTemplate\":\"https:\/\/kmplg.sk\/?s={search_term_string}\"},\"query-input\":\"required name=search_term_string\"}],\"inLanguage\":\"sk-SK\"},{\"@type\":\"WebPage\",\"@id\":\"https:\/\/kmplg.sk\/?page_id=2588\",\"url\":\"https:\/\/kmplg.sk\/?page_id=2588\",\"name\":\"Prof. RNDr. Pavel Uher, CSc. - Katedra mineral\u00f3gie, petrol\u00f3gie a lo\u017eiskovej geol\u00f3gie\",\"isPartOf\":{\"@id\":\"https:\/\/kmplg.sk\/#website\"},\"datePublished\":\"2021-12-13T12:39:55+00:00\",\"dateModified\":\"2025-01-07T07:57:14+00:00\",\"breadcrumb\":{\"@id\":\"https:\/\/kmplg.sk\/?page_id=2588#breadcrumb\"},\"inLanguage\":\"sk-SK\",\"potentialAction\":[{\"@type\":\"ReadAction\",\"target\":[\"https:\/\/kmplg.sk\/?page_id=2588\"]}]},{\"@type\":\"BreadcrumbList\",\"@id\":\"https:\/\/kmplg.sk\/?page_id=2588#breadcrumb\",\"itemListElement\":[{\"@type\":\"ListItem\",\"position\":1,\"name\":\"Home\",\"item\":\"https:\/\/kmplg.sk\/\"},{\"@type\":\"ListItem\",\"position\":2,\"name\":\"O n\u00e1s\",\"item\":\"https:\/\/kmplg.sk\/\"},{\"@type\":\"ListItem\",\"position\":3,\"name\":\"Zamestnanci\",\"item\":\"https:\/\/kmplg.sk\/?page_id=30\"},{\"@type\":\"ListItem\",\"position\":4,\"name\":\"Prof. RNDr. Pavel Uher, CSc.\"}]}]}<\/script>\n<!-- \/ Yoast SEO plugin. -->","yoast_head_json":{"title":"Prof. RNDr. Pavel Uher, CSc. - Katedra mineral\u00f3gie, petrol\u00f3gie a lo\u017eiskovej geol\u00f3gie","robots":{"index":"index","follow":"follow","max-snippet":"max-snippet:-1","max-image-preview":"max-image-preview:large","max-video-preview":"max-video-preview:-1"},"canonical":"https:\/\/kmplg.sk\/?page_id=2588","og_locale":"sk_SK","og_type":"article","og_title":"Prof. RNDr. Pavel Uher, CSc. - Katedra mineral\u00f3gie, petrol\u00f3gie a lo\u017eiskovej geol\u00f3gie","og_description":"position: professor room: G-318 phone: +421 2 9014 9295 e-mail: &hellip;","og_url":"https:\/\/kmplg.sk\/?page_id=2588","og_site_name":"Katedra mineral\u00f3gie, petrol\u00f3gie a lo\u017eiskovej geol\u00f3gie","article_publisher":"https:\/\/www.facebook.com\/kmplg\/","article_modified_time":"2025-01-07T07:57:14+00:00","og_image":[{"url":"http:\/\/kmplg.sk\/wp-content\/uploads\/2021\/12\/Pavel-Uher.jpg"}],"twitter_card":"summary_large_image","twitter_misc":{"Predpokladan\u00fd \u010das \u010d\u00edtania":"7 min\u00fat"},"schema":{"@context":"https:\/\/schema.org","@graph":[{"@type":"WebSite","@id":"https:\/\/kmplg.sk\/#website","url":"https:\/\/kmplg.sk\/","name":"Katedra mineral\u00f3gie, petrol\u00f3gie a lo\u017eiskovej geol\u00f3gie","description":"Pr\u00edrodovedeck\u00e1 fakulta Univerzity Komensk\u00e9ho v Bratislave","potentialAction":[{"@type":"SearchAction","target":{"@type":"EntryPoint","urlTemplate":"https:\/\/kmplg.sk\/?s={search_term_string}"},"query-input":"required name=search_term_string"}],"inLanguage":"sk-SK"},{"@type":"WebPage","@id":"https:\/\/kmplg.sk\/?page_id=2588","url":"https:\/\/kmplg.sk\/?page_id=2588","name":"Prof. RNDr. Pavel Uher, CSc. - Katedra mineral\u00f3gie, petrol\u00f3gie a lo\u017eiskovej geol\u00f3gie","isPartOf":{"@id":"https:\/\/kmplg.sk\/#website"},"datePublished":"2021-12-13T12:39:55+00:00","dateModified":"2025-01-07T07:57:14+00:00","breadcrumb":{"@id":"https:\/\/kmplg.sk\/?page_id=2588#breadcrumb"},"inLanguage":"sk-SK","potentialAction":[{"@type":"ReadAction","target":["https:\/\/kmplg.sk\/?page_id=2588"]}]},{"@type":"BreadcrumbList","@id":"https:\/\/kmplg.sk\/?page_id=2588#breadcrumb","itemListElement":[{"@type":"ListItem","position":1,"name":"Home","item":"https:\/\/kmplg.sk\/"},{"@type":"ListItem","position":2,"name":"O n\u00e1s","item":"https:\/\/kmplg.sk\/"},{"@type":"ListItem","position":3,"name":"Zamestnanci","item":"https:\/\/kmplg.sk\/?page_id=30"},{"@type":"ListItem","position":4,"name":"Prof. RNDr. Pavel Uher, CSc."}]}]}},"_links":{"self":[{"href":"https:\/\/kmplg.sk\/index.php?rest_route=\/wp\/v2\/pages\/2588"}],"collection":[{"href":"https:\/\/kmplg.sk\/index.php?rest_route=\/wp\/v2\/pages"}],"about":[{"href":"https:\/\/kmplg.sk\/index.php?rest_route=\/wp\/v2\/types\/page"}],"author":[{"embeddable":true,"href":"https:\/\/kmplg.sk\/index.php?rest_route=\/wp\/v2\/users\/2"}],"replies":[{"embeddable":true,"href":"https:\/\/kmplg.sk\/index.php?rest_route=%2Fwp%2Fv2%2Fcomments&post=2588"}],"version-history":[{"count":6,"href":"https:\/\/kmplg.sk\/index.php?rest_route=\/wp\/v2\/pages\/2588\/revisions"}],"predecessor-version":[{"id":3254,"href":"https:\/\/kmplg.sk\/index.php?rest_route=\/wp\/v2\/pages\/2588\/revisions\/3254"}],"up":[{"embeddable":true,"href":"https:\/\/kmplg.sk\/index.php?rest_route=\/wp\/v2\/pages\/30"}],"wp:attachment":[{"href":"https:\/\/kmplg.sk\/index.php?rest_route=%2Fwp%2Fv2%2Fmedia&parent=2588"}],"wp:term":[{"taxonomy":"folder","embeddable":true,"href":"https:\/\/kmplg.sk\/index.php?rest_route=%2Fwp%2Fv2%2Ffolder&post=2588"}],"curies":[{"name":"wp","href":"https:\/\/api.w.org\/{rel}","templated":true}]}}