{"id":2552,"date":"2021-12-13T12:46:16","date_gmt":"2021-12-13T11:46:16","guid":{"rendered":"http:\/\/kmplg.sk\/?page_id=2552"},"modified":"2025-05-29T12:07:27","modified_gmt":"2025-05-29T10:07:27","slug":"rndr-ondrej-nemec-phd","status":"publish","type":"page","link":"https:\/\/kmplg.sk\/?page_id=2552","title":{"rendered":"Doc. RNDr. Peter Ru\u017ei\u010dka, PhD."},"content":{"rendered":"\n<div class=\"wp-block-image is-style-default\"><figure class=\"alignleft size-full is-resized\"><img loading=\"lazy\" src=\"http:\/\/kmplg.sk\/wp-content\/uploads\/2021\/12\/Peter-Ruz\u030cic\u030cka_fotka-na-profil-2021-12-13-11_40_44-1.jpg\" alt=\"\" class=\"wp-image-2565\" width=\"253\" height=\"243\"\/><\/figure><\/div>\n\n\n\n<div class=\"wp-block-group\"><div class=\"wp-block-group__inner-container\">\n<div class=\"wp-block-columns\">\n<div class=\"wp-block-column\" style=\"flex-basis:100%\">\n<figure class=\"wp-block-table is-style-stripes\"><table class=\"has-background has-fixed-layout\" style=\"background-color:#fcf0ef\"><tbody><tr><td><strong>poz\u00edcia<\/strong>:<\/td><td>docent<\/td><\/tr><tr><td><strong>miestnos\u0165<\/strong>:<\/td><td>G-316<\/td><\/tr><tr><td><strong>telef\u00f3n<\/strong>:<\/td><td>+421 2 9014 9<strong>356<\/strong><\/td><\/tr><tr><td><strong>e-mail:<\/strong><\/td><td>peter.ruzicka@uniba.sk<\/td><\/tr><tr><td><strong>publik\u00e1cie<\/strong><\/td><td><a href=\"http:\/\/alis.uniba.sk:9909\/search\/query?match_1=PHRASE&amp;field_1=authid&amp;term_1=568990&amp;theme=EPC\">zoznam publik\u00e1ci\u00ed<\/a><\/td><\/tr><\/tbody><\/table><figcaption><span class=\"has-inline-color has-vivid-red-color\">Oddelenie petrol\u00f3gie<\/span><\/figcaption><\/figure>\n<\/div>\n<\/div>\n\n\n\n<p><\/p>\n<\/div><\/div>\n\n\n\n<div class=\"wp-block-columns\">\n<div class=\"wp-block-column\" style=\"flex-basis:100%\">\n<div class=\"wp-block-buttons\">\n<div class=\"wp-block-button\"><a class=\"wp-block-button__link has-vivid-red-color has-very-light-gray-to-cyan-bluish-gray-gradient-background has-text-color has-background\" href=\"https:\/\/www.researchgate.net\/profile\/Peter-Ruzicka\" style=\"border-radius:20px\" target=\"_blank\" rel=\"noreferrer noopener\"><img loading=\"lazy\" width=\"20\" height=\"19\" class=\"wp-image-1394\" style=\"width: 20px;\" src=\"http:\/\/kmplg.sk\/wp-content\/uploads\/2021\/04\/linkedinvsresearchgate_v2-1.png\" alt=\"\"> <span class=\"has-inline-color has-vivid-red-color\">ResearchGate<\/span><span class=\"has-inline-color has-white-color\"><\/span><\/a><\/div>\n\n\n\n<div class=\"wp-block-button\"><a class=\"wp-block-button__link has-very-light-gray-to-cyan-bluish-gray-gradient-background has-background\" href=\"https:\/\/www.scopus.com\/standard\/marketing.uri\" target=\"_blank\" rel=\"noreferrer noopener\"><span class=\"has-inline-color has-white-color\"><img loading=\"lazy\" width=\"20\" height=\"20\" class=\"wp-image-1401\" style=\"width: 20px;\" src=\"http:\/\/kmplg.sk\/wp-content\/uploads\/2021\/04\/68747470733a2f2f7777772e6665722e756e697a672e68722f5f7075622f7468656d65735f7374617469632f666572323031362f64656661756c742f696d672f73636f7075732d69636f6e2e706e67.png\" alt=\"\"> <\/span><span class=\"has-inline-color has-vivid-red-color\">Scopus<\/span><\/a><\/div>\n\n\n\n<div class=\"wp-block-button\"><a class=\"wp-block-button__link has-very-light-gray-to-cyan-bluish-gray-gradient-background has-background\" href=\"http:\/\/kmplg.sk\/?page_id=85\" target=\"_blank\" rel=\"noreferrer noopener\"><span class=\"has-inline-color has-vivid-red-color\">T\u00e9my z\u00e1vere\u010dn\u00fdch pr\u00e1c<\/span><\/a><\/div>\n<\/div>\n<\/div>\n<\/div>\n\n\n\n<h2>Vedeck\u00fd profil<\/h2>\n\n\n\n<ul><li>miner\u00e1lne, chemick\u00e9 a izotopov\u00e9 zlo\u017eenie metakarbon\u00e1tov\u00fdch horn\u00edn<\/li><li>genetick\u00e9 interpret\u00e1cie teplotno-tlakov\u00fdch podmienok metamorf\u00f3zy karbon\u00e1tov<\/li><li>z\u00e1kladn\u00fd, experiment\u00e1lny a&nbsp;aplikovan\u00fd v\u00fdskum geomateri\u00e1lov<\/li><\/ul>\n\n\n\n<h2>Pedagogick\u00e1 \u010dinnos\u0165<\/h2>\n\n\n\n<p>Zameriava sa hlavne na v\u00fduku petrografie a mikroskopie metamorfovan\u00fdch horn\u00edn, aplikovan\u00fa mineral\u00f3giu a petrol\u00f3giu, environment\u00e1lnu mineral\u00f3giu.<\/p>\n\n\n\n<p><strong>V\u00fduka v predmetoch na Bc. stupni<\/strong><\/p>\n\n\n\n<ul><li>Petrografia metamorfovan\u00fdch horn\u00edn<\/li><li>Aplikovan\u00e1 mineral\u00f3gia a&nbsp;petrol\u00f3gia<\/li><li>Mikroskopia horn\u00edn<\/li><\/ul>\n\n\n\n<p><strong>V\u00fduka v predmetoch na Mgr. stupni<\/strong><\/p>\n\n\n\n<ul><li>Termodynamika a&nbsp;f\u00e1zov\u00e9 rovnov\u00e1hy<\/li><li>Stavebn\u00e9 a&nbsp;dekora\u010dn\u00e9 kamene<\/li><li>Geomateri\u00e1ly<\/li><\/ul>\n\n\n\n<p><strong>V\u00fduka v predmetoch na PhD. stupni<\/strong><\/p>\n\n\n\n<ul><li>petrol\u00f3gia<\/li><\/ul>\n\n\n\n<hr class=\"wp-block-separator\"\/>\n\n\n\n<h2>Vybran\u00e9 najv\u00fdznamnej\u0161ie publik\u00e1cie<\/h2>\n\n\n\n<div class=\"wp-block-group\"><div class=\"wp-block-group__inner-container\">\n<ul><li>Nemec, O., Puti\u0161, M., Ba\u010d\u00edk, P., Ru\u017ei\u010dka, P., N\u00e9meth, Z., 2020:&nbsp;<strong>Metamorphic Conditions of Neotethyan Meliatic Accretionary Wedge Estimated by Thermodynamic Modelling and Geothermobarometry (Inner Western Carpathians).<\/strong>&nbsp;<em>Minerals<\/em>, 10, 1-50, 1094.<\/li><li>Puti\u0161 M., Sot\u00e1k J., Li Q.-L., Ondrejka M., Li X.-H., Hu Z., Ling X., Nemec O., N\u00e9meth Z., Ru\u017ei\u010dka P. 2019:&nbsp;<strong>Origin and Age Determination of the Neotethys Meliata Basin Ophiolite Fragments in the Late Jurassic\u2013Early Cretaceous Accretionary Wedge M\u00e9lange (Inner Western Carpathians, Slovakia).<\/strong>&nbsp;<em>Minerals<\/em>, 9, 652.<\/li><li>V\u010fa\u010dn\u00fd, M., Ru\u017ei\u010dka, P., Voz\u00e1rov\u00e1, A., 2016: <strong>Geochemistry and C, O, and Sr isotope composition of the F\u00f6derata Group metacarbonates (southern Veporicum, Western Carpathians, Slovakia): constraints on the nature of protolith and its depositional environment.<\/strong> <em>Turkish Journal of Earth Sciences<\/em>, 25, 6, 513-537.<\/li><li>Puti\u0161, M., Dani\u0161\u00edk, M., Ru\u017ei\u010dka, P., Schmiedt, I., 2014: <strong>Constraining exhumation pathway in an accretionary wedge by (U-Th)\/He thermochronology-Case study on Meliatic nappes in the Western Carpathians.<\/strong> <em>Journal of Geodynamics<\/em>, 81, 80-90.<\/li><li>Ru\u017ei\u010dka, P., Voz\u00e1rov\u00e1, A., Mich\u00e1lek, M., Dyda, M., 2011: <strong>Alpine regional metamorphism of F\u00f6derata Group metacarbonates (southern Veporicum, Western Carpathians, Slovakia): P-T conditions of recrystallization.<\/strong> <em>Geological Quarterly<\/em>, 55, 1, 9-26.<\/li><\/ul>\n<\/div><\/div>\n\n\n\n<h2>Aktu\u00e1lne rie\u0161en\u00e9 projekty<\/h2>\n\n\n\n<p><strong><strong>APVV-19-0065 \u2013 \u010dlen rie\u0161ite\u013esk\u00e9ho kolekt\u00edvu<\/strong><\/strong> (2020-2023, hlavn\u00fd rie\u0161ite\u013e M. Puti\u0161) \u201ePetrologicko-geochronologick\u00fd z\u00e1znam riftogen\u00e9zy a k\u00f4rovo- pl\u00e1\u0161\u0165ovej recykl\u00e1cie v orog\u00e9nnej prizme Z\u00e1padn\u00fdch Karp\u00e1t\u201d<span class=\"has-inline-color has-vivid-red-color\"> <span class=\"collapseomatic \" id=\"id69f1bcfdc5243\"  tabindex=\"0\" title=\"Klikni pre podrobnosti o projekte\"    >Klikni pre podrobnosti o projekte<\/span><div id=\"target-id69f1bcfdc5243\" class=\"collapseomatic_content \"><em>Predmetom v\u00fdskumu s\u00fa \u0161pecifick\u00e9 skupiny k\u00f4rov\u00fdch a pl\u00e1\u0161\u0165ov\u00fdch horn\u00edn a ich miner\u00e1lov ako indik\u00e1torov riftog\u00e9nnych z\u00f3n a to aj napriek tomu, \u017ee \u010dasto maj\u00fa znaky mlad\u0161ieho tektono-term\u00e1lneho prepracovania v d\u00f4sledku ich za\u010dlenenia do orogenetick\u00fdch z\u00f3n. Pou\u017e\u00edvame mineralogicko-petrologick\u00e9 (EPMA, micro-Raman, LA-ICP-MS, XRF, ICP-MS), izotopovo-geochemick\u00e9 (LA-MC-ICP-MS, TIMS) a geochronologick\u00e9 (U-Pb SIMS, LA-ICP-MS, Ar-Ar, K-Ar) met\u00f3dy na ur\u010denie chemizmu miner\u00e1lov a horn\u00edn, vr\u00e1tane vybran\u00fdch r\u00e1diog\u00e9nnych izotopov (U-Pb, Pb-Pb, Sm-Nd, Rb-Sr, Zr-Hf, Re-Os) na ur\u010denie ich veku a gen\u00e9zy.<\/em><\/span><\/p>\n\n\n\n<\/div>\n","protected":false},"excerpt":{"rendered":"<p>poz\u00edcia: docent miestnos\u0165: G-316 telef\u00f3n: +421 2 9014 9356 e-mail: &hellip; <\/p>\n","protected":false},"author":2,"featured_media":0,"parent":30,"menu_order":0,"comment_status":"closed","ping_status":"closed","template":"","meta":{"_monsterinsights_skip_tracking":false,"_monsterinsights_sitenote_active":false,"_monsterinsights_sitenote_note":"","_monsterinsights_sitenote_category":0,"ngg_post_thumbnail":0},"folder":[45],"yoast_head":"<!-- This site is optimized with the Yoast SEO plugin v19.4 - https:\/\/yoast.com\/wordpress\/plugins\/seo\/ -->\n<title>Doc. RNDr. Peter Ru\u017ei\u010dka, PhD. - Katedra mineral\u00f3gie, petrol\u00f3gie a lo\u017eiskovej geol\u00f3gie<\/title>\n<meta name=\"robots\" content=\"index, follow, max-snippet:-1, max-image-preview:large, max-video-preview:-1\" \/>\n<link rel=\"canonical\" href=\"https:\/\/kmplg.sk\/?page_id=2552\" \/>\n<meta property=\"og:locale\" content=\"sk_SK\" \/>\n<meta property=\"og:type\" content=\"article\" \/>\n<meta property=\"og:title\" content=\"Doc. RNDr. Peter Ru\u017ei\u010dka, PhD. - Katedra mineral\u00f3gie, petrol\u00f3gie a lo\u017eiskovej geol\u00f3gie\" \/>\n<meta property=\"og:description\" content=\"poz\u00edcia: docent miestnos\u0165: G-316 telef\u00f3n: +421 2 9014 9356 e-mail: &hellip;\" \/>\n<meta property=\"og:url\" content=\"https:\/\/kmplg.sk\/?page_id=2552\" \/>\n<meta property=\"og:site_name\" content=\"Katedra mineral\u00f3gie, petrol\u00f3gie a lo\u017eiskovej geol\u00f3gie\" \/>\n<meta property=\"article:publisher\" content=\"https:\/\/www.facebook.com\/kmplg\/\" \/>\n<meta property=\"article:modified_time\" content=\"2025-05-29T10:07:27+00:00\" \/>\n<meta property=\"og:image\" content=\"http:\/\/kmplg.sk\/wp-content\/uploads\/2021\/04\/linkedinvsresearchgate_v2-1.png\" \/>\n<meta name=\"twitter:card\" content=\"summary_large_image\" \/>\n<meta name=\"twitter:label1\" content=\"Predpokladan\u00fd \u010das \u010d\u00edtania\" \/>\n\t<meta name=\"twitter:data1\" content=\"3 min\u00faty\" \/>\n<script type=\"application\/ld+json\" class=\"yoast-schema-graph\">{\"@context\":\"https:\/\/schema.org\",\"@graph\":[{\"@type\":\"WebSite\",\"@id\":\"https:\/\/kmplg.sk\/#website\",\"url\":\"https:\/\/kmplg.sk\/\",\"name\":\"Katedra mineral\u00f3gie, petrol\u00f3gie a lo\u017eiskovej geol\u00f3gie\",\"description\":\"Pr\u00edrodovedeck\u00e1 fakulta Univerzity Komensk\u00e9ho v Bratislave\",\"potentialAction\":[{\"@type\":\"SearchAction\",\"target\":{\"@type\":\"EntryPoint\",\"urlTemplate\":\"https:\/\/kmplg.sk\/?s={search_term_string}\"},\"query-input\":\"required name=search_term_string\"}],\"inLanguage\":\"sk-SK\"},{\"@type\":\"WebPage\",\"@id\":\"https:\/\/kmplg.sk\/?page_id=2552\",\"url\":\"https:\/\/kmplg.sk\/?page_id=2552\",\"name\":\"Doc. RNDr. Peter Ru\u017ei\u010dka, PhD. - Katedra mineral\u00f3gie, petrol\u00f3gie a lo\u017eiskovej geol\u00f3gie\",\"isPartOf\":{\"@id\":\"https:\/\/kmplg.sk\/#website\"},\"datePublished\":\"2021-12-13T11:46:16+00:00\",\"dateModified\":\"2025-05-29T10:07:27+00:00\",\"breadcrumb\":{\"@id\":\"https:\/\/kmplg.sk\/?page_id=2552#breadcrumb\"},\"inLanguage\":\"sk-SK\",\"potentialAction\":[{\"@type\":\"ReadAction\",\"target\":[\"https:\/\/kmplg.sk\/?page_id=2552\"]}]},{\"@type\":\"BreadcrumbList\",\"@id\":\"https:\/\/kmplg.sk\/?page_id=2552#breadcrumb\",\"itemListElement\":[{\"@type\":\"ListItem\",\"position\":1,\"name\":\"Home\",\"item\":\"https:\/\/kmplg.sk\/\"},{\"@type\":\"ListItem\",\"position\":2,\"name\":\"O n\u00e1s\",\"item\":\"https:\/\/kmplg.sk\/\"},{\"@type\":\"ListItem\",\"position\":3,\"name\":\"Zamestnanci\",\"item\":\"https:\/\/kmplg.sk\/?page_id=30\"},{\"@type\":\"ListItem\",\"position\":4,\"name\":\"Doc. RNDr. Peter Ru\u017ei\u010dka, PhD.\"}]}]}<\/script>\n<!-- \/ Yoast SEO plugin. -->","yoast_head_json":{"title":"Doc. RNDr. Peter Ru\u017ei\u010dka, PhD. - Katedra mineral\u00f3gie, petrol\u00f3gie a lo\u017eiskovej geol\u00f3gie","robots":{"index":"index","follow":"follow","max-snippet":"max-snippet:-1","max-image-preview":"max-image-preview:large","max-video-preview":"max-video-preview:-1"},"canonical":"https:\/\/kmplg.sk\/?page_id=2552","og_locale":"sk_SK","og_type":"article","og_title":"Doc. RNDr. Peter Ru\u017ei\u010dka, PhD. - Katedra mineral\u00f3gie, petrol\u00f3gie a lo\u017eiskovej geol\u00f3gie","og_description":"poz\u00edcia: docent miestnos\u0165: G-316 telef\u00f3n: +421 2 9014 9356 e-mail: &hellip;","og_url":"https:\/\/kmplg.sk\/?page_id=2552","og_site_name":"Katedra mineral\u00f3gie, petrol\u00f3gie a lo\u017eiskovej geol\u00f3gie","article_publisher":"https:\/\/www.facebook.com\/kmplg\/","article_modified_time":"2025-05-29T10:07:27+00:00","og_image":[{"url":"http:\/\/kmplg.sk\/wp-content\/uploads\/2021\/04\/linkedinvsresearchgate_v2-1.png"}],"twitter_card":"summary_large_image","twitter_misc":{"Predpokladan\u00fd \u010das \u010d\u00edtania":"3 min\u00faty"},"schema":{"@context":"https:\/\/schema.org","@graph":[{"@type":"WebSite","@id":"https:\/\/kmplg.sk\/#website","url":"https:\/\/kmplg.sk\/","name":"Katedra mineral\u00f3gie, petrol\u00f3gie a lo\u017eiskovej geol\u00f3gie","description":"Pr\u00edrodovedeck\u00e1 fakulta Univerzity Komensk\u00e9ho v Bratislave","potentialAction":[{"@type":"SearchAction","target":{"@type":"EntryPoint","urlTemplate":"https:\/\/kmplg.sk\/?s={search_term_string}"},"query-input":"required name=search_term_string"}],"inLanguage":"sk-SK"},{"@type":"WebPage","@id":"https:\/\/kmplg.sk\/?page_id=2552","url":"https:\/\/kmplg.sk\/?page_id=2552","name":"Doc. RNDr. Peter Ru\u017ei\u010dka, PhD. - Katedra mineral\u00f3gie, petrol\u00f3gie a lo\u017eiskovej geol\u00f3gie","isPartOf":{"@id":"https:\/\/kmplg.sk\/#website"},"datePublished":"2021-12-13T11:46:16+00:00","dateModified":"2025-05-29T10:07:27+00:00","breadcrumb":{"@id":"https:\/\/kmplg.sk\/?page_id=2552#breadcrumb"},"inLanguage":"sk-SK","potentialAction":[{"@type":"ReadAction","target":["https:\/\/kmplg.sk\/?page_id=2552"]}]},{"@type":"BreadcrumbList","@id":"https:\/\/kmplg.sk\/?page_id=2552#breadcrumb","itemListElement":[{"@type":"ListItem","position":1,"name":"Home","item":"https:\/\/kmplg.sk\/"},{"@type":"ListItem","position":2,"name":"O n\u00e1s","item":"https:\/\/kmplg.sk\/"},{"@type":"ListItem","position":3,"name":"Zamestnanci","item":"https:\/\/kmplg.sk\/?page_id=30"},{"@type":"ListItem","position":4,"name":"Doc. RNDr. Peter Ru\u017ei\u010dka, PhD."}]}]}},"_links":{"self":[{"href":"https:\/\/kmplg.sk\/index.php?rest_route=\/wp\/v2\/pages\/2552"}],"collection":[{"href":"https:\/\/kmplg.sk\/index.php?rest_route=\/wp\/v2\/pages"}],"about":[{"href":"https:\/\/kmplg.sk\/index.php?rest_route=\/wp\/v2\/types\/page"}],"author":[{"embeddable":true,"href":"https:\/\/kmplg.sk\/index.php?rest_route=\/wp\/v2\/users\/2"}],"replies":[{"embeddable":true,"href":"https:\/\/kmplg.sk\/index.php?rest_route=%2Fwp%2Fv2%2Fcomments&post=2552"}],"version-history":[{"count":6,"href":"https:\/\/kmplg.sk\/index.php?rest_route=\/wp\/v2\/pages\/2552\/revisions"}],"predecessor-version":[{"id":3446,"href":"https:\/\/kmplg.sk\/index.php?rest_route=\/wp\/v2\/pages\/2552\/revisions\/3446"}],"up":[{"embeddable":true,"href":"https:\/\/kmplg.sk\/index.php?rest_route=\/wp\/v2\/pages\/30"}],"wp:attachment":[{"href":"https:\/\/kmplg.sk\/index.php?rest_route=%2Fwp%2Fv2%2Fmedia&parent=2552"}],"wp:term":[{"taxonomy":"folder","embeddable":true,"href":"https:\/\/kmplg.sk\/index.php?rest_route=%2Fwp%2Fv2%2Ffolder&post=2552"}],"curies":[{"name":"wp","href":"https:\/\/api.w.org\/{rel}","templated":true}]}}