{"id":2443,"date":"2021-09-24T08:31:24","date_gmt":"2021-09-24T06:31:24","guid":{"rendered":"http:\/\/kmplg.sk\/?page_id=2443"},"modified":"2021-10-15T09:53:32","modified_gmt":"2021-10-15T07:53:32","slug":"zakladne-informacie","status":"publish","type":"page","link":"https:\/\/kmplg.sk\/?page_id=2443","title":{"rendered":"Hist\u00f3ria"},"content":{"rendered":"\n<p>Zbierka bola zalo\u017een\u00e1 pravdepodobne pri vzniku Mineralogicko-petrografick\u00e9ho \u00fastavu Pr\u00edrodovedeckej fakulty Slovenskej Univerzity v rokoch 1940-1942. Jej zakladate\u013eom bol Prof. R. Luk\u00e1\u010d, prednosta \u00fastavu a spr\u00e1vca v Slovenskom banskom m\u00fazeu (predt\u00fdm M\u00fazeum Dion\u00fdza \u0160t\u00fara) v Banskej \u0160tiavnici (m\u00e1j 1939 \u2013 august 1940) a tie\u017e spr\u00e1vca \u00dastavu mineralogicko-petrografick\u00e9ho Fakulty chemicko-technologick\u00e9ho in\u017einierstva Slovenskej vysokej \u0161koly technickej. Z\u00e1kladom zbierky boli zbierky od firmy Krantz z Bonnu, Peschlova zbierka, Rongeho zbierka z Broumova a vzorky z Freibergskej ban\u00edckej akad\u00e9mie (Mineralien Niederlage). Nesk\u00f4r pribudli najm\u00e4 darovan\u00e9 vzorky a vzorky zo zberov z exkurzi\u00ed, v\u00fdskumov a st\u00e1\u017e\u00ed pracovn\u00edkov fakulty. V s\u00fa\u010dasnosti sa zbierka roz\u0161iruje najm\u00e4 v oblasti topografickej a systematickej mineral\u00f3gie Slovenska a v posledn\u00fdch rokoch sa rozv\u00edja aj zbierka meteoritov. Katedra mineral\u00f3gie, petrol\u00f3gie a\u00a0lo\u017eiskovej geol\u00f3gie uchov\u00e1va aj bohat\u00fd petrografick\u00fd materi\u00e1l \u010doho dokladom je aj rozsiahla petrografick\u00e1 expoz\u00edcia. Spojen\u00edm s\u00a0katedrou lo\u017eiskovej geol\u00f3gie v\u00a0roku 2021 boli do MMUK zahrnut\u00e9 aj vzorky reprezentuj\u00face miner\u00e1ly a\u00a0paragen\u00e9zy s\u00a0mnoh\u00fdch najm\u00e4 slovensk\u00fdch a\u00a0\u010desk\u00fdch lo\u017e\u00edsk. Katedre bol v r. 2007 zlikvidovan\u00fd depozit s tis\u00edckami vzoriek vo V\u00fdskumnej stanici v \u0160\u00fari.<\/p>\n\n\n\n<h2>Hist\u00f3ria pracov\u00edsk so zbierkami na Univerzite Komensk\u00e9ho<\/h2>\n\n\n\n<ul><li><strong><em>zalo\u017eenie Univerzity Komensk\u00e9ho (27. 6. 1919)<\/em><\/strong><\/li><li><em>premenovanie Univerzity Komensk\u00e9ho na Slovensk\u00fa Univerzitu (1940)<\/em><\/li><li><strong>Pr\u00edrodovedeck\u00e1 fakulta Slovenskej Univerzity (1940)<\/strong><\/li><li>1.2.1941 \u2013 1950 Mineralogicko-petrografick\u00fd \u00fastav<\/li><li>1950 Katedra geol\u00f3gie (zl\u00fa\u010denie Mineralogicko-petrografick\u00e9ho \u00fastavu a Geologicko-paleontologick\u00e9ho \u00fastavu Slovenskej Univerzity a 2 analogick\u00fdch geologick\u00fdch \u00fastavov Slovenskej vysokej \u0161koly technickej v Bratislave do jednej spolo\u010dnej katedry)<\/li><li>1951 \u2013 1952 Katedra mineral\u00f3gie a petrografie<\/li><li><strong>Fakulta geologicko-geografick\u00fdch vied Slovenskej Univerzity (1952-1959)<\/strong><\/li><li>1952 \u2013 1959 Katedra mineral\u00f3gie a\u00a0petrografie \u00a0\u00a0\u00a0\u00a0\u00a0\u00a0\u00a0\u00a0<\/li><li>1952 \u2013 1959 Katedra nerastn\u00fdch surov\u00edn<\/li><li><em>premenovanie Slovenskej Univerzity sp\u00e4\u0165 na Univerzitu Komensk\u00e9ho (1954)<\/em><\/li><li><em>zl\u00fa\u010denie Fakulty geol.-geogr. vied a Pr\u00edrodovedeckej fakulty (1959)<\/em><\/li><li><strong>Pr\u00edrodovedeck\u00e1 fakulta Univerzity Komensk\u00e9ho<\/strong><\/li><li>1959 \u2013 1981 Katedra mineral\u00f3gie a\u00a0kry\u0161talografie\u00a0\u00a0 Katedra petrografie\u00a0\u00a0\u00a0 Katedra nerastn\u00fdch surov\u00edn<\/li><li>1981 \u2013 1986\/87 Katedra geoch\u00e9mie a\u00a0mineral\u00f3gie\u00a0\u00a0\u00a0 Katedra petrografie\u00a0\u00a0 Katedra nerastn\u00fdch surov\u00edn<\/li><li>1986\/87 \u2013 2020 Katedra mineral\u00f3gie a\u00a0petrol\u00f3gie\u00a0\u00a0\u00a0 Katedra geoch\u00e9mie\u00a0\u00a0\u00a0 Katedra lo\u017eiskovej geol\u00f3gie<\/li><li>2021 \u2013 dodnes Katedra mineral\u00f3gie,\u00a0petrol\u00f3gie a\u00a0lo\u017eiskovej geol\u00f3gie\u00a0\u00a0\u00a0 Katedra geoch\u00e9mie<\/li><\/ul>\n","protected":false},"excerpt":{"rendered":"<p>Zbierka bola zalo\u017een\u00e1 pravdepodobne pri vzniku Mineralogicko-petrografick\u00e9ho \u00fastavu Pr\u00edrodovedeckej fakulty &hellip; <\/p>\n","protected":false},"author":2,"featured_media":0,"parent":0,"menu_order":0,"comment_status":"closed","ping_status":"closed","template":"","meta":{"_monsterinsights_skip_tracking":false,"_monsterinsights_sitenote_active":false,"_monsterinsights_sitenote_note":"","_monsterinsights_sitenote_category":0,"ngg_post_thumbnail":0},"folder":[55],"yoast_head":"<!-- This site is optimized with the Yoast SEO plugin v19.4 - https:\/\/yoast.com\/wordpress\/plugins\/seo\/ -->\n<title>Hist\u00f3ria - Katedra mineral\u00f3gie, petrol\u00f3gie a lo\u017eiskovej geol\u00f3gie<\/title>\n<meta name=\"robots\" content=\"index, follow, max-snippet:-1, max-image-preview:large, max-video-preview:-1\" \/>\n<link rel=\"canonical\" href=\"https:\/\/kmplg.sk\/?page_id=2443\" \/>\n<meta property=\"og:locale\" content=\"sk_SK\" \/>\n<meta property=\"og:type\" content=\"article\" \/>\n<meta property=\"og:title\" content=\"Hist\u00f3ria - Katedra mineral\u00f3gie, petrol\u00f3gie a lo\u017eiskovej geol\u00f3gie\" \/>\n<meta property=\"og:description\" content=\"Zbierka bola zalo\u017een\u00e1 pravdepodobne pri vzniku Mineralogicko-petrografick\u00e9ho \u00fastavu Pr\u00edrodovedeckej fakulty &hellip;\" \/>\n<meta property=\"og:url\" content=\"https:\/\/kmplg.sk\/?page_id=2443\" \/>\n<meta property=\"og:site_name\" content=\"Katedra mineral\u00f3gie, petrol\u00f3gie a lo\u017eiskovej geol\u00f3gie\" \/>\n<meta property=\"article:publisher\" content=\"https:\/\/www.facebook.com\/kmplg\/\" \/>\n<meta property=\"article:modified_time\" content=\"2021-10-15T07:53:32+00:00\" \/>\n<meta name=\"twitter:card\" content=\"summary_large_image\" \/>\n<meta name=\"twitter:label1\" content=\"Predpokladan\u00fd \u010das \u010d\u00edtania\" \/>\n\t<meta name=\"twitter:data1\" content=\"2 min\u00faty\" \/>\n<script type=\"application\/ld+json\" class=\"yoast-schema-graph\">{\"@context\":\"https:\/\/schema.org\",\"@graph\":[{\"@type\":\"WebSite\",\"@id\":\"https:\/\/kmplg.sk\/#website\",\"url\":\"https:\/\/kmplg.sk\/\",\"name\":\"Katedra mineral\u00f3gie, petrol\u00f3gie a lo\u017eiskovej geol\u00f3gie\",\"description\":\"Pr\u00edrodovedeck\u00e1 fakulta Univerzity Komensk\u00e9ho v Bratislave\",\"potentialAction\":[{\"@type\":\"SearchAction\",\"target\":{\"@type\":\"EntryPoint\",\"urlTemplate\":\"https:\/\/kmplg.sk\/?s={search_term_string}\"},\"query-input\":\"required name=search_term_string\"}],\"inLanguage\":\"sk-SK\"},{\"@type\":\"WebPage\",\"@id\":\"https:\/\/kmplg.sk\/?page_id=2443\",\"url\":\"https:\/\/kmplg.sk\/?page_id=2443\",\"name\":\"Hist\u00f3ria - Katedra mineral\u00f3gie, petrol\u00f3gie a lo\u017eiskovej geol\u00f3gie\",\"isPartOf\":{\"@id\":\"https:\/\/kmplg.sk\/#website\"},\"datePublished\":\"2021-09-24T06:31:24+00:00\",\"dateModified\":\"2021-10-15T07:53:32+00:00\",\"breadcrumb\":{\"@id\":\"https:\/\/kmplg.sk\/?page_id=2443#breadcrumb\"},\"inLanguage\":\"sk-SK\",\"potentialAction\":[{\"@type\":\"ReadAction\",\"target\":[\"https:\/\/kmplg.sk\/?page_id=2443\"]}]},{\"@type\":\"BreadcrumbList\",\"@id\":\"https:\/\/kmplg.sk\/?page_id=2443#breadcrumb\",\"itemListElement\":[{\"@type\":\"ListItem\",\"position\":1,\"name\":\"Home\",\"item\":\"https:\/\/kmplg.sk\/\"},{\"@type\":\"ListItem\",\"position\":2,\"name\":\"Hist\u00f3ria\"}]}]}<\/script>\n<!-- \/ Yoast SEO plugin. -->","yoast_head_json":{"title":"Hist\u00f3ria - Katedra mineral\u00f3gie, petrol\u00f3gie a lo\u017eiskovej geol\u00f3gie","robots":{"index":"index","follow":"follow","max-snippet":"max-snippet:-1","max-image-preview":"max-image-preview:large","max-video-preview":"max-video-preview:-1"},"canonical":"https:\/\/kmplg.sk\/?page_id=2443","og_locale":"sk_SK","og_type":"article","og_title":"Hist\u00f3ria - Katedra mineral\u00f3gie, petrol\u00f3gie a lo\u017eiskovej geol\u00f3gie","og_description":"Zbierka bola zalo\u017een\u00e1 pravdepodobne pri vzniku Mineralogicko-petrografick\u00e9ho \u00fastavu Pr\u00edrodovedeckej fakulty &hellip;","og_url":"https:\/\/kmplg.sk\/?page_id=2443","og_site_name":"Katedra mineral\u00f3gie, petrol\u00f3gie a lo\u017eiskovej geol\u00f3gie","article_publisher":"https:\/\/www.facebook.com\/kmplg\/","article_modified_time":"2021-10-15T07:53:32+00:00","twitter_card":"summary_large_image","twitter_misc":{"Predpokladan\u00fd \u010das \u010d\u00edtania":"2 min\u00faty"},"schema":{"@context":"https:\/\/schema.org","@graph":[{"@type":"WebSite","@id":"https:\/\/kmplg.sk\/#website","url":"https:\/\/kmplg.sk\/","name":"Katedra mineral\u00f3gie, petrol\u00f3gie a lo\u017eiskovej geol\u00f3gie","description":"Pr\u00edrodovedeck\u00e1 fakulta Univerzity Komensk\u00e9ho v Bratislave","potentialAction":[{"@type":"SearchAction","target":{"@type":"EntryPoint","urlTemplate":"https:\/\/kmplg.sk\/?s={search_term_string}"},"query-input":"required name=search_term_string"}],"inLanguage":"sk-SK"},{"@type":"WebPage","@id":"https:\/\/kmplg.sk\/?page_id=2443","url":"https:\/\/kmplg.sk\/?page_id=2443","name":"Hist\u00f3ria - Katedra mineral\u00f3gie, petrol\u00f3gie a lo\u017eiskovej geol\u00f3gie","isPartOf":{"@id":"https:\/\/kmplg.sk\/#website"},"datePublished":"2021-09-24T06:31:24+00:00","dateModified":"2021-10-15T07:53:32+00:00","breadcrumb":{"@id":"https:\/\/kmplg.sk\/?page_id=2443#breadcrumb"},"inLanguage":"sk-SK","potentialAction":[{"@type":"ReadAction","target":["https:\/\/kmplg.sk\/?page_id=2443"]}]},{"@type":"BreadcrumbList","@id":"https:\/\/kmplg.sk\/?page_id=2443#breadcrumb","itemListElement":[{"@type":"ListItem","position":1,"name":"Home","item":"https:\/\/kmplg.sk\/"},{"@type":"ListItem","position":2,"name":"Hist\u00f3ria"}]}]}},"_links":{"self":[{"href":"https:\/\/kmplg.sk\/index.php?rest_route=\/wp\/v2\/pages\/2443"}],"collection":[{"href":"https:\/\/kmplg.sk\/index.php?rest_route=\/wp\/v2\/pages"}],"about":[{"href":"https:\/\/kmplg.sk\/index.php?rest_route=\/wp\/v2\/types\/page"}],"author":[{"embeddable":true,"href":"https:\/\/kmplg.sk\/index.php?rest_route=\/wp\/v2\/users\/2"}],"replies":[{"embeddable":true,"href":"https:\/\/kmplg.sk\/index.php?rest_route=%2Fwp%2Fv2%2Fcomments&post=2443"}],"version-history":[{"count":3,"href":"https:\/\/kmplg.sk\/index.php?rest_route=\/wp\/v2\/pages\/2443\/revisions"}],"predecessor-version":[{"id":2940,"href":"https:\/\/kmplg.sk\/index.php?rest_route=\/wp\/v2\/pages\/2443\/revisions\/2940"}],"wp:attachment":[{"href":"https:\/\/kmplg.sk\/index.php?rest_route=%2Fwp%2Fv2%2Fmedia&parent=2443"}],"wp:term":[{"taxonomy":"folder","embeddable":true,"href":"https:\/\/kmplg.sk\/index.php?rest_route=%2Fwp%2Fv2%2Ffolder&post=2443"}],"curies":[{"name":"wp","href":"https:\/\/api.w.org\/{rel}","templated":true}]}}