{"id":2257,"date":"2021-05-19T07:46:12","date_gmt":"2021-05-19T05:46:12","guid":{"rendered":"http:\/\/kmplg.sk\/?page_id=2257"},"modified":"2021-05-19T07:48:47","modified_gmt":"2021-05-19T05:48:47","slug":"2257-2","status":"publish","type":"page","link":"https:\/\/kmplg.sk\/?page_id=2257&lang=en","title":{"rendered":"Assoc. Prof. Katar\u00edna \u0160arinov\u00e1, PhD."},"content":{"rendered":"\n<div class=\"wp-block-image is-style-default\"><figure class=\"alignleft size-large\"><img loading=\"lazy\" width=\"260\" height=\"305\" src=\"http:\/\/kmplg.sk\/wp-content\/uploads\/2021\/05\/Sarinova-foto.png\" alt=\"\" class=\"wp-image-2249\" srcset=\"https:\/\/kmplg.sk\/wp-content\/uploads\/2021\/05\/Sarinova-foto.png 260w, https:\/\/kmplg.sk\/wp-content\/uploads\/2021\/05\/Sarinova-foto-256x300.png 256w, https:\/\/kmplg.sk\/wp-content\/uploads\/2021\/05\/Sarinova-foto-51x60.png 51w\" sizes=\"(max-width: 260px) 100vw, 260px\" \/><\/figure><\/div>\n\n\n\n<div class=\"wp-block-group\"><div class=\"wp-block-group__inner-container\">\n<div class=\"wp-block-columns\">\n<div class=\"wp-block-column\" style=\"flex-basis:100%\">\n<figure class=\"wp-block-table is-style-stripes\"><table class=\"has-subtle-pale-pink-background-color has-fixed-layout has-background\"><tbody><tr><td><strong>Position<\/strong>:<\/td><td> Associate professor<\/td><\/tr><tr><td><strong>Room<\/strong>:<\/td><td>G-320<\/td><\/tr><tr><td><strong>Phone<\/strong>:<\/td><td>+421 2 9014 2084<\/td><\/tr><tr><td><strong>e-mail:<\/strong><\/td><td>katarina.sarinova@uniba.sk<\/td><\/tr><tr><td><strong>Publications<\/strong><\/td><td><a href=\"https:\/\/alis.uniba.sk:8444\/search\/query?match_1=PHRASE&amp;field_1=authid&amp;term_1=375672&amp;theme=EPC\">list of publicatins<\/a><\/td><\/tr><\/tbody><\/table><figcaption><span class=\"has-inline-color has-vivid-red-color\">Section of Petrology<\/span><\/figcaption><\/figure>\n\n\n\n<p><\/p>\n<\/div>\n<\/div>\n\n\n\n<p><\/p>\n<\/div><\/div>\n\n\n\n<div class=\"wp-block-columns\">\n<div class=\"wp-block-column\" style=\"flex-basis:100%\">\n<div class=\"wp-block-buttons\">\n<div class=\"wp-block-button\"><a class=\"wp-block-button__link has-vivid-red-color has-very-light-gray-to-cyan-bluish-gray-gradient-background has-text-color has-background\" href=\"http:\/\/www.researchgate.net\/profile\/Katarina-Sarinova\" style=\"border-radius:20px\" target=\"_blank\" rel=\"noreferrer noopener\"><img loading=\"lazy\" width=\"20\" height=\"19\" class=\"wp-image-1394\" style=\"width: 20px;\" src=\"http:\/\/kmplg.sk\/wp-content\/uploads\/2021\/04\/linkedinvsresearchgate_v2-1.png\" alt=\"\"> <span class=\"has-inline-color has-vivid-red-color\">ResearchGate<\/span><\/a><\/div>\n\n\n\n<div class=\"wp-block-button\"><a class=\"wp-block-button__link has-vivid-red-color has-very-light-gray-to-cyan-bluish-gray-gradient-background has-text-color has-background\" href=\"https:\/\/orcid.org\/0000-0003-1792-5862\" target=\"_blank\" rel=\"noreferrer noopener\"><img loading=\"lazy\" width=\"20\" height=\"20\" class=\"wp-image-1391\" style=\"width: 20px;\" src=\"http:\/\/kmplg.sk\/wp-content\/uploads\/2021\/04\/1200px-ORCID_iD-1.png\" alt=\"\"> <span class=\"has-inline-color has-vivid-red-color\">ORCID<\/span><span class=\"has-inline-color has-white-color\"><\/span><\/a><\/div>\n\n\n\n<div class=\"wp-block-button\"><a class=\"wp-block-button__link has-very-light-gray-to-cyan-bluish-gray-gradient-background has-background\" href=\"http:\/\/kmplg.sk\/?page_id=85\" target=\"_blank\" rel=\"noreferrer noopener\"><img loading=\"lazy\" width=\"20\" height=\"19\" class=\"wp-image-1958\" style=\"width: 20px;\" src=\"http:\/\/kmplg.sk\/wp-content\/uploads\/2021\/04\/android_dynamic_links.png\" alt=\"\"> <span class=\"has-inline-color has-vivid-red-color\">Topics of Thesis<\/span><\/a><\/div>\n<\/div>\n<\/div>\n<\/div>\n\n\n\n<h2>Vedeck\u00fd profil<\/h2>\n\n\n\n<ul><li>The current research is focused to the Neogene basins of Slovakia in terms of source rocks, the development of the paleoenvironment, and research of volcanic activity within these basins.<\/li><\/ul>\n\n\n\n<h2>Pedagogick\u00e1 \u010dinnos\u0165<\/h2>\n\n\n\n<p>My teaching activities are mainly focused on the classification and genesis of sedimentary rocks.<\/p>\n\n\n\n<p><strong><strong>Bachelor degree:<\/strong><\/strong><\/p>\n\n\n\n<ul><li>Petrography of Sedimentary Rocks<\/li><li>Microscopy of Rock-forming Minerals,<\/li><li>Exogenous dynamic processes<\/li><li>Rocks under the microscope<\/li><li>Sedimentary structures<\/li><\/ul>\n\n\n\n<p><strong><strong>Master\u2019s degree<\/strong><\/strong><\/p>\n\n\n\n<ul><li>Petrology of Sedimentary Rocks<\/li><li>Genetic Mineralogy of Rocks<\/li><li>Microscopic Petrology<\/li><\/ul>\n\n\n\n<p><strong><strong>V\u00fduka v predmetoch na PhD. stupni<\/strong><\/strong><\/p>\n\n\n\n<ul><li>Sedimentary Petrology<\/li><li>Geochemistry of Rocks<\/li><\/ul>\n\n\n\n<hr class=\"wp-block-separator\"\/>\n\n\n\n<h2>The most significant publications<\/h2>\n\n\n\n<div class=\"wp-block-group\"><div class=\"wp-block-group__inner-container\">\n<ul><li>Voz\u00e1rov\u00e1, A., \u0160arinov\u00e1, K.,&nbsp; Larionov, A., Presnyakov, S., Sergeev, S., 2010:<strong> Late Cambrian\/Ordovician magmatic arc type volcanism in the Southern Gemericum basement, WesternCarpathians, Slovakia: U-Pb (SHRIMP) data from zircons.<\/strong> International Journal of Earth Sciences. Vol. 99, Suppl. 1, s. S17-S37<\/li><li>Voz\u00e1rov\u00e1, A., \u0160arinov\u00e1, K., Rodionov, N., Laurinc, D., Paderin, I.,&nbsp; Sergeev, S., Lepekhina, E., 2012: <strong>U-Pb ages of detrital zircons from Paleozoic metasandstones of the Gelnica Terrane (Southern Gemeric Unit, Western Carpathians, Slovakia): evidence for Avalonian-Amazonian provenance.<\/strong> International Journal of Earth Sciences. &#8211; Vol. 101, No. 4 (2012), s. 919-936. &#8211; ISSN 1437-3254<\/li><li>Ryb\u00e1r, S., Hal\u00e1sov\u00e1, E., Hud\u00e1\u010dkov\u00e1, N., Kov\u00e1\u010d, M., Kov\u00e1\u010dov\u00e1, M., \u0160arinov\u00e1, K., \u0160ujan, M., 2015: <strong>Biostratigraphy, sedimentology and paleoenvironments of the northern Danube Basin: Ratkovce 1 well case study. <\/strong>Geologica Carpathica. &#8211; Vol. 66, No. 1, s. 51-67. &#8211; ISSN (print) 1335-0552<\/li><li>\u0160arinov\u00e1, K., Ryb\u00e1r, S., Hal\u00e1sov\u00e1, E., Hud\u00e1\u010dkov\u00e1, N., Jamrich, M., Kov\u00e1\u010dov\u00e1, M., \u0160ujan, M. (2018):<strong> Integrated biostratigraphical, sedimentological and provenance analyses with implications for lithostratigraphic ranking: the Miocene Komjatice depression of the Danube Basin. <\/strong>Geologica Carpathica. &#8211; Ro\u010d. 69, \u010d. 4 s. 382-409. &#8211; ISSN (print) 1335-0552<\/li><li>\u0160arinov\u00e1, K., Ryb\u00e1r, S. 2018: <strong>Cummingtonite-bearing volcanic rocks: First evidence in the Central Slovak Volcanic Field.<\/strong> Geologica Carpathica. &#8211; Ro\u010d. 69, \u010d. 4, s. 335-346<\/li><li>Ryb\u00e1r, S., \u0160arinov\u00e1, K., Sant, K., Kuiper, K., &nbsp;Kov\u00e1\u010dov\u00e1, M.,Vojtko, R., Reiser, M.K. Fordin\u00e1l, K., Teodoridis,V., Nov\u00e1kov\u00e1, P. Vl\u010dek, T. (2019): <strong>New Ar-40\/Ar-39, fission track and sedimentological data on a middle Miocene tuff occurring in the Vienna Basin: Implications for the north-western Central Paratethys region.<\/strong> Geologica Carpathica. &#8211; Ro\u010d. 70, \u010d. 5 s. 386-404<\/li><li>Vl\u010dek, T., \u0160arinov\u00e1, K., Ryb\u00e1r, S., Hud\u00e1\u010dkov\u00e1, N., Jamrich, M., \u0160ujan, M., Franc\u016f, J., Nov\u00e1kov\u00e1, P., Sliva, \u013d., Kov\u00e1\u010d, M., Kov\u00e1\u010dov\u00e1, M. (2020). <strong>Paleoenvironmental evolution of Central Paratethys Sea and Lake Pannon during the Cenozoic, Palaeogeography, Palaeoclimatology, Palaeoecology<\/strong><em>. 559,<\/em> 1, 109892. <em>doi<\/em>: <a href=\"https:\/\/doi.org\/10.1016\/j.palaeo.2020.109892\" target=\"_blank\" rel=\"noreferrer noopener\">10.1016\/j.palaeo.2020.109892<\/a><\/li><\/ul>\n<\/div><\/div>\n\n\n\n<h2>Current Projects<\/h2>\n\n\n\n<p><strong><strong><strong>APVV-16-0121<\/strong> \u2013 <strong><strong>member of the research team<\/strong><\/strong><\/strong><\/strong> (2017-2021, principal investigator M. Kov\u00e1\u010d) \u201e<strong>Geodynamics of the Alpine-Carpathian junction area constrained by dating of the Cenozoic evolutionary phases in the Vienna and Danube basins<\/strong>\u201d<\/p>\n\n\n\n<p><strong><strong><strong>VEGA 1\/0526\/21<\/strong> \u2013 <strong><strong>member of the research team<\/strong><\/strong><\/strong><\/strong> (2021-2024, principal investigator S. Ryb\u00e1r) \u201e<strong><strong>Rifting and subsidence history of the back-arc basins of the Western Carpathians<\/strong><\/strong>\u201d<\/p>\n\n\n\n<p><strong><strong>APVV-20-0120<\/strong>\u00a0<strong>\u2013 member of the research team<\/strong><\/strong> (2021-2025, principal investigator M. \u0160ujan) \u201e<strong>Calibration of the autighenic <sup>10<\/sup>Be\/<sup>9<\/sup>Be dating method for geochronological models of the youngest Cenozoic of the Carpathian-Pannonian region<\/strong>\u201d<\/p>\n","protected":false},"excerpt":{"rendered":"<p>Position: Associate professor Room: G-320 Phone: +421 2 9014 2084 &hellip; <\/p>\n","protected":false},"author":2,"featured_media":0,"parent":1966,"menu_order":0,"comment_status":"closed","ping_status":"closed","template":"","meta":{"_monsterinsights_skip_tracking":false,"_monsterinsights_sitenote_active":false,"_monsterinsights_sitenote_note":"","_monsterinsights_sitenote_category":0,"ngg_post_thumbnail":0},"folder":[46],"yoast_head":"<!-- This site is optimized with the Yoast SEO plugin v19.4 - https:\/\/yoast.com\/wordpress\/plugins\/seo\/ -->\n<title>Assoc. Prof. Katar\u00edna \u0160arinov\u00e1, PhD. - Katedra mineral\u00f3gie, petrol\u00f3gie a lo\u017eiskovej geol\u00f3gie<\/title>\n<meta name=\"robots\" content=\"index, follow, max-snippet:-1, max-image-preview:large, max-video-preview:-1\" \/>\n<link rel=\"canonical\" href=\"https:\/\/kmplg.sk\/?page_id=2257&lang=en\" \/>\n<meta property=\"og:locale\" content=\"sk_SK\" \/>\n<meta property=\"og:type\" content=\"article\" \/>\n<meta property=\"og:title\" content=\"Assoc. Prof. Katar\u00edna \u0160arinov\u00e1, PhD. - Katedra mineral\u00f3gie, petrol\u00f3gie a lo\u017eiskovej geol\u00f3gie\" \/>\n<meta property=\"og:description\" content=\"Position: Associate professor Room: G-320 Phone: +421 2 9014 2084 &hellip;\" \/>\n<meta property=\"og:url\" content=\"https:\/\/kmplg.sk\/?page_id=2257&amp;lang=en\" \/>\n<meta property=\"og:site_name\" content=\"Katedra mineral\u00f3gie, petrol\u00f3gie a lo\u017eiskovej geol\u00f3gie\" \/>\n<meta property=\"article:publisher\" content=\"https:\/\/www.facebook.com\/kmplg\/\" \/>\n<meta property=\"article:modified_time\" content=\"2021-05-19T05:48:47+00:00\" \/>\n<meta property=\"og:image\" content=\"http:\/\/kmplg.sk\/wp-content\/uploads\/2021\/05\/Sarinova-foto.png\" \/>\n<meta name=\"twitter:card\" content=\"summary_large_image\" \/>\n<meta name=\"twitter:label1\" content=\"Predpokladan\u00fd \u010das \u010d\u00edtania\" \/>\n\t<meta name=\"twitter:data1\" content=\"4 min\u00faty\" \/>\n<script type=\"application\/ld+json\" class=\"yoast-schema-graph\">{\"@context\":\"https:\/\/schema.org\",\"@graph\":[{\"@type\":\"WebSite\",\"@id\":\"https:\/\/kmplg.sk\/#website\",\"url\":\"https:\/\/kmplg.sk\/\",\"name\":\"Katedra mineral\u00f3gie, petrol\u00f3gie a lo\u017eiskovej geol\u00f3gie\",\"description\":\"Pr\u00edrodovedeck\u00e1 fakulta Univerzity Komensk\u00e9ho v Bratislave\",\"potentialAction\":[{\"@type\":\"SearchAction\",\"target\":{\"@type\":\"EntryPoint\",\"urlTemplate\":\"https:\/\/kmplg.sk\/?s={search_term_string}\"},\"query-input\":\"required name=search_term_string\"}],\"inLanguage\":\"sk-SK\"},{\"@type\":\"WebPage\",\"@id\":\"https:\/\/kmplg.sk\/?page_id=2257&lang=en\",\"url\":\"https:\/\/kmplg.sk\/?page_id=2257&lang=en\",\"name\":\"Assoc. Prof. Katar\u00edna \u0160arinov\u00e1, PhD. - Katedra mineral\u00f3gie, petrol\u00f3gie a lo\u017eiskovej geol\u00f3gie\",\"isPartOf\":{\"@id\":\"https:\/\/kmplg.sk\/#website\"},\"datePublished\":\"2021-05-19T05:46:12+00:00\",\"dateModified\":\"2021-05-19T05:48:47+00:00\",\"breadcrumb\":{\"@id\":\"https:\/\/kmplg.sk\/?page_id=2257&lang=en#breadcrumb\"},\"inLanguage\":\"sk-SK\",\"potentialAction\":[{\"@type\":\"ReadAction\",\"target\":[\"https:\/\/kmplg.sk\/?page_id=2257&lang=en\"]}]},{\"@type\":\"BreadcrumbList\",\"@id\":\"https:\/\/kmplg.sk\/?page_id=2257&lang=en#breadcrumb\",\"itemListElement\":[{\"@type\":\"ListItem\",\"position\":1,\"name\":\"Home\",\"item\":\"https:\/\/kmplg.sk\/\"},{\"@type\":\"ListItem\",\"position\":2,\"name\":\"About Us\",\"item\":\"https:\/\/kmplg.sk\/?lang=en\"},{\"@type\":\"ListItem\",\"position\":3,\"name\":\"Scientific and Academic Staff\",\"item\":\"https:\/\/kmplg.sk\/?page_id=1966&lang=en\"},{\"@type\":\"ListItem\",\"position\":4,\"name\":\"Assoc. Prof. Katar\u00edna \u0160arinov\u00e1, PhD.\"}]}]}<\/script>\n<!-- \/ Yoast SEO plugin. -->","yoast_head_json":{"title":"Assoc. Prof. Katar\u00edna \u0160arinov\u00e1, PhD. - Katedra mineral\u00f3gie, petrol\u00f3gie a lo\u017eiskovej geol\u00f3gie","robots":{"index":"index","follow":"follow","max-snippet":"max-snippet:-1","max-image-preview":"max-image-preview:large","max-video-preview":"max-video-preview:-1"},"canonical":"https:\/\/kmplg.sk\/?page_id=2257&lang=en","og_locale":"sk_SK","og_type":"article","og_title":"Assoc. Prof. Katar\u00edna \u0160arinov\u00e1, PhD. - Katedra mineral\u00f3gie, petrol\u00f3gie a lo\u017eiskovej geol\u00f3gie","og_description":"Position: Associate professor Room: G-320 Phone: +421 2 9014 2084 &hellip;","og_url":"https:\/\/kmplg.sk\/?page_id=2257&lang=en","og_site_name":"Katedra mineral\u00f3gie, petrol\u00f3gie a lo\u017eiskovej geol\u00f3gie","article_publisher":"https:\/\/www.facebook.com\/kmplg\/","article_modified_time":"2021-05-19T05:48:47+00:00","og_image":[{"url":"http:\/\/kmplg.sk\/wp-content\/uploads\/2021\/05\/Sarinova-foto.png"}],"twitter_card":"summary_large_image","twitter_misc":{"Predpokladan\u00fd \u010das \u010d\u00edtania":"4 min\u00faty"},"schema":{"@context":"https:\/\/schema.org","@graph":[{"@type":"WebSite","@id":"https:\/\/kmplg.sk\/#website","url":"https:\/\/kmplg.sk\/","name":"Katedra mineral\u00f3gie, petrol\u00f3gie a lo\u017eiskovej geol\u00f3gie","description":"Pr\u00edrodovedeck\u00e1 fakulta Univerzity Komensk\u00e9ho v Bratislave","potentialAction":[{"@type":"SearchAction","target":{"@type":"EntryPoint","urlTemplate":"https:\/\/kmplg.sk\/?s={search_term_string}"},"query-input":"required name=search_term_string"}],"inLanguage":"sk-SK"},{"@type":"WebPage","@id":"https:\/\/kmplg.sk\/?page_id=2257&lang=en","url":"https:\/\/kmplg.sk\/?page_id=2257&lang=en","name":"Assoc. Prof. Katar\u00edna \u0160arinov\u00e1, PhD. - Katedra mineral\u00f3gie, petrol\u00f3gie a lo\u017eiskovej geol\u00f3gie","isPartOf":{"@id":"https:\/\/kmplg.sk\/#website"},"datePublished":"2021-05-19T05:46:12+00:00","dateModified":"2021-05-19T05:48:47+00:00","breadcrumb":{"@id":"https:\/\/kmplg.sk\/?page_id=2257&lang=en#breadcrumb"},"inLanguage":"sk-SK","potentialAction":[{"@type":"ReadAction","target":["https:\/\/kmplg.sk\/?page_id=2257&lang=en"]}]},{"@type":"BreadcrumbList","@id":"https:\/\/kmplg.sk\/?page_id=2257&lang=en#breadcrumb","itemListElement":[{"@type":"ListItem","position":1,"name":"Home","item":"https:\/\/kmplg.sk\/"},{"@type":"ListItem","position":2,"name":"About Us","item":"https:\/\/kmplg.sk\/?lang=en"},{"@type":"ListItem","position":3,"name":"Scientific and Academic Staff","item":"https:\/\/kmplg.sk\/?page_id=1966&lang=en"},{"@type":"ListItem","position":4,"name":"Assoc. Prof. Katar\u00edna \u0160arinov\u00e1, PhD."}]}]}},"_links":{"self":[{"href":"https:\/\/kmplg.sk\/index.php?rest_route=\/wp\/v2\/pages\/2257"}],"collection":[{"href":"https:\/\/kmplg.sk\/index.php?rest_route=\/wp\/v2\/pages"}],"about":[{"href":"https:\/\/kmplg.sk\/index.php?rest_route=\/wp\/v2\/types\/page"}],"author":[{"embeddable":true,"href":"https:\/\/kmplg.sk\/index.php?rest_route=\/wp\/v2\/users\/2"}],"replies":[{"embeddable":true,"href":"https:\/\/kmplg.sk\/index.php?rest_route=%2Fwp%2Fv2%2Fcomments&post=2257"}],"version-history":[{"count":2,"href":"https:\/\/kmplg.sk\/index.php?rest_route=\/wp\/v2\/pages\/2257\/revisions"}],"predecessor-version":[{"id":2262,"href":"https:\/\/kmplg.sk\/index.php?rest_route=\/wp\/v2\/pages\/2257\/revisions\/2262"}],"up":[{"embeddable":true,"href":"https:\/\/kmplg.sk\/index.php?rest_route=\/wp\/v2\/pages\/1966"}],"wp:attachment":[{"href":"https:\/\/kmplg.sk\/index.php?rest_route=%2Fwp%2Fv2%2Fmedia&parent=2257"}],"wp:term":[{"taxonomy":"folder","embeddable":true,"href":"https:\/\/kmplg.sk\/index.php?rest_route=%2Fwp%2Fv2%2Ffolder&post=2257"}],"curies":[{"name":"wp","href":"https:\/\/api.w.org\/{rel}","templated":true}]}}