{"id":1966,"date":"2021-04-29T08:00:40","date_gmt":"2021-04-29T06:00:40","guid":{"rendered":"http:\/\/kmplg.sk\/?page_id=1966"},"modified":"2025-02-25T10:11:26","modified_gmt":"2025-02-25T09:11:26","slug":"scientific-and-academic-staff","status":"publish","type":"page","link":"https:\/\/kmplg.sk\/?page_id=1966&lang=en","title":{"rendered":"Scientific and Academic Staff"},"content":{"rendered":"\n<h2>Head of Department<\/h2>\n\n\n\n<figure class=\"wp-block-table is-style-stripes\"><table class=\"has-background\" style=\"background-color:#fcf0ef\"><thead><tr><th><\/th><th>Room<\/th><th>Phone<\/th><th>E-mail<\/th><th>Profile<\/th><\/tr><\/thead><tbody><tr><td> Assoc. Prof. <strong>Peter Ba\u010d\u00edk<\/strong>, PhD.<\/td><td> G-348<\/td><td> +421 2 9014 <strong>9294<\/strong><\/td><td> peter.bacik@uniba.sk<\/td><td><a href=\"http:\/\/kmplg.sk\/?page_id=913&amp;lang=en\"><a href=\"http:\/\/kmplg.sk\/?page_id=913&amp;lang=en\">personal profile<\/a><\/a><\/td><\/tr><\/tbody><\/table><\/figure>\n\n\n\n<h2>Deputy Head of Department<\/h2>\n\n\n\n<figure class=\"wp-block-table is-style-stripes\"><table class=\"has-background\" style=\"background-color:#fcf0ef\"><thead><tr><th><\/th><th>Room<\/th><th>Phone<\/th><th>E-mail<\/th><th>Profile<\/th><\/tr><\/thead><tbody><tr><td> Prof. <strong>Peter Kod\u011bra<\/strong>, PhD.<\/td><td> G-423<\/td><td> +421 2 9014 9<strong>279<\/strong><\/td><td>  peter.kodera@uniba.sk<\/td><td><a href=\"http:\/\/kmplg.sk\/?page_id=2359&amp;lang=en\">personal profile<\/a><\/td><\/tr><tr><td> Assoc. Prof. <strong>Katar\u00edna \u0160arinov\u00e1<\/strong>, PhD.<\/td><td> G-320<\/td><td> +421 2 9014 <strong>2084<\/strong><\/td><td> katarina.sarinova@uniba.sk<\/td><td><a href=\"http:\/\/kmplg.sk\/?page_id=2257&amp;lang=en\">personal profile<\/a> <\/td><\/tr><tr><td> Assoc. Prof. <strong>Jana&nbsp;Fridrichov\u00e1<\/strong>, PhD.<\/td><td> G-348<\/td><td> +421 2 9014 <strong>9294<\/strong><\/td><td> jana.fridrichova@uniba.sk<\/td><td><a href=\"http:\/\/kmplg.sk\/?page_id=920&amp;lang=en\">personal profile<\/a><\/td><\/tr><\/tbody><\/table><\/figure>\n\n\n\n<h2>Clerk of Department<\/h2>\n\n\n\n<figure class=\"wp-block-table is-style-stripes\"><table class=\"has-background\" style=\"background-color:#fcf0ef\"><thead><tr><th><\/th><th>Room<\/th><th>Phone<\/th><th>E-mail<\/th><th>Profile<\/th><\/tr><\/thead><tbody><tr><td>  RNDr. <strong>Ondrej Nemec<\/strong>, PhD.<\/td><td> G-328<\/td><td> +421 2 9014 9<strong>297<\/strong><\/td><td> ondrej.nemec@uniba.sk<\/td><td><a href=\"http:\/\/kmplg.sk\/?page_id=1947&amp;lang=en\">personal profile<\/a><\/td><\/tr><\/tbody><\/table><\/figure>\n\n\n\n<h2>Secretary<\/h2>\n\n\n\n<figure class=\"wp-block-table is-style-stripes\"><table class=\"has-background\" style=\"background-color:#fcf0ef\"><thead><tr><th><\/th><th>Room<\/th><th>Phone<\/th><th>E-mail<\/th><th>Profile<\/th><\/tr><\/thead><tbody><tr><td><strong> <\/strong>MSc. <strong><strong>Gabriela Ku\u010derov\u00e1<\/strong>, <\/strong>PhD.&nbsp;&nbsp; <\/td><td> G-327 <\/td><td> +421 2 9014 9<strong>355<\/strong> <\/td><td> gabriela.kucerova@uniba.sk <\/td><td>     &#8211;<\/td><\/tr><\/tbody><\/table><\/figure>\n\n\n\n<h2>Scientific and Academic Staff<\/h2>\n\n\n\n<figure class=\"wp-block-table is-style-stripes\"><table class=\"has-background\" style=\"background-color:#fcf0ef\"><thead><tr><th> Assoc. Prof.  <\/th><th><strong>Room<\/strong><\/th><th><strong>Phone<\/strong><\/th><th><strong>E-mail<\/strong><\/th><th class=\"has-text-align-center\" data-align=\"center\"><strong>Profile<\/strong><\/th><\/tr><\/thead><tbody><tr><td>Assoc. Prof. <strong>Peter Ba\u010d\u00edk<\/strong>, PhD.<\/td><td>G-348<\/td><td>+421 2 9014&nbsp;<strong>9294<\/strong><\/td><td>peter.bacik@uniba.sk<\/td><td class=\"has-text-align-center\" data-align=\"center\"><a href=\"http:\/\/kmplg.sk\/?page_id=714\"><\/a><a href=\"http:\/\/kmplg.sk\/?page_id=913&amp;lang=en\">personal profile<\/a><\/td><\/tr><tr><td>MSc. <strong>Jana Br\u010dekov\u00e1<\/strong>, PhD.<\/td><td>G-421<\/td><td>+421 2 9014&nbsp;<strong>2178<\/strong><\/td><td>jana.brcekova@uniba.sk<\/td><td class=\"has-text-align-center\" data-align=\"center\"><a href=\"http:\/\/kmplg.sk\/?page_id=2510\"><\/a><a href=\"https:\/\/kmplg.sk\/?page_id=2637&amp;lang=en\">personal profile<\/a><\/td><\/tr><tr><td>Assoc. Prof. <strong>Jana&nbsp;Fridrichov\u00e1<\/strong>, PhD.<\/td><td>G-322<\/td><td>+421 2 9014&nbsp;<strong>9294<\/strong><\/td><td>jana.fridrichova@uniba.sk<\/td><td class=\"has-text-align-center\" data-align=\"center\"><a href=\"http:\/\/d.r1.wbsprt.com\/kmplg.sk\/?page_id=740\"><\/a><a href=\"http:\/\/kmplg.sk\/?page_id=920&amp;lang=en\">personal profile<\/a><\/td><\/tr><tr><td>prof. RNDr. <strong>Monika Huraiov\u00e1<\/strong>, PhD.<\/td><td>G-348<\/td><td>+421 2 9014<strong>&nbsp;9365<\/strong><\/td><td>monika.huraiova@uniba.sk<\/td><td class=\"has-text-align-center\" data-align=\"center\"><a href=\"http:\/\/d.r1.wbsprt.com\/kmplg.sk\/?page_id=500\"><\/a><a href=\"https:\/\/kmplg.sk\/?page_id=2623&amp;lang=en\">personal profile<\/a><\/td><\/tr><tr><td>Prof. <strong>Peter Kod\u011bra<\/strong>, PhD.<\/td><td>G-423<\/td><td>+421 2 9014 9<strong>279<\/strong><\/td><td>peter.kodera@uniba.sk<\/td><td class=\"has-text-align-center\" data-align=\"center\"><a href=\"http:\/\/kmplg.sk\/?page_id=750\"><\/a><a href=\"http:\/\/kmplg.sk\/?page_id=2359&amp;lang=en\">personal profile<\/a><\/td><\/tr><tr><td>RNDr.&nbsp;<strong>Ondrej Nemec<\/strong>, PhD.<\/td><td>G-328<\/td><td>+421 2 9014&nbsp;<strong>9297<\/strong><\/td><td>ondrej.nemec@uniba.sk<\/td><td class=\"has-text-align-center\" data-align=\"center\"><a href=\"http:\/\/kmplg.sk\/?page_id=765\"><\/a><a href=\"http:\/\/kmplg.sk\/?page_id=1947&amp;lang=en\">personal profile<\/a><\/td><\/tr><tr><td>Assoc. Prof. <strong>Martin Ondrejka<\/strong>, PhD.<\/td><td>G-317<\/td><td>+421 2 9014&nbsp;<strong>9296<\/strong> <\/td><td>martin.ondrejka@uniba.sk<\/td><td class=\"has-text-align-center\" data-align=\"center\"> <a href=\"http:\/\/kmplg.sk\/?page_id=2222\"><\/a><a href=\"http:\/\/kmplg.sk\/?page_id=2225&amp;lang=en\">personal profile<\/a><\/td><\/tr><tr><td> Assoc. Prof. <strong>Marek Osack\u00fd<\/strong>, PhD.<\/td><td>G-419<\/td><td>+421 2 9014 9<strong>274<\/strong><\/td><td>marek.osacky@uniba.sk<\/td><td class=\"has-text-align-center\" data-align=\"center\"> <a href=\"http:\/\/kmplg.sk\/?page_id=2577\"><\/a><a href=\"https:\/\/kmplg.sk\/?page_id=2655&amp;lang=en\">personal profile<\/a><\/td><\/tr><tr><td>MSc.&nbsp;<strong>Daniel Ozd\u00edn<\/strong>, PhD.<\/td><td>G-324<\/td><td>+421 2 9014 9<strong>366<\/strong><\/td><td>daniel.ozdin@uniba.sk<\/td><td class=\"has-text-align-center\" data-align=\"center\">&#8211;<\/td><\/tr><tr><td>prof. RNDr. <strong>Mari\u00e1n Puti\u0161<\/strong>, DrSc.<\/td><td>G-326<\/td><td>+421 2 9014 9<strong>609<\/strong><\/td><td>marian.putis@uniba.sk<\/td><td class=\"has-text-align-center\" data-align=\"center\"><a href=\"http:\/\/kmplg.sk\/?page_id=2606\"><\/a><a href=\"https:\/\/kmplg.sk\/?page_id=2710&amp;lang=en\">personal profile<\/a><\/td><\/tr><tr><td>Assoc. Prof. <strong>Peter Ru\u017ei\u010dka<\/strong>, PhD.<\/td><td>G-320<\/td><td>+421 2 9014 9<strong>356<\/strong><\/td><td>peter.ruzicka@uniba.sk<\/td><td class=\"has-text-align-center\" data-align=\"center\"><a href=\"http:\/\/kmplg.sk\/?page_id=2552\"><\/a><a href=\"http:\/\/kmplg.sk\/?page_id=2570&amp;lang=en\">personal profile<\/a><\/td><\/tr><tr><td>MSc.&nbsp;<strong>Olena Rybnikova<\/strong>, PhD.<\/td><td>G-349<\/td><td>+421 2 9014&nbsp;<strong>9294<\/strong><\/td><td>rybnikova1@uniba.sk<\/td><td class=\"has-text-align-center\" data-align=\"center\"><a href=\"https:\/\/kmplg.sk\/?page_id=3345&amp;lang=en\">personal profile<\/a><\/td><\/tr><tr><td>Assoc. Prof. <strong>Katar\u00edna \u0160arinov\u00e1<\/strong>, PhD.<\/td><td> G-320 <\/td><td>+421 2 9014 <strong>2084<\/strong><\/td><td>katarina.sarinova@uniba.sk<\/td><td class=\"has-text-align-center\" data-align=\"center\"> <a href=\"http:\/\/d.r1.wbsprt.com\/kmplg.sk\/?page_id=734\"><\/a><a href=\"http:\/\/kmplg.sk\/?page_id=2257&amp;lang=en\">personal profile<\/a><\/td><\/tr><tr><td> Assoc. Prof. <strong>Peter \u0160ottn\u00edk<\/strong>, PhD.<\/td><td>G-426A<\/td><td>+421 2 9014 9<strong>277<\/strong><\/td><td>peter.sottnik@uniba.sk<\/td><td class=\"has-text-align-center\" data-align=\"center\"><a href=\"https:\/\/kmplg.sk\/?page_id=2687\"><\/a><a href=\"https:\/\/kmplg.sk\/?page_id=2675&amp;lang=en\">personal profile<\/a><\/td><\/tr><tr><td>prof. RNDr. <strong>Pavel Uher<\/strong>,  PhD.<\/td><td>G-318<\/td><td>+421 2 9014 9<strong>295<\/strong><\/td><td>pavel.uher@uniba.sk<\/td><td class=\"has-text-align-center\" data-align=\"center\"> <a href=\"http:\/\/kmplg.sk\/?page_id=2588\"><\/a><a href=\"http:\/\/kmplg.sk\/?page_id=2588\">personal profile<\/a><\/td><\/tr><tr><td>Assoc. Prof.&nbsp;<strong>Peter Uhl\u00edk<\/strong>, PhD.<\/td><td>G-420<\/td><td>+421 2 9014&nbsp;<strong>9270<\/strong><\/td><td>peter.uhlik@uniba.sk<\/td><td class=\"has-text-align-center\" data-align=\"center\"> <a href=\"http:\/\/kmplg.sk\/?page_id=2588\"><\/a><a href=\"http:\/\/kmplg.sk\/?page_id=2548&amp;lang=en\">personal profile<\/a><\/td><\/tr><tr><td>prof. RNDr. <strong>Martin Chovan<\/strong>, CSc.<br><em>Professor Emeritus<\/em><\/td><td>G-315<\/td><td>&#8211;<\/td><td>martin.chovan@uniba.sk<\/td><td class=\"has-text-align-center\" data-align=\"center\">&#8211;<\/td><\/tr><tr><td>prof. RNDr.&nbsp;<strong>Anna Voz\u00e1rov\u00e1<\/strong>, DrSc.<br><em>emeritn\u00e1 profesorka<\/em><\/td><td>G-329<\/td><td>+421 2 9014&nbsp;<strong>9606<\/strong><\/td><td>anna.vozarova@uniba.sk<\/td><td class=\"has-text-align-center\" data-align=\"center\">&#8211;<\/td><\/tr><tr><td>prof. RNDr. <strong>Ivan Kraus<\/strong>, CSc.<strong>&nbsp;<\/strong><br><em>emeritn\u00fd profesor<\/em><\/td><td>G-424<\/td><td>+421 2 9014 9<strong>275<\/strong><\/td><td>ivan.kraus@uniba.sk<\/td><td class=\"has-text-align-center\" data-align=\"center\">&#8211;<\/td><\/tr><\/tbody><\/table><\/figure>\n\n\n\n<h2>Technical Staff<\/h2>\n\n\n\n<figure class=\"wp-block-table is-style-stripes\"><table class=\"has-background\" style=\"background-color:#fcf0ef\"><thead><tr><th><\/th><th>Room<\/th><th> Phone <\/th><th> E-mail <\/th><th> Profile<\/th><\/tr><\/thead><tbody><tr><td><strong>Peter Se\u010dk\u00e1r<\/strong><\/td><td>G-008<\/td><td>+421 2 9014 9<strong>731<\/strong><\/td><td>peter.seckar@uniba.sk<\/td><td>&#8211;<\/td><\/tr><\/tbody><\/table><\/figure>\n","protected":false},"excerpt":{"rendered":"<p>Head of Department Room Phone E-mail Profile Assoc. Prof. Peter &hellip; <\/p>\n","protected":false},"author":2,"featured_media":0,"parent":277,"menu_order":0,"comment_status":"closed","ping_status":"closed","template":"","meta":{"_monsterinsights_skip_tracking":false,"_monsterinsights_sitenote_active":false,"_monsterinsights_sitenote_note":"","_monsterinsights_sitenote_category":0,"ngg_post_thumbnail":0},"folder":[46],"yoast_head":"<!-- This site is optimized with the Yoast SEO plugin v19.4 - https:\/\/yoast.com\/wordpress\/plugins\/seo\/ -->\n<title>Scientific and Academic Staff - Katedra mineral\u00f3gie, petrol\u00f3gie a lo\u017eiskovej geol\u00f3gie<\/title>\n<meta name=\"robots\" content=\"index, follow, max-snippet:-1, max-image-preview:large, max-video-preview:-1\" \/>\n<link rel=\"canonical\" href=\"https:\/\/kmplg.sk\/?page_id=1966&lang=en\" \/>\n<meta property=\"og:locale\" content=\"sk_SK\" \/>\n<meta property=\"og:type\" content=\"article\" \/>\n<meta property=\"og:title\" content=\"Scientific and Academic Staff - Katedra mineral\u00f3gie, petrol\u00f3gie a lo\u017eiskovej geol\u00f3gie\" \/>\n<meta property=\"og:description\" content=\"Head of Department Room Phone E-mail Profile Assoc. Prof. Peter &hellip;\" \/>\n<meta property=\"og:url\" content=\"https:\/\/kmplg.sk\/?page_id=1966&amp;lang=en\" \/>\n<meta property=\"og:site_name\" content=\"Katedra mineral\u00f3gie, petrol\u00f3gie a lo\u017eiskovej geol\u00f3gie\" \/>\n<meta property=\"article:publisher\" content=\"https:\/\/www.facebook.com\/kmplg\/\" \/>\n<meta property=\"article:modified_time\" content=\"2025-02-25T09:11:26+00:00\" \/>\n<meta name=\"twitter:card\" content=\"summary_large_image\" \/>\n<meta name=\"twitter:label1\" content=\"Predpokladan\u00fd \u010das \u010d\u00edtania\" \/>\n\t<meta name=\"twitter:data1\" content=\"3 min\u00faty\" \/>\n<script type=\"application\/ld+json\" class=\"yoast-schema-graph\">{\"@context\":\"https:\/\/schema.org\",\"@graph\":[{\"@type\":\"WebSite\",\"@id\":\"https:\/\/kmplg.sk\/#website\",\"url\":\"https:\/\/kmplg.sk\/\",\"name\":\"Katedra mineral\u00f3gie, petrol\u00f3gie a lo\u017eiskovej geol\u00f3gie\",\"description\":\"Pr\u00edrodovedeck\u00e1 fakulta Univerzity Komensk\u00e9ho v Bratislave\",\"potentialAction\":[{\"@type\":\"SearchAction\",\"target\":{\"@type\":\"EntryPoint\",\"urlTemplate\":\"https:\/\/kmplg.sk\/?s={search_term_string}\"},\"query-input\":\"required name=search_term_string\"}],\"inLanguage\":\"sk-SK\"},{\"@type\":\"WebPage\",\"@id\":\"https:\/\/kmplg.sk\/?page_id=1966&lang=en\",\"url\":\"https:\/\/kmplg.sk\/?page_id=1966&lang=en\",\"name\":\"Scientific and Academic Staff - Katedra mineral\u00f3gie, petrol\u00f3gie a lo\u017eiskovej geol\u00f3gie\",\"isPartOf\":{\"@id\":\"https:\/\/kmplg.sk\/#website\"},\"datePublished\":\"2021-04-29T06:00:40+00:00\",\"dateModified\":\"2025-02-25T09:11:26+00:00\",\"breadcrumb\":{\"@id\":\"https:\/\/kmplg.sk\/?page_id=1966&lang=en#breadcrumb\"},\"inLanguage\":\"sk-SK\",\"potentialAction\":[{\"@type\":\"ReadAction\",\"target\":[\"https:\/\/kmplg.sk\/?page_id=1966&lang=en\"]}]},{\"@type\":\"BreadcrumbList\",\"@id\":\"https:\/\/kmplg.sk\/?page_id=1966&lang=en#breadcrumb\",\"itemListElement\":[{\"@type\":\"ListItem\",\"position\":1,\"name\":\"Home\",\"item\":\"https:\/\/kmplg.sk\/\"},{\"@type\":\"ListItem\",\"position\":2,\"name\":\"About Us\",\"item\":\"https:\/\/kmplg.sk\/?lang=en\"},{\"@type\":\"ListItem\",\"position\":3,\"name\":\"Scientific and Academic Staff\"}]}]}<\/script>\n<!-- \/ Yoast SEO plugin. -->","yoast_head_json":{"title":"Scientific and Academic Staff - Katedra mineral\u00f3gie, petrol\u00f3gie a lo\u017eiskovej geol\u00f3gie","robots":{"index":"index","follow":"follow","max-snippet":"max-snippet:-1","max-image-preview":"max-image-preview:large","max-video-preview":"max-video-preview:-1"},"canonical":"https:\/\/kmplg.sk\/?page_id=1966&lang=en","og_locale":"sk_SK","og_type":"article","og_title":"Scientific and Academic Staff - Katedra mineral\u00f3gie, petrol\u00f3gie a lo\u017eiskovej geol\u00f3gie","og_description":"Head of Department Room Phone E-mail Profile Assoc. Prof. Peter &hellip;","og_url":"https:\/\/kmplg.sk\/?page_id=1966&lang=en","og_site_name":"Katedra mineral\u00f3gie, petrol\u00f3gie a lo\u017eiskovej geol\u00f3gie","article_publisher":"https:\/\/www.facebook.com\/kmplg\/","article_modified_time":"2025-02-25T09:11:26+00:00","twitter_card":"summary_large_image","twitter_misc":{"Predpokladan\u00fd \u010das \u010d\u00edtania":"3 min\u00faty"},"schema":{"@context":"https:\/\/schema.org","@graph":[{"@type":"WebSite","@id":"https:\/\/kmplg.sk\/#website","url":"https:\/\/kmplg.sk\/","name":"Katedra mineral\u00f3gie, petrol\u00f3gie a lo\u017eiskovej geol\u00f3gie","description":"Pr\u00edrodovedeck\u00e1 fakulta Univerzity Komensk\u00e9ho v Bratislave","potentialAction":[{"@type":"SearchAction","target":{"@type":"EntryPoint","urlTemplate":"https:\/\/kmplg.sk\/?s={search_term_string}"},"query-input":"required name=search_term_string"}],"inLanguage":"sk-SK"},{"@type":"WebPage","@id":"https:\/\/kmplg.sk\/?page_id=1966&lang=en","url":"https:\/\/kmplg.sk\/?page_id=1966&lang=en","name":"Scientific and Academic Staff - Katedra mineral\u00f3gie, petrol\u00f3gie a lo\u017eiskovej geol\u00f3gie","isPartOf":{"@id":"https:\/\/kmplg.sk\/#website"},"datePublished":"2021-04-29T06:00:40+00:00","dateModified":"2025-02-25T09:11:26+00:00","breadcrumb":{"@id":"https:\/\/kmplg.sk\/?page_id=1966&lang=en#breadcrumb"},"inLanguage":"sk-SK","potentialAction":[{"@type":"ReadAction","target":["https:\/\/kmplg.sk\/?page_id=1966&lang=en"]}]},{"@type":"BreadcrumbList","@id":"https:\/\/kmplg.sk\/?page_id=1966&lang=en#breadcrumb","itemListElement":[{"@type":"ListItem","position":1,"name":"Home","item":"https:\/\/kmplg.sk\/"},{"@type":"ListItem","position":2,"name":"About Us","item":"https:\/\/kmplg.sk\/?lang=en"},{"@type":"ListItem","position":3,"name":"Scientific and Academic Staff"}]}]}},"_links":{"self":[{"href":"https:\/\/kmplg.sk\/index.php?rest_route=\/wp\/v2\/pages\/1966"}],"collection":[{"href":"https:\/\/kmplg.sk\/index.php?rest_route=\/wp\/v2\/pages"}],"about":[{"href":"https:\/\/kmplg.sk\/index.php?rest_route=\/wp\/v2\/types\/page"}],"author":[{"embeddable":true,"href":"https:\/\/kmplg.sk\/index.php?rest_route=\/wp\/v2\/users\/2"}],"replies":[{"embeddable":true,"href":"https:\/\/kmplg.sk\/index.php?rest_route=%2Fwp%2Fv2%2Fcomments&post=1966"}],"version-history":[{"count":6,"href":"https:\/\/kmplg.sk\/index.php?rest_route=\/wp\/v2\/pages\/1966\/revisions"}],"predecessor-version":[{"id":3405,"href":"https:\/\/kmplg.sk\/index.php?rest_route=\/wp\/v2\/pages\/1966\/revisions\/3405"}],"up":[{"embeddable":true,"href":"https:\/\/kmplg.sk\/index.php?rest_route=\/wp\/v2\/pages\/277"}],"wp:attachment":[{"href":"https:\/\/kmplg.sk\/index.php?rest_route=%2Fwp%2Fv2%2Fmedia&parent=1966"}],"wp:term":[{"taxonomy":"folder","embeddable":true,"href":"https:\/\/kmplg.sk\/index.php?rest_route=%2Fwp%2Fv2%2Ffolder&post=1966"}],"curies":[{"name":"wp","href":"https:\/\/api.w.org\/{rel}","templated":true}]}}