{"id":1947,"date":"2021-04-28T14:52:13","date_gmt":"2021-04-28T12:52:13","guid":{"rendered":"http:\/\/kmplg.sk\/?page_id=1947"},"modified":"2021-07-30T13:27:04","modified_gmt":"2021-07-30T11:27:04","slug":"rndr-ondrej-nemec-phd-3","status":"publish","type":"page","link":"https:\/\/kmplg.sk\/?page_id=1947&lang=en","title":{"rendered":"RNDr. Ondrej Nemec, PhD."},"content":{"rendered":"\n<div class=\"wp-block-image is-style-default\"><figure class=\"alignleft size-large is-resized\"><img loading=\"lazy\" src=\"http:\/\/kmplg.sk\/wp-content\/uploads\/2021\/07\/ON-1.jpg\" alt=\"\" class=\"wp-image-2353\" width=\"240\" height=\"302\" srcset=\"https:\/\/kmplg.sk\/wp-content\/uploads\/2021\/07\/ON-1.jpg 257w, https:\/\/kmplg.sk\/wp-content\/uploads\/2021\/07\/ON-1-238x300.jpg 238w, https:\/\/kmplg.sk\/wp-content\/uploads\/2021\/07\/ON-1-48x60.jpg 48w\" sizes=\"(max-width: 240px) 100vw, 240px\" \/><\/figure><\/div>\n\n\n\n<div class=\"wp-block-group\"><div class=\"wp-block-group__inner-container\">\n<div class=\"wp-block-columns\">\n<div class=\"wp-block-column\" style=\"flex-basis:100%\">\n<figure class=\"wp-block-table is-style-stripes\"><table class=\"has-subtle-pale-pink-background-color has-fixed-layout has-background\"><tbody><tr><td><strong><strong>Position<\/strong><\/strong>:<\/td><td>odborn\u00fd asistent<\/td><\/tr><tr><td><strong><strong>Room<\/strong><\/strong>:<\/td><td>G-328<\/td><\/tr><tr><td><strong><strong>Phone<\/strong><\/strong>:<\/td><td>+421 2 9014 9<strong>297<\/strong><\/td><\/tr><tr><td><strong>e-mail:<\/strong><\/td><td>ondrej.nemec@uniba.sk<\/td><\/tr><tr><td><strong><strong>Publications<\/strong><\/strong><\/td><td><a href=\"http:\/\/alis.uniba.sk:9909\/search\/query?match_1=PHRASE&amp;field_1=authid&amp;term_1=949085&amp;theme=EPC\">list of publications<\/a><\/td><\/tr><\/tbody><\/table><figcaption><span class=\"has-inline-color has-vivid-red-color\">Section of Petrology<\/span><\/figcaption><\/figure>\n<\/div>\n<\/div>\n<\/div><\/div>\n\n\n\n<div class=\"wp-block-columns\">\n<div class=\"wp-block-column\" style=\"flex-basis:100%\">\n<div class=\"wp-block-buttons\">\n<div class=\"wp-block-button\"><a class=\"wp-block-button__link has-vivid-red-color has-very-light-gray-to-cyan-bluish-gray-gradient-background has-text-color has-background\" href=\"https:\/\/www.researchgate.net\/profile\/Ondrej-Nemec-2\" style=\"border-radius:20px\" target=\"_blank\" rel=\"noreferrer noopener\"><img loading=\"lazy\" width=\"20\" height=\"19\" class=\"wp-image-1394\" style=\"width: 20px;\" src=\"http:\/\/kmplg.sk\/wp-content\/uploads\/2021\/04\/linkedinvsresearchgate_v2-1.png\" alt=\"\"> <span class=\"has-inline-color has-vivid-red-color\">ResearchGate<\/span><\/a><\/div>\n\n\n\n<div class=\"wp-block-button\"><a class=\"wp-block-button__link has-vivid-red-color has-very-light-gray-to-cyan-bluish-gray-gradient-background has-text-color has-background\" href=\"https:\/\/orcid.org\/0000-0001-6565-6084\" target=\"_blank\" rel=\"noreferrer noopener\"><img loading=\"lazy\" width=\"20\" height=\"20\" class=\"wp-image-1391\" style=\"width: 20px;\" src=\"http:\/\/kmplg.sk\/wp-content\/uploads\/2021\/04\/1200px-ORCID_iD-1.png\" alt=\"\"><span class=\"has-inline-color has-vivid-red-color\">ORCID<\/span><\/a><\/div>\n\n\n\n<div class=\"wp-block-button\"><a class=\"wp-block-button__link has-very-light-gray-to-cyan-bluish-gray-gradient-background has-background\" href=\"https:\/\/publons.com\/researcher\/X-8924-2018\/\" target=\"_blank\" rel=\"noreferrer noopener\"><span class=\"has-inline-color has-white-color\"><img loading=\"lazy\" width=\"20\" height=\"20\" class=\"wp-image-1407\" style=\"width: 20px;\" src=\"http:\/\/kmplg.sk\/wp-content\/uploads\/2021\/04\/Unknown.png\" alt=\"\"> <\/span><span class=\"has-inline-color has-vivid-red-color\">Publons<\/span><\/a><\/div>\n\n\n\n<div class=\"wp-block-button\"><a class=\"wp-block-button__link has-very-light-gray-to-cyan-bluish-gray-gradient-background has-background\" href=\"https:\/\/www.scopus.com\/authid\/detail.uri?authorId=24178925500\" target=\"_blank\" rel=\"noreferrer noopener\"><span class=\"has-inline-color has-white-color\"><img loading=\"lazy\" width=\"20\" height=\"20\" class=\"wp-image-1401\" style=\"width: 20px;\" src=\"http:\/\/kmplg.sk\/wp-content\/uploads\/2021\/04\/68747470733a2f2f7777772e6665722e756e697a672e68722f5f7075622f7468656d65735f7374617469632f666572323031362f64656661756c742f696d672f73636f7075732d69636f6e2e706e67.png\" alt=\"\"> <\/span><span class=\"has-inline-color has-vivid-red-color\">Scopus<\/span><\/a><\/div>\n\n\n\n<div class=\"wp-block-button\"><a class=\"wp-block-button__link has-very-light-gray-to-cyan-bluish-gray-gradient-background has-background\" href=\"http:\/\/kmplg.sk\/?page_id=85\" target=\"_blank\" rel=\"noreferrer noopener\"><span class=\"has-inline-color has-vivid-red-color\">Topics of thesis<\/span><\/a><\/div>\n<\/div>\n<\/div>\n<\/div>\n\n\n\n<h2>Scientific interests<\/h2>\n\n\n\n<ul><li>Palaeotectonic and geodynamic evolution of the Inner Western Carpathians and Alps<\/li><li>Petrology, geochemistry, mineralogy and&nbsp;isotopic systems of metabasic a&nbsp;metapelitic rocks<\/li><li>Heavy minerals and xenoliths of Southern Slovakian alkaline-basaltic Volcanic Field<\/li><li>Computer Thermodynamic modeling of magmatic and metamorphic systems<\/li><li>Use of modern geothermobarometric methods and software modeling with tools as TERMOCALC, Perple_X and&nbsp;MELTS<\/li><\/ul>\n\n\n\n<h2>Pedagogical activities<\/h2>\n\n\n\n<p>My teaching activities are mainly focused on radiogenic isotope systems, modern geothermobarometric methods and computer modeling in magmatic and methamorphic systems.<\/p>\n\n\n\n<p><strong><strong>Bachelor degree:<\/strong><\/strong><\/p>\n\n\n\n<ul><li>Petrography of metamorphic rocks<\/li><li>Petrography of magmatic rocks<\/li><li>Microscopy of rock-forming minerals<\/li><li>Reflected-light microscopy (Ore microscopy)<\/li><\/ul>\n\n\n\n<p><strong><strong>Master&#8217;s degree<\/strong><\/strong><\/p>\n\n\n\n<ul><li>Isotopic geology and geochronology<\/li><li>Petrology of metamorphic rocks<\/li><li>Thermodynamics and Phase Equilibria<\/li><li>Genetic mineralogy of rocks<\/li><\/ul>\n\n\n\n<hr class=\"wp-block-separator\"\/>\n\n\n\n<h2>The most significant publications<\/h2>\n\n\n\n<div class=\"wp-block-group\"><div class=\"wp-block-group__inner-container\">\n<ul><li>Nemec, O.,Puti\u0161, M., Ba\u010d\u00edk, P., Ru\u017ei\u010dka, P., N\u00e9meth, Z., 2020:&nbsp;<strong>Metamorphic Conditions of Neotethyan Meliatic Accretionary Wedge Estimated by Thermodynamic Modelling and Geothermobarometry (Inner Western Carpathians)<\/strong>.&nbsp;<em>Minerals<\/em>, 10, 1-50, 1094.<\/li><li>Puti\u0161 M., Sot\u00e1k J., Li Q.-L., Ondrejka M., Li X.-H., Hu Z., Ling X., Nemec O., N\u00e9meth Z., Ru\u017ei\u010dka P. 2019:&nbsp;<strong>Origin and Age Determination of the Neotethys Meliata Basin Ophiolite Fragments in the Late Jurassic\u2013Early Cretaceous Accretionary Wedge M\u00e9lange (Inner Western Carpathians, Slovakia)<\/strong>.&nbsp;<em>Minerals<\/em>, 9, 652.<\/li><li>Paquette J-L., Huraiov\u00e1 M., Nemec O., Gannoun A., \u0160arinov\u00e1 K, Hurai V. 2019:&nbsp;<strong>Origin and provenance of 2 Ma\u20132 Ga zircons ejected by phreatomagmatic eruptions of Pliocene basalts in southern Slovakia<\/strong>.&nbsp;<em>International Journal of Earth Sciences<\/em>, 108 (8), 2607\u20132623.<\/li><li>Nemec O., Huraiov\u00e1 M. 2018:&nbsp;<strong>Provenance study of detrital garnets and rutiles from basaltic pyroclastic rocks of Southern Slovakia (Western Carpathians)<\/strong>,&nbsp;<em>Geologica Carpathica<\/em>, 69 (1), 17\u201329.<\/li><\/ul>\n<\/div><\/div>\n\n\n\n<h2>Current Projects<\/h2>\n\n\n\n<p><strong><strong><strong><strong>APVV-19-0065 \u2013 member of the research team<\/strong><\/strong> <\/strong><\/strong>(2020-2023, principal investigator M. Puti\u0161) \u201ePetrological-geochronological record of riftogenesis and crust-mantle recycling in the Western Carpathians orogenic wedge\u201d<span class=\"has-inline-color has-vivid-red-color\"> <span class=\"collapseomatic \" id=\"id69f1c219e927b\"  tabindex=\"0\" title=\"Click to Expand\"    >Click to Expand<\/span><div id=\"target-id69f1c219e927b\" class=\"collapseomatic_content \"><em><em>Specific groups of rocks and their minerals are searched as indicators of the riftogenic zones, despite they often have signatures of superimposed tectono-thermal overprinting from their incorporation into the orogenic zones. Mineralogical, petrological (EPMA, micro-Raman, LA-ICP-MS, XRF, ICP-MS), isotopic-geochemical (LA-MC-ICP-MS, TIMS) and geochronological (U-Pb SIMS, LA-ICP-MS, Ar-Ar, K-Ar) methods will be applied to establish the chemical composition of minerals and rocks, their isotopic characteristics (U-Pb, Pb-Pb, Sm-Nd, Rb-Sr, Zr-Hf, Re-Os) and the ages.<\/em><\/em><\/span><\/p>\n\n\n\n<\/div>\n\n\n\n<p><strong><strong>V<strong><strong>VEGA 1\/0143\/18 \u2013 member of the research team<\/strong><\/strong> <\/strong><\/strong>(2018-2021, principal investigator M. Huraiov\u00e1) \u201eMineralogy, petrogenesis and metallogenetic potential of the Pliocene intra-plate magmatism of Western Carpathians\u201d<span class=\"has-inline-color has-vivid-red-color\"> <span class=\"collapseomatic \" id=\"id69f1c219e9307\"  tabindex=\"0\" title=\"Click to Expand\"    >Click to Expand<\/span><div id=\"target-id69f1c219e9307\" class=\"collapseomatic_content \"><em><em><em><em>Alkali basalts of southern Slovakia contain xenoliths of igneous rocks, which do not occur in Inner Western Carpathians. Observed rock types involve mafic gabbroic cumulates, syenites, granites, carbonatites and metasomatic products of their interaction with crust (skarns). Magmatic rocks originated during fractional crystallization of basaltic magma and partial melting of surrounding rocks. The project is targeted to deciphering mineralogical, geochemical, geochronological and petrological characteristics of magmatic rocks, evaluation of their genesis, geotectonic setting, source as well as metallogenetic potential with special emphasis on possible occurrence of critical metals, such as U, Th, Nb, Ta and rare earth elements. Additional goals refer to the interpretation and reconstruction of pre-Tertiary basement in southern Slovakia, as well as minimum age estimates of host pyroclastic maar deposits.<\/em><\/em><\/em><\/em> <\/span><\/p>\n\n\n\n<\/div>\n\n\n\n<p><strong><strong><strong><strong>VEGA 1\/0151\/19<\/strong>&nbsp;<strong>\u2013 member of the research team<\/strong><\/strong> <\/strong><\/strong>(2019-2021, principal investigator prof. M. Puti\u0161) \u201ePetro-chronology of the mantle and crustal dyke systems in the Cretaceous accretionary wedge of the Inner Western Carpathians and the eastern Austro-Alpine margin\u201d <span class=\"has-inline-color has-vivid-red-color\"><span class=\"collapseomatic \" id=\"id69f1c219e9361\"  tabindex=\"0\" title=\"Click to Expand\"    >Click to Expand<\/span><div id=\"target-id69f1c219e9361\" class=\"collapseomatic_content \"><\/span><em><em><em><em>Cretaceous accretionary wedges of the Western Carpathians and the Austro-Alpine unit of the eastern Alps contains dykes of the crustal and mantle rocks. These rocks are significant indicator of Permian-Triassic or Jurassic-Cretaceous extension and the opening of the Neotethys and Atlantic Tethys respectively. They are of the key importance for the reconstruction of palaeotectonic and geodynamic evolution of the Carpathians and Alps. The mineral rock composition (EPMA, LA-ICP-MS) and their whole-rock chemistry (ICP-MS) will be used for definition of their palaeotectonic origin. The isotopic study (Rb\/Sr, Lu\/Hf, Sm\/Nd. U\/Pb) of the rocks and minerals, and their isotopic dating (U-Pb SIMS, nano-SIMS, LA-MC-ICP-MS, K-Ar) will enhance creation of geodynamic evolution model of mentioned accretionary complexes. Their occasional economic potential can be estimated.<\/em><\/em><\/em><\/em><\/p>\n\n\n\n<p><span class=\"has-inline-color has-vivid-red-color\"><\/div><\/span><\/p>\n","protected":false},"excerpt":{"rendered":"<p>Position: odborn\u00fd asistent Room: G-328 Phone: +421 2 9014 9297 &hellip; <\/p>\n","protected":false},"author":2,"featured_media":0,"parent":1966,"menu_order":0,"comment_status":"closed","ping_status":"closed","template":"","meta":{"_monsterinsights_skip_tracking":false,"_monsterinsights_sitenote_active":false,"_monsterinsights_sitenote_note":"","_monsterinsights_sitenote_category":0,"ngg_post_thumbnail":0},"folder":[46],"yoast_head":"<!-- This site is optimized with the Yoast SEO plugin v19.4 - https:\/\/yoast.com\/wordpress\/plugins\/seo\/ -->\n<title>RNDr. Ondrej Nemec, PhD. - Katedra mineral\u00f3gie, petrol\u00f3gie a lo\u017eiskovej geol\u00f3gie<\/title>\n<meta name=\"robots\" content=\"index, follow, max-snippet:-1, max-image-preview:large, max-video-preview:-1\" \/>\n<link rel=\"canonical\" href=\"https:\/\/kmplg.sk\/?page_id=1947&lang=en\" \/>\n<meta property=\"og:locale\" content=\"sk_SK\" \/>\n<meta property=\"og:type\" content=\"article\" \/>\n<meta property=\"og:title\" content=\"RNDr. Ondrej Nemec, PhD. - Katedra mineral\u00f3gie, petrol\u00f3gie a lo\u017eiskovej geol\u00f3gie\" \/>\n<meta property=\"og:description\" content=\"Position: odborn\u00fd asistent Room: G-328 Phone: +421 2 9014 9297 &hellip;\" \/>\n<meta property=\"og:url\" content=\"https:\/\/kmplg.sk\/?page_id=1947&amp;lang=en\" \/>\n<meta property=\"og:site_name\" content=\"Katedra mineral\u00f3gie, petrol\u00f3gie a lo\u017eiskovej geol\u00f3gie\" \/>\n<meta property=\"article:publisher\" content=\"https:\/\/www.facebook.com\/kmplg\/\" \/>\n<meta property=\"article:modified_time\" content=\"2021-07-30T11:27:04+00:00\" \/>\n<meta property=\"og:image\" content=\"http:\/\/kmplg.sk\/wp-content\/uploads\/2021\/07\/ON-1.jpg\" \/>\n<meta name=\"twitter:card\" content=\"summary_large_image\" \/>\n<meta name=\"twitter:label1\" content=\"Predpokladan\u00fd \u010das \u010d\u00edtania\" \/>\n\t<meta name=\"twitter:data1\" content=\"5 min\u00fat\" \/>\n<script type=\"application\/ld+json\" class=\"yoast-schema-graph\">{\"@context\":\"https:\/\/schema.org\",\"@graph\":[{\"@type\":\"WebSite\",\"@id\":\"https:\/\/kmplg.sk\/#website\",\"url\":\"https:\/\/kmplg.sk\/\",\"name\":\"Katedra mineral\u00f3gie, petrol\u00f3gie a lo\u017eiskovej geol\u00f3gie\",\"description\":\"Pr\u00edrodovedeck\u00e1 fakulta Univerzity Komensk\u00e9ho v Bratislave\",\"potentialAction\":[{\"@type\":\"SearchAction\",\"target\":{\"@type\":\"EntryPoint\",\"urlTemplate\":\"https:\/\/kmplg.sk\/?s={search_term_string}\"},\"query-input\":\"required name=search_term_string\"}],\"inLanguage\":\"sk-SK\"},{\"@type\":\"WebPage\",\"@id\":\"https:\/\/kmplg.sk\/?page_id=1947&lang=en\",\"url\":\"https:\/\/kmplg.sk\/?page_id=1947&lang=en\",\"name\":\"RNDr. Ondrej Nemec, PhD. - Katedra mineral\u00f3gie, petrol\u00f3gie a lo\u017eiskovej geol\u00f3gie\",\"isPartOf\":{\"@id\":\"https:\/\/kmplg.sk\/#website\"},\"datePublished\":\"2021-04-28T12:52:13+00:00\",\"dateModified\":\"2021-07-30T11:27:04+00:00\",\"breadcrumb\":{\"@id\":\"https:\/\/kmplg.sk\/?page_id=1947&lang=en#breadcrumb\"},\"inLanguage\":\"sk-SK\",\"potentialAction\":[{\"@type\":\"ReadAction\",\"target\":[\"https:\/\/kmplg.sk\/?page_id=1947&lang=en\"]}]},{\"@type\":\"BreadcrumbList\",\"@id\":\"https:\/\/kmplg.sk\/?page_id=1947&lang=en#breadcrumb\",\"itemListElement\":[{\"@type\":\"ListItem\",\"position\":1,\"name\":\"Home\",\"item\":\"https:\/\/kmplg.sk\/\"},{\"@type\":\"ListItem\",\"position\":2,\"name\":\"About Us\",\"item\":\"https:\/\/kmplg.sk\/?lang=en\"},{\"@type\":\"ListItem\",\"position\":3,\"name\":\"Scientific and Academic Staff\",\"item\":\"https:\/\/kmplg.sk\/?page_id=1966&lang=en\"},{\"@type\":\"ListItem\",\"position\":4,\"name\":\"RNDr. Ondrej Nemec, PhD.\"}]}]}<\/script>\n<!-- \/ Yoast SEO plugin. -->","yoast_head_json":{"title":"RNDr. Ondrej Nemec, PhD. - Katedra mineral\u00f3gie, petrol\u00f3gie a lo\u017eiskovej geol\u00f3gie","robots":{"index":"index","follow":"follow","max-snippet":"max-snippet:-1","max-image-preview":"max-image-preview:large","max-video-preview":"max-video-preview:-1"},"canonical":"https:\/\/kmplg.sk\/?page_id=1947&lang=en","og_locale":"sk_SK","og_type":"article","og_title":"RNDr. Ondrej Nemec, PhD. - Katedra mineral\u00f3gie, petrol\u00f3gie a lo\u017eiskovej geol\u00f3gie","og_description":"Position: odborn\u00fd asistent Room: G-328 Phone: +421 2 9014 9297 &hellip;","og_url":"https:\/\/kmplg.sk\/?page_id=1947&lang=en","og_site_name":"Katedra mineral\u00f3gie, petrol\u00f3gie a lo\u017eiskovej geol\u00f3gie","article_publisher":"https:\/\/www.facebook.com\/kmplg\/","article_modified_time":"2021-07-30T11:27:04+00:00","og_image":[{"url":"http:\/\/kmplg.sk\/wp-content\/uploads\/2021\/07\/ON-1.jpg"}],"twitter_card":"summary_large_image","twitter_misc":{"Predpokladan\u00fd \u010das \u010d\u00edtania":"5 min\u00fat"},"schema":{"@context":"https:\/\/schema.org","@graph":[{"@type":"WebSite","@id":"https:\/\/kmplg.sk\/#website","url":"https:\/\/kmplg.sk\/","name":"Katedra mineral\u00f3gie, petrol\u00f3gie a lo\u017eiskovej geol\u00f3gie","description":"Pr\u00edrodovedeck\u00e1 fakulta Univerzity Komensk\u00e9ho v Bratislave","potentialAction":[{"@type":"SearchAction","target":{"@type":"EntryPoint","urlTemplate":"https:\/\/kmplg.sk\/?s={search_term_string}"},"query-input":"required name=search_term_string"}],"inLanguage":"sk-SK"},{"@type":"WebPage","@id":"https:\/\/kmplg.sk\/?page_id=1947&lang=en","url":"https:\/\/kmplg.sk\/?page_id=1947&lang=en","name":"RNDr. Ondrej Nemec, PhD. - Katedra mineral\u00f3gie, petrol\u00f3gie a lo\u017eiskovej geol\u00f3gie","isPartOf":{"@id":"https:\/\/kmplg.sk\/#website"},"datePublished":"2021-04-28T12:52:13+00:00","dateModified":"2021-07-30T11:27:04+00:00","breadcrumb":{"@id":"https:\/\/kmplg.sk\/?page_id=1947&lang=en#breadcrumb"},"inLanguage":"sk-SK","potentialAction":[{"@type":"ReadAction","target":["https:\/\/kmplg.sk\/?page_id=1947&lang=en"]}]},{"@type":"BreadcrumbList","@id":"https:\/\/kmplg.sk\/?page_id=1947&lang=en#breadcrumb","itemListElement":[{"@type":"ListItem","position":1,"name":"Home","item":"https:\/\/kmplg.sk\/"},{"@type":"ListItem","position":2,"name":"About Us","item":"https:\/\/kmplg.sk\/?lang=en"},{"@type":"ListItem","position":3,"name":"Scientific and Academic Staff","item":"https:\/\/kmplg.sk\/?page_id=1966&lang=en"},{"@type":"ListItem","position":4,"name":"RNDr. Ondrej Nemec, PhD."}]}]}},"_links":{"self":[{"href":"https:\/\/kmplg.sk\/index.php?rest_route=\/wp\/v2\/pages\/1947"}],"collection":[{"href":"https:\/\/kmplg.sk\/index.php?rest_route=\/wp\/v2\/pages"}],"about":[{"href":"https:\/\/kmplg.sk\/index.php?rest_route=\/wp\/v2\/types\/page"}],"author":[{"embeddable":true,"href":"https:\/\/kmplg.sk\/index.php?rest_route=\/wp\/v2\/users\/2"}],"replies":[{"embeddable":true,"href":"https:\/\/kmplg.sk\/index.php?rest_route=%2Fwp%2Fv2%2Fcomments&post=1947"}],"version-history":[{"count":6,"href":"https:\/\/kmplg.sk\/index.php?rest_route=\/wp\/v2\/pages\/1947\/revisions"}],"predecessor-version":[{"id":2354,"href":"https:\/\/kmplg.sk\/index.php?rest_route=\/wp\/v2\/pages\/1947\/revisions\/2354"}],"up":[{"embeddable":true,"href":"https:\/\/kmplg.sk\/index.php?rest_route=\/wp\/v2\/pages\/1966"}],"wp:attachment":[{"href":"https:\/\/kmplg.sk\/index.php?rest_route=%2Fwp%2Fv2%2Fmedia&parent=1947"}],"wp:term":[{"taxonomy":"folder","embeddable":true,"href":"https:\/\/kmplg.sk\/index.php?rest_route=%2Fwp%2Fv2%2Ffolder&post=1947"}],"curies":[{"name":"wp","href":"https:\/\/api.w.org\/{rel}","templated":true}]}}