{"id":19,"date":"2021-03-04T11:15:05","date_gmt":"2021-03-04T10:15:05","guid":{"rendered":"http:\/\/d.r1.wbsprt.com\/kmplg.sk\/?page_id=19"},"modified":"2022-02-01T12:45:16","modified_gmt":"2022-02-01T11:45:16","slug":"o-katedre","status":"publish","type":"page","link":"https:\/\/kmplg.sk\/","title":{"rendered":"O n\u00e1s"},"content":{"rendered":"\n<h2><span class=\"has-inline-color has-vivid-red-color\">O n\u00e1s<\/span><\/h2>\n\n\n\n<p>Katedra mineral\u00f3gie, petrol\u00f3gie a&nbsp;lo\u017eiskovej geol\u00f3gie vznikla v&nbsp;roku 2021 spojen\u00edm dvoch tradi\u010dn\u00fdch katedier PriF UK s&nbsp;bohatou hist\u00f3riou, Katedry mineral\u00f3gie a&nbsp;petrol\u00f3gie a&nbsp;Katedry lo\u017eiskovej geol\u00f3gie. Novovzniknut\u00e9 pracovisko vych\u00e1dza z&nbsp;pevn\u00fdch z\u00e1kladov p\u00f4vodn\u00fdch katedier a chce reagova\u0165 na aktu\u00e1lne v\u00fdzvy doby a&nbsp;spolo\u010dnosti. Na\u0161e k\u013e\u00fa\u010dov\u00e9 v\u00fdzvy s\u00fa zabezpe\u010denie nerastn\u00fdch surov\u00edn pre fungovanie klasick\u00fdch oblast\u00ed hospod\u00e1rstva ako aj rozmach nov\u00fdch technol\u00f3gii, efekt\u00edvnej\u0161ie vyu\u017e\u00edvanie prim\u00e1rnych a&nbsp;sekund\u00e1rnych nerastn\u00fdch surov\u00edn, zni\u017eovanie a&nbsp;odstra\u0148ovanie negat\u00edvneho vplyvu banskej a&nbsp;inej priemyselnej \u010dinnosti na \u017eivotn\u00e9 prostredie a&nbsp;prispie\u0165 ku glob\u00e1lnej dekarboniz\u00e1cii. N\u00e1strojmi k&nbsp;dosiahnutiu t\u00fdchto v\u00fdziev s\u00fa na\u0161e poznatky o&nbsp;horninotvorn\u00fdch a lo\u017eiskotvorn\u00fdch procesoch, schopnosti komplexn\u00e9ho zhodnotenia lo\u017e\u00edsk nerastn\u00fdch surov\u00edn vych\u00e1dzaj\u00face z aplik\u00e1cie z\u00e1kladn\u00fdch a pokro\u010dil\u00fdch metod\u00edk prieskumnej geol\u00f3gie, mineralogickej, litologicko-petrologickej a geochemickej anal\u00fdzy, stanovenia fyzik\u00e1lno-mechanick\u00fdch vlastnost\u00ed a laborat\u00f3rnych experimentov a synt\u00e9z, vyu\u017e\u00edvaj\u00fac prostredie GIS pre vytv\u00e1ranie genetick\u00fdch modelov, modelov distrib\u00facie kvality surov\u00edn, modelov zhodnotenia riz\u00edk \u0165a\u017eby nerastn\u00fdch surov\u00edn a&nbsp;\u0161\u00edrenia negat\u00edvnych dopadov antropog\u00e9nnych aktiv\u00edt na \u017eivotn\u00e9 prostredie.<\/p>\n\n\n\n<div class=\"wp-block-image\"><figure class=\"aligncenter size-large is-resized\"><img loading=\"lazy\" src=\"https:\/\/kmplg.sk\/wp-content\/uploads\/2022\/01\/Katedra-mineralogie-petrologie-a-loziskovej-geologie-6-1024x683.jpg\" alt=\"\" class=\"wp-image-2761\" width=\"611\" height=\"407\" srcset=\"https:\/\/kmplg.sk\/wp-content\/uploads\/2022\/01\/Katedra-mineralogie-petrologie-a-loziskovej-geologie-6-1024x683.jpg 1024w, https:\/\/kmplg.sk\/wp-content\/uploads\/2022\/01\/Katedra-mineralogie-petrologie-a-loziskovej-geologie-6-300x200.jpg 300w, https:\/\/kmplg.sk\/wp-content\/uploads\/2022\/01\/Katedra-mineralogie-petrologie-a-loziskovej-geologie-6-768x512.jpg 768w, https:\/\/kmplg.sk\/wp-content\/uploads\/2022\/01\/Katedra-mineralogie-petrologie-a-loziskovej-geologie-6-1536x1024.jpg 1536w, https:\/\/kmplg.sk\/wp-content\/uploads\/2022\/01\/Katedra-mineralogie-petrologie-a-loziskovej-geologie-6-2048x1365.jpg 2048w, https:\/\/kmplg.sk\/wp-content\/uploads\/2022\/01\/Katedra-mineralogie-petrologie-a-loziskovej-geologie-6-90x60.jpg 90w, https:\/\/kmplg.sk\/wp-content\/uploads\/2022\/01\/Katedra-mineralogie-petrologie-a-loziskovej-geologie-6-374x249.jpg 374w\" sizes=\"(max-width: 611px) 100vw, 611px\" \/><figcaption><strong>Katedra mineral\u00f3gie, petrol\u00f3gie a lo\u017eiskovej geol\u00f3gie (2021):<\/strong>\u00a0na fotografii zvrchu z\u013eava \u2013 Pavel Uher, Peter Se\u010dk\u00e1r, Peter Ru\u017ei\u010dka, Katar\u00edna \u0160arinov\u00e1, Matej Ryb\u00e1rik, Gabika Ku\u010derov\u00e1, Daniel Ozd\u00edn, Peter \u0160ottn\u00edk, Peter Uhl\u00edk, Ot\u00edlia Lintnerov\u00e1, Gr\u00e9ta Greg\u00e1\u0148ov\u00e1, Martin Ondrejka, Peter Ba\u010d\u00edk, Marek Osack\u00fd, Olena Rybn\u00edkov\u00e1, Jana Fridrichov\u00e1, Diego Delgado, Yuqing Bai (ch\u00fdbaj\u00faci \u010dlenovia: Marian Puti\u0161, Monika Huraiov\u00e1, Peter Kod\u011bra, Ondrej Nemec, Jana Br\u010dekov\u00e1, Luca Reato, Petra Kardo\u0161ov\u00e1, Alexandra Moln\u00e1rov\u00e1, Samir Ustalic, Anna Voz\u00e1rov\u00e1, Martin Chovan, Ivan Kraus).\u00a0<em>Foto \u2013 Mgr. Maro\u0161 Ondrejka \u2013 Refer\u00e1t propag\u00e1cie PriF-UK.<\/em><\/figcaption><\/figure><\/div>\n\n\n\n<p>N\u00e1pl\u0148 katedry je rovnomerne rozlo\u017een\u00e1 na pedagogick\u00fa a vedeck\u00fa \u010dinnos\u0165 v&nbsp;z\u00e1kladnom a&nbsp;aplikovanom v\u00fdskume. \u0160tudenti v\u0161etk\u00fdch stup\u0148ov \u0161t\u00fadia s\u00fa plnohodnotnou s\u00fa\u010das\u0165ou na\u0161ich v\u00fdskumn\u00fdch a projektov\u00fdch aktiv\u00edt. Snahou katedry je vychova\u0165 mineral\u00f3gov, petrol\u00f3gov, lo\u017eiskov\u00fdch a&nbsp;environment\u00e1lnych geol\u00f3gov so \u0161irok\u00fdm z\u00e1berom uplatnenia pre prospek\u010dn\u00e9 a&nbsp;\u0165a\u017eobn\u00e9 spolo\u010dnosti, in\u0161tit\u00facie zaoberaj\u00face sa ochranou \u017eivotn\u00e9ho prostredia,&nbsp;san\u00e1ciou environment\u00e1lnych z\u00e1\u0165a\u017e\u00ed alebo \u00fazemn\u00fdm pl\u00e1novan\u00edm. Na\u0161i absolventi sa uplat\u0148uj\u00fa tie\u017e v \u0161t\u00e1tnej spr\u00e1ve a&nbsp;samospr\u00e1ve, vo v\u00fdskumn\u00fdch in\u0161tit\u00faci\u00e1ch, m\u00faze\u00e1ch a&nbsp;\u010fal\u0161\u00edch geologick\u00fdch a&nbsp;gemologick\u00fdch organiz\u00e1ci\u00e1ch.<\/p>\n","protected":false},"excerpt":{"rendered":"<p>O n\u00e1s Katedra mineral\u00f3gie, petrol\u00f3gie a&nbsp;lo\u017eiskovej geol\u00f3gie vznikla v&nbsp;roku 2021 &hellip; <\/p>\n","protected":false},"author":1,"featured_media":0,"parent":0,"menu_order":0,"comment_status":"closed","ping_status":"closed","template":"","meta":{"_monsterinsights_skip_tracking":false,"_monsterinsights_sitenote_active":false,"_monsterinsights_sitenote_note":"","_monsterinsights_sitenote_category":0,"ngg_post_thumbnail":0},"folder":[],"yoast_head":"<!-- This site is optimized with the Yoast SEO plugin v19.4 - https:\/\/yoast.com\/wordpress\/plugins\/seo\/ -->\n<title>O n\u00e1s - Katedra mineral\u00f3gie, petrol\u00f3gie a lo\u017eiskovej geol\u00f3gie<\/title>\n<meta name=\"robots\" content=\"index, follow, max-snippet:-1, max-image-preview:large, max-video-preview:-1\" \/>\n<link rel=\"canonical\" href=\"https:\/\/kmplg.sk\/\" \/>\n<meta property=\"og:locale\" content=\"sk_SK\" \/>\n<meta property=\"og:type\" content=\"article\" \/>\n<meta property=\"og:title\" content=\"O n\u00e1s - Katedra mineral\u00f3gie, petrol\u00f3gie a lo\u017eiskovej geol\u00f3gie\" \/>\n<meta property=\"og:description\" content=\"O n\u00e1s Katedra mineral\u00f3gie, petrol\u00f3gie a&nbsp;lo\u017eiskovej geol\u00f3gie vznikla v&nbsp;roku 2021 &hellip;\" \/>\n<meta property=\"og:url\" content=\"https:\/\/kmplg.sk\/\" \/>\n<meta property=\"og:site_name\" content=\"Katedra mineral\u00f3gie, petrol\u00f3gie a lo\u017eiskovej geol\u00f3gie\" \/>\n<meta property=\"article:publisher\" content=\"https:\/\/www.facebook.com\/kmplg\/\" \/>\n<meta property=\"article:modified_time\" content=\"2022-02-01T11:45:16+00:00\" \/>\n<meta property=\"og:image\" content=\"https:\/\/kmplg.sk\/wp-content\/uploads\/2022\/01\/Katedra-mineralogie-petrologie-a-loziskovej-geologie-6-1024x683.jpg\" \/>\n<meta name=\"twitter:card\" content=\"summary_large_image\" \/>\n<meta name=\"twitter:label1\" content=\"Predpokladan\u00fd \u010das \u010d\u00edtania\" \/>\n\t<meta name=\"twitter:data1\" content=\"2 min\u00faty\" \/>\n<script type=\"application\/ld+json\" class=\"yoast-schema-graph\">{\"@context\":\"https:\/\/schema.org\",\"@graph\":[{\"@type\":\"WebSite\",\"@id\":\"https:\/\/kmplg.sk\/#website\",\"url\":\"https:\/\/kmplg.sk\/\",\"name\":\"Katedra mineral\u00f3gie, petrol\u00f3gie a lo\u017eiskovej geol\u00f3gie\",\"description\":\"Pr\u00edrodovedeck\u00e1 fakulta Univerzity Komensk\u00e9ho v Bratislave\",\"potentialAction\":[{\"@type\":\"SearchAction\",\"target\":{\"@type\":\"EntryPoint\",\"urlTemplate\":\"https:\/\/kmplg.sk\/?s={search_term_string}\"},\"query-input\":\"required name=search_term_string\"}],\"inLanguage\":\"sk-SK\"},{\"@type\":\"WebPage\",\"@id\":\"https:\/\/kmplg.sk\/\",\"url\":\"https:\/\/kmplg.sk\/\",\"name\":\"O n\u00e1s - Katedra mineral\u00f3gie, petrol\u00f3gie a lo\u017eiskovej geol\u00f3gie\",\"isPartOf\":{\"@id\":\"https:\/\/kmplg.sk\/#website\"},\"datePublished\":\"2021-03-04T10:15:05+00:00\",\"dateModified\":\"2022-02-01T11:45:16+00:00\",\"breadcrumb\":{\"@id\":\"https:\/\/kmplg.sk\/#breadcrumb\"},\"inLanguage\":\"sk-SK\",\"potentialAction\":[{\"@type\":\"ReadAction\",\"target\":[\"https:\/\/kmplg.sk\/\"]}]},{\"@type\":\"BreadcrumbList\",\"@id\":\"https:\/\/kmplg.sk\/#breadcrumb\",\"itemListElement\":[{\"@type\":\"ListItem\",\"position\":1,\"name\":\"Home\",\"item\":\"https:\/\/kmplg.sk\/\"},{\"@type\":\"ListItem\",\"position\":2,\"name\":\"O n\u00e1s\"}]}]}<\/script>\n<!-- \/ Yoast SEO plugin. -->","yoast_head_json":{"title":"O n\u00e1s - Katedra mineral\u00f3gie, petrol\u00f3gie a lo\u017eiskovej geol\u00f3gie","robots":{"index":"index","follow":"follow","max-snippet":"max-snippet:-1","max-image-preview":"max-image-preview:large","max-video-preview":"max-video-preview:-1"},"canonical":"https:\/\/kmplg.sk\/","og_locale":"sk_SK","og_type":"article","og_title":"O n\u00e1s - Katedra mineral\u00f3gie, petrol\u00f3gie a lo\u017eiskovej geol\u00f3gie","og_description":"O n\u00e1s Katedra mineral\u00f3gie, petrol\u00f3gie a&nbsp;lo\u017eiskovej geol\u00f3gie vznikla v&nbsp;roku 2021 &hellip;","og_url":"https:\/\/kmplg.sk\/","og_site_name":"Katedra mineral\u00f3gie, petrol\u00f3gie a lo\u017eiskovej geol\u00f3gie","article_publisher":"https:\/\/www.facebook.com\/kmplg\/","article_modified_time":"2022-02-01T11:45:16+00:00","og_image":[{"url":"https:\/\/kmplg.sk\/wp-content\/uploads\/2022\/01\/Katedra-mineralogie-petrologie-a-loziskovej-geologie-6-1024x683.jpg"}],"twitter_card":"summary_large_image","twitter_misc":{"Predpokladan\u00fd \u010das \u010d\u00edtania":"2 min\u00faty"},"schema":{"@context":"https:\/\/schema.org","@graph":[{"@type":"WebSite","@id":"https:\/\/kmplg.sk\/#website","url":"https:\/\/kmplg.sk\/","name":"Katedra mineral\u00f3gie, petrol\u00f3gie a lo\u017eiskovej geol\u00f3gie","description":"Pr\u00edrodovedeck\u00e1 fakulta Univerzity Komensk\u00e9ho v Bratislave","potentialAction":[{"@type":"SearchAction","target":{"@type":"EntryPoint","urlTemplate":"https:\/\/kmplg.sk\/?s={search_term_string}"},"query-input":"required name=search_term_string"}],"inLanguage":"sk-SK"},{"@type":"WebPage","@id":"https:\/\/kmplg.sk\/","url":"https:\/\/kmplg.sk\/","name":"O n\u00e1s - Katedra mineral\u00f3gie, petrol\u00f3gie a lo\u017eiskovej geol\u00f3gie","isPartOf":{"@id":"https:\/\/kmplg.sk\/#website"},"datePublished":"2021-03-04T10:15:05+00:00","dateModified":"2022-02-01T11:45:16+00:00","breadcrumb":{"@id":"https:\/\/kmplg.sk\/#breadcrumb"},"inLanguage":"sk-SK","potentialAction":[{"@type":"ReadAction","target":["https:\/\/kmplg.sk\/"]}]},{"@type":"BreadcrumbList","@id":"https:\/\/kmplg.sk\/#breadcrumb","itemListElement":[{"@type":"ListItem","position":1,"name":"Home","item":"https:\/\/kmplg.sk\/"},{"@type":"ListItem","position":2,"name":"O n\u00e1s"}]}]}},"_links":{"self":[{"href":"https:\/\/kmplg.sk\/index.php?rest_route=\/wp\/v2\/pages\/19"}],"collection":[{"href":"https:\/\/kmplg.sk\/index.php?rest_route=\/wp\/v2\/pages"}],"about":[{"href":"https:\/\/kmplg.sk\/index.php?rest_route=\/wp\/v2\/types\/page"}],"author":[{"embeddable":true,"href":"https:\/\/kmplg.sk\/index.php?rest_route=\/wp\/v2\/users\/1"}],"replies":[{"embeddable":true,"href":"https:\/\/kmplg.sk\/index.php?rest_route=%2Fwp%2Fv2%2Fcomments&post=19"}],"version-history":[{"count":6,"href":"https:\/\/kmplg.sk\/index.php?rest_route=\/wp\/v2\/pages\/19\/revisions"}],"predecessor-version":[{"id":2770,"href":"https:\/\/kmplg.sk\/index.php?rest_route=\/wp\/v2\/pages\/19\/revisions\/2770"}],"wp:attachment":[{"href":"https:\/\/kmplg.sk\/index.php?rest_route=%2Fwp%2Fv2%2Fmedia&parent=19"}],"wp:term":[{"taxonomy":"folder","embeddable":true,"href":"https:\/\/kmplg.sk\/index.php?rest_route=%2Fwp%2Fv2%2Ffolder&post=19"}],"curies":[{"name":"wp","href":"https:\/\/api.w.org\/{rel}","templated":true}]}}