{"id":1309,"date":"2021-04-14T13:59:40","date_gmt":"2021-04-14T11:59:40","guid":{"rendered":"http:\/\/kmplg.sk\/?page_id=1309"},"modified":"2021-04-22T13:06:06","modified_gmt":"2021-04-22T11:06:06","slug":"studijne-materialy-2","status":"publish","type":"page","link":"https:\/\/kmplg.sk\/?page_id=1309","title":{"rendered":"\u0160tudijn\u00e9 materi\u00e1ly"},"content":{"rendered":"\n<div class=\"wp-block-media-text alignwide is-stacked-on-mobile\" style=\"grid-template-columns:28% auto\"><figure class=\"wp-block-media-text__media\"><img loading=\"lazy\" width=\"725\" height=\"1024\" src=\"http:\/\/kmplg.sk\/wp-content\/uploads\/2021\/04\/fluida-2-725x1024.jpg\" alt=\"\" class=\"wp-image-1336 size-full\" srcset=\"https:\/\/kmplg.sk\/wp-content\/uploads\/2021\/04\/fluida-2-725x1024.jpg 725w, https:\/\/kmplg.sk\/wp-content\/uploads\/2021\/04\/fluida-2-213x300.jpg 213w, https:\/\/kmplg.sk\/wp-content\/uploads\/2021\/04\/fluida-2-768x1084.jpg 768w, https:\/\/kmplg.sk\/wp-content\/uploads\/2021\/04\/fluida-2-1088x1536.jpg 1088w, https:\/\/kmplg.sk\/wp-content\/uploads\/2021\/04\/fluida-2-1451x2048.jpg 1451w, https:\/\/kmplg.sk\/wp-content\/uploads\/2021\/04\/fluida-2-43x60.jpg 43w, https:\/\/kmplg.sk\/wp-content\/uploads\/2021\/04\/fluida-2-scaled.jpg 1813w\" sizes=\"(max-width: 725px) 100vw, 725px\" \/><\/figure><div class=\"wp-block-media-text__content\">\n<div class=\"wp-block-group\"><div class=\"wp-block-group__inner-container\">\n<p class=\"has-text-align-left has-vivid-cyan-blue-color has-text-color has-normal-font-size\"><strong><span class=\"has-inline-color has-vivid-red-color\">Z\u00e1klady \u0161t\u00fadia fluidn\u00fdch inkl\u00fazi\u00ed v\u00a0miner\u00e1loch<\/span><\/strong><br><strong>Huraiov\u00e1, M., Hurai, V., Slobodn\u00edk, M. <\/strong><br>Masarykova Univerzita v\u00a0Brn\u011b, 120 s., 2002<\/p>\n\n\n\n<p style=\"font-size:14px\"><em><em>Skript\u00e1 prin\u00e1\u0161aj\u00fa prv\u00e9 ucelen\u00e9 inform\u00e1cie o&nbsp;met\u00f3dach v\u00fdskumu fluidn\u00fdch inkl\u00fazi\u00ed publikovan\u00e9 v&nbsp;slovenskom jazyku. Drobn\u00e9, vo\u013en\u00fdm okom takmer nevidite\u013en\u00e9 \u010diasto\u010dky flu\u00edd \u2013 fluidn\u00e9 inkl\u00fazie, zachyt\u00e1van\u00e9 po\u010das rastu alebo rekry\u0161taliz\u00e1cie miner\u00e1lov s\u00fa jedine\u010dn\u00fdm zdrojom inform\u00e1ci\u00ed o&nbsp;gen\u00e9ze a&nbsp;zasluhuj\u00fa si na\u0161u pozornos\u0165. \u0160t\u00fadium fluidn\u00fdch inkl\u00fazi\u00ed v&nbsp;miner\u00e1loch a&nbsp;hornin\u00e1ch je v s\u00fa\u010dasnosti neoddelite\u013enou s\u00fa\u010das\u0165ou modern\u00e9ho geologick\u00e9ho v\u00fdskumu. Skript\u00e1 s\u00fa ur\u010den\u00e9 predov\u0161etk\u00fdm mineral\u00f3gom, petrol\u00f3gom a&nbsp;lo\u017eiskov\u00fdm geol\u00f3gom, ktor\u00ed sa chc\u00fa obozn\u00e1mi\u0165 s&nbsp;v\u00fdskumom a&nbsp;met\u00f3dami \u0161t\u00fadia fluidn\u00fdch inkl\u00fazi\u00ed. Vydanie skr\u00edpt umo\u017enila finan\u010dn\u00e1 podpora Katedry geol\u00f3gie a&nbsp;paleontol\u00f3gie P\u0159F MU v&nbsp;Brn\u011b, Katedry mineral\u00f3gie a&nbsp;petrol\u00f3gie PriF UK v&nbsp;Bratislave a&nbsp;grantu GA\u010cR 205\/00\/0365. <\/em><\/em><\/p>\n<\/div><\/div>\n<\/div><\/div>\n\n\n\n<div class=\"wp-block-media-text alignwide is-stacked-on-mobile\" style=\"grid-template-columns:28% auto\"><figure class=\"wp-block-media-text__media\"><img loading=\"lazy\" width=\"798\" height=\"1024\" src=\"http:\/\/kmplg.sk\/wp-content\/uploads\/2021\/04\/geofluids_3e042e9e8d-798x1024.jpeg\" alt=\"\" class=\"wp-image-1153 size-full\" srcset=\"https:\/\/kmplg.sk\/wp-content\/uploads\/2021\/04\/geofluids_3e042e9e8d-798x1024.jpeg 798w, https:\/\/kmplg.sk\/wp-content\/uploads\/2021\/04\/geofluids_3e042e9e8d-234x300.jpeg 234w, https:\/\/kmplg.sk\/wp-content\/uploads\/2021\/04\/geofluids_3e042e9e8d-768x986.jpeg 768w, https:\/\/kmplg.sk\/wp-content\/uploads\/2021\/04\/geofluids_3e042e9e8d-47x60.jpeg 47w, https:\/\/kmplg.sk\/wp-content\/uploads\/2021\/04\/geofluids_3e042e9e8d.jpeg 935w\" sizes=\"(max-width: 798px) 100vw, 798px\" \/><\/figure><div class=\"wp-block-media-text__content\">\n<div class=\"wp-block-group\"><div class=\"wp-block-group__inner-container\">\n<p class=\"has-text-align-left has-vivid-cyan-blue-color has-text-color has-normal-font-size\"><strong><span class=\"has-inline-color has-vivid-red-color\"><a href=\"https:\/\/www.sciencedirect.com\/book\/9780128032411\/geofluids\">Geofluids &#8211; Development in Microthermometry, Spectroscopy, Thermodynamics, and Stable Isotopes<\/a><\/span><\/strong> <br><strong>Hurai, V., Huraiov\u00e1, M., Slobodn\u00edk, M., Thomas R.<\/strong><br>ELSEVIER, Amsterdam, 489 pp. 2015, ISBN: 978-0-12-803241-1<\/p>\n\n\n\n<p style=\"font-size:14px\"><em>Monografia bola nap\u00edsan\u00e1 s&nbsp;cie\u013eom zhrn\u00fa\u0165 priame aj nepriame met\u00f3dy \u0161t\u00fadia flu\u00edd a vyu\u017ei\u0165 ich pre z\u00edskanie inform\u00e1ci\u00ed o&nbsp;p\u00f4vode miner\u00e1lov a horn\u00edn. Z\u00e1kladn\u00e1 met\u00f3da v\u00fdskumu fluidn\u00fdch inkl\u00fazi\u00ed \u2013 optick\u00e1 mikrotermometria, je doplnen\u00e1 nepriamymi met\u00f3dami zah\u0155\u0148aj\u00facimi chemick\u00fa, termodynamick\u00fa a&nbsp;izotopov\u00fa rovnov\u00e1hu medzi miner\u00e1lmi a&nbsp;fluidami. Text je doplnen\u00fd praktick\u00fdmi rie\u0161en\u00fdmi pr\u00edkladmi z&nbsp;re\u00e1lnej geologickej praxe. Obsahuje tie\u017e rozsiahly s\u00fabor pr\u00edloh s&nbsp;\u00fadajmi potrebn\u00fdmi pre interpret\u00e1ciu analytick\u00fdch \u00fadajov s\u00favisiacich s&nbsp;v\u00fdskumom fluid. Text monografie bol dokon\u010den\u00fd pri pr\u00edle\u017eitosti 25. v\u00fdro\u010dia \u201eNe\u017enej revol\u00facie\u201c z&nbsp;roku 1989, ktor\u00e1 priniesla zmenu politick\u00e9ho re\u017eimu v&nbsp;b\u00fdvalom \u010ceskoslovensku a&nbsp;p\u00e1d \u201e\u017deleznej opony\u201c. Pr\u00edpravu textu finan\u010dne podporil VEGA grant 02\/0069\/13 a&nbsp;projekt Centra excelencie pre integrovan\u00fd v\u00fdskum geosf\u00e9ry ITMS-26220120064. Monografia sa nach\u00e1dza vo viac ako 500 univerzitn\u00fdch a&nbsp;in\u0161titucion\u00e1lnych kni\u017eniciach 50 kraj\u00edn sveta. <\/em><\/p>\n<\/div><\/div>\n<\/div><\/div>\n\n\n\n<div class=\"wp-block-media-text alignwide is-stacked-on-mobile\" style=\"grid-template-columns:28% auto\"><figure class=\"wp-block-media-text__media\"><img loading=\"lazy\" width=\"719\" height=\"1024\" src=\"http:\/\/kmplg.sk\/wp-content\/uploads\/2021\/04\/petrologia-719x1024.jpg\" alt=\"\" class=\"wp-image-1339 size-full\" srcset=\"https:\/\/kmplg.sk\/wp-content\/uploads\/2021\/04\/petrologia-719x1024.jpg 719w, https:\/\/kmplg.sk\/wp-content\/uploads\/2021\/04\/petrologia-211x300.jpg 211w, https:\/\/kmplg.sk\/wp-content\/uploads\/2021\/04\/petrologia-768x1093.jpg 768w, https:\/\/kmplg.sk\/wp-content\/uploads\/2021\/04\/petrologia-1079x1536.jpg 1079w, https:\/\/kmplg.sk\/wp-content\/uploads\/2021\/04\/petrologia-1438x2048.jpg 1438w, https:\/\/kmplg.sk\/wp-content\/uploads\/2021\/04\/petrologia-42x60.jpg 42w, https:\/\/kmplg.sk\/wp-content\/uploads\/2021\/04\/petrologia-scaled.jpg 1798w\" sizes=\"(max-width: 719px) 100vw, 719px\" \/><\/figure><div class=\"wp-block-media-text__content\">\n<div class=\"wp-block-group\"><div class=\"wp-block-group__inner-container\">\n<p class=\"has-text-align-left has-vivid-cyan-blue-color has-text-color has-normal-font-size\"><strong><span class=\"has-inline-color has-vivid-red-color\">Petrol\u00f3gia magmatick\u00fdch horn\u00edn<\/span><\/strong> <br><strong>Huraiov\u00e1, M., Ondrejka, M. <\/strong><br>Vydavate\u013estvo UK, Bratislava, 356 s., 2016<\/p>\n\n\n\n<p style=\"font-size:14px\"><em><em>Skript\u00e1 prin\u00e1\u0161aj\u00fa najnov\u0161ie v\u00fdsledky \u0161t\u00fadia magmatick\u00fdch horn\u00edn vych\u00e1dzaj\u00face z&nbsp;te\u00f3rie plat\u0148ovej tektoniky. Opisuj\u00fa jednotliv\u00e9 geotektonick\u00e9 prostredia vzniku magmatick\u00fdch horn\u00edn, ich zlo\u017eenie, geochemick\u00fa a&nbsp;izotopov\u00fa charakteristiku. Ur\u010den\u00e9 s\u00fa \u0161tudentom magistersk\u00e9ho stup\u0148a. Skript\u00e1 sprostredkuj\u00fa \u0161tudentom najd\u00f4le\u017eitej\u0161ie princ\u00edpy, s&nbsp;ktor\u00fdmi pracuje petrol\u00f3gia magmatick\u00fdch horn\u00edn, doplnen\u00e9 rie\u0161en\u00fdmi petrologick\u00fdmi prepo\u010dtami a&nbsp;pr\u00edkladmi. V&nbsp;texte sa nach\u00e1dza aj najnov\u0161ia klasifik\u00e1cia magmatick\u00fdch horn\u00edn a&nbsp;na konci index pre \u013eah\u0161ie vyh\u013ead\u00e1vanie term\u00ednov a&nbsp;pojmov. Magmatick\u00e1 petrol\u00f3gia je dynamick\u00e1 vedn\u00e1 discipl\u00edna, ktor\u00e1 vyu\u017e\u00edva v\u00fdskumn\u00fd apar\u00e1t mineral\u00f3gie, termodynamiky, f\u00e1zovej petrol\u00f3gie a&nbsp;fyzik\u00e1lnej ch\u00e9mie a&nbsp;ur\u010dite stoj\u00ed za to, aby sa s&nbsp;\u0148ou \u0161tudenti bli\u017e\u0161ie obozn\u00e1mili. Skript\u00e1 sa rozsahom a obsahom bl\u00ed\u017eia vysoko\u0161kolskej u\u010debnici. Boli finan\u010dne podporen\u00e9 Kult\u00farnou a&nbsp;grantovou agent\u00farou KEGA v&nbsp;r\u00e1mci projektu \u201eModern\u00e1 \u0161kola magmatickej petrol\u00f3gie\u201c 014UK-4\/2013. <\/em><\/em><\/p>\n<\/div><\/div>\n<\/div><\/div>\n\n\n\n<div class=\"wp-block-media-text alignwide is-stacked-on-mobile\" style=\"grid-template-columns:28% auto\"><figure class=\"wp-block-media-text__media\"><img loading=\"lazy\" width=\"717\" height=\"1024\" src=\"http:\/\/kmplg.sk\/wp-content\/uploads\/2021\/04\/izotopy-1-717x1024.jpg\" alt=\"\" class=\"wp-image-1343 size-full\" srcset=\"https:\/\/kmplg.sk\/wp-content\/uploads\/2021\/04\/izotopy-1-717x1024.jpg 717w, https:\/\/kmplg.sk\/wp-content\/uploads\/2021\/04\/izotopy-1-210x300.jpg 210w, https:\/\/kmplg.sk\/wp-content\/uploads\/2021\/04\/izotopy-1-768x1097.jpg 768w, https:\/\/kmplg.sk\/wp-content\/uploads\/2021\/04\/izotopy-1-1075x1536.jpg 1075w, https:\/\/kmplg.sk\/wp-content\/uploads\/2021\/04\/izotopy-1-1434x2048.jpg 1434w, https:\/\/kmplg.sk\/wp-content\/uploads\/2021\/04\/izotopy-1-42x60.jpg 42w, https:\/\/kmplg.sk\/wp-content\/uploads\/2021\/04\/izotopy-1-scaled.jpg 1792w\" sizes=\"(max-width: 717px) 100vw, 717px\" \/><\/figure><div class=\"wp-block-media-text__content\">\n<div class=\"wp-block-group\"><div class=\"wp-block-group__inner-container\">\n<p class=\"has-text-align-left has-vivid-cyan-blue-color has-text-color has-normal-font-size\"><strong><span class=\"has-inline-color has-vivid-red-color\">Izotopov\u00e1 geol\u00f3gia I. Stabiln\u00e9 izotopy<\/span><\/strong> <br><strong>Hurai, V., Huraiov\u00e1, M.<\/strong><br>Vydavate\u013estvo UK, Bratislava, 78 s., 2016<\/p>\n\n\n\n<p style=\"font-size:14px\"><em><em><em>Skript\u00e1 ur\u010den\u00e9 \u0161tudentom magistersk\u00e9ho stup\u0148a v&nbsp;odbore mineral\u00f3gia, petrol\u00f3gia, lo\u017eiskov\u00e1 geol\u00f3ga, v\u0161eobecn\u00e1 geol\u00f3gia a&nbsp;paleontol\u00f3gia&nbsp;boli nap\u00edsan\u00e9 s&nbsp;cie\u013eom u\u013eah\u010di\u0165 \u0161tudentom ch\u00e1panie problematiky frakcion\u00e1cie stabiln\u00fdch izotopov v pr\u00edrode. Na precvi\u010denie z\u00e1kladn\u00fdch teoretick\u00fdch poznatkov s\u00fa doplnen\u00e9 aj praktick\u00fdmi pr\u00edkladmi. Niektor\u00e9 kapitoly poskytuj\u00fa aj viac detailnej\u0161\u00edch, najm\u00e4 interpreta\u010dn\u00fdch v\u00fdsledkov, a&nbsp;preto m\u00f4\u017eu sl\u00fa\u017ei\u0165 aj \u0161tudentom doktorandsk\u00e9ho stup\u0148a ako metodick\u00fd n\u00e1vod. Vydanie skr\u00edpt bolo financovan\u00e9 z&nbsp;prostriedkov projektu KEGA (014UK-4\/2013) \u201eModern\u00e1 \u0161kola magmatickej petrol\u00f3gie\u201c. <\/em><\/em><\/em><\/p>\n<\/div><\/div>\n<\/div><\/div>\n\n\n\n<div class=\"wp-block-media-text alignwide is-stacked-on-mobile\" style=\"grid-template-columns:28% auto\"><figure class=\"wp-block-media-text__media\"><img loading=\"lazy\" width=\"741\" height=\"1024\" src=\"http:\/\/kmplg.sk\/wp-content\/uploads\/2021\/04\/Vulky-prva-strana-741x1024.jpg\" alt=\"\" class=\"wp-image-1347 size-full\" srcset=\"https:\/\/kmplg.sk\/wp-content\/uploads\/2021\/04\/Vulky-prva-strana-741x1024.jpg 741w, https:\/\/kmplg.sk\/wp-content\/uploads\/2021\/04\/Vulky-prva-strana-217x300.jpg 217w, https:\/\/kmplg.sk\/wp-content\/uploads\/2021\/04\/Vulky-prva-strana-768x1061.jpg 768w, https:\/\/kmplg.sk\/wp-content\/uploads\/2021\/04\/Vulky-prva-strana-1112x1536.jpg 1112w, https:\/\/kmplg.sk\/wp-content\/uploads\/2021\/04\/Vulky-prva-strana-1483x2048.jpg 1483w, https:\/\/kmplg.sk\/wp-content\/uploads\/2021\/04\/Vulky-prva-strana-43x60.jpg 43w, https:\/\/kmplg.sk\/wp-content\/uploads\/2021\/04\/Vulky-prva-strana.jpg 1582w\" sizes=\"(max-width: 741px) 100vw, 741px\" \/><\/figure><div class=\"wp-block-media-text__content\">\n<div class=\"wp-block-group\"><div class=\"wp-block-group__inner-container\">\n<p class=\"has-text-align-left has-vivid-cyan-blue-color has-text-color has-normal-font-size\"><strong><span class=\"has-inline-color has-vivid-red-color\">Vulkanol\u00f3gia<\/span><\/strong><br><strong>Kone\u010dn\u00fd V., Huraiov\u00e1, M.<\/strong><br>Vydavate\u013estvo UK, Bratislava, 340 s., 2020<\/p>\n\n\n\n<p style=\"font-size:14px\"><em><em><em><em>Cie\u013eom vysoko\u0161kolskej u\u010debnice je sprostredkova\u0165 \u0161tudentom pr\u00edrodovedn\u00e9ho zamerania na jednom mieste inform\u00e1cie t\u00fdkaj\u00face sa vulkanizmu a&nbsp;s\u00favisiacich geologick\u00fdch procesov. S&nbsp;term\u00ednmi z&nbsp;vulkanol\u00f3gie sa \u0161tudenti stret\u00e1vaj\u00fa v&nbsp;mnoh\u00fdch predmetoch, no ucelen\u00fd \u0161tudijn\u00fd materi\u00e1l nebol doposia\u013e v&nbsp;slovenskom jazyku k&nbsp;dispoz\u00edcii. Amb\u00edciou u\u010debnice je vzbudi\u0165 z\u00e1ujem o&nbsp;\u0161t\u00fadium vulkanol\u00f3gie a&nbsp;pouk\u00e1za\u0165 na to, \u017ee vulkanol\u00f3gia je pri s\u00fa\u010dasnom stave poznania ve\u013emi komplexn\u00e1 s&nbsp;dynamick\u00e1 vedn\u00e1 discipl\u00edna. U\u010debnica prin\u00e1\u0161a aj podrobn\u00fa charakteristiku stavby vulkanick\u00fdch pohor\u00ed na Slovensku. Je vhodn\u00e1 pre odborn\u00fa ale aj laick\u00fa verejnos\u0165, ktor\u00e1 sa chce zozn\u00e1mi\u0165 s&nbsp;tak\u00fdm atrakt\u00edvnym pr\u00edrodn\u00fdm fenom\u00e9nom, ak\u00fdm vulkanizmus nepochybne je. U\u010debnica obsahuje ve\u013ek\u00e9 mno\u017estvo autorsk\u00fdch kresieb Vlastimila Kone\u010dn\u00e9ho, ktor\u00fd v&nbsp;nich sk\u013abil svoju l\u00e1sku k&nbsp;v\u00fdtvarn\u00e9mu umeniu a&nbsp;geol\u00f3gii. Preto je u\u010debnica z\u00e1rove\u0148 aj spomienkou na neopakovate\u013en\u00fd odborn\u00fd a kresliarsky \u0161t\u00fdl \u010dloveka, ktor\u00fd bol cel\u00fd \u017eivot zap\u00e1len\u00fdm vulkanol\u00f3gom a&nbsp;zasl\u00fa\u017eil sa o&nbsp;rozvoj vulkanol\u00f3gie na Slovensku. Na ob\u00e1lke u\u010debnice je f\u00fazia jesennej fotografie a&nbsp;jedn\u00e9ho z&nbsp;jeho mnoh\u00fdch obrazov zn\u00e1zor\u0148uj\u00facich dominantu Banskej \u0160tiavnice, ktor\u00e1 ho in\u0161pirovala po geologickej aj umeleckej str\u00e1nke. <\/em><\/em><\/em><\/em><\/p>\n<\/div><\/div>\n<\/div><\/div>\n\n\n\n<p><\/p>\n","protected":false},"excerpt":{"rendered":"","protected":false},"author":4,"featured_media":0,"parent":0,"menu_order":0,"comment_status":"closed","ping_status":"closed","template":"","meta":{"_monsterinsights_skip_tracking":false,"_monsterinsights_sitenote_active":false,"_monsterinsights_sitenote_note":"","_monsterinsights_sitenote_category":0,"ngg_post_thumbnail":0},"folder":[46],"yoast_head":"<!-- This site is optimized with the Yoast SEO plugin v19.4 - https:\/\/yoast.com\/wordpress\/plugins\/seo\/ -->\n<title>\u0160tudijn\u00e9 materi\u00e1ly - Katedra mineral\u00f3gie, petrol\u00f3gie a lo\u017eiskovej geol\u00f3gie<\/title>\n<meta name=\"robots\" content=\"index, follow, max-snippet:-1, max-image-preview:large, max-video-preview:-1\" \/>\n<link rel=\"canonical\" href=\"https:\/\/kmplg.sk\/?page_id=1309\" \/>\n<meta property=\"og:locale\" content=\"sk_SK\" \/>\n<meta property=\"og:type\" content=\"article\" \/>\n<meta property=\"og:title\" content=\"\u0160tudijn\u00e9 materi\u00e1ly - Katedra mineral\u00f3gie, petrol\u00f3gie a lo\u017eiskovej geol\u00f3gie\" \/>\n<meta property=\"og:url\" content=\"https:\/\/kmplg.sk\/?page_id=1309\" \/>\n<meta property=\"og:site_name\" content=\"Katedra mineral\u00f3gie, petrol\u00f3gie a lo\u017eiskovej geol\u00f3gie\" \/>\n<meta property=\"article:publisher\" content=\"https:\/\/www.facebook.com\/kmplg\/\" \/>\n<meta property=\"article:modified_time\" content=\"2021-04-22T11:06:06+00:00\" \/>\n<meta property=\"og:image\" content=\"http:\/\/kmplg.sk\/wp-content\/uploads\/2021\/04\/fluida-2-725x1024.jpg\" \/>\n<meta name=\"twitter:card\" content=\"summary_large_image\" \/>\n<meta name=\"twitter:label1\" content=\"Predpokladan\u00fd \u010das \u010d\u00edtania\" \/>\n\t<meta name=\"twitter:data1\" content=\"4 min\u00faty\" \/>\n<script type=\"application\/ld+json\" class=\"yoast-schema-graph\">{\"@context\":\"https:\/\/schema.org\",\"@graph\":[{\"@type\":\"WebSite\",\"@id\":\"https:\/\/kmplg.sk\/#website\",\"url\":\"https:\/\/kmplg.sk\/\",\"name\":\"Katedra mineral\u00f3gie, petrol\u00f3gie a lo\u017eiskovej geol\u00f3gie\",\"description\":\"Pr\u00edrodovedeck\u00e1 fakulta Univerzity Komensk\u00e9ho v Bratislave\",\"potentialAction\":[{\"@type\":\"SearchAction\",\"target\":{\"@type\":\"EntryPoint\",\"urlTemplate\":\"https:\/\/kmplg.sk\/?s={search_term_string}\"},\"query-input\":\"required name=search_term_string\"}],\"inLanguage\":\"sk-SK\"},{\"@type\":\"WebPage\",\"@id\":\"https:\/\/kmplg.sk\/?page_id=1309\",\"url\":\"https:\/\/kmplg.sk\/?page_id=1309\",\"name\":\"\u0160tudijn\u00e9 materi\u00e1ly - Katedra mineral\u00f3gie, petrol\u00f3gie a lo\u017eiskovej geol\u00f3gie\",\"isPartOf\":{\"@id\":\"https:\/\/kmplg.sk\/#website\"},\"datePublished\":\"2021-04-14T11:59:40+00:00\",\"dateModified\":\"2021-04-22T11:06:06+00:00\",\"breadcrumb\":{\"@id\":\"https:\/\/kmplg.sk\/?page_id=1309#breadcrumb\"},\"inLanguage\":\"sk-SK\",\"potentialAction\":[{\"@type\":\"ReadAction\",\"target\":[\"https:\/\/kmplg.sk\/?page_id=1309\"]}]},{\"@type\":\"BreadcrumbList\",\"@id\":\"https:\/\/kmplg.sk\/?page_id=1309#breadcrumb\",\"itemListElement\":[{\"@type\":\"ListItem\",\"position\":1,\"name\":\"Home\",\"item\":\"https:\/\/kmplg.sk\/\"},{\"@type\":\"ListItem\",\"position\":2,\"name\":\"\u0160tudijn\u00e9 materi\u00e1ly\"}]}]}<\/script>\n<!-- \/ Yoast SEO plugin. -->","yoast_head_json":{"title":"\u0160tudijn\u00e9 materi\u00e1ly - Katedra mineral\u00f3gie, petrol\u00f3gie a lo\u017eiskovej geol\u00f3gie","robots":{"index":"index","follow":"follow","max-snippet":"max-snippet:-1","max-image-preview":"max-image-preview:large","max-video-preview":"max-video-preview:-1"},"canonical":"https:\/\/kmplg.sk\/?page_id=1309","og_locale":"sk_SK","og_type":"article","og_title":"\u0160tudijn\u00e9 materi\u00e1ly - Katedra mineral\u00f3gie, petrol\u00f3gie a lo\u017eiskovej geol\u00f3gie","og_url":"https:\/\/kmplg.sk\/?page_id=1309","og_site_name":"Katedra mineral\u00f3gie, petrol\u00f3gie a lo\u017eiskovej geol\u00f3gie","article_publisher":"https:\/\/www.facebook.com\/kmplg\/","article_modified_time":"2021-04-22T11:06:06+00:00","og_image":[{"url":"http:\/\/kmplg.sk\/wp-content\/uploads\/2021\/04\/fluida-2-725x1024.jpg"}],"twitter_card":"summary_large_image","twitter_misc":{"Predpokladan\u00fd \u010das \u010d\u00edtania":"4 min\u00faty"},"schema":{"@context":"https:\/\/schema.org","@graph":[{"@type":"WebSite","@id":"https:\/\/kmplg.sk\/#website","url":"https:\/\/kmplg.sk\/","name":"Katedra mineral\u00f3gie, petrol\u00f3gie a lo\u017eiskovej geol\u00f3gie","description":"Pr\u00edrodovedeck\u00e1 fakulta Univerzity Komensk\u00e9ho v Bratislave","potentialAction":[{"@type":"SearchAction","target":{"@type":"EntryPoint","urlTemplate":"https:\/\/kmplg.sk\/?s={search_term_string}"},"query-input":"required name=search_term_string"}],"inLanguage":"sk-SK"},{"@type":"WebPage","@id":"https:\/\/kmplg.sk\/?page_id=1309","url":"https:\/\/kmplg.sk\/?page_id=1309","name":"\u0160tudijn\u00e9 materi\u00e1ly - Katedra mineral\u00f3gie, petrol\u00f3gie a lo\u017eiskovej geol\u00f3gie","isPartOf":{"@id":"https:\/\/kmplg.sk\/#website"},"datePublished":"2021-04-14T11:59:40+00:00","dateModified":"2021-04-22T11:06:06+00:00","breadcrumb":{"@id":"https:\/\/kmplg.sk\/?page_id=1309#breadcrumb"},"inLanguage":"sk-SK","potentialAction":[{"@type":"ReadAction","target":["https:\/\/kmplg.sk\/?page_id=1309"]}]},{"@type":"BreadcrumbList","@id":"https:\/\/kmplg.sk\/?page_id=1309#breadcrumb","itemListElement":[{"@type":"ListItem","position":1,"name":"Home","item":"https:\/\/kmplg.sk\/"},{"@type":"ListItem","position":2,"name":"\u0160tudijn\u00e9 materi\u00e1ly"}]}]}},"_links":{"self":[{"href":"https:\/\/kmplg.sk\/index.php?rest_route=\/wp\/v2\/pages\/1309"}],"collection":[{"href":"https:\/\/kmplg.sk\/index.php?rest_route=\/wp\/v2\/pages"}],"about":[{"href":"https:\/\/kmplg.sk\/index.php?rest_route=\/wp\/v2\/types\/page"}],"author":[{"embeddable":true,"href":"https:\/\/kmplg.sk\/index.php?rest_route=\/wp\/v2\/users\/4"}],"replies":[{"embeddable":true,"href":"https:\/\/kmplg.sk\/index.php?rest_route=%2Fwp%2Fv2%2Fcomments&post=1309"}],"version-history":[{"count":6,"href":"https:\/\/kmplg.sk\/index.php?rest_route=\/wp\/v2\/pages\/1309\/revisions"}],"predecessor-version":[{"id":1843,"href":"https:\/\/kmplg.sk\/index.php?rest_route=\/wp\/v2\/pages\/1309\/revisions\/1843"}],"wp:attachment":[{"href":"https:\/\/kmplg.sk\/index.php?rest_route=%2Fwp%2Fv2%2Fmedia&parent=1309"}],"wp:term":[{"taxonomy":"folder","embeddable":true,"href":"https:\/\/kmplg.sk\/index.php?rest_route=%2Fwp%2Fv2%2Ffolder&post=1309"}],"curies":[{"name":"wp","href":"https:\/\/api.w.org\/{rel}","templated":true}]}}