{"id":1271,"date":"2021-04-14T12:37:11","date_gmt":"2021-04-14T10:37:11","guid":{"rendered":"http:\/\/kmplg.sk\/?page_id=1271"},"modified":"2025-02-12T11:15:49","modified_gmt":"2025-02-12T10:15:49","slug":"doctoral-students","status":"publish","type":"page","link":"https:\/\/kmplg.sk\/?page_id=1271&lang=en","title":{"rendered":"Doctoral students"},"content":{"rendered":"\n<figure class=\"wp-block-table is-style-stripes\"><table class=\"has-background\" style=\"background-color:#fcf0ef\"><thead><tr><th>Meno<\/th><th>Room<\/th><th>E-mail<\/th><\/tr><\/thead><tbody><tr><td>MSc. <strong>Ma\u00eblys B\u00e9van<\/strong> <\/td><td>  G-321 <\/td><td>reato1@uniba.sk<\/td><\/tr><tr><td>MSc. <strong>Samir Ustali\u0107<\/strong>\u00a0\u00a0<em> &#8211; <em>external<\/em><\/em><\/td><td>&#8211;<\/td><td>ustalic1@uniba.sk<\/td><\/tr><tr><td>MSc. <strong>Petra Kardo\u0161ov\u00e1<\/strong><\/td><td>G-316<\/td><td>petra.kardosova@uniba.sk<\/td><\/tr><tr><td>MSc. <strong>Chrisfanel Eurode Kianguebene \u2013 Koussingounina<\/strong><\/td><td> G-321 <\/td><td><a href=\"mailto:koussingounina1@uniba.sk\">koussingounina1@uniba.sk<\/a><\/td><\/tr><tr><td>Mgr. <strong>Pavel Hvo\u017e\u010fara<\/strong><\/td><td> G-316 <\/td><td><a href=\"mailto:hvozdara2@uniba.sk\">hvozdara2@uniba.sk<\/a><\/td><\/tr><tr><td>Mgr. <strong>Peter \u010cech<\/strong> &#8211; <em>external<\/em><\/td><td>&#8211;<\/td><td><a href=\"mailto:cech21@uniba.sk\">cech21@uniba.sk, petruscech@gmail.com<\/a><\/td><\/tr><tr><td>MSc. <strong>Diego Delgado Y\u00e1\u00f1ezo<\/strong><\/td><td>G-426<\/td><td>yanez1@uniba.sk<\/td><\/tr><tr><td>MSc. <strong>Faisal Gread<\/strong><\/td><td>G-425<\/td><td><a href=\"https:\/\/kmplg.sk\/wp-admin\/mohamed7@uniba.sk\">mohamed7@uniba.sk<\/a><\/td><\/tr><tr><td>MSc.  <strong>Daniel Pinz\u00f3n<\/strong><\/td><td><\/td><td>pinzon1@uniba.sk<\/td><\/tr><\/tbody><\/table><\/figure>\n\n\n\n<h2>Doctoral students at Earth Science Institute of Slovak Academy of Sciences<\/h2>\n\n\n\n<figure class=\"wp-block-table is-style-stripes\"><table class=\"has-background\" style=\"background-color:#fcf0ef\"><thead><tr><th>Name<\/th><th>Room<\/th><th>e-mail<\/th><\/tr><\/thead><tbody><tr><td>Mgr. <strong>Eva Prorokov\u00e1<\/strong> <\/td><td>&#8211;<\/td><td> <a href=\"mailto:cizova@uniba.sk\">cizova@uniba.sk<\/a> <\/td><\/tr><tr><td>Mgr. <strong>Pavol My\u0161\u013ean<\/strong> <\/td><td>&#8211;<\/td><td> <a href=\"mailto:myslan1@uniba.sk\">myslan1@uniba.sk<\/a> <\/td><\/tr><\/tbody><\/table><\/figure>\n","protected":false},"excerpt":{"rendered":"<p>Meno Room E-mail MSc. Ma\u00eblys B\u00e9van G-321 reato1@uniba.sk MSc. Samir &hellip; <\/p>\n","protected":false},"author":2,"featured_media":0,"parent":277,"menu_order":0,"comment_status":"closed","ping_status":"closed","template":"","meta":{"_monsterinsights_skip_tracking":false,"_monsterinsights_sitenote_active":false,"_monsterinsights_sitenote_note":"","_monsterinsights_sitenote_category":0,"ngg_post_thumbnail":0},"folder":[48],"yoast_head":"<!-- This site is optimized with the Yoast SEO plugin v19.4 - https:\/\/yoast.com\/wordpress\/plugins\/seo\/ -->\n<title>Doctoral students - Katedra mineral\u00f3gie, petrol\u00f3gie a lo\u017eiskovej geol\u00f3gie<\/title>\n<meta name=\"robots\" content=\"index, follow, max-snippet:-1, max-image-preview:large, max-video-preview:-1\" \/>\n<link rel=\"canonical\" href=\"https:\/\/kmplg.sk\/?page_id=1271&lang=en\" \/>\n<meta property=\"og:locale\" content=\"sk_SK\" \/>\n<meta property=\"og:type\" content=\"article\" \/>\n<meta property=\"og:title\" content=\"Doctoral students - Katedra mineral\u00f3gie, petrol\u00f3gie a lo\u017eiskovej geol\u00f3gie\" \/>\n<meta property=\"og:description\" content=\"Meno Room E-mail MSc. Ma\u00eblys B\u00e9van G-321 reato1@uniba.sk MSc. Samir &hellip;\" \/>\n<meta property=\"og:url\" content=\"https:\/\/kmplg.sk\/?page_id=1271&amp;lang=en\" \/>\n<meta property=\"og:site_name\" content=\"Katedra mineral\u00f3gie, petrol\u00f3gie a lo\u017eiskovej geol\u00f3gie\" \/>\n<meta property=\"article:publisher\" content=\"https:\/\/www.facebook.com\/kmplg\/\" \/>\n<meta property=\"article:modified_time\" content=\"2025-02-12T10:15:49+00:00\" \/>\n<meta name=\"twitter:card\" content=\"summary_large_image\" \/>\n<meta name=\"twitter:label1\" content=\"Predpokladan\u00fd \u010das \u010d\u00edtania\" \/>\n\t<meta name=\"twitter:data1\" content=\"1 min\u00fata\" \/>\n<script type=\"application\/ld+json\" class=\"yoast-schema-graph\">{\"@context\":\"https:\/\/schema.org\",\"@graph\":[{\"@type\":\"WebSite\",\"@id\":\"https:\/\/kmplg.sk\/#website\",\"url\":\"https:\/\/kmplg.sk\/\",\"name\":\"Katedra mineral\u00f3gie, petrol\u00f3gie a lo\u017eiskovej geol\u00f3gie\",\"description\":\"Pr\u00edrodovedeck\u00e1 fakulta Univerzity Komensk\u00e9ho v Bratislave\",\"potentialAction\":[{\"@type\":\"SearchAction\",\"target\":{\"@type\":\"EntryPoint\",\"urlTemplate\":\"https:\/\/kmplg.sk\/?s={search_term_string}\"},\"query-input\":\"required name=search_term_string\"}],\"inLanguage\":\"sk-SK\"},{\"@type\":\"WebPage\",\"@id\":\"https:\/\/kmplg.sk\/?page_id=1271&lang=en\",\"url\":\"https:\/\/kmplg.sk\/?page_id=1271&lang=en\",\"name\":\"Doctoral students - Katedra mineral\u00f3gie, petrol\u00f3gie a lo\u017eiskovej geol\u00f3gie\",\"isPartOf\":{\"@id\":\"https:\/\/kmplg.sk\/#website\"},\"datePublished\":\"2021-04-14T10:37:11+00:00\",\"dateModified\":\"2025-02-12T10:15:49+00:00\",\"breadcrumb\":{\"@id\":\"https:\/\/kmplg.sk\/?page_id=1271&lang=en#breadcrumb\"},\"inLanguage\":\"sk-SK\",\"potentialAction\":[{\"@type\":\"ReadAction\",\"target\":[\"https:\/\/kmplg.sk\/?page_id=1271&lang=en\"]}]},{\"@type\":\"BreadcrumbList\",\"@id\":\"https:\/\/kmplg.sk\/?page_id=1271&lang=en#breadcrumb\",\"itemListElement\":[{\"@type\":\"ListItem\",\"position\":1,\"name\":\"Home\",\"item\":\"https:\/\/kmplg.sk\/\"},{\"@type\":\"ListItem\",\"position\":2,\"name\":\"About Us\",\"item\":\"https:\/\/kmplg.sk\/?lang=en\"},{\"@type\":\"ListItem\",\"position\":3,\"name\":\"Doctoral students\"}]}]}<\/script>\n<!-- \/ Yoast SEO plugin. -->","yoast_head_json":{"title":"Doctoral students - Katedra mineral\u00f3gie, petrol\u00f3gie a lo\u017eiskovej geol\u00f3gie","robots":{"index":"index","follow":"follow","max-snippet":"max-snippet:-1","max-image-preview":"max-image-preview:large","max-video-preview":"max-video-preview:-1"},"canonical":"https:\/\/kmplg.sk\/?page_id=1271&lang=en","og_locale":"sk_SK","og_type":"article","og_title":"Doctoral students - Katedra mineral\u00f3gie, petrol\u00f3gie a lo\u017eiskovej geol\u00f3gie","og_description":"Meno Room E-mail MSc. Ma\u00eblys B\u00e9van G-321 reato1@uniba.sk MSc. Samir &hellip;","og_url":"https:\/\/kmplg.sk\/?page_id=1271&lang=en","og_site_name":"Katedra mineral\u00f3gie, petrol\u00f3gie a lo\u017eiskovej geol\u00f3gie","article_publisher":"https:\/\/www.facebook.com\/kmplg\/","article_modified_time":"2025-02-12T10:15:49+00:00","twitter_card":"summary_large_image","twitter_misc":{"Predpokladan\u00fd \u010das \u010d\u00edtania":"1 min\u00fata"},"schema":{"@context":"https:\/\/schema.org","@graph":[{"@type":"WebSite","@id":"https:\/\/kmplg.sk\/#website","url":"https:\/\/kmplg.sk\/","name":"Katedra mineral\u00f3gie, petrol\u00f3gie a lo\u017eiskovej geol\u00f3gie","description":"Pr\u00edrodovedeck\u00e1 fakulta Univerzity Komensk\u00e9ho v Bratislave","potentialAction":[{"@type":"SearchAction","target":{"@type":"EntryPoint","urlTemplate":"https:\/\/kmplg.sk\/?s={search_term_string}"},"query-input":"required name=search_term_string"}],"inLanguage":"sk-SK"},{"@type":"WebPage","@id":"https:\/\/kmplg.sk\/?page_id=1271&lang=en","url":"https:\/\/kmplg.sk\/?page_id=1271&lang=en","name":"Doctoral students - Katedra mineral\u00f3gie, petrol\u00f3gie a lo\u017eiskovej geol\u00f3gie","isPartOf":{"@id":"https:\/\/kmplg.sk\/#website"},"datePublished":"2021-04-14T10:37:11+00:00","dateModified":"2025-02-12T10:15:49+00:00","breadcrumb":{"@id":"https:\/\/kmplg.sk\/?page_id=1271&lang=en#breadcrumb"},"inLanguage":"sk-SK","potentialAction":[{"@type":"ReadAction","target":["https:\/\/kmplg.sk\/?page_id=1271&lang=en"]}]},{"@type":"BreadcrumbList","@id":"https:\/\/kmplg.sk\/?page_id=1271&lang=en#breadcrumb","itemListElement":[{"@type":"ListItem","position":1,"name":"Home","item":"https:\/\/kmplg.sk\/"},{"@type":"ListItem","position":2,"name":"About Us","item":"https:\/\/kmplg.sk\/?lang=en"},{"@type":"ListItem","position":3,"name":"Doctoral students"}]}]}},"_links":{"self":[{"href":"https:\/\/kmplg.sk\/index.php?rest_route=\/wp\/v2\/pages\/1271"}],"collection":[{"href":"https:\/\/kmplg.sk\/index.php?rest_route=\/wp\/v2\/pages"}],"about":[{"href":"https:\/\/kmplg.sk\/index.php?rest_route=\/wp\/v2\/types\/page"}],"author":[{"embeddable":true,"href":"https:\/\/kmplg.sk\/index.php?rest_route=\/wp\/v2\/users\/2"}],"replies":[{"embeddable":true,"href":"https:\/\/kmplg.sk\/index.php?rest_route=%2Fwp%2Fv2%2Fcomments&post=1271"}],"version-history":[{"count":6,"href":"https:\/\/kmplg.sk\/index.php?rest_route=\/wp\/v2\/pages\/1271\/revisions"}],"predecessor-version":[{"id":3309,"href":"https:\/\/kmplg.sk\/index.php?rest_route=\/wp\/v2\/pages\/1271\/revisions\/3309"}],"up":[{"embeddable":true,"href":"https:\/\/kmplg.sk\/index.php?rest_route=\/wp\/v2\/pages\/277"}],"wp:attachment":[{"href":"https:\/\/kmplg.sk\/index.php?rest_route=%2Fwp%2Fv2%2Fmedia&parent=1271"}],"wp:term":[{"taxonomy":"folder","embeddable":true,"href":"https:\/\/kmplg.sk\/index.php?rest_route=%2Fwp%2Fv2%2Ffolder&post=1271"}],"curies":[{"name":"wp","href":"https:\/\/api.w.org\/{rel}","templated":true}]}}