{"id":122,"date":"2021-03-05T06:49:51","date_gmt":"2021-03-05T05:49:51","guid":{"rendered":"http:\/\/d.r1.wbsprt.com\/kmplg.sk\/?page_id=122"},"modified":"2021-04-13T14:30:06","modified_gmt":"2021-04-13T12:30:06","slug":"laboratoria","status":"publish","type":"page","link":"https:\/\/kmplg.sk\/?page_id=122","title":{"rendered":"Laborat\u00f3ri\u00e1"},"content":{"rendered":"\n<div class=\"wp-block-columns\">\n<div class=\"wp-block-column\" style=\"flex-basis:25%\">\n<div class=\"wp-block-cover has-background-dim-100 has-vivid-red-background-color has-background-dim\" style=\"min-height:180px\"><img loading=\"lazy\" width=\"600\" height=\"450\" class=\"wp-block-cover__image-background wp-image-353\" alt=\"\" src=\"http:\/\/kmplg.sk\/wp-content\/uploads\/2021\/03\/fluidlab_007a83084e.jpg\" style=\"object-position:31% 51%\" data-object-fit=\"cover\" data-object-position=\"31% 51%\" srcset=\"https:\/\/kmplg.sk\/wp-content\/uploads\/2021\/03\/fluidlab_007a83084e.jpg 600w, https:\/\/kmplg.sk\/wp-content\/uploads\/2021\/03\/fluidlab_007a83084e-300x225.jpg 300w\" sizes=\"(max-width: 600px) 100vw, 600px\" \/><div class=\"wp-block-cover__inner-container\">\n<p class=\"has-text-align-center\" style=\"font-size:18px\"><strong><a href=\"#fluid\"><span class=\"has-inline-color has-white-color\">Geofluidn\u00e9 laborat\u00f3rium a laborat\u00f3rium mikrotermome-trickej anal\u00fdzy<\/span><\/a><\/strong><\/p>\n<\/div><\/div>\n<\/div>\n\n\n\n<div class=\"wp-block-column\" style=\"flex-basis:25%\">\n<div class=\"wp-block-cover has-background-dim-100 has-vivid-red-background-color has-background-dim\" style=\"min-height:180px\"><img loading=\"lazy\" width=\"600\" height=\"450\" class=\"wp-block-cover__image-background wp-image-353\" alt=\"\" src=\"http:\/\/kmplg.sk\/wp-content\/uploads\/2021\/03\/fluidlab_007a83084e.jpg\" data-object-fit=\"cover\" srcset=\"https:\/\/kmplg.sk\/wp-content\/uploads\/2021\/03\/fluidlab_007a83084e.jpg 600w, https:\/\/kmplg.sk\/wp-content\/uploads\/2021\/03\/fluidlab_007a83084e-300x225.jpg 300w\" sizes=\"(max-width: 600px) 100vw, 600px\" \/><div class=\"wp-block-cover__inner-container\">\n<p class=\"has-text-align-center\" style=\"font-size:18px\"><strong><a href=\"#difrac\"><span class=\"has-inline-color has-white-color\">Laborat\u00f3rium RTG. Difrakcie<\/span><\/a><\/strong><\/p>\n<\/div><\/div>\n<\/div>\n\n\n\n<div class=\"wp-block-column\" style=\"flex-basis:25%\">\n<div class=\"wp-block-cover has-background-dim-100 has-vivid-red-background-color has-background-dim\" style=\"min-height:180px\"><img loading=\"lazy\" width=\"600\" height=\"450\" class=\"wp-block-cover__image-background wp-image-353\" alt=\"\" src=\"http:\/\/kmplg.sk\/wp-content\/uploads\/2021\/03\/fluidlab_007a83084e.jpg\" data-object-fit=\"cover\" srcset=\"https:\/\/kmplg.sk\/wp-content\/uploads\/2021\/03\/fluidlab_007a83084e.jpg 600w, https:\/\/kmplg.sk\/wp-content\/uploads\/2021\/03\/fluidlab_007a83084e-300x225.jpg 300w\" sizes=\"(max-width: 600px) 100vw, 600px\" \/><div class=\"wp-block-cover__inner-container\">\n<p class=\"has-text-align-center\" style=\"font-size:18px\"><strong><a href=\"#optik\"><span class=\"has-inline-color has-white-color\">Optick\u00e9 laborat\u00f3rium<\/span><\/a><\/strong><\/p>\n<\/div><\/div>\n<\/div>\n\n\n\n<div class=\"wp-block-column\" style=\"flex-basis:25%\">\n<div class=\"wp-block-cover has-background-dim-100 has-vivid-red-background-color has-background-dim\" style=\"min-height:180px\"><img loading=\"lazy\" width=\"600\" height=\"450\" class=\"wp-block-cover__image-background wp-image-353\" alt=\"\" src=\"http:\/\/kmplg.sk\/wp-content\/uploads\/2021\/03\/fluidlab_007a83084e.jpg\" data-object-fit=\"cover\" srcset=\"https:\/\/kmplg.sk\/wp-content\/uploads\/2021\/03\/fluidlab_007a83084e.jpg 600w, https:\/\/kmplg.sk\/wp-content\/uploads\/2021\/03\/fluidlab_007a83084e-300x225.jpg 300w\" sizes=\"(max-width: 600px) 100vw, 600px\" \/><div class=\"wp-block-cover__inner-container\">\n<p class=\"has-text-align-center\" style=\"font-size:18px\"><strong>Separa\u010dn\u00e9 laborat\u00f3rium<\/strong><\/p>\n<\/div><\/div>\n<\/div>\n<\/div>\n\n\n\n<p class=\"has-text-align-center\"><em>Klikni na obr\u00e1zok pre viac inform\u00e1cii<\/em><\/p>\n\n\n\n<hr class=\"wp-block-separator\" id=\"fluid\"\/>\n\n\n\n<h2 id=\"fluid\"><span class=\"has-inline-color has-vivid-red-color\">Geofluidn\u00e9 laborat\u00f3rium a laborat\u00f3rium mikrotermometrickej anal\u00fdzy<\/span><\/h2>\n\n\n\n<p class=\"has-luminous-vivid-orange-color has-text-color\"><strong><span class=\"has-inline-color has-vivid-red-color\">Zodpovedn\u00fd ved\u00faci: <\/span><\/strong><a href=\"http:\/\/d.r1.wbsprt.com\/kmplg.sk\/?page_id=500\"><span class=\"has-inline-color has-black-color\">prof. RNDr. Monika Huraiov\u00e1, PhD.<\/span><\/a><\/p>\n\n\n\n<p><span class=\"has-inline-color has-vivid-red-color\"><strong>Kontakt:<\/strong><\/span> miestnos\u0165 G-322, monika.huraiova@uniba.sk, +421 2 9014 9<strong>365<\/strong><\/p>\n\n\n\n<p class=\"has-black-color has-text-color\"><strong><span class=\"has-inline-color has-vivid-red-color\">HIST\u00d3RIA:<\/span><\/strong><\/p>\n\n\n\n<ul><li><strong>1995: <\/strong>zalo\u017eenie laborat\u00f3ria na katedre<\/li><li><strong>2004: <\/strong>moderniz\u00e1cia z finan\u010dn\u00fdch prostriedkov Humboldtovej nad\u00e1cie<\/li><\/ul>\n\n\n\n<p><strong><span class=\"has-inline-color has-vivid-red-color\">CHARAKTERISTIKA:<\/span><\/strong><\/p>\n\n\n\n<p>v\u00fdskum fluidn\u00fdch inkl\u00fazi\u00ed (v priemere ve\u013ekosti 5-50 mm) zachyten\u00fdch v&nbsp;miner\u00e1loch po\u010das ich rastu v&nbsp;zemskej k\u00f4re a&nbsp;vrchnom pl\u00e1\u0161ti. Na z\u00e1klade chemick\u00e9ho zlo\u017eenia sa inkl\u00fazie zachyten\u00e9 v&nbsp;miner\u00e1loch delia na tuh\u00e9 inkl\u00fazie, fluidn\u00e9 inkl\u00fazie a&nbsp;inkl\u00fazie taven\u00edn. Najd\u00f4le\u017eitej\u0161\u00edmi z h\u013eadiska gen\u00e9zy miner\u00e1lov a&nbsp;horn\u00edn s\u00fa fluidn\u00e9 inkl\u00fazie, preto\u017ee ich hustota z\u00e1vis\u00ed od tlaku a&nbsp;teploty ich vzniku. Fluidn\u00e9 inkl\u00fazie sa pri izbovej teplote skladaj\u00fa z&nbsp;rozli\u010dn\u00fdch f\u00e1z (plyn, kvapalina, pevn\u00e1 f\u00e1za), hoci boli po\u010das svojho vzniku zachyt\u00e1van\u00e9 v&nbsp;homog\u00e9nnom stave. K&nbsp;ich heterogeniz\u00e1cii doch\u00e1dzalo pri meniacich sa&nbsp;<em>pT<\/em>&nbsp;podmienkach po\u010das v\u00fdstupu miner\u00e1lu zo zemsk\u00e9ho vn\u00fatra na&nbsp;povrch. Pomocou tepl\u00f4t f\u00e1zov\u00fdch prechodov v&nbsp;inkl\u00fazi\u00e1ch mo\u017eno stanovi\u0165 chemick\u00e9 zlo\u017eenie a&nbsp;hustotu fluidn\u00fdch inkl\u00fazi\u00ed. Tieto parametre spolu s&nbsp;\u010fal\u0161\u00edmi analytick\u00fdmi postupmi s\u00fa z\u00e1kladom pre v\u00fdpo\u010det teploty, tlaku, h\u013abky vzniku a&nbsp;\u010fal\u0161\u00edch fyzik\u00e1lno-chemick\u00fdch parametrov.<\/p>\n\n\n\n<p><\/p>\n\n\n\n<div class=\"wp-block-media-text alignwide is-stacked-on-mobile\" style=\"grid-template-columns:47% auto\"><figure class=\"wp-block-media-text__media\"><img loading=\"lazy\" width=\"600\" height=\"450\" src=\"http:\/\/d.r1.wbsprt.com\/kmplg.sk\/wp-content\/uploads\/2021\/03\/fluidlab_007a83084e.jpg\" alt=\"\" class=\"wp-image-353 size-full\" srcset=\"https:\/\/kmplg.sk\/wp-content\/uploads\/2021\/03\/fluidlab_007a83084e.jpg 600w, https:\/\/kmplg.sk\/wp-content\/uploads\/2021\/03\/fluidlab_007a83084e-300x225.jpg 300w\" sizes=\"(max-width: 600px) 100vw, 600px\" \/><\/figure><div class=\"wp-block-media-text__content\">\n<p class=\"has-cyan-bluish-gray-color has-text-color has-medium-font-size\"><strong>Laborat\u00f3rium fluidn\u00fdch inkl\u00fazi\u00ed<\/strong><\/p>\n<\/div><\/div>\n\n\n\n<p><\/p>\n\n\n\n<p>Fluidn\u00e9 inkl\u00fazie s\u00fa vynikaj\u00facim indik\u00e1torom termodynamick\u00fdch podmienok panuj\u00facich v&nbsp;zemskom vn\u00fatri a meniacich sa po\u010das geologickej minulosti. Poskytuj\u00fa unik\u00e1tne inform\u00e1cie o&nbsp;gen\u00e9ze ich hostite\u013esk\u00fdch f\u00e1z a&nbsp;pom\u00e1haj\u00fa objas\u0148ova\u0165 podmienky vzniku horn\u00edn a&nbsp;lo\u017e\u00edsk nerastn\u00fdch surov\u00edn. Laborat\u00f3rium svoj\u00edm pr\u00edstrojov\u00fdm vybaven\u00edm je jedin\u00fdm svojho druhu na Slovensku.<\/p>\n\n\n\n<p><strong><span class=\"has-inline-color has-vivid-red-color\">PR\u00cdSTROJOV\u00c9 VYBAVENIE<\/span><\/strong><\/p>\n\n\n\n<p><strong>Polariza\u010dn\u00fd mikroskop Olympus BH-2<\/strong>&nbsp;pre polarizovan\u00e9 a&nbsp;odrazen\u00e9 svetlo s&nbsp;dlhofokusov\u00fdmi objekt\u00edvmi Olympus ULCWD Plan 40x a&nbsp;S&nbsp;Plan 10x.<\/p>\n\n\n\n<p><strong>Polariza\u010dn\u00fd mikroskop Olympus BX-51<\/strong>&nbsp;s&nbsp;dlhofokusov\u00fdmi objekt\u00edvmi SLCPlan FI 40x, 100x a&nbsp;UPlan FI 10x. CCD kamery pre vidite\u013en\u00fa, infra\u010derven\u00fa a&nbsp;ultrafialov\u00fa oblas\u0165 spektra.<\/p>\n\n\n\n<p><strong>Mikrotermometrick\u00e9 zariadenie LINKAM THMSG-600<\/strong>&nbsp;s&nbsp;po\u010d\u00edta\u010dov\u00fdm rozhran\u00edm CI-93 a&nbsp;PVTX softwarom pre Windows 98. Chladiaca pumpa na kvapaln\u00fd dus\u00edk LNP-92 na meranie f\u00e1zov\u00fdch prechodov v&nbsp;inkl\u00fazi\u00e1ch v&nbsp;teplotnom rozsahu od \u2013196 do +600\u00b0C a&nbsp;chladiaca pumpa na vodu.&nbsp;<\/p>\n\n\n\n<p><strong>\u010cierno-biela CCD kamera OS-45D<\/strong>&nbsp;so softwarom Fotostylus a&nbsp;po\u010d\u00edta\u010dov\u00fdm rozhran\u00edm AVer-EZ Capture.&nbsp;<\/p>\n\n\n\n<p><strong>Infra\u010derven\u00e1 CCD kamera Hitachi<\/strong>&nbsp;s&nbsp;vlnovou d\u013a\u017ekou do 2,5 nm pre pozorovanie fluidn\u00fdch inkl\u00fazi\u00ed v&nbsp;niektor\u00fdch rudn\u00fdch miner\u00e1loch (antimonit, sfalerit, bournonit, enargit a&nbsp;wolframit).<\/p>\n\n\n\n<p><strong>Ortu\u0165ov\u00e1 lampa<\/strong>\u00a0na pozorovanie v\u00a0ultrafialovom svetle.<\/p>\n\n\n\n<hr class=\"wp-block-separator\" id=\"difrac\"\/>\n\n\n\n<h2><span class=\"has-inline-color has-vivid-red-color\">Laborat\u00f3rium RTG. difrakcie<\/span><\/h2>\n\n\n\n<p><strong><span class=\"has-inline-color has-vivid-red-color\">Zodpovedn\u00fd ved\u00faci:<\/span> <\/strong><a href=\"http:\/\/d.r1.wbsprt.com\/kmplg.sk\/?page_id=714\">doc. Mgr.\u00a0<strong>Peter Ba\u010d\u00edk<\/strong>, PhD.<\/a><\/p>\n\n\n\n<p><span class=\"has-inline-color has-vivid-red-color\"><strong>Kontakt:<\/strong> <\/span>miestnos\u0165 G-349 a G-346, peter.bacik@uniba.sk, +421 2 9014 9<strong>294<\/strong><\/p>\n\n\n\n<p><strong><span class=\"has-inline-color has-vivid-red-color\">HIST\u00d3RIA:<\/span><\/strong><\/p>\n\n\n\n<ul><li><strong>2008:\u00a0<\/strong>zalo\u017eenie V\u00fdskumno-vzdel\u00e1vacieho centra excelentnosti SOLIPHA pre v\u00fdskum pevnej f\u00e1zy so zameran\u00edm na nanomateri\u00e1ly, environment\u00e1lnu mineral\u00f3giu a\u00a0materi\u00e1lov\u00fa technol\u00f3giu. \u00a0Centrum sp\u00e1ja pracovisk\u00e1 geologickej, environment\u00e1lnej a chemickej sekcie PriF UK, \u00dastav anorganickej ch\u00e9mie a\u00a0Geologick\u00fd \u00fastav SAV.<\/li><\/ul>\n\n\n\n<p><strong><span class=\"has-inline-color has-vivid-red-color\">CHARAKTERISTIKA:<\/span><\/strong><\/p>\n\n\n\n<p><span class=\"has-inline-color has-vivid-red-color\"><strong>PR\u00cdSTROJOV\u00c9 VYBAVENIE<\/strong>:<\/span><\/p>\n\n\n\n<p><strong>Difraktometer BRUKER D8 ADVANCE:&nbsp;<\/strong>&nbsp;v&nbsp;konfigur\u00e1cii Theta-2Theta s&nbsp;mo\u017enos\u0165ou merania v&nbsp;geometrii Bragg-Brentano na odraz a&nbsp;v&nbsp;geometrii s&nbsp;paraleln\u00fdm l\u00fa\u010dom. Na meranie sa v&nbsp;s\u00fa\u010dasnosti pou\u017e\u00edva \u017eiarenie Cu K\u03b1. Vertik\u00e1lne ulo\u017een\u00fd goniometer s predefinovan\u00fdmi poz\u00edciami 435, 500 (\u0161tandardne pou\u017e\u00edvan\u00e1) a 600 mm m\u00e1 minim\u00e1lny krok &#8211; 0.0001\u00b0 a uhlov\u00fa presnos\u0165 \u00b1 0.0001\u00b0. Goniometer v&nbsp;tomto nastaven\u00ed umo\u017e\u0148uje mera\u0165 uhlov\u00fd rozsah od -10 do 160\u00b0 2\u0398, pri\u010dom efekt\u00edvne meranie sa d\u00e1 vykon\u00e1va\u0165 od 2\u00b0 2\u0398. Ve\u013ekou v\u00fdhodou pri obsluhe je automatizovan\u00fd multinosi\u010d vzoriek FLIP-STICK SAMPLE STAGE pre&nbsp;dev\u00e4\u0165 vzoriek.<\/p>\n\n\n\n<p><strong>Softv\u00e9rov\u00fd bal\u00edk<\/strong>&nbsp;<strong>DIFFRACplus:&nbsp;<\/strong>&nbsp;sl\u00fa\u017ei na obsluhu pr\u00edstroja a&nbsp;vyhodnocovanie pr\u00e1\u0161kov\u00fdch r\u00f6ntgenov\u00fdch difrak\u010dn\u00fdch z\u00e1znamov.<\/p>\n\n\n\n<p><strong><em>DIFFRACplus EVA<\/em><\/strong>&nbsp;je program na spracovanie XRD z\u00e1znamov s&nbsp;grafick\u00fdm u\u017e\u00edvate\u013esk\u00fdm rozhran\u00edm. Umo\u017e\u0148uje vyh\u013ead\u00e1vanie difrak\u010dn\u00fdch max\u00edm a tvorbu d\/I-s\u00faborov, ale tie\u017e od\u010d\u00edtanie pozadia, vyhladzovanie d\u00e1t (met\u00f3da Savitzky-Golay alebo Fourierovo filtrovanie), odstra\u0148ovanie K\u03b12 (Rachingerova met\u00f3da), v\u00fdpo\u010det parametrov z\u00e1znamu (poz\u00edcia max\u00edm, integrovan\u00e1 plocha, \u0161\u00edrky), grafick\u00fa semikvantitat\u00edvnu anal\u00fdzu, grafick\u00fa adjust\u00e1ciu mrie\u017ekov\u00fdch parametrov, s\u010d\u00edtavanie, od\u010d\u00edtavanie, sp\u00e1janie skenov a&nbsp;ich 3D prezent\u00e1ciu.&nbsp;<strong><em>DIFFRACplus SEARCH<\/em><\/strong>&nbsp;&#8211; vyh\u013ead\u00e1vac\u00ed (search\/match) modul v&nbsp;programe DIFFRACplus EVA s plnou podporou datab\u00e1zy RTG z\u00e1znamov PDF-4+, ktor\u00e1 je tie\u017e k dispoz\u00edcii.<\/p>\n\n\n\n<p>Datab\u00e1za PDF-4 285 402 z\u00e1znamov (256 934 z\u00e1znamov anorganick\u00fdch l\u00e1tok, 32 408 z\u00e1znamov organick\u00fdch l\u00e1tok, 29 607 z\u00e1znamov miner\u00e1lov, 114 630 z\u00e1znamov so s\u00faradnicami at\u00f3mov).<\/p>\n\n\n\n<p><strong><em>DIFFRACplus TOPAS<\/em><\/strong>\u00a0je \u0161pi\u010dkov\u00fd program na profilov\u00fa a \u0161trukt\u00farnu anal\u00fdzu. Umo\u017e\u0148uje spres\u0148ovanie jednotliv\u00fdch max\u00edm, rozklad pr\u00e1\u0161kov\u00e9ho z\u00e1znamu (met\u00f3dy Pawleyho a Le Bailova), Rietveldovsk\u00e9 spres\u0148ovanie \u0161trukt\u00fary, kvantitat\u00edvna Rietveldovsk\u00fa anal\u00fdza.<\/p>\n\n\n\n<hr class=\"wp-block-separator\" id=\"optik\"\/>\n\n\n\n<h2><span class=\"has-inline-color has-vivid-red-color\">Optick\u00e9 laborat\u00f3rium<\/span><\/h2>\n\n\n\n<p><strong><span class=\"has-inline-color has-vivid-red-color\">Zodpovedn\u00fd ved\u00faci: <\/span><\/strong><a href=\"http:\/\/kmplg.sk\/?page_id=937\">Mgr. <strong>Daniel Ozd\u00edn<\/strong>, PhD.<\/a><\/p>\n\n\n\n<p><strong><span class=\"has-inline-color has-vivid-red-color\">Kontakt:<\/span><\/strong> miestnos\u0165 G-324 a G-361, daniel.ozdin@uniba.sk, +421 2 9014 9<strong>366<\/strong><\/p>\n\n\n\n<p><span class=\"has-inline-color has-vivid-red-color\"><strong>PR\u00cdSTROJOV\u00c9 VYBAVENIE<\/strong>:<\/span><\/p>\n\n\n\n<p><strong>Trinokul\u00e1rny stereomikroskop Olympus SZ 61 so CCD kamerou<\/strong>&nbsp;Infinity 2.5, osvet\u013eovac\u00edm zariaden\u00edm Olympus KL 1500 LCD s 3 svetlometmi, ovl\u00e1dac\u00edm softv\u00e9rom QuickPHOTO MICRO 3.0 a softv\u00e9rom na skladanie obr\u00e1zkov Deep Focus 3.3.<\/p>\n\n\n\n<p><strong>Polariza\u010dn\u00fd mikroskop Leica DM2500 P so&nbsp;<\/strong><strong>CCD kamerou<\/strong>: umo\u017e\u0148uje pozorovanie a&nbsp;digit\u00e1lnu dokument\u00e1ciu vzoriek v&nbsp;prech\u00e1dzaj\u00facom aj odrazenom polarizovanom svetle.<\/p>\n","protected":false},"excerpt":{"rendered":"<p>Klikni na obr\u00e1zok pre viac inform\u00e1cii Geofluidn\u00e9 laborat\u00f3rium a laborat\u00f3rium &hellip; <\/p>\n","protected":false},"author":2,"featured_media":0,"parent":0,"menu_order":0,"comment_status":"closed","ping_status":"closed","template":"","meta":{"_monsterinsights_skip_tracking":false,"_monsterinsights_sitenote_active":false,"_monsterinsights_sitenote_note":"","_monsterinsights_sitenote_category":0,"ngg_post_thumbnail":0},"folder":[51],"yoast_head":"<!-- This site is optimized with the Yoast SEO plugin v19.4 - https:\/\/yoast.com\/wordpress\/plugins\/seo\/ -->\n<title>Laborat\u00f3ri\u00e1 - Katedra mineral\u00f3gie, petrol\u00f3gie a lo\u017eiskovej geol\u00f3gie<\/title>\n<meta name=\"robots\" content=\"index, follow, max-snippet:-1, max-image-preview:large, max-video-preview:-1\" \/>\n<link rel=\"canonical\" href=\"https:\/\/kmplg.sk\/?page_id=122\" \/>\n<meta property=\"og:locale\" content=\"sk_SK\" \/>\n<meta property=\"og:type\" content=\"article\" \/>\n<meta property=\"og:title\" content=\"Laborat\u00f3ri\u00e1 - Katedra mineral\u00f3gie, petrol\u00f3gie a lo\u017eiskovej geol\u00f3gie\" \/>\n<meta property=\"og:description\" content=\"Klikni na obr\u00e1zok pre viac inform\u00e1cii Geofluidn\u00e9 laborat\u00f3rium a laborat\u00f3rium &hellip;\" \/>\n<meta property=\"og:url\" content=\"https:\/\/kmplg.sk\/?page_id=122\" \/>\n<meta property=\"og:site_name\" content=\"Katedra mineral\u00f3gie, petrol\u00f3gie a lo\u017eiskovej geol\u00f3gie\" \/>\n<meta property=\"article:publisher\" content=\"https:\/\/www.facebook.com\/kmplg\/\" \/>\n<meta property=\"article:modified_time\" content=\"2021-04-13T12:30:06+00:00\" \/>\n<meta property=\"og:image\" content=\"http:\/\/kmplg.sk\/wp-content\/uploads\/2021\/03\/fluidlab_007a83084e.jpg\" \/>\n<meta name=\"twitter:card\" content=\"summary_large_image\" \/>\n<meta name=\"twitter:label1\" content=\"Predpokladan\u00fd \u010das \u010d\u00edtania\" \/>\n\t<meta name=\"twitter:data1\" content=\"4 min\u00faty\" \/>\n<script type=\"application\/ld+json\" class=\"yoast-schema-graph\">{\"@context\":\"https:\/\/schema.org\",\"@graph\":[{\"@type\":\"WebSite\",\"@id\":\"https:\/\/kmplg.sk\/#website\",\"url\":\"https:\/\/kmplg.sk\/\",\"name\":\"Katedra mineral\u00f3gie, petrol\u00f3gie a lo\u017eiskovej geol\u00f3gie\",\"description\":\"Pr\u00edrodovedeck\u00e1 fakulta Univerzity Komensk\u00e9ho v Bratislave\",\"potentialAction\":[{\"@type\":\"SearchAction\",\"target\":{\"@type\":\"EntryPoint\",\"urlTemplate\":\"https:\/\/kmplg.sk\/?s={search_term_string}\"},\"query-input\":\"required name=search_term_string\"}],\"inLanguage\":\"sk-SK\"},{\"@type\":\"WebPage\",\"@id\":\"https:\/\/kmplg.sk\/?page_id=122\",\"url\":\"https:\/\/kmplg.sk\/?page_id=122\",\"name\":\"Laborat\u00f3ri\u00e1 - Katedra mineral\u00f3gie, petrol\u00f3gie a lo\u017eiskovej geol\u00f3gie\",\"isPartOf\":{\"@id\":\"https:\/\/kmplg.sk\/#website\"},\"datePublished\":\"2021-03-05T05:49:51+00:00\",\"dateModified\":\"2021-04-13T12:30:06+00:00\",\"breadcrumb\":{\"@id\":\"https:\/\/kmplg.sk\/?page_id=122#breadcrumb\"},\"inLanguage\":\"sk-SK\",\"potentialAction\":[{\"@type\":\"ReadAction\",\"target\":[\"https:\/\/kmplg.sk\/?page_id=122\"]}]},{\"@type\":\"BreadcrumbList\",\"@id\":\"https:\/\/kmplg.sk\/?page_id=122#breadcrumb\",\"itemListElement\":[{\"@type\":\"ListItem\",\"position\":1,\"name\":\"Home\",\"item\":\"https:\/\/kmplg.sk\/\"},{\"@type\":\"ListItem\",\"position\":2,\"name\":\"Laborat\u00f3ri\u00e1\"}]}]}<\/script>\n<!-- \/ Yoast SEO plugin. -->","yoast_head_json":{"title":"Laborat\u00f3ri\u00e1 - Katedra mineral\u00f3gie, petrol\u00f3gie a lo\u017eiskovej geol\u00f3gie","robots":{"index":"index","follow":"follow","max-snippet":"max-snippet:-1","max-image-preview":"max-image-preview:large","max-video-preview":"max-video-preview:-1"},"canonical":"https:\/\/kmplg.sk\/?page_id=122","og_locale":"sk_SK","og_type":"article","og_title":"Laborat\u00f3ri\u00e1 - Katedra mineral\u00f3gie, petrol\u00f3gie a lo\u017eiskovej geol\u00f3gie","og_description":"Klikni na obr\u00e1zok pre viac inform\u00e1cii Geofluidn\u00e9 laborat\u00f3rium a laborat\u00f3rium &hellip;","og_url":"https:\/\/kmplg.sk\/?page_id=122","og_site_name":"Katedra mineral\u00f3gie, petrol\u00f3gie a lo\u017eiskovej geol\u00f3gie","article_publisher":"https:\/\/www.facebook.com\/kmplg\/","article_modified_time":"2021-04-13T12:30:06+00:00","og_image":[{"url":"http:\/\/kmplg.sk\/wp-content\/uploads\/2021\/03\/fluidlab_007a83084e.jpg"}],"twitter_card":"summary_large_image","twitter_misc":{"Predpokladan\u00fd \u010das \u010d\u00edtania":"4 min\u00faty"},"schema":{"@context":"https:\/\/schema.org","@graph":[{"@type":"WebSite","@id":"https:\/\/kmplg.sk\/#website","url":"https:\/\/kmplg.sk\/","name":"Katedra mineral\u00f3gie, petrol\u00f3gie a lo\u017eiskovej geol\u00f3gie","description":"Pr\u00edrodovedeck\u00e1 fakulta Univerzity Komensk\u00e9ho v Bratislave","potentialAction":[{"@type":"SearchAction","target":{"@type":"EntryPoint","urlTemplate":"https:\/\/kmplg.sk\/?s={search_term_string}"},"query-input":"required name=search_term_string"}],"inLanguage":"sk-SK"},{"@type":"WebPage","@id":"https:\/\/kmplg.sk\/?page_id=122","url":"https:\/\/kmplg.sk\/?page_id=122","name":"Laborat\u00f3ri\u00e1 - Katedra mineral\u00f3gie, petrol\u00f3gie a lo\u017eiskovej geol\u00f3gie","isPartOf":{"@id":"https:\/\/kmplg.sk\/#website"},"datePublished":"2021-03-05T05:49:51+00:00","dateModified":"2021-04-13T12:30:06+00:00","breadcrumb":{"@id":"https:\/\/kmplg.sk\/?page_id=122#breadcrumb"},"inLanguage":"sk-SK","potentialAction":[{"@type":"ReadAction","target":["https:\/\/kmplg.sk\/?page_id=122"]}]},{"@type":"BreadcrumbList","@id":"https:\/\/kmplg.sk\/?page_id=122#breadcrumb","itemListElement":[{"@type":"ListItem","position":1,"name":"Home","item":"https:\/\/kmplg.sk\/"},{"@type":"ListItem","position":2,"name":"Laborat\u00f3ri\u00e1"}]}]}},"_links":{"self":[{"href":"https:\/\/kmplg.sk\/index.php?rest_route=\/wp\/v2\/pages\/122"}],"collection":[{"href":"https:\/\/kmplg.sk\/index.php?rest_route=\/wp\/v2\/pages"}],"about":[{"href":"https:\/\/kmplg.sk\/index.php?rest_route=\/wp\/v2\/types\/page"}],"author":[{"embeddable":true,"href":"https:\/\/kmplg.sk\/index.php?rest_route=\/wp\/v2\/users\/2"}],"replies":[{"embeddable":true,"href":"https:\/\/kmplg.sk\/index.php?rest_route=%2Fwp%2Fv2%2Fcomments&post=122"}],"version-history":[{"count":6,"href":"https:\/\/kmplg.sk\/index.php?rest_route=\/wp\/v2\/pages\/122\/revisions"}],"predecessor-version":[{"id":1146,"href":"https:\/\/kmplg.sk\/index.php?rest_route=\/wp\/v2\/pages\/122\/revisions\/1146"}],"wp:attachment":[{"href":"https:\/\/kmplg.sk\/index.php?rest_route=%2Fwp%2Fv2%2Fmedia&parent=122"}],"wp:term":[{"taxonomy":"folder","embeddable":true,"href":"https:\/\/kmplg.sk\/index.php?rest_route=%2Fwp%2Fv2%2Ffolder&post=122"}],"curies":[{"name":"wp","href":"https:\/\/api.w.org\/{rel}","templated":true}]}}