{"id":1021,"date":"2021-04-13T11:44:30","date_gmt":"2021-04-13T09:44:30","guid":{"rendered":"http:\/\/kmplg.sk\/?page_id=1021"},"modified":"2021-04-29T14:47:52","modified_gmt":"2021-04-29T12:47:52","slug":"kontakt","status":"publish","type":"page","link":"https:\/\/kmplg.sk\/?page_id=1021","title":{"rendered":"Kontakt"},"content":{"rendered":"\n<div class=\"wp-block-columns\">\n<div class=\"wp-block-column\" style=\"flex-basis:33.33%\">\n<figure class=\"wp-block-image size-large is-resized\"><img loading=\"lazy\" src=\"http:\/\/kmplg.sk\/wp-content\/uploads\/2021\/04\/Logo_V4-copy.jpg\" alt=\"\" class=\"wp-image-1669\" width=\"243\" height=\"240\" srcset=\"https:\/\/kmplg.sk\/wp-content\/uploads\/2021\/04\/Logo_V4-copy.jpg 191w, https:\/\/kmplg.sk\/wp-content\/uploads\/2021\/04\/Logo_V4-copy-61x60.jpg 61w\" sizes=\"(max-width: 243px) 100vw, 243px\" \/><\/figure>\n<\/div>\n\n\n\n<div class=\"wp-block-column\" style=\"flex-basis:66.66%\">\n<p><strong><a href=\"https:\/\/kmplg.sk\/\">Katedra mineral\u00f3gie, petrol\u00f3gie a lo\u017eiskovej geol\u00f3gie<\/a>\u00a0<br>Pr\u00edrodovedeck\u00e1 fakulta\u00a0<br>Univerzity Komensk\u00e9ho\u00a0v Bratislave<\/strong><br><br><strong>Mlynsk\u00e1 dolina<br>Ilkovi\u010dova ulica \u010d.\u00a0 6<br>842 15, Bratislava 4<\/strong><br><br><strong>Email:<\/strong>\u00a0<a>prif.kmplg@uniba.sk<\/a><br><strong>Telef\u00f3n:<\/strong>\u00a0+421 2 9014 9<strong>276<\/strong><br><strong>Miestnos\u0165:<\/strong>\u00a0G-425<\/p>\n<\/div>\n<\/div>\n","protected":false},"excerpt":{"rendered":"<p>Katedra mineral\u00f3gie, petrol\u00f3gie a lo\u017eiskovej geol\u00f3gie\u00a0Pr\u00edrodovedeck\u00e1 fakulta\u00a0Univerzity Komensk\u00e9ho\u00a0v Bratislave Mlynsk\u00e1 &hellip; <\/p>\n","protected":false},"author":2,"featured_media":0,"parent":0,"menu_order":0,"comment_status":"closed","ping_status":"closed","template":"","meta":{"_monsterinsights_skip_tracking":false,"_monsterinsights_sitenote_active":false,"_monsterinsights_sitenote_note":"","_monsterinsights_sitenote_category":0,"ngg_post_thumbnail":0},"folder":[45],"yoast_head":"<!-- This site is optimized with the Yoast SEO plugin v19.4 - https:\/\/yoast.com\/wordpress\/plugins\/seo\/ -->\n<title>Kontakt - Katedra mineral\u00f3gie, petrol\u00f3gie a lo\u017eiskovej geol\u00f3gie<\/title>\n<meta name=\"robots\" content=\"index, follow, max-snippet:-1, max-image-preview:large, max-video-preview:-1\" \/>\n<link rel=\"canonical\" href=\"https:\/\/kmplg.sk\/?page_id=1021\" \/>\n<meta property=\"og:locale\" content=\"sk_SK\" \/>\n<meta property=\"og:type\" content=\"article\" \/>\n<meta property=\"og:title\" content=\"Kontakt - Katedra mineral\u00f3gie, petrol\u00f3gie a lo\u017eiskovej geol\u00f3gie\" \/>\n<meta property=\"og:description\" content=\"Katedra mineral\u00f3gie, petrol\u00f3gie a lo\u017eiskovej geol\u00f3gie\u00a0Pr\u00edrodovedeck\u00e1 fakulta\u00a0Univerzity Komensk\u00e9ho\u00a0v Bratislave Mlynsk\u00e1 &hellip;\" \/>\n<meta property=\"og:url\" content=\"https:\/\/kmplg.sk\/?page_id=1021\" \/>\n<meta property=\"og:site_name\" content=\"Katedra mineral\u00f3gie, petrol\u00f3gie a lo\u017eiskovej geol\u00f3gie\" \/>\n<meta property=\"article:publisher\" content=\"https:\/\/www.facebook.com\/kmplg\/\" \/>\n<meta property=\"article:modified_time\" content=\"2021-04-29T12:47:52+00:00\" \/>\n<meta property=\"og:image\" content=\"http:\/\/kmplg.sk\/wp-content\/uploads\/2021\/04\/Logo_V4-copy.jpg\" \/>\n<meta name=\"twitter:card\" content=\"summary_large_image\" \/>\n<meta name=\"twitter:label1\" content=\"Predpokladan\u00fd \u010das \u010d\u00edtania\" \/>\n\t<meta name=\"twitter:data1\" content=\"1 min\u00fata\" \/>\n<script type=\"application\/ld+json\" class=\"yoast-schema-graph\">{\"@context\":\"https:\/\/schema.org\",\"@graph\":[{\"@type\":\"WebSite\",\"@id\":\"https:\/\/kmplg.sk\/#website\",\"url\":\"https:\/\/kmplg.sk\/\",\"name\":\"Katedra mineral\u00f3gie, petrol\u00f3gie a lo\u017eiskovej geol\u00f3gie\",\"description\":\"Pr\u00edrodovedeck\u00e1 fakulta Univerzity Komensk\u00e9ho v Bratislave\",\"potentialAction\":[{\"@type\":\"SearchAction\",\"target\":{\"@type\":\"EntryPoint\",\"urlTemplate\":\"https:\/\/kmplg.sk\/?s={search_term_string}\"},\"query-input\":\"required name=search_term_string\"}],\"inLanguage\":\"sk-SK\"},{\"@type\":\"WebPage\",\"@id\":\"https:\/\/kmplg.sk\/?page_id=1021\",\"url\":\"https:\/\/kmplg.sk\/?page_id=1021\",\"name\":\"Kontakt - Katedra mineral\u00f3gie, petrol\u00f3gie a lo\u017eiskovej geol\u00f3gie\",\"isPartOf\":{\"@id\":\"https:\/\/kmplg.sk\/#website\"},\"datePublished\":\"2021-04-13T09:44:30+00:00\",\"dateModified\":\"2021-04-29T12:47:52+00:00\",\"breadcrumb\":{\"@id\":\"https:\/\/kmplg.sk\/?page_id=1021#breadcrumb\"},\"inLanguage\":\"sk-SK\",\"potentialAction\":[{\"@type\":\"ReadAction\",\"target\":[\"https:\/\/kmplg.sk\/?page_id=1021\"]}]},{\"@type\":\"BreadcrumbList\",\"@id\":\"https:\/\/kmplg.sk\/?page_id=1021#breadcrumb\",\"itemListElement\":[{\"@type\":\"ListItem\",\"position\":1,\"name\":\"Home\",\"item\":\"https:\/\/kmplg.sk\/\"},{\"@type\":\"ListItem\",\"position\":2,\"name\":\"Kontakt\"}]}]}<\/script>\n<!-- \/ Yoast SEO plugin. -->","yoast_head_json":{"title":"Kontakt - Katedra mineral\u00f3gie, petrol\u00f3gie a lo\u017eiskovej geol\u00f3gie","robots":{"index":"index","follow":"follow","max-snippet":"max-snippet:-1","max-image-preview":"max-image-preview:large","max-video-preview":"max-video-preview:-1"},"canonical":"https:\/\/kmplg.sk\/?page_id=1021","og_locale":"sk_SK","og_type":"article","og_title":"Kontakt - Katedra mineral\u00f3gie, petrol\u00f3gie a lo\u017eiskovej geol\u00f3gie","og_description":"Katedra mineral\u00f3gie, petrol\u00f3gie a lo\u017eiskovej geol\u00f3gie\u00a0Pr\u00edrodovedeck\u00e1 fakulta\u00a0Univerzity Komensk\u00e9ho\u00a0v Bratislave Mlynsk\u00e1 &hellip;","og_url":"https:\/\/kmplg.sk\/?page_id=1021","og_site_name":"Katedra mineral\u00f3gie, petrol\u00f3gie a lo\u017eiskovej geol\u00f3gie","article_publisher":"https:\/\/www.facebook.com\/kmplg\/","article_modified_time":"2021-04-29T12:47:52+00:00","og_image":[{"url":"http:\/\/kmplg.sk\/wp-content\/uploads\/2021\/04\/Logo_V4-copy.jpg"}],"twitter_card":"summary_large_image","twitter_misc":{"Predpokladan\u00fd \u010das \u010d\u00edtania":"1 min\u00fata"},"schema":{"@context":"https:\/\/schema.org","@graph":[{"@type":"WebSite","@id":"https:\/\/kmplg.sk\/#website","url":"https:\/\/kmplg.sk\/","name":"Katedra mineral\u00f3gie, petrol\u00f3gie a lo\u017eiskovej geol\u00f3gie","description":"Pr\u00edrodovedeck\u00e1 fakulta Univerzity Komensk\u00e9ho v Bratislave","potentialAction":[{"@type":"SearchAction","target":{"@type":"EntryPoint","urlTemplate":"https:\/\/kmplg.sk\/?s={search_term_string}"},"query-input":"required name=search_term_string"}],"inLanguage":"sk-SK"},{"@type":"WebPage","@id":"https:\/\/kmplg.sk\/?page_id=1021","url":"https:\/\/kmplg.sk\/?page_id=1021","name":"Kontakt - Katedra mineral\u00f3gie, petrol\u00f3gie a lo\u017eiskovej geol\u00f3gie","isPartOf":{"@id":"https:\/\/kmplg.sk\/#website"},"datePublished":"2021-04-13T09:44:30+00:00","dateModified":"2021-04-29T12:47:52+00:00","breadcrumb":{"@id":"https:\/\/kmplg.sk\/?page_id=1021#breadcrumb"},"inLanguage":"sk-SK","potentialAction":[{"@type":"ReadAction","target":["https:\/\/kmplg.sk\/?page_id=1021"]}]},{"@type":"BreadcrumbList","@id":"https:\/\/kmplg.sk\/?page_id=1021#breadcrumb","itemListElement":[{"@type":"ListItem","position":1,"name":"Home","item":"https:\/\/kmplg.sk\/"},{"@type":"ListItem","position":2,"name":"Kontakt"}]}]}},"_links":{"self":[{"href":"https:\/\/kmplg.sk\/index.php?rest_route=\/wp\/v2\/pages\/1021"}],"collection":[{"href":"https:\/\/kmplg.sk\/index.php?rest_route=\/wp\/v2\/pages"}],"about":[{"href":"https:\/\/kmplg.sk\/index.php?rest_route=\/wp\/v2\/types\/page"}],"author":[{"embeddable":true,"href":"https:\/\/kmplg.sk\/index.php?rest_route=\/wp\/v2\/users\/2"}],"replies":[{"embeddable":true,"href":"https:\/\/kmplg.sk\/index.php?rest_route=%2Fwp%2Fv2%2Fcomments&post=1021"}],"version-history":[{"count":5,"href":"https:\/\/kmplg.sk\/index.php?rest_route=\/wp\/v2\/pages\/1021\/revisions"}],"predecessor-version":[{"id":2015,"href":"https:\/\/kmplg.sk\/index.php?rest_route=\/wp\/v2\/pages\/1021\/revisions\/2015"}],"wp:attachment":[{"href":"https:\/\/kmplg.sk\/index.php?rest_route=%2Fwp%2Fv2%2Fmedia&parent=1021"}],"wp:term":[{"taxonomy":"folder","embeddable":true,"href":"https:\/\/kmplg.sk\/index.php?rest_route=%2Fwp%2Fv2%2Ffolder&post=1021"}],"curies":[{"name":"wp","href":"https:\/\/api.w.org\/{rel}","templated":true}]}}